{"id":7428,"date":"2024-01-18T09:23:12","date_gmt":"2024-01-18T09:23:12","guid":{"rendered":"https:\/\/store.evolve-fitness.eu\/produktas\/evolve-gusseisen-kettlebells\/"},"modified":"2026-04-22T12:00:53","modified_gmt":"2026-04-22T12:00:53","slug":"evolve-gusseisen-kettlebells","status":"publish","type":"product","link":"https:\/\/store.evolve-fitness.eu\/de\/produkt\/evolve-gusseisen-kettlebells\/","title":{"rendered":"Evolve Gusseisen Kettlebells"},"content":{"rendered":"\n<section class=\"wp-block-group alignfull black-content has-white-color has-darkgray-background-color has-text-color has-background is-layout-constrained wp-block-group-is-layout-constrained\" style=\"padding-top:var(--wp--preset--spacing--section-bottom);padding-bottom:var(--wp--preset--spacing--section-bottom)\">\n<div class=\"wp-block-columns alignwide mobile-reverse is-layout-flex wp-container-core-columns-is-layout-ca64bf2d wp-block-columns-is-layout-flex\" style=\"margin-bottom:var(--wp--preset--spacing--side-padding)\">\n<div class=\"wp-block-column is-vertically-aligned-center is-layout-flow wp-block-column-is-layout-flow\">\n<h3 class=\"wp-block-heading\" style=\"margin-bottom:var(--wp--preset--spacing--h-3-bottom)\"><strong>Au\u00dfergew\u00f6hnliche Langlebigkeit<\/strong><\/h3>\n\n\n\n<p><strong><em><strong><em><strong><em>Gebaut f\u00fcr die Ewigkeit<\/em><\/strong><\/em><\/strong><\/em><\/strong><\/p>\n\n\n\n<p>Die Kettlebells von Evolve sind aus einer robusten Eisenlegierung gefertigt, die eine au\u00dfergew\u00f6hnliche Haltbarkeit und Verformungsbest\u00e4ndigkeit gew\u00e4hrleistet. Die bei ihrer Herstellung angewandte Technik des Einst\u00fcckgusses garantiert nicht nur die Genauigkeit des Gleichgewichts und eine robuste Struktur, sondern auch Langlebigkeit. Diese Kettlebells sind verschlei\u00dffest und eignen sich daher f\u00fcr den harten Einsatz in professionellen Fitnessstudios, Milit\u00e4rst\u00fctzpunkten, Rehabilitationszentren und Heimtrainingszentren gleicherma\u00dfen.<\/p>\n<\/div>\n\n\n\n<div class=\"wp-block-column is-vertically-aligned-center is-layout-flow wp-block-column-is-layout-flow\">\n<figure class=\"wp-block-video\"><video height=\"954\" style=\"aspect-ratio: 2000 \/ 954;\" width=\"2000\" autoplay=\"\" controls=\"\" loop=\"\" muted=\"\" src=\"https:\/\/evolve-fitness.eu\/wp-content\/uploads\/2023\/11\/EVOLVE-CAST-IRON-KETTLEBELLS.mp4\"><\/video><\/figure>\n<\/div>\n<\/div>\n\n\n\n<div class=\"wp-block-columns alignwide is-layout-flex wp-container-core-columns-is-layout-c45ee707 wp-block-columns-is-layout-flex\" style=\"margin-bottom:var(--wp--preset--spacing--side-padding);padding-top:var(--wp--preset--spacing--side-padding)\">\n<div class=\"wp-block-column is-vertically-aligned-center is-layout-flow wp-block-column-is-layout-flow\">\n<figure class=\"wp-block-image size-full is-resized is-style-rounded\"><img decoding=\"async\" src=\"https:\/\/evolve-fitness.eu\/wp-content\/uploads\/2023\/11\/EVOLVE-CAST-IRON-KETTLEBELLS.png\" alt=\"\" class=\"wp-image-5735\" style=\"object-fit:cover;width:680px;height:600px\"\/><\/figure>\n<\/div>\n\n\n\n<div class=\"wp-block-column is-vertically-aligned-center is-layout-flow wp-block-column-is-layout-flow\">\n<h3 class=\"wp-block-heading\" style=\"margin-bottom:var(--wp--preset--spacing--h-3-bottom)\"><strong><strong>Funktionsweise<\/strong><\/strong><\/h3>\n\n\n\n<p><strong><em>Entwickelt f\u00fcr Leistung<\/em><\/strong><\/p>\n\n\n\n<p>Jede Evolve Kettlebell verf\u00fcgt \u00fcber einen sanft gebogenen, rutschfesten, strukturierten Griff, der einen starken und stabilen Halt bietet. Dieses Design ist entscheidend f\u00fcr \u00dcbungen, die scharfe, pl\u00f6tzliche Bewegungen erfordern, was sie ideal f\u00fcr Einzel-, Gruppen-, Funktions- oder CrossFit-Training macht. Die raue Oberfl\u00e4che der Griffe ist f\u00fcr den Halt des Magnesiums f\u00f6rderlich und gew\u00e4hrleistet einen sicheren Griff auch bei den intensivsten Trainingseinheiten.<\/p>\n<\/div>\n<\/div>\n\n\n\n<div class=\"wp-block-columns alignwide are-vertically-aligned-center mobile-reverse is-layout-flex wp-container-core-columns-is-layout-e8158c2f wp-block-columns-is-layout-flex\" style=\"padding-top:var(--wp--preset--spacing--side-padding)\">\n<div class=\"wp-block-column is-vertically-aligned-center is-layout-flow wp-block-column-is-layout-flow\">\n<h3 class=\"wp-block-heading\" style=\"margin-bottom:var(--wp--preset--spacing--h-3-bottom)\"><strong><strong><strong>Eine gute Wahl  <\/strong><\/strong><\/strong><\/h3>\n\n\n\n<p><strong><em><strong><em><strong><strong><strong><strong>F\u00fcr unterschiedliche Schulungsbed\u00fcrfnisse<\/strong><\/strong><\/strong><\/strong><\/em><\/strong><\/em><\/strong><\/p>\n\n\n\n<p>Bei den Kettlebells von Evolve geht es nicht nur um Kraft, sondern auch um Vielseitigkeit. Diese Kettlebells sind mit Gewichten von 4 kg bis 32 kg erh\u00e4ltlich und eignen sich f\u00fcr unterschiedliche Fitnessniveaus und Trainingsstile. Die flache Basis jeder Kettlebell sorgt f\u00fcr maximale Stabilit\u00e4t, verhindert ein Wackeln und macht sie sicher f\u00fcr eine Vielzahl von \u00dcbungen.<\/p>\n<\/div>\n\n\n\n<div class=\"wp-block-column is-vertically-aligned-center is-layout-flow wp-block-column-is-layout-flow\">\n<figure class=\"wp-block-image alignright size-full is-resized is-style-rounded\"><img decoding=\"async\" src=\"https:\/\/evolve-fitness.eu\/wp-content\/uploads\/2023\/11\/EVOLVE-CAST-IRON-KETTLEBELLS-2.png\" alt=\"\" class=\"wp-image-5731\" style=\"object-fit:cover;width:680px;height:600px\"\/><\/figure>\n<\/div>\n<\/div>\n\n\n\n<div class=\"wp-block-columns alignwide are-vertically-aligned-center mobile-reverse is-layout-flex wp-container-core-columns-is-layout-e8158c2f wp-block-columns-is-layout-flex\" style=\"padding-top:var(--wp--preset--spacing--side-padding)\">\n<div class=\"wp-block-column is-vertically-aligned-center is-layout-flow wp-block-column-is-layout-flow\">\n<figure class=\"wp-block-image alignright size-full is-resized is-style-rounded\"><img decoding=\"async\" src=\"https:\/\/evolve-fitness.eu\/wp-content\/uploads\/2023\/11\/EVOLVE-CAST-IRON-KETTLEBELLS-3.png\" alt=\"\" class=\"wp-image-5733\" style=\"object-fit:cover;width:680px;height:600px\"\/><\/figure>\n<\/div>\n\n\n\n<div class=\"wp-block-column is-vertically-aligned-center is-layout-flow wp-block-column-is-layout-flow\">\n<h3 class=\"wp-block-heading\" style=\"margin-bottom:var(--wp--preset--spacing--h-3-bottom)\"><strong><strong><strong>Leicht zu \u00e4ndernder Widerstand<\/strong><\/strong><\/strong><\/h3>\n\n\n\n<p><strong><em><strong><em><strong><strong><strong><strong>Farbcodierte Bequemlichkeit<\/strong><\/strong><\/strong><\/strong><\/em><\/strong><\/em><\/strong><\/p>\n\n\n\n<p>Um die Benutzerfreundlichkeit zu erh\u00f6hen, sind die Evolve Kettlebells mit farbcodierten Griffen ausgestattet, so dass die Benutzer die verschiedenen Gewichte auf einen Blick erkennen k\u00f6nnen. Diese Funktion ist vor allem in schnelllebigen Trainingsumgebungen n\u00fctzlich, in denen schnelle Gewichtswechsel \u00fcblich sind.<\/p>\n<\/div>\n<\/div>\n\n\n\n<p class=\"has-text-align-center has-medium-font-size\"><strong>Evolve Cast Iron Kettlebells sind der Inbegriff von Qualit\u00e4t und Funktionalit\u00e4t. Egal, ob Sie ein Fitness-Enthusiast, ein Profi-Sportler oder ein Fitnessstudio-Besitzer sind, diese Kettlebells sind eine ausgezeichnete Wahl f\u00fcr eine breite Palette von Trainingsbed\u00fcrfnissen und vereinen Langlebigkeit, Funktionalit\u00e4t und Benutzerfreundlichkeit in einem hervorragenden Fitness-Tool.<\/strong><\/p>\n<\/section>\n","protected":false},"excerpt":{"rendered":"<p>Entfesseln Sie Ihr Fitness-Potenzial mit den Evolve Cast Iron Kettlebells<br \/>\nIn der dynamischen Welt der Fitness zeichnen sich die Evolve Cast Iron Kettlebells als Symbol f\u00fcr Langlebigkeit, Funktionalit\u00e4t und Stil aus und sind auf die unterschiedlichen Bed\u00fcrfnisse von Fitness-Enthusiasten zugeschnitten. Ganz gleich, ob Sie ein professionelles Fitnessstudio ausstatten, einen Heimtrainingsraum einrichten oder eine kommerzielle Fitnesseinrichtung ausstatten m\u00f6chten, das Evolve-Sortiment an Kettlebells wurde entwickelt, um Ihre Trainingserfahrung zu verbessern.<\/p>\n","protected":false},"featured_media":95336,"template":"","meta":{"_acf_changed":false,"inline_featured_image":false},"product_cat":[2407,123,168],"product_tag":[],"class_list":{"0":"post-7428","1":"product","2":"type-product","3":"status-publish","4":"has-post-thumbnail","6":"product_cat-hyrox-getriebe","7":"product_cat-freie-gewichte","8":"product_cat-kettlebells-de","10":"first","11":"instock","12":"shipping-taxable","13":"purchasable","14":"product-type-variable"},"acf":[],"_links":{"self":[{"href":"https:\/\/store.evolve-fitness.eu\/de\/wp-json\/wp\/v2\/product\/7428","targetHints":{"allow":["GET"]}}],"collection":[{"href":"https:\/\/store.evolve-fitness.eu\/de\/wp-json\/wp\/v2\/product"}],"about":[{"href":"https:\/\/store.evolve-fitness.eu\/de\/wp-json\/wp\/v2\/types\/product"}],"wp:featuredmedia":[{"embeddable":true,"href":"https:\/\/store.evolve-fitness.eu\/de\/wp-json\/wp\/v2\/media\/95336"}],"wp:attachment":[{"href":"https:\/\/store.evolve-fitness.eu\/de\/wp-json\/wp\/v2\/media?parent=7428"}],"wp:term":[{"taxonomy":"product_cat","embeddable":true,"href":"https:\/\/store.evolve-fitness.eu\/de\/wp-json\/wp\/v2\/product_cat?post=7428"},{"taxonomy":"product_tag","embeddable":true,"href":"https:\/\/store.evolve-fitness.eu\/de\/wp-json\/wp\/v2\/product_tag?post=7428"}],"curies":[{"name":"wp","href":"https:\/\/api.w.org\/{rel}","templated":true}]}}