{"id":7384,"date":"2024-01-23T12:59:22","date_gmt":"2024-01-23T12:59:22","guid":{"rendered":"https:\/\/store.evolve-fitness.eu\/produktas\/evolve-cpu-urethan-gerade-feste-hanteln\/"},"modified":"2026-04-21T13:00:12","modified_gmt":"2026-04-21T13:00:12","slug":"evolve-cpu-urethan-gerade-feste-hanteln","status":"publish","type":"product","link":"https:\/\/store.evolve-fitness.eu\/de\/produkt\/evolve-cpu-urethan-gerade-feste-hanteln\/","title":{"rendered":"Evolve CPU Urethan gerade feste Hanteln"},"content":{"rendered":"\n<section class=\"wp-block-group alignfull black-content has-white-color has-darkgray-background-color has-text-color has-background is-layout-constrained wp-block-group-is-layout-constrained\" style=\"padding-top:var(--wp--preset--spacing--section-bottom);padding-bottom:var(--wp--preset--spacing--section-bottom)\">\n<div class=\"wp-block-columns alignwide mobile-reverse is-layout-flex wp-container-core-columns-is-layout-ca64bf2d wp-block-columns-is-layout-flex\" style=\"margin-bottom:var(--wp--preset--spacing--side-padding)\">\n<div class=\"wp-block-column is-vertically-aligned-center is-layout-flow wp-block-column-is-layout-flow\">\n<h3 class=\"wp-block-heading\" style=\"margin-bottom:var(--wp--preset--spacing--h-3-bottom)\"><strong>Gebaut f\u00fcr die Ewigkeit<\/strong><\/h3>\n\n\n\n<p><em><strong>Unerreichte Urethan-Haltbarkeit<\/strong><\/em><\/p>\n\n\n\n<p style=\"margin-bottom:var(--wp--preset--spacing--tb-section-padding)\">Erleben Sie die un\u00fcbertroffene Langlebigkeit der Evolve-Urethanbeschichtung, die gegen St\u00f6\u00dfe, Abplatzungen und Witterungseinfl\u00fcsse resistent ist. Unsere Hanteln behalten ihr hochwertiges Aussehen und ihre Haptik bei, ohne dass es zu unerw\u00fcnschten Ger\u00fcchen oder Abnutzungserscheinungen kommt, wie sie bei den Gegenst\u00fccken aus Gummi \u00fcblich sind. Der Urethanschutz sch\u00fctzt nicht nur die Hantel, sondern auch Ihren Trainingsraum.<\/p>\n<\/div>\n\n\n\n<div class=\"wp-block-column is-vertically-aligned-center is-layout-flow wp-block-column-is-layout-flow\">\n<figure class=\"wp-block-image alignright size-full is-resized is-style-rounded\"><img decoding=\"async\" src=\"https:\/\/evolve-fitness.eu\/wp-content\/uploads\/2023\/11\/Evolve-Urethane-Fixed-Weight-Barbells-2.png\" alt=\"\" class=\"wp-image-5363\" style=\"object-fit:cover;width:680px;height:600px\"\/><\/figure>\n<\/div>\n<\/div>\n\n\n\n<div class=\"wp-block-columns alignwide is-layout-flex wp-container-core-columns-is-layout-c45ee707 wp-block-columns-is-layout-flex\" style=\"margin-bottom:var(--wp--preset--spacing--side-padding);padding-top:var(--wp--preset--spacing--side-padding)\">\n<div class=\"wp-block-column is-vertically-aligned-center is-layout-flow wp-block-column-is-layout-flow\">\n<figure class=\"wp-block-image size-full is-resized is-style-rounded\"><img decoding=\"async\" src=\"https:\/\/evolve-fitness.eu\/wp-content\/uploads\/2023\/11\/Evolve-Urethane-Fixed-Weight-Barbells.png\" alt=\"\" class=\"wp-image-5361\" style=\"object-fit:cover;width:680px;height:600px\"\/><\/figure>\n<\/div>\n\n\n\n<div class=\"wp-block-column is-vertically-aligned-center is-layout-flow wp-block-column-is-layout-flow\">\n<h3 class=\"wp-block-heading\" style=\"margin-bottom:var(--wp--preset--spacing--h-3-bottom)\">Individualisierung trifft auf Qualit\u00e4t<\/h3>\n\n\n\n<p><strong><em><strong><em><strong><em>Ma\u00dfgeschneidert f\u00fcr Ihre Marke<\/em><\/strong><\/em><\/strong><\/em><\/strong><\/p>\n\n\n\n<p style=\"margin-bottom:var(--wp--preset--spacing--tb-section-padding)\">Werten Sie Ihren Fitnessbereich mit Hanteln auf, die das Ethos Ihrer Marke widerspiegeln. Mit der anpassbaren Farbinfusion und den lasergeschnittenen Logos sind die Evolve-Hanteln mehr als nur Ausr\u00fcstung; sie sind ein Statement f\u00fcr Qualit\u00e4t und Engagement f\u00fcr die Fitnessziele Ihrer Kunden.<\/p>\n<\/div>\n<\/div>\n\n\n\n<div class=\"wp-block-columns alignwide are-vertically-aligned-center mobile-reverse is-layout-flex wp-container-core-columns-is-layout-e8158c2f wp-block-columns-is-layout-flex\" style=\"padding-top:var(--wp--preset--spacing--side-padding)\">\n<div class=\"wp-block-column is-vertically-aligned-center is-layout-flow wp-block-column-is-layout-flow\">\n<h3 class=\"wp-block-heading\" style=\"margin-bottom:var(--wp--preset--spacing--h-3-bottom)\"><strong>Feinmechanik<\/strong><\/h3>\n\n\n\n<p><strong><em><strong><em>F\u00fcr professionelle Standards<\/em><\/strong><\/em><\/strong><\/p>\n\n\n\n<p style=\"margin-bottom:var(--wp--preset--spacing--tb-section-padding)\">Unsere Hanteln bestehen aus einer soliden Metalllegierung, die den Anforderungen jeder Trainingsumgebung standh\u00e4lt. Von Milit\u00e4rst\u00fctzpunkten bis hin zu High-End-Fitnessstudios bieten Evolve-Hanteln die Ausgewogenheit und Ma\u00dfgenauigkeit, die f\u00fcr Fitnesseinrichtungen der Spitzenklasse erforderlich sind.<\/p>\n<\/div>\n\n\n\n<div class=\"wp-block-column is-vertically-aligned-center is-layout-flow wp-block-column-is-layout-flow\">\n<figure class=\"wp-block-image alignright size-full is-resized is-style-rounded\"><img decoding=\"async\" src=\"https:\/\/evolve-fitness.eu\/wp-content\/uploads\/2023\/11\/Evolve-Urethane-Fixed-Weight-Barbells-3.png\" alt=\"\" class=\"wp-image-5365\" style=\"object-fit:cover;width:680px;height:600px\"\/><\/figure>\n<\/div>\n<\/div>\n\n\n\n<div class=\"wp-block-columns alignwide are-vertically-aligned-center mobile-reverse is-layout-flex wp-container-core-columns-is-layout-e8158c2f wp-block-columns-is-layout-flex\" style=\"padding-top:var(--wp--preset--spacing--side-padding)\">\n<div class=\"wp-block-column is-vertically-aligned-center is-layout-flow wp-block-column-is-layout-flow\">\n<figure class=\"wp-block-image alignright size-full is-resized is-style-rounded\"><img decoding=\"async\" src=\"https:\/\/evolve-fitness.eu\/wp-content\/uploads\/2023\/11\/Evolve-Urethane-Fixed-Weight-Barbells-4.png\" alt=\"\" class=\"wp-image-5367\" style=\"object-fit:cover;width:680px;height:600px\"\/><\/figure>\n<\/div>\n\n\n\n<div class=\"wp-block-column is-vertically-aligned-center is-layout-flow wp-block-column-is-layout-flow\">\n<h3 class=\"wp-block-heading\" style=\"margin-bottom:var(--wp--preset--spacing--h-3-bottom)\"><strong>Klarheit bei jedem Aufzug<\/strong><\/h3>\n\n\n\n<p><strong><em><strong><em>Lasergeschnittenes Gewicht Indikationen<\/em><\/strong><\/em><\/strong><\/p>\n\n\n\n<p style=\"margin-bottom:var(--wp--preset--spacing--tb-section-padding)\">Verabschieden Sie sich vom R\u00e4tselraten mit klar definierten, lasergeschnittenen Gewichtszahlen und Logos, die den Test der Zeit \u00fcberstehen. Die Urethan-Infusion garantiert Sichtbarkeit und ein professionelles Aussehen \u00fcber Jahre hinweg, so dass Ihre Investition nicht nur intelligent, sondern auch stilvoll ist.<\/p>\n<\/div>\n<\/div>\n<\/section>\n","protected":false},"excerpt":{"rendered":"<p>Maximieren Sie Ihr Krafttraining mit den eleganten Evolve Urethan-Hanteln mit festem Gewicht, die von 10 bis 55 kg reichen und f\u00fcr jedes Fitnessniveau geeignet sind.<br \/>\nDas feste Gewicht erm\u00f6glicht einen schnellen Widerstandswechsel w\u00e4hrend des Trainings.<br \/>\nDiese Hanteln aus strapazierf\u00e4higem Urethan mit lasergravierten Details und einem eingearbeiteten Logo sind f\u00fcr eine lange Lebensdauer ausgelegt und werten jedes Fitnessstudio optisch auf.<br \/>\nDie Evolve-Hanteln eignen sich perfekt f\u00fcr unkomplizierte, effiziente Trainingsprogramme und sind die erste Wahl f\u00fcr zuverl\u00e4ssige und stilvolle Kraftdreikampfger\u00e4te.   <\/p>\n","protected":false},"featured_media":7389,"template":"","meta":{"_acf_changed":false,"inline_featured_image":false},"product_cat":[118,123,163],"product_tag":[],"class_list":{"0":"post-7384","1":"product","2":"type-product","3":"status-publish","4":"has-post-thumbnail","6":"product_cat-hauptseite","7":"product_cat-freie-gewichte","8":"product_cat-hanteln-mit-festem-gewicht","10":"first","11":"outofstock","12":"shipping-taxable","13":"purchasable","14":"product-type-variable"},"acf":[],"_links":{"self":[{"href":"https:\/\/store.evolve-fitness.eu\/de\/wp-json\/wp\/v2\/product\/7384","targetHints":{"allow":["GET"]}}],"collection":[{"href":"https:\/\/store.evolve-fitness.eu\/de\/wp-json\/wp\/v2\/product"}],"about":[{"href":"https:\/\/store.evolve-fitness.eu\/de\/wp-json\/wp\/v2\/types\/product"}],"wp:featuredmedia":[{"embeddable":true,"href":"https:\/\/store.evolve-fitness.eu\/de\/wp-json\/wp\/v2\/media\/7389"}],"wp:attachment":[{"href":"https:\/\/store.evolve-fitness.eu\/de\/wp-json\/wp\/v2\/media?parent=7384"}],"wp:term":[{"taxonomy":"product_cat","embeddable":true,"href":"https:\/\/store.evolve-fitness.eu\/de\/wp-json\/wp\/v2\/product_cat?post=7384"},{"taxonomy":"product_tag","embeddable":true,"href":"https:\/\/store.evolve-fitness.eu\/de\/wp-json\/wp\/v2\/product_tag?post=7384"}],"curies":[{"name":"wp","href":"https:\/\/api.w.org\/{rel}","templated":true}]}}