{"id":7294,"date":"2024-01-18T09:51:09","date_gmt":"2024-01-18T09:51:09","guid":{"rendered":"https:\/\/store.evolve-fitness.eu\/produktas\/evolve-urethan-wettkampf-kettlebells\/"},"modified":"2026-04-21T12:00:52","modified_gmt":"2026-04-21T12:00:52","slug":"evolve-urethan-wettkampf-kettlebells","status":"publish","type":"product","link":"https:\/\/store.evolve-fitness.eu\/de\/produkt\/evolve-urethan-wettkampf-kettlebells\/","title":{"rendered":"Evolve Urethan Wettkampf-Kettlebells"},"content":{"rendered":"\n<section class=\"wp-block-group alignfull black-content has-white-color has-darkgray-background-color has-text-color has-background is-layout-constrained wp-block-group-is-layout-constrained\" style=\"padding-top:var(--wp--preset--spacing--section-bottom);padding-bottom:var(--wp--preset--spacing--section-bottom)\">\n<div class=\"wp-block-columns alignwide mobile-reverse is-layout-flex wp-container-core-columns-is-layout-ca64bf2d wp-block-columns-is-layout-flex\" style=\"margin-bottom:var(--wp--preset--spacing--side-padding)\">\n<div class=\"wp-block-column is-vertically-aligned-center is-layout-flow wp-block-column-is-layout-flow\">\n<h3 class=\"wp-block-heading\" style=\"margin-bottom:var(--wp--preset--spacing--h-3-bottom)\">Extreme Langlebigkeit<\/h3>\n\n\n\n<p><strong><em><strong><em><strong><em>H\u00e4lt den Strapazen eines intensiven Trainings stand<\/em><\/strong><\/em><\/strong><\/em><\/strong><\/p>\n\n\n\n<p style=\"margin-bottom:var(--wp--preset--spacing--tb-section-padding)\">Die Kettlebells von Evolve sind mit einer hochmodernen Urethanbeschichtung versehen, die f\u00fcr ihre \u00fcberragende Schlagfestigkeit und Langlebigkeit bekannt ist. Im Gegensatz zu herk\u00f6mmlichen Kettlebells aus Gummi oder Stahl halten unsere Urethan-Modelle den Strapazen eines intensiven Trainings stand, ohne abzusplittern, zu brechen oder ihre leuchtende Farbe zu verlieren.<\/p>\n\n\n\n<h3 class=\"wp-block-heading\" style=\"margin-bottom:var(--wp--preset--spacing--h-3-bottom)\">Konsequente Technikentwicklung<\/h3>\n\n\n\n<p><strong><em><strong><em><strong><em>  Identische Gr\u00f6\u00dfe<\/em><\/strong><\/em><\/strong><\/em><\/strong><\/p>\n\n\n\n<p style=\"margin-bottom:var(--wp--preset--spacing--tb-section-padding)\">Alle Kettlebells von Evolve werden nach internationalen Wettkampfstandards gefertigt, wobei Gr\u00f6\u00dfe und Durchmesser bei allen Gewichten identisch sind. Diese Einheitlichkeit erm\u00f6glicht eine nahtlose Gewichtsprogression, ohne dass Sie Ihre Technik anpassen m\u00fcssen, was zu einer besseren Leistung und mehr Selbstvertrauen beim Heben f\u00fchrt.<\/p>\n<\/div>\n\n\n\n<div class=\"wp-block-column is-vertically-aligned-center is-layout-flow wp-block-column-is-layout-flow\">\n<figure class=\"wp-block-image alignright size-full is-resized is-style-rounded\"><img loading=\"lazy\" decoding=\"async\" width=\"1080\" height=\"1080\" src=\"https:\/\/store.evolve-fitness.eu\/wp-content\/uploads\/2024\/01\/Dizainas-be-pavadinimo-4-2.png\" alt=\"\" class=\"wp-image-95352\" style=\"object-fit:cover;width:680px;height:600px\" srcset=\"https:\/\/store.evolve-fitness.eu\/wp-content\/uploads\/2024\/01\/Dizainas-be-pavadinimo-4-2.png 1080w, https:\/\/store.evolve-fitness.eu\/wp-content\/uploads\/2024\/01\/Dizainas-be-pavadinimo-4-2-300x300.png 300w, https:\/\/store.evolve-fitness.eu\/wp-content\/uploads\/2024\/01\/Dizainas-be-pavadinimo-4-2-1024x1024.png 1024w, https:\/\/store.evolve-fitness.eu\/wp-content\/uploads\/2024\/01\/Dizainas-be-pavadinimo-4-2-150x150.png 150w, https:\/\/store.evolve-fitness.eu\/wp-content\/uploads\/2024\/01\/Dizainas-be-pavadinimo-4-2-768x768.png 768w, https:\/\/store.evolve-fitness.eu\/wp-content\/uploads\/2024\/01\/Dizainas-be-pavadinimo-4-2-600x600.png 600w, https:\/\/store.evolve-fitness.eu\/wp-content\/uploads\/2024\/01\/Dizainas-be-pavadinimo-4-2-100x100.png 100w\" sizes=\"auto, (max-width: 1080px) 100vw, 1080px\" \/><\/figure>\n<\/div>\n<\/div>\n\n\n\n<div class=\"wp-block-columns alignwide is-layout-flex wp-container-core-columns-is-layout-c45ee707 wp-block-columns-is-layout-flex\" style=\"margin-bottom:var(--wp--preset--spacing--side-padding);padding-top:var(--wp--preset--spacing--side-padding)\">\n<div class=\"wp-block-column is-vertically-aligned-center is-layout-flow wp-block-column-is-layout-flow\">\n<figure class=\"wp-block-video\"><video autoplay=\"\" controls=\"\" loop=\"\" muted=\"\" src=\"https:\/\/evolve-fitness.eu\/wp-content\/uploads\/2023\/12\/1-4.mp4\"><\/video><\/figure>\n<\/div>\n\n\n\n<div class=\"wp-block-column is-vertically-aligned-center is-layout-flow wp-block-column-is-layout-flow\">\n<h3 class=\"wp-block-heading\" style=\"margin-bottom:var(--wp--preset--spacing--h-3-bottom)\"><strong>Kettlebells als Beitrag zu allgemeinen Fitness- und Gesundheitszielen<\/strong><\/h3>\n\n\n\n<p><strong><em>Ideale Hilfsmittel zur Verbesserung von Kraft, Ausdauer, Gleichgewicht und Ko<\/em><\/strong>ordination<\/p>\n\n\n\n<p style=\"margin-bottom:var(--wp--preset--spacing--tb-section-padding)\">Unsere Competition Kettlebells k\u00f6nnen bei der Erreichung von Fitnesszielen erheblich helfen. Ihre einheitliche Gr\u00f6\u00dfe f\u00fcr verschiedene Gewichte sorgt f\u00fcr eine einheitliche Technik, die sowohl f\u00fcr Anf\u00e4nger als auch f\u00fcr fortgeschrittene Athleten entscheidend ist. Die haltbare Urethanbeschichtung und der Pr\u00e4zisionsguss tragen zu einem ausgewogenen und stabilen Training bei und erh\u00f6hen die Effektivit\u00e4t des Krafttrainings. Diese Kettlebells eignen sich f\u00fcr eine Vielzahl von \u00dcbungen, die auf verschiedene Muskelgruppen abzielen, und bieten so eine gro\u00dfe Vielseitigkeit bei den Workout-Routinen.<\/p>\n<\/div>\n<\/div>\n\n\n\n<div class=\"wp-block-columns alignwide are-vertically-aligned-center mobile-reverse is-layout-flex wp-container-core-columns-is-layout-e8158c2f wp-block-columns-is-layout-flex\" style=\"padding-top:var(--wp--preset--spacing--side-padding)\">\n<div class=\"wp-block-column is-vertically-aligned-center is-layout-flow wp-block-column-is-layout-flow\">\n<h3 class=\"wp-block-heading\" style=\"margin-bottom:var(--wp--preset--spacing--h-3-bottom)\"><strong><strong>Vielseitigkeit und Auswahl<\/strong><\/strong><\/h3>\n\n\n\n<p><strong><em><strong><em><strong>Qualit\u00e4t und Wert<\/strong><\/em><\/strong><\/em><\/strong><\/p>\n\n\n\n<p style=\"margin-bottom:var(--wp--preset--spacing--tb-section-padding)\">Mit einer breiten Palette an Gewichten eignen sich unsere Kettlebells f\u00fcr alle, vom Heimfitness-Enthusiasten bis zum kommerziellen Fitnessstudio. Sie sind eine vielseitige Erg\u00e4nzung f\u00fcr Milit\u00e4rst\u00fctzpunkte, Hotels, Rehabilitationszentren und mehr und bieten unvergleichliche Qualit\u00e4t und Wert.<\/p>\n\n\n\n<h3 class=\"wp-block-heading\" style=\"margin-bottom:var(--wp--preset--spacing--h-3-bottom)\"><strong><strong><strong>Technische Exzellenz<\/strong><\/strong><\/strong><\/h3>\n\n\n\n<p><strong><em><strong><em><strong>Maximaler Saldo<\/strong><\/em><\/strong><\/em><\/strong><\/p>\n\n\n\n<p style=\"margin-bottom:var(--wp--preset--spacing--tb-section-padding)\">Evolve Kettlebells werden aus einer robusten Metalllegierung pr\u00e4zisionsgegossen, um maximale Balance und Ma\u00dfgenauigkeit zu gew\u00e4hrleisten. Der verchromte Griff verleiht dem Ger\u00e4t einen Hauch von Eleganz und Komfort, w\u00e4hrend die flache Basis f\u00fcr Stabilit\u00e4t bei allen \u00dcbungen sorgt.<\/p>\n<\/div>\n\n\n\n<div class=\"wp-block-column is-vertically-aligned-center is-layout-flow wp-block-column-is-layout-flow\">\n<figure class=\"wp-block-image alignright size-full is-resized is-style-rounded\"><img decoding=\"async\" src=\"https:\/\/evolve-fitness.eu\/wp-content\/uploads\/2023\/11\/Evolve-TPU-Kettlebell-3.png\" alt=\"\" class=\"wp-image-5594\" style=\"object-fit:cover;width:680px;height:600px\"\/><\/figure>\n<\/div>\n<\/div>\n\n\n\n<div class=\"wp-block-columns alignwide is-layout-flex wp-container-core-columns-is-layout-c45ee707 wp-block-columns-is-layout-flex\" style=\"margin-bottom:var(--wp--preset--spacing--side-padding);padding-top:var(--wp--preset--spacing--side-padding)\">\n<div class=\"wp-block-column is-vertically-aligned-center is-layout-flow wp-block-column-is-layout-flow\">\n<figure class=\"wp-block-image size-full is-resized is-style-rounded\"><img decoding=\"async\" src=\"https:\/\/evolve-fitness.eu\/wp-content\/uploads\/2023\/11\/TPU-kettlebell-6.png\" alt=\"\" class=\"wp-image-5592\" style=\"object-fit:cover;width:680px;height:600px\"\/><\/figure>\n<\/div>\n\n\n\n<div class=\"wp-block-column is-vertically-aligned-center is-layout-flow wp-block-column-is-layout-flow\">\n<h3 class=\"wp-block-heading\" style=\"margin-bottom:var(--wp--preset--spacing--h-3-bottom)\"><strong>Schallschluckend und bodenschonend<\/strong><\/h3>\n\n\n\n<p><strong><em><strong><em><strong><em>Urethan<\/em><\/strong><\/em><\/strong><\/em><\/strong>s<strong><em><strong><em><strong><em> Haltbarkeit<\/em><\/strong><\/em><\/strong><\/em><\/strong><\/p>\n\n\n\n<p style=\"margin-bottom:var(--wp--preset--spacing--tb-section-padding)\">Die hochwertige Urethanbeschichtung erh\u00f6ht nicht nur die Haltbarkeit, sondern sch\u00fctzt auch Ihre Trainingsfl\u00e4che. Ihre schalld\u00e4mpfenden und kratzfesten Eigenschaften machen unsere Kettlebells zur idealen Wahl sowohl f\u00fcr den Einsatz im Fitnessstudio als auch zu Hause.<\/p>\n\n\n\n<h3 class=\"wp-block-heading\" style=\"margin-bottom:var(--wp--preset--spacing--h-3-bottom)\"><strong><strong>Personalisierung f\u00fcr Ihre Marke<\/strong><\/strong><\/h3>\n\n\n\n<p><strong><em><strong><em><strong><em>Ma\u00dfgeschneidert f\u00fcr Ihre Marke<\/em><\/strong><\/em><\/strong><\/em><\/strong><\/p>\n\n\n\n<p style=\"margin-bottom:var(--wp--preset--spacing--tb-section-padding)\">Verbessern Sie die \u00c4sthetik Ihrer Einrichtung mit den Anpassungsoptionen von Evolve. Wir bieten eine Farbanpassung an Ihre Marke und Ihr Interieur sowie Laserschnitt und Urethan-Infusion f\u00fcr Logos und Gewichtsangaben, um eine pers\u00f6nliche und professionelle Note zu gew\u00e4hrleisten.<\/p>\n<\/div>\n<\/div>\n\n\n\n<div class=\"wp-block-columns alignwide are-vertically-aligned-center mobile-reverse is-layout-flex wp-container-core-columns-is-layout-e8158c2f wp-block-columns-is-layout-flex\" style=\"padding-top:var(--wp--preset--spacing--side-padding)\">\n<div class=\"wp-block-column is-vertically-aligned-center is-layout-flow wp-block-column-is-layout-flow\">\n<h3 class=\"wp-block-heading\" style=\"margin-bottom:var(--wp--preset--spacing--h-3-bottom)\"><strong><strong>Entwickelt f\u00fcr Hochleistungs-Workouts<\/strong><\/strong><\/h3>\n\n\n\n<p>Entwickelt f\u00fcr Kraft- und Geschicklichkeitstraining<\/p>\n\n\n\n<p style=\"margin-bottom:var(--wp--preset--spacing--tb-section-padding)\">Die Evolve TPU Urethan Competition Kettlebells sind auch hervorragend f\u00fcr den Muskelaufbau. Kettlebell-\u00dcbungen beanspruchen mehrere Muskelgruppen und f\u00f6rdern funktionelle Kraft und Muskelhypertrophie. Die verschiedenen Gewichtsoptionen erm\u00f6glichen eine progressive \u00dcberlastung, die f\u00fcr den Muskelaufbau unerl\u00e4sslich ist. Durch die Einbeziehung von zusammengesetzten Bewegungen und dynamischen \u00dcbungen tragen diese Kettlebells dazu bei, das Muskelwachstum in verschiedenen K\u00f6rperteilen effektiv zu stimulieren.<\/p>\n<\/div>\n\n\n\n<div class=\"wp-block-column is-vertically-aligned-center is-layout-flow wp-block-column-is-layout-flow\">\n<figure class=\"wp-block-video\"><video autoplay=\"\" controls=\"\" loop=\"\" muted=\"\" src=\"https:\/\/evolve-fitness.eu\/wp-content\/uploads\/2023\/12\/2-3.mp4\"><\/video><\/figure>\n<\/div>\n<\/div>\n\n\n\n<h4 class=\"wp-block-heading has-text-align-center\" style=\"padding-top:var(--wp--preset--spacing--tb-padding);padding-bottom:var(--wp--preset--spacing--tb-padding)\"><strong>Holen Sie sich Ihre Evolve TPU Urethan Wettbewerb Kettlebells heute<\/strong><\/h4>\n\n\n\n<p class=\"has-text-align-center has-medium-font-size\"><strong>Entscheiden Sie sich f\u00fcr Evolve und reihen Sie sich in die Riege der Spitzensportler ein, die sich nur mit dem Besten zufrieden geben. Kaufen Sie jetzt unsere Kollektion und erleben Sie den Evolve-Unterschied! <\/strong><\/p>\n<\/section>\n","protected":false},"excerpt":{"rendered":"<p>Willkommen zum ultimativen Krafttraining mit unseren Evolve TPU Urethane Competition Kettlebells. Unsere Kettlebells wurden f\u00fcr Athleten entwickelt, die nur das Beste wollen, und bieten eine perfekte Mischung aus Haltbarkeit, Konsistenz und professioneller Qualit\u00e4t. Von 8 kg bis 36 kg, entdecken Sie die Kraft von au\u00dfergew\u00f6hnlichen Ger\u00e4ten, die den Test von Zeit und Intensit\u00e4t bestehen.<\/p>\n","protected":false},"featured_media":95361,"template":"","meta":{"_acf_changed":false,"inline_featured_image":false},"product_cat":[2407,123,168],"product_tag":[],"class_list":{"0":"post-7294","1":"product","2":"type-product","3":"status-publish","4":"has-post-thumbnail","6":"product_cat-hyrox-getriebe","7":"product_cat-freie-gewichte","8":"product_cat-kettlebells-de","10":"first","11":"instock","12":"shipping-taxable","13":"purchasable","14":"product-type-variable"},"acf":[],"_links":{"self":[{"href":"https:\/\/store.evolve-fitness.eu\/de\/wp-json\/wp\/v2\/product\/7294","targetHints":{"allow":["GET"]}}],"collection":[{"href":"https:\/\/store.evolve-fitness.eu\/de\/wp-json\/wp\/v2\/product"}],"about":[{"href":"https:\/\/store.evolve-fitness.eu\/de\/wp-json\/wp\/v2\/types\/product"}],"wp:featuredmedia":[{"embeddable":true,"href":"https:\/\/store.evolve-fitness.eu\/de\/wp-json\/wp\/v2\/media\/95361"}],"wp:attachment":[{"href":"https:\/\/store.evolve-fitness.eu\/de\/wp-json\/wp\/v2\/media?parent=7294"}],"wp:term":[{"taxonomy":"product_cat","embeddable":true,"href":"https:\/\/store.evolve-fitness.eu\/de\/wp-json\/wp\/v2\/product_cat?post=7294"},{"taxonomy":"product_tag","embeddable":true,"href":"https:\/\/store.evolve-fitness.eu\/de\/wp-json\/wp\/v2\/product_tag?post=7294"}],"curies":[{"name":"wp","href":"https:\/\/api.w.org\/{rel}","templated":true}]}}