{"id":7247,"date":"2024-01-19T08:20:17","date_gmt":"2024-01-19T08:20:17","guid":{"rendered":"https:\/\/store.evolve-fitness.eu\/produktas\/evolve-cpu-urethan-curl-fixed-barbell\/"},"modified":"2026-03-13T13:00:17","modified_gmt":"2026-03-13T13:00:17","slug":"evolve-cpu-urethan-curl-fixed-barbell","status":"publish","type":"product","link":"https:\/\/store.evolve-fitness.eu\/de\/produkt\/evolve-cpu-urethan-curl-fixed-barbell\/","title":{"rendered":"Evolve CPU Urethan Curl Fixed Barbell"},"content":{"rendered":"\n<section class=\"wp-block-group alignfull black-content has-white-color has-darkgray-background-color has-text-color has-background is-layout-constrained wp-block-group-is-layout-constrained\" style=\"padding-top:var(--wp--preset--spacing--section-bottom);padding-bottom:var(--wp--preset--spacing--section-bottom)\">\n<div class=\"wp-block-columns alignwide is-layout-flex wp-container-core-columns-is-layout-c45ee707 wp-block-columns-is-layout-flex\" style=\"margin-bottom:var(--wp--preset--spacing--side-padding);padding-top:var(--wp--preset--spacing--side-padding)\">\n<div class=\"wp-block-column is-vertically-aligned-center is-layout-flow wp-block-column-is-layout-flow\">\n<h3 class=\"wp-block-heading\" style=\"margin-bottom:var(--wp--preset--spacing--h-3-bottom)\">Erweitern Sie Ihr Fitnessstudio mit Evolve<\/h3>\n\n\n\n<p><em><strong>Langlebige Leistung und individuelle Anpassung f\u00fcr Fitnessstudiobesitzer<\/strong><\/em><\/p>\n\n\n\n<p style=\"margin-bottom:var(--wp--preset--spacing--tb-section-padding)\">Mit dem Evolve Urethane Fixed Weight Barbell Set erreichen Sie ein neues Niveau an Haltbarkeit und Vielseitigkeit. Dieses Set wurde entwickelt, um den Anforderungen kommerzieller Fitnessstudios und privater Fitnessbegeisterter gerecht zu werden, und definiert mit seinem hochwertigen Urethanmaterial die Ausdauer neu. Machen Sie sich keine Sorgen mehr \u00fcber Abnutzung, Abplatzen oder Abbl\u00e4ttern, denn diese Hanteln behalten ihr tadelloses Aussehen \u00fcber die Zeit und stellen eine kosteng\u00fcnstige L\u00f6sung dar, die h\u00e4ufiges Auswechseln \u00fcberfl\u00fcssig macht.<\/p>\n<\/div>\n\n\n\n<div class=\"wp-block-column is-vertically-aligned-center is-layout-flow wp-block-column-is-layout-flow\">\n<div class=\"wp-block-columns is-layout-flex wp-container-core-columns-is-layout-9d6595d7 wp-block-columns-is-layout-flex\">\n<div class=\"wp-block-column is-layout-flow wp-block-column-is-layout-flow\">\n<figure class=\"wp-block-video\"><video autoplay=\"\" controls=\"\" loop=\"\" muted=\"\" src=\"https:\/\/evolve-fitness.eu\/wp-content\/uploads\/2023\/12\/2-5.mp4\"><\/video><\/figure>\n<\/div>\n<\/div>\n<\/div>\n<\/div>\n\n\n\n<div class=\"wp-block-columns alignwide is-layout-flex wp-container-core-columns-is-layout-c45ee707 wp-block-columns-is-layout-flex\" style=\"margin-bottom:var(--wp--preset--spacing--side-padding);padding-top:var(--wp--preset--spacing--side-padding)\">\n<div class=\"wp-block-column is-vertically-aligned-center is-layout-flow wp-block-column-is-layout-flow\">\n<figure class=\"wp-block-image alignright size-large is-style-rounded\"><img decoding=\"async\" src=\"https:\/\/evolve-fitness.eu\/wp-content\/uploads\/2023\/08\/Dizainas-be-pavadinimo-1024x481.png\" alt=\"\" class=\"wp-image-988\"\/><\/figure>\n<\/div>\n\n\n\n<div class=\"wp-block-column is-vertically-aligned-center is-layout-constrained wp-block-column-is-layout-constrained\">\n<h3 class=\"wp-block-heading\" style=\"margin-bottom:var(--wp--preset--spacing--h-3-bottom)\">Anpassbar und stilvoll<\/h3>\n\n\n\n<p><strong><em><strong><em>Verbessern Sie das Branding Ihres Fitnessstudios<\/em><\/strong><\/em><\/strong><\/p>\n\n\n\n<p style=\"margin-bottom:var(--wp--preset--spacing--tb-section-padding)\">Zus\u00e4tzlich zu ihrer au\u00dfergew\u00f6hnlichen Langlebigkeit bieten Evolve Urethan-Hanteln mit geradem oder gebogenem Gewicht M\u00f6glichkeiten zur Personalisierung, die es Ihnen erm\u00f6glichen, das einzigartige Branding und die visuelle Wirkung Ihres Studios zu verst\u00e4rken. Integrieren Sie das Logo Ihres Fitnessstudios und w\u00e4hlen Sie individuelle Farben, um Ihr Fitnessstudio von anderen abzuheben und einen bleibenden Eindruck bei Ihren Mitgliedern zu hinterlassen.<\/p>\n<\/div>\n<\/div>\n\n\n\n<div class=\"wp-block-columns alignwide is-layout-flex wp-container-core-columns-is-layout-c45ee707 wp-block-columns-is-layout-flex\" style=\"margin-bottom:var(--wp--preset--spacing--side-padding);padding-top:var(--wp--preset--spacing--side-padding)\">\n<div class=\"wp-block-column is-vertically-aligned-center is-layout-flow wp-block-column-is-layout-flow\">\n<h3 class=\"wp-block-heading\" style=\"margin-bottom:var(--wp--preset--spacing--h-3-bottom)\">Lasergeschnittene und mit Urethan infundierte Logos<\/h3>\n\n\n\n<p><strong><em>Erh\u00f6hte \u00c4sthetik ohne Kompromisse bei der Leistung<\/em><\/strong><\/p>\n\n\n\n<p style=\"margin-bottom:var(--wp--preset--spacing--tb-section-padding)\">Die Evolve Urethan-Hanteln mit geraden oder gebogenen Gewichten sind mit lasergeschnittenen Logos und dauerhaften Gewichtsangaben aus Urethan versehen und vereinen nahtlos \u00c4sthetik und Zweckm\u00e4\u00dfigkeit. Mit diesen auff\u00e4lligen Markierungen k\u00f6nnen Sie w\u00e4hrend des Trainings m\u00fchelos zwischen den Gewichten wechseln und so ein nahtloses und effektives Training f\u00fcr Ihre gesch\u00e4tzten Mitglieder erm\u00f6glichen.<\/p>\n<\/div>\n\n\n\n<div class=\"wp-block-column is-vertically-aligned-center is-layout-flow wp-block-column-is-layout-flow\">\n<div class=\"wp-block-columns is-layout-flex wp-container-core-columns-is-layout-9d6595d7 wp-block-columns-is-layout-flex\">\n<div class=\"wp-block-column is-layout-flow wp-block-column-is-layout-flow\">\n<figure class=\"wp-block-image size-full is-style-rounded\"><img decoding=\"async\" src=\"https:\/\/evolve-fitness.eu\/wp-content\/uploads\/2023\/08\/TPU-fixed-barbells-edited.jpg\" alt=\"\" class=\"wp-image-1010\"\/><\/figure>\n<\/div>\n<\/div>\n<\/div>\n<\/div>\n\n\n\n<div class=\"wp-block-columns alignwide is-layout-flex wp-container-core-columns-is-layout-c45ee707 wp-block-columns-is-layout-flex\" style=\"margin-bottom:var(--wp--preset--spacing--side-padding);padding-top:var(--wp--preset--spacing--side-padding)\">\n<div class=\"wp-block-column is-vertically-aligned-center is-layout-flow wp-block-column-is-layout-flow\">\n<figure class=\"wp-block-image size-full is-style-rounded\"><img loading=\"lazy\" decoding=\"async\" width=\"680\" height=\"600\" src=\"https:\/\/store.evolve-fitness.eu\/wp-content\/uploads\/2024\/01\/Evolve-Urethane-Fixed-Weight-Barbells-grip.png\" alt=\"\" class=\"wp-image-4992\" srcset=\"https:\/\/store.evolve-fitness.eu\/wp-content\/uploads\/2024\/01\/Evolve-Urethane-Fixed-Weight-Barbells-grip.png 680w, https:\/\/store.evolve-fitness.eu\/wp-content\/uploads\/2024\/01\/Evolve-Urethane-Fixed-Weight-Barbells-grip-300x265.png 300w, https:\/\/store.evolve-fitness.eu\/wp-content\/uploads\/2024\/01\/Evolve-Urethane-Fixed-Weight-Barbells-grip-600x529.png 600w\" sizes=\"auto, (max-width: 680px) 100vw, 680px\" \/><\/figure>\n<\/div>\n\n\n\n<div class=\"wp-block-column is-vertically-aligned-center is-layout-flow wp-block-column-is-layout-flow\">\n<h3 class=\"wp-block-heading\" style=\"margin-bottom:var(--wp--preset--spacing--h-3-bottom)\">Hartverchromte, ger\u00e4ndelte Griffe<\/h3>\n\n\n\n<p><strong><em>Ein Griff, der Bestand hat<\/em><\/strong><\/p>\n\n\n\n<p>Erleben Sie unvergleichliche Griffigkeit und Leistung mit Evolve Urethane Fixed Weight Barbells. Mit ihren hartverchromten, ger\u00e4ndelten Griffen bieten diese Hanteln auch bei den anspruchsvollsten \u00dcbungen einen sicheren Halt. Das R\u00e4ndeldesign sorgt f\u00fcr einen festen Griff, erg\u00e4nzt durch eine Verchromung, die nicht nur die Griffigkeit verbessert, sondern auch einen eleganten Hauch von Haltbarkeit verleiht.<\/p>\n<\/div>\n<\/div>\n\n\n\n<div class=\"wp-block-columns alignwide is-layout-flex wp-container-core-columns-is-layout-c45ee707 wp-block-columns-is-layout-flex\" style=\"margin-bottom:var(--wp--preset--spacing--side-padding);padding-top:var(--wp--preset--spacing--side-padding)\">\n<div class=\"wp-block-column is-vertically-aligned-center is-layout-flow wp-block-column-is-layout-flow\">\n<h3 class=\"wp-block-heading\" style=\"margin-bottom:var(--wp--preset--spacing--h-3-bottom)\">Pr\u00e4zisionsarbeit<\/h3>\n\n\n\n<p><strong><em>Konsistente Exzellenz<\/em><\/strong><\/p>\n\n\n\n<p style=\"margin-bottom:var(--wp--preset--spacing--tb-section-padding)\">Mit den pr\u00e4zisionsgefertigten Evolve Urethane Fixed Weight Barbells k\u00f6nnen Sie sich auf gleichbleibende Spitzenleistungen verlassen. Durch die sorgf\u00e4ltige Konstruktion liefern diese Hanteln ein gleichm\u00e4\u00dfiges Gewicht und eine gleichbleibende Leistung und \u00fcbertreffen damit die Standardoptionen, die Gewichtsabweichungen aufweisen k\u00f6nnen.<\/p>\n\n\n\n<h3 class=\"wp-block-heading\" style=\"margin-bottom:var(--wp--preset--spacing--h-3-bottom)\">Sicherheit und Verl\u00e4sslichkeit<\/h3>\n\n\n\n<p><strong><em>Ein konsistentes Workout-Erlebnis<\/em><\/strong><\/p>\n\n\n\n<p>Sicherheit und Zuverl\u00e4ssigkeit stehen an erster Stelle, und das Evolve Urethane Straight or Curled Fixed Weight Barbell Set h\u00e4lt diese Verpflichtung aufrecht. Diese Hanteln bestehen aus hochwertigem, ungiftigem und geruchsneutralem Urethanmaterial und schaffen eine sichere und gesundheitsbewusste Trainingsumgebung. Ihre robuste Konstruktion minimiert das Risiko von Br\u00fcchen oder Absplitterungen und verringert so die Gefahr von Verletzungen bei intensiven Trainingseinheiten.<\/p>\n<\/div>\n\n\n\n<div class=\"wp-block-column is-vertically-aligned-center is-layout-flow wp-block-column-is-layout-flow\">\n<div class=\"wp-block-columns is-layout-flex wp-container-core-columns-is-layout-9d6595d7 wp-block-columns-is-layout-flex\">\n<div class=\"wp-block-column is-layout-flow wp-block-column-is-layout-flow\">\n<figure class=\"wp-block-image size-full is-style-rounded\"><img decoding=\"async\" src=\"https:\/\/evolve-fitness.eu\/wp-content\/uploads\/2023\/08\/Fixed-barbells-3.jpg\" alt=\"\" class=\"wp-image-992\"\/><\/figure>\n<\/div>\n<\/div>\n<\/div>\n<\/div>\n<\/section>\n","protected":false},"excerpt":{"rendered":"<p>Verbessern Sie die Qualit\u00e4t Ihres Fitnessstudios mit dem langlebigen und vielseitigen Evolve Urethane Barbell Set mit geraden oder geschwungenen Hanteln. Die aus hochwertigem Urethan gefertigten Hanteln sind so konzipiert, dass sie dem Verschlei\u00df standhalten und ihr Aussehen behalten. Sie k\u00f6nnen die Identit\u00e4t Ihres Fitnessstudios mit Ihrem Logo und Ihren Farben personalisieren und sich so von anderen abheben. Sicherheit hat Priorit\u00e4t, denn diese Hanteln sind aus sicherem, geruchlosem Urethan hergestellt. Das Set ist in verschiedenen Gewichtsoptionen von 10 kg bis 55 kg erh\u00e4ltlich und eignet sich f\u00fcr unterschiedliche Fitnessniveaus. Sie k\u00f6nnen sich auf ihr konstantes Gewicht und ihre Leistung verlassen, und die klaren Logos verleihen ihnen einen Hauch von Stil. Verbessern Sie Ihr Fitnessstudio-Angebot mit dem zuverl\u00e4ssigen Evolve Urethane Barbell Set mit geraden oder gebogenen Hanteln, das sich durch Qualit\u00e4t und Personalisierung auszeichnet.      <\/p>\n","protected":false},"featured_media":95285,"template":"","meta":{"_acf_changed":false,"inline_featured_image":false},"product_cat":[118,123,163],"product_tag":[],"class_list":{"0":"post-7247","1":"product","2":"type-product","3":"status-publish","4":"has-post-thumbnail","6":"product_cat-hauptseite","7":"product_cat-freie-gewichte","8":"product_cat-hanteln-mit-festem-gewicht","10":"first","11":"instock","12":"shipping-taxable","13":"purchasable","14":"product-type-variable"},"acf":[],"_links":{"self":[{"href":"https:\/\/store.evolve-fitness.eu\/de\/wp-json\/wp\/v2\/product\/7247","targetHints":{"allow":["GET"]}}],"collection":[{"href":"https:\/\/store.evolve-fitness.eu\/de\/wp-json\/wp\/v2\/product"}],"about":[{"href":"https:\/\/store.evolve-fitness.eu\/de\/wp-json\/wp\/v2\/types\/product"}],"wp:featuredmedia":[{"embeddable":true,"href":"https:\/\/store.evolve-fitness.eu\/de\/wp-json\/wp\/v2\/media\/95285"}],"wp:attachment":[{"href":"https:\/\/store.evolve-fitness.eu\/de\/wp-json\/wp\/v2\/media?parent=7247"}],"wp:term":[{"taxonomy":"product_cat","embeddable":true,"href":"https:\/\/store.evolve-fitness.eu\/de\/wp-json\/wp\/v2\/product_cat?post=7247"},{"taxonomy":"product_tag","embeddable":true,"href":"https:\/\/store.evolve-fitness.eu\/de\/wp-json\/wp\/v2\/product_tag?post=7247"}],"curies":[{"name":"wp","href":"https:\/\/api.w.org\/{rel}","templated":true}]}}