{"id":7229,"date":"2024-01-24T10:30:21","date_gmt":"2024-01-24T10:30:21","guid":{"rendered":"https:\/\/store.evolve-fitness.eu\/produktas\/evolve-prime-serie-sissy-kniebeuge-und-curl-bank\/"},"modified":"2026-03-13T12:01:25","modified_gmt":"2026-03-13T12:01:25","slug":"evolve-prime-serie-sissy-kniebeuge-und-curl-bank","status":"publish","type":"product","link":"https:\/\/store.evolve-fitness.eu\/de\/produkt\/evolve-prime-serie-sissy-kniebeuge-und-curl-bank\/","title":{"rendered":"Evolve Prime Serie Sissy Kniebeuge und Curl Bank"},"content":{"rendered":"\n<section class=\"wp-block-group alignfull black-content has-white-color has-darkgray-background-color has-text-color has-background is-layout-constrained wp-block-group-is-layout-constrained\" style=\"padding-top:var(--wp--preset--spacing--section-bottom);padding-bottom:var(--wp--preset--spacing--section-bottom)\">\n<div class=\"wp-block-columns alignwide mobile-reverse is-layout-flex wp-container-core-columns-is-layout-ca64bf2d wp-block-columns-is-layout-flex\" style=\"margin-bottom:var(--wp--preset--spacing--side-padding)\">\n<div class=\"wp-block-column is-vertically-aligned-center is-layout-flow wp-block-column-is-layout-flow\">\n<h3 class=\"wp-block-heading\" style=\"margin-bottom:var(--wp--preset--spacing--h-3-bottom)\"><strong><strong><strong><strong><strong><strong><strong>Langlebig und anpassbar<\/strong><\/strong><\/strong><\/strong><\/strong><\/strong><\/strong><\/h3>\n\n\n\n<p><strong><em><strong><em><strong><strong><strong><strong><strong>Fitness-B\u00e4nke<\/strong><\/strong><\/strong><\/strong><\/strong><\/em><\/strong><\/em><\/strong><\/p>\n\n\n\n<p style=\"margin-bottom:var(--wp--preset--spacing--tb-section-padding)\">Werten Sie Ihren Fitnessbereich mit unseren Evolve-B\u00e4nken auf. Diese B\u00e4nke werden mit einem soliden Metallrahmen in modernster elektrostatischer Duroplast-Spritztechnik hergestellt und sind f\u00fcr eine lange Lebensdauer ausgelegt. Die robuste Konstruktion stellt sicher, dass sie den Anforderungen von Privatanwendern, professionellen Fitnessstudios und kommerziellen Fitnesseinrichtungen, einschlie\u00dflich Milit\u00e4rst\u00fctzpunkten, Hotels, Herbergen und Rehabilitationszentren, gerecht werden.<\/p>\n\n\n\n<h3 class=\"wp-block-heading\" style=\"margin-bottom:var(--wp--preset--spacing--h-3-bottom)\"><strong>Funktionell<\/strong> <strong>Stabilit\u00e4t<\/strong><\/h3>\n\n\n\n<p><strong><em><strong><em><strong><strong><strong><strong><strong>PVC-Bez\u00fcge<\/strong><\/strong><\/strong><\/strong><\/strong><\/em><\/strong><\/em><\/strong><\/p>\n\n\n\n<p>Unsere Evolve-B\u00e4nke haben weiche PVC-\u00dcberz\u00fcge an den F\u00fc\u00dfen, um Ihre B\u00f6den zu sch\u00fctzen und selbst bei den intensivsten Trainingseinheiten eine au\u00dfergew\u00f6hnliche Stabilit\u00e4t zu gew\u00e4hrleisten. Sie k\u00f6nnen sich darauf verlassen, dass diese B\u00e4nke ein Ganzk\u00f6rpertraining mit maximaler Stabilit\u00e4t erm\u00f6glichen. Die weiche und bequeme Polsterung ist mit dichtem, elastischem Schaumstoff gef\u00fcllt, der im Laufe der Zeit seine Form nicht verliert. Au\u00dferdem ist er mit hochwertigem, strapazierf\u00e4higem PU-Leder bezogen, das eine lange Lebensdauer garantiert.<\/p>\n<\/div>\n\n\n\n<div class=\"wp-block-column is-vertically-aligned-center is-layout-flow wp-block-column-is-layout-flow\">\n<figure class=\"wp-block-image size-large\"><img decoding=\"async\" src=\"https:\/\/evolve-fitness.eu\/wp-content\/uploads\/2024\/01\/EV-BN-PR-229-1-1024x683.jpg\" alt=\"\" class=\"wp-image-166283\"\/><\/figure>\n<\/div>\n<\/div>\n\n\n\n<div class=\"wp-block-columns alignwide is-layout-flex wp-container-core-columns-is-layout-c45ee707 wp-block-columns-is-layout-flex\" style=\"margin-bottom:var(--wp--preset--spacing--side-padding);padding-top:var(--wp--preset--spacing--side-padding)\">\n<div class=\"wp-block-column is-vertically-aligned-center is-layout-flow wp-block-column-is-layout-flow\">\n<figure class=\"wp-block-image size-large\"><img decoding=\"async\" src=\"https:\/\/evolve-fitness.eu\/wp-content\/uploads\/2024\/01\/EV-BN-PR-229-4-683x1024.jpg\" alt=\"EV-BN-PR-229\" class=\"wp-image-166308\"\/><\/figure>\n<\/div>\n\n\n\n<div class=\"wp-block-column is-vertically-aligned-center is-layout-flow wp-block-column-is-layout-flow\">\n<h3 class=\"wp-block-heading\" style=\"margin-bottom:var(--wp--preset--spacing--h-3-bottom)\"><strong>Ma\u00dfgeschneidert f\u00fcr Ihre Marke<\/strong><\/h3>\n\n\n\n<p><strong><em><strong><em>Passend zur Farbgebung Ihrer Einrichtung<\/em><\/strong><\/em><\/strong><\/p>\n\n\n\n<p style=\"margin-bottom:var(--wp--preset--spacing--tb-section-padding)\">Verbessern Sie das Markenimage Ihres Fitnessstudios, indem Sie sich f\u00fcr Ger\u00e4te von Evolve entscheiden. Wir bieten individuelle Anpassungsm\u00f6glichkeiten an Ihr Farbschema f\u00fcr die Inneneinrichtung. Sie k\u00f6nnen sogar die Farben des Rahmens und der Polsterung individuell gestalten, damit sie sich nahtlos in die \u00c4sthetik Ihrer Einrichtung einf\u00fcgen. Holen Sie sich die Fitnessger\u00e4te, auf die Sie gewartet haben &#8211; langlebig, stilvoll und auf Ihre speziellen Bed\u00fcrfnisse zugeschnitten. W\u00e4hlen Sie Evolve f\u00fcr erstklassige Fitnessger\u00e4te, die sich in kommerziellen Umgebungen auszeichnen und Ihre Designvorstellungen erg\u00e4nzen.<\/p>\n<\/div>\n<\/div>\n<\/section>\n","protected":false},"excerpt":{"rendered":"<p>Verbessern Sie Ihr Bein- und Core-Training mit der Evolve Prime Series Sissy Squat and Curl Bench, einer vielseitigen und innovativen Fitnessl\u00f6sung f\u00fcr alle, die ihre Kraft und Flexibilit\u00e4t im unteren K\u00f6rperbereich verbessern m\u00f6chten. Diese Multifunktionsbank wurde speziell f\u00fcr die Ausf\u00fchrung von Sissy Squats entwickelt, einer anspruchsvollen \u00dcbung, die den Quadrizeps, die Ges\u00e4\u00dfmuskulatur und die Rumpfmuskulatur anspricht, aber auch perfekt f\u00fcr effektive Hamstring-Curls geeignet ist. Die robuste Konstruktion in Verbindung mit den anpassbaren Einstellungen gew\u00e4hrleistet ein sicheres und komfortables Erlebnis f\u00fcr Benutzer aller F\u00e4higkeitsstufen. Das elegante Design der Evolve Prime Series Sissy Squat and Curl Bench macht sie zu einer stilvollen und platzsparenden Erg\u00e4nzung f\u00fcr jedes Heim-Fitnessstudio oder jede professionelle Fitnesseinrichtung. Egal, ob Sie ein Fitness-Enthusiast sind, der sein Trainingsprogramm erweitern m\u00f6chte, oder ein professioneller Sportler, der seine Kraft im unteren K\u00f6rperbereich verbessern will &#8211; diese Bank bietet die perfekte Kombination aus Haltbarkeit, Vielseitigkeit und ergonomischem Design.<\/p>\n","protected":false},"featured_media":7241,"template":"","meta":{"_acf_changed":false,"inline_featured_image":false},"product_cat":[118,125,160],"product_tag":[],"class_list":{"0":"post-7229","1":"product","2":"type-product","3":"status-publish","4":"has-post-thumbnail","6":"product_cat-hauptseite","7":"product_cat-banke","8":"product_cat-banke-der-prime-series","10":"first","11":"instock","12":"shipping-taxable","13":"purchasable","14":"product-type-simple"},"acf":[],"_links":{"self":[{"href":"https:\/\/store.evolve-fitness.eu\/de\/wp-json\/wp\/v2\/product\/7229","targetHints":{"allow":["GET"]}}],"collection":[{"href":"https:\/\/store.evolve-fitness.eu\/de\/wp-json\/wp\/v2\/product"}],"about":[{"href":"https:\/\/store.evolve-fitness.eu\/de\/wp-json\/wp\/v2\/types\/product"}],"wp:featuredmedia":[{"embeddable":true,"href":"https:\/\/store.evolve-fitness.eu\/de\/wp-json\/wp\/v2\/media\/7241"}],"wp:attachment":[{"href":"https:\/\/store.evolve-fitness.eu\/de\/wp-json\/wp\/v2\/media?parent=7229"}],"wp:term":[{"taxonomy":"product_cat","embeddable":true,"href":"https:\/\/store.evolve-fitness.eu\/de\/wp-json\/wp\/v2\/product_cat?post=7229"},{"taxonomy":"product_tag","embeddable":true,"href":"https:\/\/store.evolve-fitness.eu\/de\/wp-json\/wp\/v2\/product_tag?post=7229"}],"curies":[{"name":"wp","href":"https:\/\/api.w.org\/{rel}","templated":true}]}}