{"id":7199,"date":"2024-01-24T11:11:50","date_gmt":"2024-01-24T11:11:50","guid":{"rendered":"https:\/\/store.evolve-fitness.eu\/produktas\/evolve-prime-serie-ab-bank-2\/"},"modified":"2025-03-26T14:45:18","modified_gmt":"2025-03-26T14:45:18","slug":"evolve-prime-serie-ab-bank-2","status":"publish","type":"product","link":"https:\/\/store.evolve-fitness.eu\/de\/produkt\/evolve-prime-serie-ab-bank-2\/","title":{"rendered":"Evolve Prime Serie AB Bank"},"content":{"rendered":"\n<p><\/p>\n\n<section class=\"wp-block-group alignfull black-content has-white-color has-darkgray-background-color has-text-color has-background is-layout-constrained wp-block-group-is-layout-constrained\" style=\"padding-top:var(--wp--preset--spacing--section-bottom);padding-bottom:var(--wp--preset--spacing--section-bottom)\">\n<div class=\"wp-block-columns alignwide is-layout-flex wp-container-core-columns-is-layout-c45ee707 wp-block-columns-is-layout-flex\" style=\"margin-bottom:var(--wp--preset--spacing--side-padding);padding-top:var(--wp--preset--spacing--side-padding)\">\n<div class=\"wp-block-column is-vertically-aligned-center is-layout-flow wp-block-column-is-layout-flow\">\n<figure class=\"wp-block-image size-large\"><img decoding=\"async\" src=\"https:\/\/evolve-fitness.eu\/wp-content\/uploads\/2023\/12\/A7_06437-1024x683.jpg\" alt=\"\" class=\"wp-image-8599\"\/><\/figure>\n<\/div>\n\n\n\n<div class=\"wp-block-column is-vertically-aligned-center is-layout-constrained wp-block-column-is-layout-constrained\">\n<h3 class=\"wp-block-heading\" style=\"margin-bottom:var(--wp--preset--spacing--h-3-bottom)\"><strong><strong>Fokus auf die St\u00e4rkung des Kerns<\/strong><\/strong> <\/h3>\n\n\n\n<p><\/p>\n\n\n\n<p style=\"margin-bottom:var(--wp--preset--spacing--tb-section-padding)\">Speziell f\u00fcr Sit-up-\u00dcbungen entwickelt, die die Kernmuskelgruppen ansprechen. Es hilft bei der Entwicklung von Bauchkraft und Ausdauer, die f\u00fcr die allgemeine Fitness entscheidend sind.<\/p>\n<\/div>\n<\/div>\n\n\n\n<div class=\"wp-block-columns alignwide is-layout-flex wp-container-core-columns-is-layout-c45ee707 wp-block-columns-is-layout-flex\" style=\"margin-bottom:var(--wp--preset--spacing--side-padding);padding-top:var(--wp--preset--spacing--side-padding)\">\n<div class=\"wp-block-column is-vertically-aligned-center is-layout-flow wp-block-column-is-layout-flow\">\n<h3 class=\"wp-block-heading\" style=\"margin-bottom:var(--wp--preset--spacing--h-3-bottom)\"><strong><strong>Einstellbare Merkmale<\/strong><\/strong><\/h3>\n\n\n\n<p><strong><em><strong><strong>f\u00fcr Vielseitigkeit<\/strong><\/strong><\/em><\/strong><\/p>\n\n\n\n<p>Dank der einstellbaren Neigungsstufen eignet sich diese Bank f\u00fcr verschiedene K\u00f6rpergr\u00f6\u00dfen und Trainingsintensit\u00e4ten. Diese Anpassungsf\u00e4higkeit erh\u00f6ht den Nutzen f\u00fcr ein breites Spektrum von Nutzern.<\/p>\n<\/div>\n\n\n\n<div class=\"wp-block-column is-vertically-aligned-center is-layout-flow wp-block-column-is-layout-flow\">\n<div class=\"wp-block-columns is-layout-flex wp-container-core-columns-is-layout-9d6595d7 wp-block-columns-is-layout-flex\">\n<div class=\"wp-block-column is-layout-flow wp-block-column-is-layout-flow\">\n<figure class=\"wp-block-image size-large\"><img decoding=\"async\" src=\"https:\/\/evolve-fitness.eu\/wp-content\/uploads\/2023\/12\/A7_06425-1-683x1024.jpg\" alt=\"\" class=\"wp-image-8621\"\/><\/figure>\n<\/div>\n<\/div>\n<\/div>\n<\/div>\n\n\n\n<div class=\"wp-block-columns alignwide is-layout-flex wp-container-core-columns-is-layout-c45ee707 wp-block-columns-is-layout-flex\" style=\"margin-bottom:var(--wp--preset--spacing--side-padding);padding-top:var(--wp--preset--spacing--side-padding)\">\n<div class=\"wp-block-column is-vertically-aligned-center is-layout-flow wp-block-column-is-layout-flow\">\n<figure class=\"wp-block-image size-large\"><img decoding=\"async\" src=\"https:\/\/evolve-fitness.eu\/wp-content\/uploads\/2023\/12\/A7_06439-1024x683.jpg\" alt=\"\" class=\"wp-image-8605\"\/><\/figure>\n<\/div>\n\n\n\n<div class=\"wp-block-column is-vertically-aligned-center is-layout-flow wp-block-column-is-layout-flow\">\n<h3 class=\"wp-block-heading\" style=\"margin-bottom:var(--wp--preset--spacing--h-3-bottom)\"><strong><strong><strong>Robuste und sichere Konstruktion<\/strong><\/strong><\/strong><\/h3>\n\n\n\n<p><\/p>\n\n\n\n<p>Die Bank ist so konstruiert, dass sie auch h\u00e4rtestem Einsatz standh\u00e4lt. Sie gew\u00e4hrleistet Sicherheit und Stabilit\u00e4t w\u00e4hrend des Trainings und eignet sich daher sowohl f\u00fcr den Einsatz im Fitnessstudio als auch zu Hause.<\/p>\n<\/div>\n<\/div>\n\n\n\n<div class=\"wp-block-columns alignwide is-layout-flex wp-container-core-columns-is-layout-c45ee707 wp-block-columns-is-layout-flex\" style=\"margin-bottom:var(--wp--preset--spacing--side-padding);padding-top:var(--wp--preset--spacing--side-padding)\">\n<div class=\"wp-block-column is-vertically-aligned-center is-layout-flow wp-block-column-is-layout-flow\">\n<h3 class=\"wp-block-heading\" style=\"margin-bottom:var(--wp--preset--spacing--h-3-bottom)\"><strong><strong>Bequem und ergonomisch<\/strong><\/strong><\/h3>\n\n\n\n<p><\/p>\n\n\n\n<p>Die Evolve-Liegebank zeichnet sich durch einen hohen Benutzerkomfort aus. Sie ist gepolstert und ergonomisch gestaltet, um eine korrekte \u00dcbungsform zu unterst\u00fctzen und das Verletzungsrisiko zu verringern.<\/p>\n<\/div>\n\n\n\n<div class=\"wp-block-column is-vertically-aligned-center is-layout-flow wp-block-column-is-layout-flow\">\n<div class=\"wp-block-columns is-layout-flex wp-container-core-columns-is-layout-9d6595d7 wp-block-columns-is-layout-flex\">\n<div class=\"wp-block-column is-layout-flow wp-block-column-is-layout-flow\">\n<figure class=\"wp-block-image size-large\"><img decoding=\"async\" src=\"https:\/\/evolve-fitness.eu\/wp-content\/uploads\/2023\/12\/A7_06448-683x1024.jpg\" alt=\"\" class=\"wp-image-8603\"\/><\/figure>\n<\/div>\n<\/div>\n<\/div>\n<\/div>\n<\/section>\n","protected":false},"excerpt":{"rendered":"<p>Die Evolve Liegebank ist eine professionelle Sit-up-Bank der Spitzenklasse, die f\u00fcr die Verbesserung der Kernkraft und Ausdauer sorgt. Diese Bank wurde speziell f\u00fcr den Einsatz im Fitnessstudio und zu Hause entwickelt und bietet au\u00dfergew\u00f6hnlichen Komfort und Unterst\u00fctzung f\u00fcr eine Vielzahl von Kern\u00fcbungen. Seine robuste Konstruktion garantiert Langlebigkeit und macht ihn zu einem zuverl\u00e4ssigen Ger\u00e4t f\u00fcr intensive Trainingseinheiten. Die Evolve-Liegebank ist ein Muss f\u00fcr alle, die ihr Bauchmuskeltraining aufwerten wollen.<\/p>\n","protected":false},"featured_media":7213,"template":"","meta":{"_acf_changed":false,"inline_featured_image":false},"product_cat":[125,160,118],"product_tag":[],"class_list":{"0":"post-7199","1":"product","2":"type-product","3":"status-publish","4":"has-post-thumbnail","6":"product_cat-banke","7":"product_cat-banke-der-prime-series","8":"product_cat-hauptseite","10":"first","11":"outofstock","12":"taxable","13":"shipping-taxable","14":"purchasable","15":"product-type-simple"},"acf":[],"_links":{"self":[{"href":"https:\/\/store.evolve-fitness.eu\/de\/wp-json\/wp\/v2\/product\/7199","targetHints":{"allow":["GET"]}}],"collection":[{"href":"https:\/\/store.evolve-fitness.eu\/de\/wp-json\/wp\/v2\/product"}],"about":[{"href":"https:\/\/store.evolve-fitness.eu\/de\/wp-json\/wp\/v2\/types\/product"}],"wp:featuredmedia":[{"embeddable":true,"href":"https:\/\/store.evolve-fitness.eu\/de\/wp-json\/wp\/v2\/media\/7213"}],"wp:attachment":[{"href":"https:\/\/store.evolve-fitness.eu\/de\/wp-json\/wp\/v2\/media?parent=7199"}],"wp:term":[{"taxonomy":"product_cat","embeddable":true,"href":"https:\/\/store.evolve-fitness.eu\/de\/wp-json\/wp\/v2\/product_cat?post=7199"},{"taxonomy":"product_tag","embeddable":true,"href":"https:\/\/store.evolve-fitness.eu\/de\/wp-json\/wp\/v2\/product_tag?post=7199"}],"curies":[{"name":"wp","href":"https:\/\/api.w.org\/{rel}","templated":true}]}}