{"id":7162,"date":"2024-01-25T09:00:41","date_gmt":"2024-01-25T09:00:41","guid":{"rendered":"https:\/\/store.evolve-fitness.eu\/produktas\/evolve-ab-pad\/"},"modified":"2026-04-02T12:00:35","modified_gmt":"2026-04-02T12:00:35","slug":"evolve-ab-pad","status":"publish","type":"product","link":"https:\/\/store.evolve-fitness.eu\/de\/produkt\/evolve-ab-pad\/","title":{"rendered":"Evolve AB Pad"},"content":{"rendered":"\n<section class=\"wp-block-group alignfull has-lightgray-background-color has-background is-layout-constrained wp-block-group-is-layout-constrained\">\n<div class=\"wp-block-columns alignwide is-layout-flex wp-container-core-columns-is-layout-2edb0647 wp-block-columns-is-layout-flex\" style=\"margin-top:0;margin-bottom:0\">\n<div class=\"wp-block-column is-layout-flow wp-block-column-is-layout-flow\" style=\"flex-basis:33.33%\"><\/div>\n\n\n\n<div class=\"wp-block-column is-layout-flow wp-block-column-is-layout-flow\" style=\"flex-basis:66.66%\"><\/div>\n<\/div>\n<\/section>\n","protected":false},"excerpt":{"rendered":"<p>Das Evolve AB Pad ist ein spezielles Fitness-Zubeh\u00f6r, das zur Verbesserung des Bauchmuskeltrainings entwickelt wurde. Das ergonomische Design st\u00fctzt den unteren R\u00fccken und gew\u00e4hrleistet sichere und effektive \u00dcbungen f\u00fcr die K\u00f6rpermitte. Dieses Ger\u00e4t ist ideal f\u00fcr den Gebrauch zu Hause und im Fitnessstudio und richtet sich an Benutzer, die ihre Kernkraft und Stabilit\u00e4t verbessern wollen.<\/p>\n","protected":false},"featured_media":96460,"template":"","meta":{"_acf_changed":false,"inline_featured_image":false},"product_cat":[121,122],"product_tag":[],"class_list":{"0":"post-7162","1":"product","2":"type-product","3":"status-publish","4":"has-post-thumbnail","6":"product_cat-ubergreifend-funktional","7":"product_cat-funktionelle-ausstattung","9":"first","10":"instock","11":"shipping-taxable","12":"purchasable","13":"product-type-simple"},"acf":[],"_links":{"self":[{"href":"https:\/\/store.evolve-fitness.eu\/de\/wp-json\/wp\/v2\/product\/7162","targetHints":{"allow":["GET"]}}],"collection":[{"href":"https:\/\/store.evolve-fitness.eu\/de\/wp-json\/wp\/v2\/product"}],"about":[{"href":"https:\/\/store.evolve-fitness.eu\/de\/wp-json\/wp\/v2\/types\/product"}],"wp:featuredmedia":[{"embeddable":true,"href":"https:\/\/store.evolve-fitness.eu\/de\/wp-json\/wp\/v2\/media\/96460"}],"wp:attachment":[{"href":"https:\/\/store.evolve-fitness.eu\/de\/wp-json\/wp\/v2\/media?parent=7162"}],"wp:term":[{"taxonomy":"product_cat","embeddable":true,"href":"https:\/\/store.evolve-fitness.eu\/de\/wp-json\/wp\/v2\/product_cat?post=7162"},{"taxonomy":"product_tag","embeddable":true,"href":"https:\/\/store.evolve-fitness.eu\/de\/wp-json\/wp\/v2\/product_tag?post=7162"}],"curies":[{"name":"wp","href":"https:\/\/api.w.org\/{rel}","templated":true}]}}