{"id":7145,"date":"2024-01-25T07:35:51","date_gmt":"2024-01-25T07:35:51","guid":{"rendered":"https:\/\/store.evolve-fitness.eu\/produktas\/evolve-chrom-hanteln-set-2-x-1-10-kg\/"},"modified":"2024-07-29T13:51:07","modified_gmt":"2024-07-29T13:51:07","slug":"evolve-chrom-hanteln-set-2-x-1-10-kg","status":"publish","type":"product","link":"https:\/\/store.evolve-fitness.eu\/de\/produkt\/evolve-chrom-hanteln-set-2-x-1-10-kg\/","title":{"rendered":"Evolve Chrom Hanteln Set 2 x 1-10 kg"},"content":{"rendered":"\n<section class=\"wp-block-group alignfull black-content has-white-color has-darkgray-background-color has-text-color has-background is-layout-constrained wp-block-group-is-layout-constrained\" style=\"padding-top:var(--wp--preset--spacing--section-bottom);padding-bottom:var(--wp--preset--spacing--section-bottom)\">\n<div class=\"wp-block-columns alignwide mobile-reverse is-layout-flex wp-container-core-columns-is-layout-ca64bf2d wp-block-columns-is-layout-flex\" style=\"margin-bottom:var(--wp--preset--spacing--side-padding)\">\n<div class=\"wp-block-column is-vertically-aligned-center is-layout-flow wp-block-column-is-layout-flow\">\n<h3 class=\"wp-block-heading\" style=\"margin-bottom:var(--wp--preset--spacing--h-3-bottom)\"><strong>VERCHROMTE OBERFL\u00c4CHE<\/strong><\/h3>\n\n\n\n<p><em><strong>Langlebig und schlank<\/strong><\/em><\/p>\n\n\n\n<p style=\"margin-bottom:var(--wp--preset--spacing--tb-section-padding)\">Verbessern Sie die \u00c4sthetik Ihres Fitnessstudios mit unseren langlebigen und eleganten Ger\u00e4ten mit verchromter Oberfl\u00e4che. Unsere reflektierende verchromte Beschichtung wurde entwickelt, um den doppelten Anforderungen an Stil und Langlebigkeit gerecht zu werden. Sie verleiht Ihrem Fitnessraum nicht nur ein modernes Aussehen, sondern bietet auch optimalen Schutz vor Rost und Umweltsch\u00e4den. Unsere Produkte sind ideal f\u00fcr den privaten und professionellen Einsatz und behalten ihr makelloses Aussehen. Sie sind resistent gegen Abplatzungen, Risse oder Abbl\u00e4ttern und lassen Ihre Investition jahrelang wie neu aussehen. Steigern Sie Ihr Trainingserlebnis mit einem Fitnessstudio, das genauso gl\u00e4nzt wie Ihre Fitnessreise.<\/p>\n<\/div>\n\n\n\n<div class=\"wp-block-column is-vertically-aligned-center is-layout-flow wp-block-column-is-layout-flow\">\n<figure class=\"wp-block-image alignright size-large is-resized is-style-rounded\"><img decoding=\"async\" src=\"https:\/\/evolve-fitness.eu\/wp-content\/uploads\/2023\/11\/Chrome-Dumbbells-1024x1024.png\" alt=\"\" class=\"wp-image-4885\" style=\"object-fit:cover;width:680px;height:600px\"\/><\/figure>\n<\/div>\n<\/div>\n\n\n\n<div class=\"wp-block-columns alignwide is-layout-flex wp-container-core-columns-is-layout-c45ee707 wp-block-columns-is-layout-flex\" style=\"margin-bottom:var(--wp--preset--spacing--side-padding);padding-top:var(--wp--preset--spacing--side-padding)\">\n<div class=\"wp-block-column is-vertically-aligned-center is-layout-flow wp-block-column-is-layout-flow\">\n<figure class=\"wp-block-image size-full is-resized\"><img decoding=\"async\" src=\"https:\/\/evolve-fitness.eu\/wp-content\/uploads\/2023\/11\/Chrome-Dumbbells-whole-2.png\" alt=\"\" class=\"wp-image-4893\" style=\"object-fit:cover;width:680px;height:600px\"\/><\/figure>\n<\/div>\n\n\n\n<div class=\"wp-block-column is-vertically-aligned-center is-layout-constrained wp-block-column-is-layout-constrained\">\n<h3 class=\"wp-block-heading\" style=\"margin-bottom:var(--wp--preset--spacing--h-3-bottom)\">AUSSERGEW\u00d6HNLICHE HALTBARKEIT<\/h3>\n\n\n\n<p><strong><em><strong><em>Pro-Grade verchromte Kurzhanteln<\/em><\/strong><\/em><\/strong><\/p>\n\n\n\n<p style=\"margin-bottom:var(--wp--preset--spacing--tb-section-padding)\">Entdecken Sie unvergleichliche St\u00e4rke und Widerstandsf\u00e4higkeit mit den verchromten Evolve-Hanteln, die fachm\u00e4nnisch aus einer robusten Metalllegierung f\u00fcr ultimative Haltbarkeit gefertigt sind. Ihre Widerstandsf\u00e4higkeit gegen Verschlei\u00df, Korrosion und Verformung macht sie zu einer klugen Investition f\u00fcr stark frequentierte Fitnessbereiche. Diese pr\u00e4zisionsgefertigten Hanteln, die f\u00fcr Ausgewogenheit und Ma\u00dfgenauigkeit sorgen, eignen sich perfekt f\u00fcr Milit\u00e4rst\u00fctzpunkte, Hotel-Fitnessstudios, Jugendherbergen, Rehabilitationszentren und Fitnessbegeisterte zu Hause, die Ger\u00e4te in Profiqualit\u00e4t ben\u00f6tigen. Entscheiden Sie sich f\u00fcr Evolve, wenn Sie Fitnessger\u00e4te suchen, die den Test der Zeit und der Leistung bestehen.<\/p>\n<\/div>\n<\/div>\n\n\n\n<div class=\"wp-block-columns alignwide is-layout-flex wp-container-core-columns-is-layout-c45ee707 wp-block-columns-is-layout-flex\" style=\"margin-bottom:var(--wp--preset--spacing--side-padding);padding-top:var(--wp--preset--spacing--side-padding)\">\n<div class=\"wp-block-column is-vertically-aligned-center is-layout-flow wp-block-column-is-layout-flow\">\n<h3 class=\"wp-block-heading\" style=\"margin-bottom:var(--wp--preset--spacing--h-3-bottom)\">LOGO UND GEWICHTSANGABE<\/h3>\n\n\n\n<p><strong><em>Wo Haltbarkeit auf Design trifft<\/em><\/strong><\/p>\n\n\n\n<p>Erh\u00f6hen Sie die \u00c4sthetik Ihrer Marke mit unserer dauerhaften Gravur von Logos und Gewichtsangaben. Mit unserer pr\u00e4zisen Gravurtechnik wird das Logo Ihrer Marke zusammen mit den Gewichtsangaben direkt auf die Produkte gedruckt, was eine glatte Oberfl\u00e4che ohne unansehnliche Splitter garantiert, die f\u00fcr dauerhafte Qualit\u00e4t sorgt. Diese zeitlose Methode unterstreicht nicht nur die Raffinesse Ihres Produkts, sondern verspricht auch ein Design, das intakt bleibt und auch nach Jahren noch wie neu aussieht. Unser Gravurservice ist ideal f\u00fcr Fitnessger\u00e4te, kommerzielle Gewichte und ma\u00dfgeschneiderte Artikel und bietet professionelle Qualit\u00e4t mit einem stilvollen Flair, das nicht verblasst und sich nicht abnutzt.<\/p>\n<\/div>\n\n\n\n<div class=\"wp-block-column is-vertically-aligned-center is-layout-flow wp-block-column-is-layout-flow\">\n<div class=\"wp-block-columns is-layout-flex wp-container-core-columns-is-layout-9d6595d7 wp-block-columns-is-layout-flex\">\n<div class=\"wp-block-column is-layout-flow wp-block-column-is-layout-flow\">\n<figure class=\"wp-block-image size-full is-style-rounded\"><img decoding=\"async\" src=\"https:\/\/evolve-fitness.eu\/wp-content\/uploads\/2023\/11\/Chrome-Dumbbells-2.png\" alt=\"\" class=\"wp-image-4897\"\/><\/figure>\n<\/div>\n<\/div>\n<\/div>\n<\/div>\n\n\n\n<div class=\"wp-block-columns alignwide is-layout-flex wp-container-core-columns-is-layout-c45ee707 wp-block-columns-is-layout-flex\" style=\"margin-bottom:var(--wp--preset--spacing--side-padding);padding-top:var(--wp--preset--spacing--side-padding)\">\n<div class=\"wp-block-column is-vertically-aligned-center is-layout-flow wp-block-column-is-layout-flow\">\n<div class=\"wp-block-columns is-layout-flex wp-container-core-columns-is-layout-9d6595d7 wp-block-columns-is-layout-flex\">\n<div class=\"wp-block-column is-layout-flow wp-block-column-is-layout-flow\">\n<figure class=\"wp-block-image size-full is-resized is-style-rounded\"><img decoding=\"async\" src=\"https:\/\/evolve-fitness.eu\/wp-content\/uploads\/2023\/11\/Evolve-CHROME-DUMBBELL-SETS-1.png\" alt=\"\" class=\"wp-image-4926\" style=\"object-fit:cover;width:680px;height:600px\"\/><\/figure>\n<\/div>\n<\/div>\n<\/div>\n\n\n\n<div class=\"wp-block-column is-vertically-aligned-center is-layout-flow wp-block-column-is-layout-flow\">\n<h3 class=\"wp-block-heading\" style=\"margin-bottom:var(--wp--preset--spacing--h-3-bottom)\">Hartverchromte, ger\u00e4ndelte Griffe<\/h3>\n\n\n\n<p><strong><em><strong><em>Ein Griff, der Bestand hat<\/em><\/strong><\/em><\/strong><\/p>\n\n\n\n<p style=\"margin-bottom:var(--wp--preset--spacing--tb-section-padding)\">Verbessern Sie Ihr Training mit unseren Premium-Hanteln, die mit ergonomisch gebogenen Griffen ausgestattet sind, die nat\u00fcrlich in der Hand liegen und einen bequemen Griff f\u00fcr eine Vielzahl von \u00dcbungen gew\u00e4hrleisten. Das fachm\u00e4nnisch gestaltete R\u00e4ndelmuster garantiert einen sicheren Halt, verringert die Gefahr des Abrutschens und erh\u00f6ht die Sicherheit bei Ihren Trainingseinheiten. Diese Hanteln sind sowohl f\u00fcr Anf\u00e4nger als auch f\u00fcr erfahrene Athleten geeignet und versprechen maximalen Komfort und Schutz, damit Sie sich bei jeder Wiederholung auf eine optimale Leistung konzentrieren k\u00f6nnen. Egal, ob Sie zu Hause trainieren oder in einem professionellen Fitnessstudio an Ihre Grenzen gehen, unsere Hanteln sind die perfekte Erg\u00e4nzung f\u00fcr jede Fitnessroutine.<\/p>\n<\/div>\n<\/div>\n\n\n\n<div class=\"wp-block-columns alignwide is-layout-flex wp-container-core-columns-is-layout-c45ee707 wp-block-columns-is-layout-flex\" style=\"margin-bottom:var(--wp--preset--spacing--side-padding);padding-top:var(--wp--preset--spacing--side-padding)\">\n<div class=\"wp-block-column is-vertically-aligned-center is-layout-flow wp-block-column-is-layout-flow\">\n<h3 class=\"wp-block-heading\" style=\"margin-bottom:var(--wp--preset--spacing--h-3-bottom)\">Verchromte Griffe<\/h3>\n\n\n\n<p><strong><em>Eine perfekte Gr\u00f6\u00dfe<\/em><\/strong><\/p>\n\n\n\n<p style=\"margin-bottom:var(--wp--preset--spacing--tb-section-padding)\">Der verchromte Hantelgriff Evolve hat eine L\u00e4nge von 120 mm, die Dicke an der breitesten Stelle betr\u00e4gt 32 mm und ist ger\u00e4ndelt. Die gesamte Hantel ist mit einer gl\u00e4nzenden, haltbaren und verschlei\u00dffesten Chromschicht von 50 Mikrometern (\u00b5m) Dicke \u00fcberzogen.<\/p>\n<\/div>\n\n\n\n<div class=\"wp-block-column is-vertically-aligned-center is-layout-flow wp-block-column-is-layout-flow\">\n<div class=\"wp-block-columns is-layout-flex wp-container-core-columns-is-layout-9d6595d7 wp-block-columns-is-layout-flex\">\n<div class=\"wp-block-column is-layout-flow wp-block-column-is-layout-flow\">\n<figure class=\"wp-block-image size-full is-resized is-style-rounded\"><img decoding=\"async\" src=\"https:\/\/evolve-fitness.eu\/wp-content\/uploads\/2023\/11\/Evolve-CHROME-DUMBBELL-SETS-handle-mesurments.png\" alt=\"\" class=\"wp-image-4931\" style=\"object-fit:cover;width:680px;height:600px\"\/><\/figure>\n<\/div>\n<\/div>\n<\/div>\n<\/div>\n<\/section>\n","protected":false},"excerpt":{"rendered":"<p>Maximieren Sie Ihre Trainingseffizienz mit dem Evolve Evolve Chrome Hantelset, perfekt f\u00fcr Benutzer, die eine professionelle Ausr\u00fcstung suchen. Mit ihrer gl\u00e4nzenden, rostfreien Chromoberfl\u00e4che und einem Gewichtsbereich von 2 x 1-10 kg eignen sich diese Hanteln ideal f\u00fcr das schrittweise Training und eine Vielzahl von \u00dcbungen. Ihre ergonomischen, ger\u00e4ndelten Griffe sorgen f\u00fcr einen sicheren Halt, w\u00e4hrend die Pr\u00e4zisionsgravur des Logos und der Gewichtsklassen ihr schlankes, modernes Design unterstreicht. Diese Hanteln eignen sich sowohl f\u00fcr private als auch f\u00fcr gewerbliche Fitnessstudios und halten garantiert dem Test der Zeit und der Nutzung stand.<\/p>\n","protected":false},"featured_media":95009,"template":"","meta":{"_acf_changed":false,"inline_featured_image":false},"product_cat":[118,123,124],"product_tag":[],"class_list":{"0":"post-7145","1":"product","2":"type-product","3":"status-publish","4":"has-post-thumbnail","6":"product_cat-hauptseite","7":"product_cat-freie-gewichte","8":"product_cat-kurzhanteln","10":"first","11":"instock","12":"shipping-taxable","13":"purchasable","14":"product-type-simple"},"acf":[],"_links":{"self":[{"href":"https:\/\/store.evolve-fitness.eu\/de\/wp-json\/wp\/v2\/product\/7145","targetHints":{"allow":["GET"]}}],"collection":[{"href":"https:\/\/store.evolve-fitness.eu\/de\/wp-json\/wp\/v2\/product"}],"about":[{"href":"https:\/\/store.evolve-fitness.eu\/de\/wp-json\/wp\/v2\/types\/product"}],"wp:featuredmedia":[{"embeddable":true,"href":"https:\/\/store.evolve-fitness.eu\/de\/wp-json\/wp\/v2\/media\/95009"}],"wp:attachment":[{"href":"https:\/\/store.evolve-fitness.eu\/de\/wp-json\/wp\/v2\/media?parent=7145"}],"wp:term":[{"taxonomy":"product_cat","embeddable":true,"href":"https:\/\/store.evolve-fitness.eu\/de\/wp-json\/wp\/v2\/product_cat?post=7145"},{"taxonomy":"product_tag","embeddable":true,"href":"https:\/\/store.evolve-fitness.eu\/de\/wp-json\/wp\/v2\/product_tag?post=7145"}],"curies":[{"name":"wp","href":"https:\/\/api.w.org\/{rel}","templated":true}]}}