{"id":7137,"date":"2024-01-25T09:35:23","date_gmt":"2024-01-25T09:35:23","guid":{"rendered":"https:\/\/store.evolve-fitness.eu\/produktas\/evolve-ultra-series-verstellbare-kurzhantel-3-32-kg\/"},"modified":"2026-05-11T12:00:51","modified_gmt":"2026-05-11T12:00:51","slug":"evolve-ultra-series-verstellbare-kurzhantel-3-32-kg","status":"publish","type":"product","link":"https:\/\/store.evolve-fitness.eu\/de\/produkt\/evolve-ultra-series-verstellbare-kurzhantel-3-32-kg\/","title":{"rendered":"Evolve Ultra Series Hantel mit einstellbarem Gewicht (4-23,5 \/ 32,5 \/ 41,5 kg)"},"content":{"rendered":"\n<section class=\"wp-block-group alignfull black-content has-white-color has-darkgray-background-color has-text-color has-background is-layout-constrained wp-block-group-is-layout-constrained\" style=\"padding-top:var(--wp--preset--spacing--section-bottom);padding-bottom:var(--wp--preset--spacing--section-bottom)\">\n<div class=\"wp-block-columns alignwide is-layout-flex wp-container-core-columns-is-layout-c45ee707 wp-block-columns-is-layout-flex\" style=\"margin-bottom:var(--wp--preset--spacing--side-padding);padding-top:var(--wp--preset--spacing--side-padding)\">\n<div class=\"wp-block-column is-vertically-aligned-center is-layout-flow wp-block-column-is-layout-flow\">\n<figure class=\"wp-block-image size-full is-resized is-style-rounded\"><a href=\"https:\/\/evolve-fitness.eu\/?attachment_id=195580\"><img decoding=\"async\" src=\"https:\/\/evolve-fitness.eu\/wp-content\/uploads\/2025\/04\/EV-DB-AD-415-18.jpg\" alt=\"\" class=\"wp-image-195580\" style=\"object-fit:cover;width:680px;height:600px\"\/><\/a><\/figure>\n<\/div>\n\n\n\n<div class=\"wp-block-column is-vertically-aligned-center is-layout-constrained wp-block-column-is-layout-constrained\">\n<h3 class=\"wp-block-heading\" style=\"margin-bottom:var(--wp--preset--spacing--h-3-bottom)\">Gezielte Entwicklung der Muskeln<\/h3>\n\n\n\n<p><strong><em><strong><em>Bildhauerei mit Akkuratesse<\/em><\/strong><\/em><\/strong><\/p>\n\n\n\n<p style=\"margin-bottom:var(--wp--preset--spacing--tb-section-padding)\">Diese Chromhanteln erm\u00f6glichen ein pr\u00e4zises Widerstandstraining f\u00fcr Arme, Schultern, Brust und Rumpfmuskulatur. Sie sind sowohl f\u00fcr Isolations- als auch f\u00fcr Verbund\u00fcbungen ideal und eignen sich f\u00fcr den progressiven Muskelaufbau auf allen Fitnessniveaus. <\/p>\n\n\n\n<p><strong><em><strong>Entwickelt f\u00fcr jede Wiederholung<\/strong><\/em><\/strong><\/p>\n\n\n\n<p>Die ger\u00e4ndelten, verchromten Griffe bieten einen sicheren, rutschfesten Griff, der die Kontrolle und Sicherheit des Benutzers bei hohen Wiederholungen verbessert. Die solide Stahlkonstruktion sorgt f\u00fcr langfristige Verschlei\u00dffestigkeit, auch bei h\u00e4ufigem Gebrauch. <\/p>\n<\/div>\n<\/div>\n\n\n\n<div class=\"wp-block-columns alignwide is-layout-flex wp-container-core-columns-is-layout-c45ee707 wp-block-columns-is-layout-flex\" style=\"margin-bottom:var(--wp--preset--spacing--side-padding);padding-top:var(--wp--preset--spacing--side-padding)\">\n<div class=\"wp-block-column is-vertically-aligned-center is-layout-flow wp-block-column-is-layout-flow\">\n<h3 class=\"wp-block-heading\" style=\"margin-bottom:var(--wp--preset--spacing--h-3-bottom)\">Ergonomisches und adaptives Design<\/h3>\n\n\n\n<p><strong><em><strong>ERefined f\u00fcr jede Hand<\/strong><\/em><\/strong><\/p>\n\n\n\n<p>Jede Hantel ist optimal ausbalanciert und hat einen gleichm\u00e4\u00dfigen Durchmesser, so dass sie sich beim Heben gleichm\u00e4\u00dfig anf\u00fchlt. Ihre polierte Chromoberfl\u00e4che erh\u00f6ht nicht nur die Haltbarkeit, sondern sch\u00fctzt auch vor Korrosion und Besch\u00e4digung durch regelm\u00e4\u00dfige Handhabung. <\/p>\n<\/div>\n\n\n\n<div class=\"wp-block-column is-vertically-aligned-center is-layout-flow wp-block-column-is-layout-flow\">\n<figure class=\"wp-block-image size-large is-style-rounded\"><a href=\"https:\/\/evolve-fitness.eu\/?attachment_id=195605\"><img decoding=\"async\" src=\"https:\/\/evolve-fitness.eu\/wp-content\/uploads\/2025\/04\/EV-DB-AD-415-13-1024x683.jpg\" alt=\"\" class=\"wp-image-195605\"\/><\/a><\/figure>\n<\/div>\n<\/div>\n\n\n\n<div class=\"wp-block-columns alignwide is-layout-flex wp-container-core-columns-is-layout-c45ee707 wp-block-columns-is-layout-flex\" style=\"margin-bottom:var(--wp--preset--spacing--side-padding);padding-top:var(--wp--preset--spacing--side-padding)\">\n<div class=\"wp-block-column is-vertically-aligned-center is-layout-flow wp-block-column-is-layout-flow\">\n<div class=\"wp-block-columns is-layout-flex wp-container-core-columns-is-layout-9d6595d7 wp-block-columns-is-layout-flex\">\n<div class=\"wp-block-column is-layout-flow wp-block-column-is-layout-flow\">\n<figure class=\"wp-block-image size-large is-style-rounded\"><a href=\"https:\/\/evolve-fitness.eu\/?attachment_id=195631\"><img decoding=\"async\" src=\"https:\/\/evolve-fitness.eu\/wp-content\/uploads\/2025\/04\/EV-DB-AD-415-17-1024x683.jpg\" alt=\"\" class=\"wp-image-195631\"\/><\/a><\/figure>\n<\/div>\n<\/div>\n<\/div>\n\n\n\n<div class=\"wp-block-column is-vertically-aligned-center is-layout-flow wp-block-column-is-layout-flow\">\n<h3 class=\"wp-block-heading\" style=\"margin-bottom:var(--wp--preset--spacing--h-3-bottom)\">Die Zukunft des Krafttrainings<\/h3>\n\n\n\n<p><em><strong>Eleganz trifft auf Leistung<\/strong><\/em><\/p>\n\n\n\n<p>Die verchromten Kurzhanteln von Evolve sind eine erstklassige Erg\u00e4nzung f\u00fcr jedes Krafttraining. Mit ihrem zeitlosen Design und ihrer professionellen Bauweise unterst\u00fctzen sie konzentriertes Training und werten jede Trainingsumgebung optisch und funktionell auf. <\/p>\n<\/div>\n<\/div>\n\n\n\n<div class=\"wp-block-columns alignwide is-layout-flex wp-container-core-columns-is-layout-c45ee707 wp-block-columns-is-layout-flex\" style=\"margin-bottom:var(--wp--preset--spacing--side-padding);padding-top:var(--wp--preset--spacing--side-padding)\">\n<div class=\"wp-block-column is-vertically-aligned-center is-layout-flow wp-block-column-is-layout-flow\">\n<h3 class=\"wp-block-heading\" style=\"margin-bottom:var(--wp--preset--spacing--h-3-bottom)\">Vielseitiger Gewichtsbereich<\/h3>\n\n\n\n<p><strong><em><strong>Mehrere Inkremente f\u00fcr progressives Training<\/strong><\/em><\/strong><\/p>\n\n\n\n<p>Jede verstellbare Kurzhantel ist mit einem pr\u00e4zisen internen Mechanismus ausgestattet, der eine nahtlose Gewichtsauswahl erm\u00f6glicht. Das Modell mit 23,5 kg ersetzt 13 Einzelgewichte, das Modell mit 32,5 kg 19 und die Version mit 41,5 kg 25 Einzelgewichte &#8211; eine breite Palette von Optionen, die eine allm\u00e4hliche Kraftentwicklung unterst\u00fctzen und Benutzern aller Fitnessstufen gerecht werden. <\/p>\n<\/div>\n\n\n\n<div class=\"wp-block-column is-vertically-aligned-center is-layout-flow wp-block-column-is-layout-flow\">\n<figure class=\"wp-block-image size-full is-style-rounded\"><img decoding=\"async\" src=\"https:\/\/evolve-fitness.eu\/wp-content\/uploads\/2025\/04\/Compare.jpg\" alt=\"\" class=\"wp-image-196316\"\/><\/figure>\n<\/div>\n<\/div>\n\n\n\n<div class=\"wp-block-columns alignwide is-layout-flex wp-container-core-columns-is-layout-c45ee707 wp-block-columns-is-layout-flex\" style=\"margin-bottom:var(--wp--preset--spacing--side-padding);padding-top:var(--wp--preset--spacing--side-padding)\">\n<div class=\"wp-block-column is-vertically-aligned-center is-layout-flow wp-block-column-is-layout-flow\">\n<figure class=\"wp-block-gallery has-nested-images columns-default is-cropped wp-block-gallery-1 is-layout-flex wp-block-gallery-is-layout-flex\">\n<figure data-wp-context=\"{&quot;imageId&quot;:&quot;6a02fb7a646b0&quot;}\" data-wp-interactive=\"core\/image\" data-wp-key=\"6a02fb7a646b0\" class=\"wp-block-image size-large is-style-rounded wp-lightbox-container\"><img decoding=\"async\" data-wp-class--hide=\"state.isContentHidden\" data-wp-class--show=\"state.isContentVisible\" data-wp-init=\"callbacks.setButtonStyles\" data-wp-on--click=\"actions.showLightbox\" data-wp-on--load=\"callbacks.setButtonStyles\" data-wp-on-window--resize=\"callbacks.setButtonStyles\" data-id=\"196038\" src=\"https:\/\/evolve-fitness.eu\/wp-content\/uploads\/2025\/04\/EV-RS-DR-03-3-1024x683.jpg\" alt=\"\" class=\"wp-image-196038\"\/><button\n\t\t\tclass=\"lightbox-trigger\"\n\t\t\ttype=\"button\"\n\t\t\taria-haspopup=\"dialog\"\n\t\t\taria-label=\"Vergr\u00f6\u00dfern\"\n\t\t\tdata-wp-init=\"callbacks.initTriggerButton\"\n\t\t\tdata-wp-on--click=\"actions.showLightbox\"\n\t\t\tdata-wp-style--right=\"state.imageButtonRight\"\n\t\t\tdata-wp-style--top=\"state.imageButtonTop\"\n\t\t>\n\t\t\t<svg xmlns=\"http:\/\/www.w3.org\/2000\/svg\" width=\"12\" height=\"12\" fill=\"none\" viewBox=\"0 0 12 12\">\n\t\t\t\t<path fill=\"#fff\" d=\"M2 0a2 2 0 0 0-2 2v2h1.5V2a.5.5 0 0 1 .5-.5h2V0H2Zm2 10.5H2a.5.5 0 0 1-.5-.5V8H0v2a2 2 0 0 0 2 2h2v-1.5ZM8 12v-1.5h2a.5.5 0 0 0 .5-.5V8H12v2a2 2 0 0 1-2 2H8Zm2-12a2 2 0 0 1 2 2v2h-1.5V2a.5.5 0 0 0-.5-.5H8V0h2Z\" \/>\n\t\t\t<\/svg>\n\t\t<\/button><\/figure>\n\n\n\n<figure data-wp-context=\"{&quot;imageId&quot;:&quot;6a02fb7a64c56&quot;}\" data-wp-interactive=\"core\/image\" data-wp-key=\"6a02fb7a64c56\" class=\"wp-block-image size-large is-style-rounded wp-lightbox-container\"><img decoding=\"async\" data-wp-class--hide=\"state.isContentHidden\" data-wp-class--show=\"state.isContentVisible\" data-wp-init=\"callbacks.setButtonStyles\" data-wp-on--click=\"actions.showLightbox\" data-wp-on--load=\"callbacks.setButtonStyles\" data-wp-on-window--resize=\"callbacks.setButtonStyles\" data-id=\"196063\" src=\"https:\/\/evolve-fitness.eu\/wp-content\/uploads\/2025\/04\/EV-RS-DR-03-10-1024x683.jpg\" alt=\"\" class=\"wp-image-196063\"\/><button\n\t\t\tclass=\"lightbox-trigger\"\n\t\t\ttype=\"button\"\n\t\t\taria-haspopup=\"dialog\"\n\t\t\taria-label=\"Vergr\u00f6\u00dfern\"\n\t\t\tdata-wp-init=\"callbacks.initTriggerButton\"\n\t\t\tdata-wp-on--click=\"actions.showLightbox\"\n\t\t\tdata-wp-style--right=\"state.imageButtonRight\"\n\t\t\tdata-wp-style--top=\"state.imageButtonTop\"\n\t\t>\n\t\t\t<svg xmlns=\"http:\/\/www.w3.org\/2000\/svg\" width=\"12\" height=\"12\" fill=\"none\" viewBox=\"0 0 12 12\">\n\t\t\t\t<path fill=\"#fff\" d=\"M2 0a2 2 0 0 0-2 2v2h1.5V2a.5.5 0 0 1 .5-.5h2V0H2Zm2 10.5H2a.5.5 0 0 1-.5-.5V8H0v2a2 2 0 0 0 2 2h2v-1.5ZM8 12v-1.5h2a.5.5 0 0 0 .5-.5V8H12v2a2 2 0 0 1-2 2H8Zm2-12a2 2 0 0 1 2 2v2h-1.5V2a.5.5 0 0 0-.5-.5H8V0h2Z\" \/>\n\t\t\t<\/svg>\n\t\t<\/button><\/figure>\n\n\n\n<figure data-wp-context=\"{&quot;imageId&quot;:&quot;6a02fb7a651bb&quot;}\" data-wp-interactive=\"core\/image\" data-wp-key=\"6a02fb7a651bb\" class=\"wp-block-image size-large is-style-rounded wp-lightbox-container\"><img decoding=\"async\" data-wp-class--hide=\"state.isContentHidden\" data-wp-class--show=\"state.isContentVisible\" data-wp-init=\"callbacks.setButtonStyles\" data-wp-on--click=\"actions.showLightbox\" data-wp-on--load=\"callbacks.setButtonStyles\" data-wp-on-window--resize=\"callbacks.setButtonStyles\" data-id=\"196088\" src=\"https:\/\/evolve-fitness.eu\/wp-content\/uploads\/2025\/04\/EV-RS-DR-03-13-1024x683.jpg\" alt=\"\" class=\"wp-image-196088\"\/><button\n\t\t\tclass=\"lightbox-trigger\"\n\t\t\ttype=\"button\"\n\t\t\taria-haspopup=\"dialog\"\n\t\t\taria-label=\"Vergr\u00f6\u00dfern\"\n\t\t\tdata-wp-init=\"callbacks.initTriggerButton\"\n\t\t\tdata-wp-on--click=\"actions.showLightbox\"\n\t\t\tdata-wp-style--right=\"state.imageButtonRight\"\n\t\t\tdata-wp-style--top=\"state.imageButtonTop\"\n\t\t>\n\t\t\t<svg xmlns=\"http:\/\/www.w3.org\/2000\/svg\" width=\"12\" height=\"12\" fill=\"none\" viewBox=\"0 0 12 12\">\n\t\t\t\t<path fill=\"#fff\" d=\"M2 0a2 2 0 0 0-2 2v2h1.5V2a.5.5 0 0 1 .5-.5h2V0H2Zm2 10.5H2a.5.5 0 0 1-.5-.5V8H0v2a2 2 0 0 0 2 2h2v-1.5ZM8 12v-1.5h2a.5.5 0 0 0 .5-.5V8H12v2a2 2 0 0 1-2 2H8Zm2-12a2 2 0 0 1 2 2v2h-1.5V2a.5.5 0 0 0-.5-.5H8V0h2Z\" \/>\n\t\t\t<\/svg>\n\t\t<\/button><\/figure>\n\n\n\n<figure class=\"wp-block-image size-large\"><img decoding=\"async\" data-id=\"196113\" src=\"https:\/\/evolve-fitness.eu\/wp-content\/uploads\/2025\/04\/EV-RS-DR-03-PNG-1-1024x1024.png\" alt=\"\" class=\"wp-image-196113\"\/><\/figure>\n<\/figure>\n<\/div>\n\n\n\n<div class=\"wp-block-column is-vertically-aligned-center is-layout-flow wp-block-column-is-layout-flow\">\n<h3 class=\"wp-block-heading\" style=\"margin-bottom:var(--wp--preset--spacing--h-3-bottom)\">Optionaler Hantelst\u00e4nder<\/h3>\n\n\n\n<p><strong><em><strong>Erh\u00f6hen Sie Ihren Hantelsatz<\/strong><\/em><\/strong><\/p>\n\n\n\n<p>Der optionale Hantelst\u00e4nder aus Metall f\u00fcr die Evolve Ultra Series Hanteln mit verstellbaren Gewichten wurde entwickelt, um sowohl die Funktionalit\u00e4t als auch die \u00c4sthetik in Ihrem Trainingsraum zu verbessern. Er ist aus robustem Metall gefertigt und bietet eine stabile und sichere Plattform f\u00fcr Ihre verstellbaren Kurzhanteln, so dass diese sicher aufbewahrt und leicht zug\u00e4nglich sind. Das ergonomische Design des St\u00e4nders f\u00f6rdert die richtige Haltung beim Heben und reduziert die Belastung w\u00e4hrend des Trainings. Die kompakte Standfl\u00e4che sorgt f\u00fcr eine geordnete und aufger\u00e4umte Umgebung und ist damit eine ideale Erg\u00e4nzung f\u00fcr Heimtrainingsr\u00e4ume und professionelle Fitnessstudios.   <\/p>\n<\/div>\n<\/div>\n<\/section>\n","protected":false},"excerpt":{"rendered":"<p>Die verstellbaren Chromhanteln der Evolve Ultra Series bieten eine erstklassige Mischung aus Haltbarkeit und Funktionalit\u00e4t. Sie wurden entwickelt, um den Anforderungen verschiedener Trainingsbereiche gerecht zu werden. Mit ihrer polierten Oberfl\u00e4che und dem ergonomischen Griff sind sie eine zuverl\u00e4ssige und stilvolle Erg\u00e4nzung f\u00fcr jede moderne Fitnessumgebung. <\/p>\n","protected":false},"featured_media":148442,"template":"","meta":{"_acf_changed":false,"inline_featured_image":false},"product_cat":[123,118,124],"product_tag":[],"class_list":{"0":"post-7137","1":"product","2":"type-product","3":"status-publish","4":"has-post-thumbnail","6":"product_cat-freie-gewichte","7":"product_cat-hauptseite","8":"product_cat-kurzhanteln","10":"first","11":"instock","12":"sale","13":"taxable","14":"shipping-taxable","15":"purchasable","16":"product-type-variable"},"acf":[],"_links":{"self":[{"href":"https:\/\/store.evolve-fitness.eu\/de\/wp-json\/wp\/v2\/product\/7137","targetHints":{"allow":["GET"]}}],"collection":[{"href":"https:\/\/store.evolve-fitness.eu\/de\/wp-json\/wp\/v2\/product"}],"about":[{"href":"https:\/\/store.evolve-fitness.eu\/de\/wp-json\/wp\/v2\/types\/product"}],"wp:featuredmedia":[{"embeddable":true,"href":"https:\/\/store.evolve-fitness.eu\/de\/wp-json\/wp\/v2\/media\/148442"}],"wp:attachment":[{"href":"https:\/\/store.evolve-fitness.eu\/de\/wp-json\/wp\/v2\/media?parent=7137"}],"wp:term":[{"taxonomy":"product_cat","embeddable":true,"href":"https:\/\/store.evolve-fitness.eu\/de\/wp-json\/wp\/v2\/product_cat?post=7137"},{"taxonomy":"product_tag","embeddable":true,"href":"https:\/\/store.evolve-fitness.eu\/de\/wp-json\/wp\/v2\/product_tag?post=7137"}],"curies":[{"name":"wp","href":"https:\/\/api.w.org\/{rel}","templated":true}]}}