{"id":7119,"date":"2024-01-25T08:14:16","date_gmt":"2024-01-25T08:14:16","guid":{"rendered":"https:\/\/store.evolve-fitness.eu\/produktas\/evolve-prime-serie-olympische-schraegbank-2\/"},"modified":"2025-12-11T13:20:56","modified_gmt":"2025-12-11T13:20:56","slug":"evolve-prime-serie-olympische-schraegbank-2","status":"publish","type":"product","link":"https:\/\/store.evolve-fitness.eu\/de\/produkt\/evolve-prime-serie-olympische-schraegbank-2\/","title":{"rendered":"Evolve Prime Serie Olympische Schr\u00e4gbank"},"content":{"rendered":"\n<section class=\"wp-block-group alignfull black-content has-white-color has-darkgray-background-color has-text-color has-background is-layout-constrained wp-block-group-is-layout-constrained\" style=\"padding-top:var(--wp--preset--spacing--section-bottom);padding-bottom:var(--wp--preset--spacing--section-bottom)\">\n<div class=\"wp-block-columns alignwide mobile-reverse is-layout-flex wp-container-core-columns-is-layout-ca64bf2d wp-block-columns-is-layout-flex\" style=\"margin-bottom:var(--wp--preset--spacing--side-padding)\">\n<div class=\"wp-block-column is-vertically-aligned-center is-layout-flow wp-block-column-is-layout-flow\">\n<h3 class=\"wp-block-heading\" style=\"margin-bottom:var(--wp--preset--spacing--h-3-bottom)\"><strong><strong><strong><strong><strong><strong><strong><strong>St\u00e4rke, Pr\u00e4zision und Komfort<\/strong><\/strong><\/strong><\/strong><\/strong><\/strong><\/strong><\/strong><\/h3>\n\n\n\n<p><strong><em><strong><em><strong><strong><strong><strong><strong>Die n\u00e4chste Stufe des Bankdr\u00fcckens mit der <strong>Evolve Olympic Incline Bench<\/strong><\/strong><\/strong><\/strong><\/strong><\/strong><\/em><\/strong><\/em><\/strong><\/p>\n\n\n\n<p style=\"margin-bottom:var(--wp--preset--spacing--tb-section-padding)\">Diese Bank wurde f\u00fcr diejenigen entwickelt, die es mit dem Heben ernst meinen. Sie ist nicht nur ein Ger\u00e4t, sondern der Eckpfeiler Ihres Krafttrainingsprogramms. Erleben Sie den perfekten Winkel f\u00fcr maximalen Muskeleinsatz. Die Evolve Olympic Incline Bench wurde entwickelt, um Ihre obere Brust und Ihre Schultern effektiver zu trainieren, damit Sie die bestm\u00f6glichen Ergebnisse beim Training mit der Schr\u00e4gbank erzielen.<\/p>\n<\/div>\n\n\n\n<div class=\"wp-block-column is-vertically-aligned-center is-layout-flow wp-block-column-is-layout-flow\">\n<figure class=\"wp-block-video\"><video height=\"891\" style=\"aspect-ratio: 750 \/ 891;\" width=\"750\" autoplay=\"\" controls=\"\" loop=\"\" muted=\"\" src=\"https:\/\/evolve-fitness.eu\/wp-content\/uploads\/2023\/12\/1-23.mp4\"><\/video><\/figure>\n<\/div>\n<\/div>\n\n\n\n<div class=\"wp-block-columns alignwide is-layout-flex wp-container-core-columns-is-layout-c45ee707 wp-block-columns-is-layout-flex\" style=\"margin-bottom:var(--wp--preset--spacing--side-padding);padding-top:var(--wp--preset--spacing--side-padding)\">\n<div class=\"wp-block-column is-vertically-aligned-center is-layout-flow wp-block-column-is-layout-flow\">\n<figure class=\"wp-block-video\"><video height=\"871\" style=\"aspect-ratio: 750 \/ 871;\" width=\"750\" autoplay=\"\" controls=\"\" loop=\"\" muted=\"\" src=\"https:\/\/evolve-fitness.eu\/wp-content\/uploads\/2023\/12\/3-9.mp4\"><\/video><\/figure>\n<\/div>\n\n\n\n<div class=\"wp-block-column is-vertically-aligned-center is-layout-flow wp-block-column-is-layout-flow\">\n<h3 class=\"wp-block-heading\" style=\"margin-bottom:var(--wp--preset--spacing--h-3-bottom)\"><strong><strong>\u00dcberragender Komfort und Unterst\u00fctzung<\/strong><\/strong><\/h3>\n\n\n\n<p><strong><em>Konzentrieren Sie sich auf Ihre Aufz\u00fcge<\/em><\/strong><\/p>\n\n\n\n<p style=\"margin-bottom:var(--wp--preset--spacing--tb-section-padding)\">Unsere Bank ist mit einer hochdichten Schaumstoffpolsterung ausgestattet, die un\u00fcbertroffenen Komfort bietet und gleichzeitig die richtige Unterst\u00fctzung und Ausrichtung gew\u00e4hrleistet. Das bedeutet l\u00e4ngeres, effektiveres Training ohne unn\u00f6tige Belastung.<\/p>\n<\/div>\n<\/div>\n\n\n\n<div class=\"wp-block-columns alignwide is-layout-flex wp-container-core-columns-is-layout-c45ee707 wp-block-columns-is-layout-flex\" style=\"margin-bottom:var(--wp--preset--spacing--side-padding);padding-top:var(--wp--preset--spacing--side-padding)\">\n<div class=\"wp-block-column is-vertically-aligned-center is-layout-flow wp-block-column-is-layout-flow\">\n<h3 class=\"wp-block-heading\" style=\"margin-bottom:var(--wp--preset--spacing--h-3-bottom)\"><strong><strong><strong><strong><strong><strong><strong><strong><strong>Langlebige und robuste Konstruktion<\/strong><\/strong><\/strong><\/strong><\/strong><\/strong><\/strong><\/strong><\/strong><\/h3>\n\n\n\n<p><strong><em>Langfristige Verl\u00e4sslichkeit<\/em><\/strong><\/p>\n\n\n\n<p style=\"margin-bottom:var(--wp--preset--spacing--tb-section-padding)\">Die Evolve Olympic Incline Bench ist mit einem robusten Stahlrahmen ausgestattet, der f\u00fcr eine lange Lebensdauer sorgt. Die au\u00dfergew\u00f6hnliche Langlebigkeit des Ger\u00e4ts h\u00e4lt den t\u00e4glichen Belastungen stand und macht es zu einer zuverl\u00e4ssigen Wahl sowohl f\u00fcr kommerzielle Fitnessstudios als auch f\u00fcr Heimtrainingsr\u00e4ume.<\/p>\n<\/div>\n\n\n\n<div class=\"wp-block-column is-vertically-aligned-center is-layout-flow wp-block-column-is-layout-flow\">\n<figure class=\"wp-block-video\"><video height=\"600\" style=\"aspect-ratio: 680 \/ 600;\" width=\"680\" autoplay=\"\" controls=\"\" loop=\"\" muted=\"\" src=\"https:\/\/evolve-fitness.eu\/wp-content\/uploads\/2023\/12\/4-4.mp4\"><\/video><\/figure>\n<\/div>\n<\/div>\n<\/section>\n","protected":false},"excerpt":{"rendered":"<p>Bringen Sie Ihr Oberk\u00f6rpertraining auf ein neues Niveau mit der Evolve Prime Series Olympic Incline Bench, PR-210. Diese Bank ist ein Eckpfeiler f\u00fcr jedes ernstzunehmende Fitnessstudio zu Hause, denn sie ist pr\u00e4zise auf St\u00e4rke und Haltbarkeit ausgelegt. Der PR-210 wurde entwickelt, um Ihre Brust-, Schulter- und Oberk\u00f6rpermuskulatur mit optimalen Neigungswinkeln zu trainieren und bietet eine stabile und bequeme Plattform f\u00fcr olympische Schr\u00e4gbankdr\u00fcck\u00fcbungen. Mit ihrer robusten Konstruktion und den benutzerfreundlichen Funktionen sorgt diese Bank f\u00fcr ein sicheres und effizientes Trainingserlebnis. Verbessern Sie Ihr Fitnessprogramm zu Hause mit der Evolve Prime Series und formen Sie einen kraftvollen und gut definierten Oberk\u00f6rper f\u00fcr dauerhafte Ergebnisse.<\/p>\n","protected":false},"featured_media":7126,"template":"","meta":{"_acf_changed":false,"inline_featured_image":false},"product_cat":[118,125,160],"product_tag":[],"class_list":{"0":"post-7119","1":"product","2":"type-product","3":"status-publish","4":"has-post-thumbnail","6":"product_cat-hauptseite","7":"product_cat-banke","8":"product_cat-banke-der-prime-series","10":"first","11":"outofstock","12":"shipping-taxable","13":"purchasable","14":"product-type-simple"},"acf":[],"_links":{"self":[{"href":"https:\/\/store.evolve-fitness.eu\/de\/wp-json\/wp\/v2\/product\/7119","targetHints":{"allow":["GET"]}}],"collection":[{"href":"https:\/\/store.evolve-fitness.eu\/de\/wp-json\/wp\/v2\/product"}],"about":[{"href":"https:\/\/store.evolve-fitness.eu\/de\/wp-json\/wp\/v2\/types\/product"}],"wp:featuredmedia":[{"embeddable":true,"href":"https:\/\/store.evolve-fitness.eu\/de\/wp-json\/wp\/v2\/media\/7126"}],"wp:attachment":[{"href":"https:\/\/store.evolve-fitness.eu\/de\/wp-json\/wp\/v2\/media?parent=7119"}],"wp:term":[{"taxonomy":"product_cat","embeddable":true,"href":"https:\/\/store.evolve-fitness.eu\/de\/wp-json\/wp\/v2\/product_cat?post=7119"},{"taxonomy":"product_tag","embeddable":true,"href":"https:\/\/store.evolve-fitness.eu\/de\/wp-json\/wp\/v2\/product_tag?post=7119"}],"curies":[{"name":"wp","href":"https:\/\/api.w.org\/{rel}","templated":true}]}}