{"id":7077,"date":"2024-01-24T12:22:35","date_gmt":"2024-01-24T12:22:35","guid":{"rendered":"https:\/\/store.evolve-fitness.eu\/produktas\/evolve-prime-serie-dip-station\/"},"modified":"2026-01-28T11:59:12","modified_gmt":"2026-01-28T11:59:12","slug":"evolve-prime-serie-dip-station","status":"publish","type":"product","link":"https:\/\/store.evolve-fitness.eu\/de\/produkt\/evolve-prime-serie-dip-station\/","title":{"rendered":"Evolve Prime Serie Dip-Station"},"content":{"rendered":"\n<section class=\"wp-block-group alignfull black-content has-white-color has-darkgray-background-color has-text-color has-background is-layout-constrained wp-block-group-is-layout-constrained\" style=\"padding-top:var(--wp--preset--spacing--section-bottom);padding-bottom:var(--wp--preset--spacing--section-bottom)\">\n<div class=\"wp-block-columns alignwide mobile-reverse is-layout-flex wp-container-core-columns-is-layout-ca64bf2d wp-block-columns-is-layout-flex\" style=\"margin-bottom:var(--wp--preset--spacing--side-padding)\">\n<div class=\"wp-block-column is-vertically-aligned-center is-layout-flow wp-block-column-is-layout-flow\">\n<h3 class=\"wp-block-heading\" style=\"margin-bottom:var(--wp--preset--spacing--h-3-bottom)\">R<strong>\n  <strong>\n    <strong>\n      <strong>\n        <strong>\n          <strong>\n            <strong>obustes Design, au\u00dfergew\u00f6hnliche Ergebnisse<\/strong>\n          <\/strong>\n        <\/strong>\n      <\/strong>\n    <\/strong>\n  <\/strong>\n<\/strong><\/h3>\n\n\n\n<p>Solide und sicher<\/p>\n\n\n\n<p style=\"margin-bottom:var(--wp--preset--spacing--tb-section-padding)\">Die Evolve Dip Station ist aus hochbelastbarem Stahl gefertigt und verspricht un\u00fcbertroffene Stabilit\u00e4t und Sicherheit. Trainieren Sie mit der Gewissheit, dass Ihre Ausr\u00fcstung so stark ist wie Ihr Ehrgeiz.<\/p>\n<\/div>\n\n\n\n<div class=\"wp-block-column is-vertically-aligned-center is-layout-flow wp-block-column-is-layout-flow\">\n<figure class=\"wp-block-image size-large\"><img decoding=\"async\" src=\"https:\/\/evolve-fitness.eu\/wp-content\/uploads\/2023\/12\/A7_06383-1-683x1024.jpg\" alt=\"\" class=\"wp-image-8351\"\/><\/figure>\n<\/div>\n<\/div>\n\n\n\n<div class=\"wp-block-columns alignwide is-layout-flex wp-container-core-columns-is-layout-c45ee707 wp-block-columns-is-layout-flex\" style=\"margin-bottom:var(--wp--preset--spacing--side-padding);padding-top:var(--wp--preset--spacing--side-padding)\">\n<div class=\"wp-block-column is-vertically-aligned-center is-layout-flow wp-block-column-is-layout-flow\">\n<figure class=\"wp-block-image size-large\"><img decoding=\"async\" src=\"https:\/\/evolve-fitness.eu\/wp-content\/uploads\/2023\/12\/A7_06387-1024x683.jpg\" alt=\"\" class=\"wp-image-8353\"\/><\/figure>\n<\/div>\n\n\n\n<div class=\"wp-block-column is-vertically-aligned-center is-layout-flow wp-block-column-is-layout-flow\">\n<h3 class=\"wp-block-heading\" style=\"margin-bottom:var(--wp--preset--spacing--h-3-bottom)\"><strong>Ergonomisch und komfortabel<\/strong><\/h3>\n\n\n\n<p style=\"margin-bottom:var(--wp--preset--spacing--tb-section-padding)\">Die ergonomisch geformten Griffe dieser Station sorgen f\u00fcr einen bequemen Griff und verringern die Belastung Ihrer H\u00e4nde und Handgelenke bei intensiven Trainingseinheiten. Diese Station ist ideal f\u00fcr eine Vielzahl von \u00dcbungen, darunter Trizeps-Dips, Body Rows und Beinheben, und eignet sich perfekt f\u00fcr das Training mehrerer Muskelgruppen.<\/p>\n<\/div>\n<\/div>\n\n\n\n<div class=\"wp-block-columns alignwide is-layout-flex wp-container-core-columns-is-layout-c45ee707 wp-block-columns-is-layout-flex\" style=\"margin-bottom:var(--wp--preset--spacing--side-padding);padding-top:var(--wp--preset--spacing--side-padding)\">\n<div class=\"wp-block-column is-vertically-aligned-center is-layout-flow wp-block-column-is-layout-flow\">\n<h3 class=\"wp-block-heading\" style=\"margin-bottom:var(--wp--preset--spacing--h-3-bottom)\"><strong><strong><strong><strong><strong><strong><strong><strong>Kompakt und platzsparend<\/strong><\/strong><\/strong><\/strong><\/strong><\/strong><\/strong><\/strong><\/h3>\n\n\n\n<p><strong><em>Entwickelt, um sich nahtlos in jedes Heim-Fitnessstudio oder jeden professionellen Trainingsraum einzuf\u00fcgen<\/em><\/strong><\/p>\n\n\n\n<p style=\"margin-bottom:var(--wp--preset--spacing--tb-section-padding)\">Die robuste Konstruktion und die hochwertigen Materialien garantieren, dass diese Dip-Station den Strapazen des t\u00e4glichen Gebrauchs standh\u00e4lt und zu einer dauerhaften Investition in Ihre Fitnessreise wird. Verbessern Sie Ihr Training mit der Evolve Dip Station. Egal, ob Sie Muskeln aufbauen, Ihre Ausdauer verbessern oder einfach nur Abwechslung in Ihr Training bringen wollen, diese Dip-Station ist Ihr perfekter Partner.<\/p>\n<\/div>\n\n\n\n<div class=\"wp-block-column is-vertically-aligned-center is-layout-flow wp-block-column-is-layout-flow\">\n<figure class=\"wp-block-image size-large\"><img decoding=\"async\" src=\"https:\/\/evolve-fitness.eu\/wp-content\/uploads\/2023\/12\/A7_06401-1024x683.jpg\" alt=\"\" class=\"wp-image-8355\"\/><\/figure>\n<\/div>\n<\/div>\n<\/section>\n","protected":false},"excerpt":{"rendered":"<p>Die Evolve Prime Series Dip Station ist ein hochmodernes Fitnessger\u00e4t, mit dem Sie Ihren Oberk\u00f6rper wie nie zuvor formen und st\u00e4rken k\u00f6nnen. Diese Dip-Station ist ein Muss f\u00fcr Fitness-Enthusiasten und Athleten, die mit der Gewissheit trainieren wollen, dass ihre Ausr\u00fcstung so stark ist wie ihr Ehrgeiz.<\/p>\n","protected":false},"featured_media":7088,"template":"","meta":{"_acf_changed":false,"inline_featured_image":false},"product_cat":[125,160,118],"product_tag":[],"class_list":{"0":"post-7077","1":"product","2":"type-product","3":"status-publish","4":"has-post-thumbnail","6":"product_cat-banke","7":"product_cat-banke-der-prime-series","8":"product_cat-hauptseite","10":"first","11":"outofstock","12":"taxable","13":"shipping-taxable","14":"purchasable","15":"product-type-simple"},"acf":[],"_links":{"self":[{"href":"https:\/\/store.evolve-fitness.eu\/de\/wp-json\/wp\/v2\/product\/7077","targetHints":{"allow":["GET"]}}],"collection":[{"href":"https:\/\/store.evolve-fitness.eu\/de\/wp-json\/wp\/v2\/product"}],"about":[{"href":"https:\/\/store.evolve-fitness.eu\/de\/wp-json\/wp\/v2\/types\/product"}],"wp:featuredmedia":[{"embeddable":true,"href":"https:\/\/store.evolve-fitness.eu\/de\/wp-json\/wp\/v2\/media\/7088"}],"wp:attachment":[{"href":"https:\/\/store.evolve-fitness.eu\/de\/wp-json\/wp\/v2\/media?parent=7077"}],"wp:term":[{"taxonomy":"product_cat","embeddable":true,"href":"https:\/\/store.evolve-fitness.eu\/de\/wp-json\/wp\/v2\/product_cat?post=7077"},{"taxonomy":"product_tag","embeddable":true,"href":"https:\/\/store.evolve-fitness.eu\/de\/wp-json\/wp\/v2\/product_tag?post=7077"}],"curies":[{"name":"wp","href":"https:\/\/api.w.org\/{rel}","templated":true}]}}