{"id":7043,"date":"2024-01-24T14:24:32","date_gmt":"2024-01-24T14:24:32","guid":{"rendered":"https:\/\/store.evolve-fitness.eu\/produktas\/evolve-econ-serie-verstellbare-bank-2\/"},"modified":"2026-05-08T12:01:00","modified_gmt":"2026-05-08T12:01:00","slug":"evolve-econ-serie-verstellbare-bank-2","status":"publish","type":"product","link":"https:\/\/store.evolve-fitness.eu\/de\/produkt\/evolve-econ-serie-verstellbare-bank-2\/","title":{"rendered":"Evolve Econ Serie Verstellbare Bank"},"content":{"rendered":"\n<section class=\"wp-block-group alignfull black-content has-white-color has-darkgray-background-color has-text-color has-background is-layout-constrained wp-block-group-is-layout-constrained\" style=\"padding-top:var(--wp--preset--spacing--section-bottom);padding-bottom:var(--wp--preset--spacing--section-bottom)\">\n<div class=\"wp-block-columns alignwide is-layout-flex wp-container-core-columns-is-layout-c45ee707 wp-block-columns-is-layout-flex\" style=\"margin-bottom:var(--wp--preset--spacing--side-padding);padding-top:var(--wp--preset--spacing--side-padding)\">\n<div class=\"wp-block-column is-vertically-aligned-center is-layout-flow wp-block-column-is-layout-flow\">\n<figure class=\"wp-block-image size-large is-style-rounded\"><img decoding=\"async\" src=\"https:\/\/evolve-fitness.eu\/wp-content\/uploads\/2023\/09\/EV-BN-EC-117-1-2-1024x683.jpg\" alt=\"\" class=\"wp-image-165551\"\/><\/figure>\n<\/div>\n\n\n\n<div class=\"wp-block-column is-vertically-aligned-center is-layout-flow wp-block-column-is-layout-flow\">\n<h3 class=\"wp-block-heading\" style=\"margin-bottom:var(--wp--preset--spacing--h-3-bottom)\"><strong><strong><strong><strong><strong><strong><strong><strong><strong><strong><strong>Hochwertige Qualit\u00e4t<\/strong><\/strong><\/strong><\/strong><\/strong><\/strong><\/strong><\/strong><\/strong><\/strong><\/strong><\/h3>\n\n\n\n<p>Unsere Fitnessb\u00e4nke sind mit einem soliden Metallrahmen aus geschwei\u00dften Rundrohren f\u00fcr eine lange Lebensdauer ausgelegt. Die fortschrittliche elektrostatische Spr\u00fchtechnologie f\u00fcr duroplastische Pulver verleiht der Oberfl\u00e4che nicht nur ein glattes Aussehen, sondern bietet auch einen hervorragenden Rostschutz. Ganz gleich, ob Sie zu Hause oder in einem professionellen Fitnessstudio trainieren, unsere Evolve-B\u00e4nke sind auf Ihre Bed\u00fcrfnisse abgestimmt. Sie eignen sich auch hervorragend f\u00fcr kommerzielle Fitnesseinrichtungen in Milit\u00e4rst\u00fctzpunkten, Hotels, Herbergen und Rehabilitationszentren.<\/p>\n<\/div>\n<\/div>\n\n\n\n<div class=\"wp-block-columns alignwide is-layout-flex wp-container-core-columns-is-layout-c45ee707 wp-block-columns-is-layout-flex\" style=\"margin-bottom:var(--wp--preset--spacing--side-padding);padding-top:var(--wp--preset--spacing--side-padding)\">\n<div class=\"wp-block-column is-vertically-aligned-center is-layout-flow wp-block-column-is-layout-flow\">\n<h3 class=\"wp-block-heading\" style=\"margin-bottom:var(--wp--preset--spacing--h-3-bottom)\"><strong><strong><strong><strong><strong><strong><strong><strong><strong>Einstellbares Design<\/strong><\/strong><\/strong><\/strong><\/strong><\/strong><\/strong><\/strong><\/strong><\/h3>\n\n\n\n<p style=\"margin-bottom:var(--wp--preset--spacing--tb-section-padding)\">Die Bank l\u00e4sst sich in der <strong>Neigung<\/strong>, in der <strong>flachen<\/strong> und in der <strong>abfallenden<\/strong> Position verstellen und eignet sich damit f\u00fcr eine Vielzahl von \u00dcbungen. Mehrere Einstellungen f\u00fcr R\u00fcckenlehne und Sitz sorgen f\u00fcr optimale Ergonomie und Flexibilit\u00e4t beim Training. <\/p>\n<\/div>\n\n\n\n<div class=\"wp-block-column is-vertically-aligned-center is-layout-flow wp-block-column-is-layout-flow\">\n<figure class=\"wp-block-image size-large is-style-rounded\"><img decoding=\"async\" src=\"https:\/\/evolve-fitness.eu\/wp-content\/uploads\/2023\/09\/Untitled-1-1-1024x768.png\" alt=\"\" class=\"wp-image-165576\"\/><\/figure>\n<\/div>\n<\/div>\n\n\n\n<div class=\"wp-block-columns alignwide is-layout-flex wp-container-core-columns-is-layout-c45ee707 wp-block-columns-is-layout-flex\" style=\"margin-bottom:var(--wp--preset--spacing--side-padding);padding-top:var(--wp--preset--spacing--side-padding)\">\n<div class=\"wp-block-column is-vertically-aligned-center is-layout-flow wp-block-column-is-layout-flow\">\n<figure class=\"wp-block-image size-large is-style-rounded\"><img decoding=\"async\" src=\"https:\/\/evolve-fitness.eu\/wp-content\/uploads\/2023\/09\/EV-BN-EC-117-4-3-1024x683.jpg\" alt=\"\" class=\"wp-image-165475\"\/><\/figure>\n<\/div>\n\n\n\n<div class=\"wp-block-column is-vertically-aligned-center is-layout-flow wp-block-column-is-layout-flow\">\n<h3 class=\"wp-block-heading\" style=\"margin-bottom:var(--wp--preset--spacing--h-3-bottom)\"><strong><strong>Robust und langlebig<\/strong><\/strong><\/h3>\n\n\n\n<p>Er ist aus hochwertigen Materialien gefertigt und tr\u00e4gt eine schwere Last, so dass er sich f\u00fcr intensive Trainingseinheiten eignet.<\/p>\n<\/div>\n<\/div>\n\n\n\n<div class=\"wp-block-columns alignwide is-layout-flex wp-container-core-columns-is-layout-c45ee707 wp-block-columns-is-layout-flex\" style=\"margin-bottom:var(--wp--preset--spacing--side-padding);padding-top:var(--wp--preset--spacing--side-padding)\">\n<div class=\"wp-block-column is-vertically-aligned-center is-layout-flow wp-block-column-is-layout-flow\">\n<h3 class=\"wp-block-heading\" style=\"margin-bottom:var(--wp--preset--spacing--h-3-bottom)\"><strong><strong>Komfort<\/strong><\/strong><\/h3>\n\n\n\n<p style=\"margin-bottom:var(--wp--preset--spacing--tb-section-padding)\">Gepolstert mit strapazierf\u00e4higem Schaumstoff und bezogen mit strapazierf\u00e4higem PU-Leder f\u00fcr eine bequeme und st\u00fctzende Oberfl\u00e4che.<\/p>\n<\/div>\n\n\n\n<div class=\"wp-block-column is-vertically-aligned-center is-layout-flow wp-block-column-is-layout-flow\">\n<figure class=\"wp-block-image size-large is-style-rounded\"><img decoding=\"async\" src=\"https:\/\/evolve-fitness.eu\/wp-content\/uploads\/2023\/09\/EV-BN-EC-117-9-1-1024x683.jpg\" alt=\"\" class=\"wp-image-165500\"\/><\/figure>\n<\/div>\n<\/div>\n\n\n\n<div class=\"wp-block-columns alignwide is-layout-flex wp-container-core-columns-is-layout-c45ee707 wp-block-columns-is-layout-flex\" style=\"margin-bottom:var(--wp--preset--spacing--side-padding);padding-top:var(--wp--preset--spacing--side-padding)\">\n<div class=\"wp-block-column is-vertically-aligned-center is-layout-flow wp-block-column-is-layout-flow\">\n<figure class=\"wp-block-image size-large is-style-rounded\"><img decoding=\"async\" src=\"https:\/\/evolve-fitness.eu\/wp-content\/uploads\/2023\/09\/EV-BN-EC-117-5-1024x683.jpg\" alt=\"\" class=\"wp-image-165525\"\/><\/figure>\n<\/div>\n\n\n\n<div class=\"wp-block-column is-vertically-aligned-center is-layout-flow wp-block-column-is-layout-flow\">\n<h3 class=\"wp-block-heading\" style=\"margin-bottom:var(--wp--preset--spacing--h-3-bottom)\"><strong><strong><strong><strong><strong>Kommerzielle und private Nutzung<\/strong><\/strong><\/strong><\/strong><\/strong><\/h3>\n\n\n\n<p>Geeignet f\u00fcr Fitnessstudios und pers\u00f6nliche Trainingsr\u00e4ume.<\/p>\n<\/div>\n<\/div>\n<\/section>\n","protected":false},"excerpt":{"rendered":"<p>Die Evolve Econ Series EC-117 Adjustable Bench ist eine robuste und zuverl\u00e4ssige Wahl f\u00fcr kommerzielle Fitnessumgebungen. Der solide Metallrahmen mit korrosionsbest\u00e4ndiger Pulverbeschichtung sorgt f\u00fcr Langlebigkeit und Stabilit\u00e4t bei intensiven Trainingseinheiten. Mit 3 Paar Hantelstangenhaltern und 8 integrierten Hantelscheibenstangen bietet diese Bank Vielseitigkeit und Organisation. Dank seines ergonomischen Designs und der bequemen Polsterung ist er f\u00fcr Benutzer aller Gr\u00f6\u00dfen geeignet. Ideal f\u00fcr Fitnessstudios, Milit\u00e4rst\u00fctzpunkte, Hotels und mehr.<\/p>\n","protected":false},"featured_media":78710,"template":"","meta":{"_acf_changed":false,"inline_featured_image":false},"product_cat":[125,126,118],"product_tag":[],"class_list":{"0":"post-7043","1":"product","2":"type-product","3":"status-publish","4":"has-post-thumbnail","6":"product_cat-banke","7":"product_cat-banke-der-serie-econ","8":"product_cat-hauptseite","10":"first","11":"outofstock","12":"taxable","13":"shipping-taxable","14":"purchasable","15":"product-type-simple"},"acf":[],"_links":{"self":[{"href":"https:\/\/store.evolve-fitness.eu\/de\/wp-json\/wp\/v2\/product\/7043","targetHints":{"allow":["GET"]}}],"collection":[{"href":"https:\/\/store.evolve-fitness.eu\/de\/wp-json\/wp\/v2\/product"}],"about":[{"href":"https:\/\/store.evolve-fitness.eu\/de\/wp-json\/wp\/v2\/types\/product"}],"wp:featuredmedia":[{"embeddable":true,"href":"https:\/\/store.evolve-fitness.eu\/de\/wp-json\/wp\/v2\/media\/78710"}],"wp:attachment":[{"href":"https:\/\/store.evolve-fitness.eu\/de\/wp-json\/wp\/v2\/media?parent=7043"}],"wp:term":[{"taxonomy":"product_cat","embeddable":true,"href":"https:\/\/store.evolve-fitness.eu\/de\/wp-json\/wp\/v2\/product_cat?post=7043"},{"taxonomy":"product_tag","embeddable":true,"href":"https:\/\/store.evolve-fitness.eu\/de\/wp-json\/wp\/v2\/product_tag?post=7043"}],"curies":[{"name":"wp","href":"https:\/\/api.w.org\/{rel}","templated":true}]}}