{"id":7028,"date":"2024-01-25T14:04:02","date_gmt":"2024-01-25T14:04:02","guid":{"rendered":"https:\/\/store.evolve-fitness.eu\/produktas\/evolve-home-aufhaengegurte\/"},"modified":"2025-03-26T14:58:42","modified_gmt":"2025-03-26T14:58:42","slug":"evolve-home-aufhaengegurte","status":"publish","type":"product","link":"https:\/\/store.evolve-fitness.eu\/de\/produkt\/evolve-home-aufhaengegurte\/","title":{"rendered":"Evolve Home Aufh\u00e4ngegurte"},"content":{"rendered":"\n<section class=\"wp-block-group alignfull has-lightgray-background-color has-background is-layout-constrained wp-block-group-is-layout-constrained\">\n<div class=\"wp-block-columns alignwide is-layout-flex wp-container-core-columns-is-layout-2edb0647 wp-block-columns-is-layout-flex\" style=\"margin-top:0;margin-bottom:0\">\n<div class=\"wp-block-column is-layout-flow wp-block-column-is-layout-flow\" style=\"flex-basis:33.33%\"><\/div>\n\n\n\n<div class=\"wp-block-column is-layout-flow wp-block-column-is-layout-flow\" style=\"flex-basis:66.66%\"><\/div>\n<\/div>\n<\/section>\n","protected":false},"excerpt":{"rendered":"<p>Trainieren Sie \u00fcberall und jederzeit mit den stylischen und vielseitigen Evolve-Funktionsgurten. Der strapazierf\u00e4hige Stoff, die rutschfesten, aber widerstandsf\u00e4higen Griffe aus beschichtetem Gummi und die verstellbaren Schlaufen an den Beinen sorgen f\u00fcr Langlebigkeit und Komfort beim Training. Mit speziellen Befestigungen k\u00f6nnen diese Gurte an einem Balken, einer Wandhalterung oder einer T\u00fcr aufgeh\u00e4ngt werden. Das praktische, tragbare Design umfasst eine Tasche, in der das gesamte Set Platz findet. Der Evolve TRX-Trainer ist eine einfache und elegante Alternative f\u00fcr zu Hause, die ein Ganzk\u00f6rpertraining erm\u00f6glicht. Die Evolve TRX-Gurte sind aus hochwertigen Materialien gefertigt, die eine einfache Wartung und Reinigung gew\u00e4hrleisten.<\/p>\n","protected":false},"featured_media":7033,"template":"","meta":{"_acf_changed":false,"inline_featured_image":false},"product_cat":[2407,121,122],"product_tag":[],"class_list":{"0":"post-7028","1":"product","2":"type-product","3":"status-publish","4":"has-post-thumbnail","6":"product_cat-hyrox-getriebe","7":"product_cat-ubergreifend-funktional","8":"product_cat-funktionelle-ausstattung","10":"first","11":"instock","12":"shipping-taxable","13":"purchasable","14":"product-type-simple"},"acf":[],"_links":{"self":[{"href":"https:\/\/store.evolve-fitness.eu\/de\/wp-json\/wp\/v2\/product\/7028","targetHints":{"allow":["GET"]}}],"collection":[{"href":"https:\/\/store.evolve-fitness.eu\/de\/wp-json\/wp\/v2\/product"}],"about":[{"href":"https:\/\/store.evolve-fitness.eu\/de\/wp-json\/wp\/v2\/types\/product"}],"wp:featuredmedia":[{"embeddable":true,"href":"https:\/\/store.evolve-fitness.eu\/de\/wp-json\/wp\/v2\/media\/7033"}],"wp:attachment":[{"href":"https:\/\/store.evolve-fitness.eu\/de\/wp-json\/wp\/v2\/media?parent=7028"}],"wp:term":[{"taxonomy":"product_cat","embeddable":true,"href":"https:\/\/store.evolve-fitness.eu\/de\/wp-json\/wp\/v2\/product_cat?post=7028"},{"taxonomy":"product_tag","embeddable":true,"href":"https:\/\/store.evolve-fitness.eu\/de\/wp-json\/wp\/v2\/product_tag?post=7028"}],"curies":[{"name":"wp","href":"https:\/\/api.w.org\/{rel}","templated":true}]}}