{"id":7009,"date":"2024-01-26T06:27:35","date_gmt":"2024-01-26T06:27:35","guid":{"rendered":"https:\/\/store.evolve-fitness.eu\/produktas\/evolve-horizontaler-stossstangen-plattenstaender\/"},"modified":"2026-04-02T12:00:38","modified_gmt":"2026-04-02T12:00:38","slug":"evolve-horizontaler-stossstangen-plattenstaender","status":"publish","type":"product","link":"https:\/\/store.evolve-fitness.eu\/de\/produkt\/evolve-horizontaler-stossstangen-plattenstaender\/","title":{"rendered":"Evolve Horizontaler Sto\u00dfstangen-Plattenst\u00e4nder"},"content":{"rendered":"\n<section class=\"wp-block-group alignfull black-content has-white-color has-darkgray-background-color has-text-color has-background is-layout-constrained wp-block-group-is-layout-constrained\" style=\"padding-top:var(--wp--preset--spacing--section-bottom);padding-bottom:var(--wp--preset--spacing--section-bottom)\">\n<div class=\"wp-block-columns alignwide mobile-reverse is-layout-flex wp-container-core-columns-is-layout-ca64bf2d wp-block-columns-is-layout-flex\" style=\"margin-bottom:var(--wp--preset--spacing--side-padding)\">\n<div class=\"wp-block-column is-vertically-aligned-center is-layout-flow wp-block-column-is-layout-flow\">\n<h3 class=\"wp-block-heading\" style=\"margin-bottom:var(--wp--preset--spacing--h-3-bottom)\"><strong><strong><strong><strong><strong><strong>Mobile und bequeme Lagerung<\/strong><\/strong><\/strong><\/strong><\/strong><\/strong><\/h3>\n\n\n\n<p>Ausgestattet mit Transportr\u00e4dern und einem rutschfesten Griff macht das Evolve Horizontal Bumper Plate Rack das Bewegen von Hantelscheiben in Ihrem Raum zum Kinderspiel. Ganz gleich, ob Sie Ihr Fitnessstudio umorganisieren oder einfach nur Ger\u00e4te f\u00fcr ein bestimmtes Training verschieben m\u00f6chten, dieses Rack bietet unvergleichliche Mobilit\u00e4t.<\/p>\n\n\n\n<h3 class=\"wp-block-heading\" style=\"margin-bottom:var(--wp--preset--spacing--h-3-bottom)\"><strong><strong><strong><strong><strong>Robustes Design f\u00fcr Langlebigkeit<\/strong><\/strong><\/strong><\/strong><\/strong><\/h3>\n\n\n\n<p>Der pulverbeschichtete Rahmen des Regals sorgt nicht nur f\u00fcr ein elegantes, professionelles Aussehen, sondern auch f\u00fcr Rost- und Verschlei\u00dfbest\u00e4ndigkeit. Das bedeutet, dass Ihre Investition auch unter den h\u00e4rtesten Bedingungen im Fitnessstudio in bestem Zustand bleibt.<\/p>\n<\/div>\n\n\n\n<div class=\"wp-block-column is-vertically-aligned-center is-layout-flow wp-block-column-is-layout-flow\">\n<figure class=\"wp-block-image alignright size-full is-resized is-style-rounded\"><img decoding=\"async\" src=\"https:\/\/evolve-fitness.eu\/wp-content\/uploads\/2023\/11\/Evolve-Horizontal-Bumper-Plate-Rack-1.1.png\" alt=\"\" class=\"wp-image-5966\" style=\"object-fit:cover;width:680px;height:600px\"\/><\/figure>\n<\/div>\n<\/div>\n\n\n\n<div class=\"wp-block-columns alignwide is-layout-flex wp-container-core-columns-is-layout-c45ee707 wp-block-columns-is-layout-flex\" style=\"margin-bottom:var(--wp--preset--spacing--side-padding);padding-top:var(--wp--preset--spacing--side-padding)\">\n<div class=\"wp-block-column is-vertically-aligned-center is-layout-flow wp-block-column-is-layout-flow\">\n<figure class=\"wp-block-image size-full is-resized is-style-rounded\"><img decoding=\"async\" src=\"https:\/\/evolve-fitness.eu\/wp-content\/uploads\/2023\/11\/Evolve-Horizontal-Bumper-Plate-Rack.png\" alt=\"\" class=\"wp-image-5962\" style=\"object-fit:cover;width:680px;height:600px\"\/><\/figure>\n<\/div>\n\n\n\n<div class=\"wp-block-column is-vertically-aligned-center is-layout-constrained wp-block-column-is-layout-constrained\">\n<h3 class=\"wp-block-heading\" style=\"margin-bottom:var(--wp--preset--spacing--h-3-bottom)\"><strong><strong><strong><strong><strong><strong>Effiziente Organisation f\u00fcr einfachen Zugriff<\/strong><\/strong><\/strong><\/strong><\/strong><\/strong><\/h3>\n\n\n\n<p>Der stabile Rahmen des Racks kann mehrere Hantelscheiben aufnehmen und ist somit eine effiziente Aufbewahrungsl\u00f6sung. Wenn Sie Ihre Platten ordentlich gestapelt und sortiert aufbewahren, ist es f\u00fcr die Benutzer einfacher, die ben\u00f6tigten Gewichte zu finden und auszuw\u00e4hlen, was ihre Trainingserfahrung optimiert.<\/p>\n\n\n\n<h3 class=\"wp-block-heading\" style=\"margin-bottom:var(--wp--preset--spacing--h-3-bottom)\"><strong><strong><strong><strong><strong><strong>Schutzelemente f\u00fcr Sicherheit und Stabilit\u00e4t<\/strong><\/strong><\/strong><\/strong><\/strong><\/strong><\/h3>\n\n\n\n<p>Das Evolve Horizontal Bumper Plate Rack ist mit sch\u00fctzenden PVC-F\u00fc\u00dfen versehen, die f\u00fcr einen sicheren Stand sorgen und die Stabilit\u00e4t w\u00e4hrend des Gebrauchs gew\u00e4hrleisten. Diese Funktion sch\u00fctzt Ihre B\u00f6den vor Kratzern und Besch\u00e4digungen und sorgt daf\u00fcr, dass Ihr Fitnessraum in einem tadellosen Zustand bleibt.<\/p>\n<\/div>\n<\/div>\n\n\n\n<div class=\"wp-block-columns alignwide is-layout-flex wp-container-core-columns-is-layout-c45ee707 wp-block-columns-is-layout-flex\" style=\"margin-bottom:var(--wp--preset--spacing--side-padding);padding-top:var(--wp--preset--spacing--side-padding)\">\n<div class=\"wp-block-column is-vertically-aligned-center is-layout-constrained wp-block-column-is-layout-constrained\">\n<h3 class=\"wp-block-heading\" style=\"margin-bottom:var(--wp--preset--spacing--h-3-bottom)\"><strong><strong><strong><strong><strong><strong><strong>Die wichtigsten Vorteile der Wahl des Evolve-Racks<\/strong><\/strong><\/strong><\/strong><\/strong><\/strong><\/strong><\/h3>\n\n\n\n<ul class=\"wp-block-list\">\n<li><strong>Pulverbeschichteter Rahmen<\/strong>: Bietet Haltbarkeit und Rostbest\u00e4ndigkeit.<\/li>\n\n\n\n<li><strong>Transport-R\u00e4der<\/strong>: Erleichtern den Transport innerhalb Ihres Raumes.<\/li>\n\n\n\n<li><strong>Rutschfester Griff<\/strong>: Sorgt f\u00fcr festen Halt beim Bewegen des Racks.<\/li>\n\n\n\n<li><strong>Sch\u00fctzende PVC-Fu\u00dfbeschichtung<\/strong>: Bewahrt die Integrit\u00e4t des Bodens und erh\u00f6ht die Stabilit\u00e4t.<\/li>\n<\/ul>\n<\/div>\n\n\n\n<div class=\"wp-block-column is-vertically-aligned-center is-layout-flow wp-block-column-is-layout-flow\">\n<figure class=\"wp-block-image size-full is-resized is-style-rounded\"><img decoding=\"async\" src=\"https:\/\/evolve-fitness.eu\/wp-content\/uploads\/2023\/11\/Evolve-Horizontal-Bumper-Plate-Rack-1.0.png\" alt=\"\" class=\"wp-image-5968\" style=\"object-fit:cover;width:680px;height:600px\"\/><\/figure>\n<\/div>\n<\/div>\n\n\n\n<p class=\"has-text-align-center has-medium-2-font-size\" style=\"padding-top:var(--wp--preset--spacing--tb-padding);padding-bottom:var(--wp--preset--spacing--tb-padding)\">T<strong>as Evolve Horizontal Bumper Plate Rack ist eine unverzichtbare Erg\u00e4nzung f\u00fcr jedes Fitnessstudio und bietet eine praktische L\u00f6sung f\u00fcr die Lagerung und den Transport von Hantelscheiben. Seine robuste Konstruktion in Kombination mit praktischen Funktionen macht ihn zu einer Investition, die die Funktionalit\u00e4t und Organisation Ihres Trainingsbereichs verbessert.<\/strong><\/p>\n<\/section>\n","protected":false},"excerpt":{"rendered":"<p>Das Evolve Horizontal Bumper Plate Rack ist eine au\u00dfergew\u00f6hnliche Aufbewahrungsl\u00f6sung f\u00fcr Fitnessstudios, Garagen und Fitnessstudios, um Hantelscheiben geordnet und leicht zug\u00e4nglich zu halten. Dieses langlebige Regal verf\u00fcgt \u00fcber einen pulverbeschichteten Rahmen f\u00fcr Rostbest\u00e4ndigkeit, Transportr\u00e4der und einen rutschfesten Griff f\u00fcr m\u00fchelose Mobilit\u00e4t. Sein effizientes Design mit sch\u00fctzenden PVC-F\u00fc\u00dfen sorgt f\u00fcr Sicherheit, Stabilit\u00e4t und Platzoptimierung und ist damit die ideale Wahl f\u00fcr ein geordnetes und professionelles Trainingsumfeld. Dieses Regal ist nicht nur eine praktische Erg\u00e4nzung f\u00fcr jeden Fitnessraum, sondern verbessert auch die Benutzererfahrung, indem es die Ger\u00e4te \u00fcbersichtlich und leicht zug\u00e4nglich aufbewahrt.<\/p>\n","protected":false},"featured_media":7014,"template":"","meta":{"_acf_changed":false,"inline_featured_image":false},"product_cat":[118,123,155],"product_tag":[],"class_list":{"0":"post-7009","1":"product","2":"type-product","3":"status-publish","4":"has-post-thumbnail","6":"product_cat-hauptseite","7":"product_cat-freie-gewichte","8":"product_cat-regale-und-lagerlosungen","10":"first","11":"instock","12":"shipping-taxable","13":"purchasable","14":"product-type-simple"},"acf":[],"_links":{"self":[{"href":"https:\/\/store.evolve-fitness.eu\/de\/wp-json\/wp\/v2\/product\/7009","targetHints":{"allow":["GET"]}}],"collection":[{"href":"https:\/\/store.evolve-fitness.eu\/de\/wp-json\/wp\/v2\/product"}],"about":[{"href":"https:\/\/store.evolve-fitness.eu\/de\/wp-json\/wp\/v2\/types\/product"}],"wp:featuredmedia":[{"embeddable":true,"href":"https:\/\/store.evolve-fitness.eu\/de\/wp-json\/wp\/v2\/media\/7014"}],"wp:attachment":[{"href":"https:\/\/store.evolve-fitness.eu\/de\/wp-json\/wp\/v2\/media?parent=7009"}],"wp:term":[{"taxonomy":"product_cat","embeddable":true,"href":"https:\/\/store.evolve-fitness.eu\/de\/wp-json\/wp\/v2\/product_cat?post=7009"},{"taxonomy":"product_tag","embeddable":true,"href":"https:\/\/store.evolve-fitness.eu\/de\/wp-json\/wp\/v2\/product_tag?post=7009"}],"curies":[{"name":"wp","href":"https:\/\/api.w.org\/{rel}","templated":true}]}}