{"id":6987,"date":"2024-01-26T08:50:51","date_gmt":"2024-01-26T08:50:51","guid":{"rendered":"https:\/\/store.evolve-fitness.eu\/produktas\/evolve-gym-griffe-rack\/"},"modified":"2025-03-10T11:54:26","modified_gmt":"2025-03-10T11:54:26","slug":"evolve-gym-griffe-rack","status":"publish","type":"product","link":"https:\/\/store.evolve-fitness.eu\/de\/produkt\/evolve-gym-griffe-rack\/","title":{"rendered":"Evolve Gym Griffe Rack"},"content":{"rendered":"\n<section class=\"wp-block-group alignfull black-content has-white-color has-darkgray-background-color has-text-color has-background is-layout-constrained wp-block-group-is-layout-constrained\" style=\"padding-top:var(--wp--preset--spacing--section-bottom);padding-bottom:var(--wp--preset--spacing--section-bottom)\">\n<div class=\"wp-block-columns alignwide mobile-reverse is-layout-flex wp-container-core-columns-is-layout-ca64bf2d wp-block-columns-is-layout-flex\" style=\"margin-bottom:var(--wp--preset--spacing--side-padding)\">\n<div class=\"wp-block-column is-vertically-aligned-center is-layout-flow wp-block-column-is-layout-flow\">\n<h3 class=\"wp-block-heading\" style=\"margin-bottom:var(--wp--preset--spacing--h-3-bottom)\"><strong>Robuste Konstruktion und Langlebigkeit<\/strong><\/h3>\n\n\n\n<p><strong><em>Steigern Sie die Attraktivit\u00e4t Ihres Fitnessstudios<\/em><\/strong><\/p>\n\n\n\n<p style=\"margin-bottom:var(--wp--preset--spacing--tb-section-padding)\">Das Evolve Gym Handles Rack, GH-010, ist ein Markenzeichen f\u00fcr Langlebigkeit und robuste Konstruktion. Das aus hochwertigen Materialien gefertigte Regal verspricht Langlebigkeit und Verschlei\u00dffestigkeit und ist damit die ideale Wahl sowohl f\u00fcr kommerzielle Fitnessstudios als auch f\u00fcr Heimtrainingsr\u00e4ume. Das robuste Design sorgt f\u00fcr eine sichere Aufbewahrung Ihrer Fitnessger\u00e4te, so dass Sie sich keine Sorgen machen m\u00fcssen und eine dauerhafte Investition in Ihr Fitnessprogramm t\u00e4tigen k\u00f6nnen. Dieser strapazierf\u00e4hige Ger\u00e4tetr\u00e4ger ist ein Muss, um die Qualit\u00e4t Ihrer Fitnessger\u00e4te zu erhalten.<\/p>\n<\/div>\n\n\n\n<div class=\"wp-block-column is-vertically-aligned-center is-layout-flow wp-block-column-is-layout-flow\">\n<figure class=\"wp-block-image size-large\"><img decoding=\"async\" src=\"https:\/\/evolve-fitness.eu\/wp-content\/uploads\/2024\/01\/Evolve-Gym-Handles-Rack-C1-1024x683.jpg\" alt=\"EV-RS-GH-010\" class=\"wp-image-10638\"\/><\/figure>\n<\/div>\n<\/div>\n\n\n\n<div class=\"wp-block-columns alignwide is-layout-flex wp-container-core-columns-is-layout-c45ee707 wp-block-columns-is-layout-flex\" style=\"margin-bottom:var(--wp--preset--spacing--side-padding);padding-top:var(--wp--preset--spacing--side-padding)\">\n<div class=\"wp-block-column is-vertically-aligned-center is-layout-flow wp-block-column-is-layout-flow\">\n<figure class=\"wp-block-image size-large\"><img decoding=\"async\" src=\"https:\/\/evolve-fitness.eu\/wp-content\/uploads\/2024\/01\/Evolve-Gym-Handles-Rack-C2-1024x683.jpg\" alt=\"EV-RS-GH-010\" class=\"wp-image-10642\"\/><\/figure>\n<\/div>\n\n\n\n<div class=\"wp-block-column is-vertically-aligned-center is-layout-flow wp-block-column-is-layout-flow\">\n<h3 class=\"wp-block-heading\" style=\"margin-bottom:var(--wp--preset--spacing--h-3-bottom)\"><strong>Platzsparendes und effizientes Design<\/strong><\/h3>\n\n\n\n<p><strong><em>Maximieren Sie Ihren Trainingsbereich<\/em><\/strong><\/p>\n\n\n\n<p>Es bietet reichlich Stauraum, ohne \u00fcberm\u00e4\u00dfig viel Platz einzunehmen. Seine kompakte Grundfl\u00e4che macht es zu einer hervorragenden Erg\u00e4nzung f\u00fcr kleinere Fitnessstudios oder Heimtrainingsr\u00e4ume, in denen der Platz knapp ist. Das intelligente Design dieses Regals spart nicht nur Platz, sondern sorgt auch daf\u00fcr, dass die Griffe in Ihrem Fitnessstudio leicht zug\u00e4nglich sind und nicht durcheinander geraten.<\/p>\n<\/div>\n<\/div>\n\n\n\n<div class=\"wp-block-columns alignwide is-layout-flex wp-container-core-columns-is-layout-c45ee707 wp-block-columns-is-layout-flex\" style=\"margin-bottom:var(--wp--preset--spacing--side-padding);padding-top:var(--wp--preset--spacing--side-padding)\">\n<div class=\"wp-block-column is-vertically-aligned-center is-layout-flow wp-block-column-is-layout-flow\">\n<h3 class=\"wp-block-heading\" style=\"margin-bottom:var(--wp--preset--spacing--h-3-bottom)\"><strong>Benutzerfreundlichkeit und Zug\u00e4nglichkeit<\/strong><\/h3>\n\n\n\n<p><strong><em>Aufrechterhaltung des Trainingsflusses w\u00e4hrend hochintensiver Workouts oder gesch\u00e4ftiger Stunden im Fitnessstudio<\/em><\/strong><\/p>\n\n\n\n<p style=\"margin-bottom:var(--wp--preset--spacing--tb-section-padding)\">Das benutzerfreundliche Design des Evolve Gym Handles Rack sorgt daf\u00fcr, dass Sie m\u00fchelos und bequem auf Ihre Fitnessger\u00e4te zugreifen k\u00f6nnen. Dank des benutzerfreundlichen Layouts k\u00f6nnen Fitnessstudio-Enthusiasten jeden Niveaus die Griffe schnell finden und austauschen und so ihre Trainingsroutine rationalisieren. Sein durchdachtes Design und seine Benutzerfreundlichkeit machen ihn zu einem perfekten Ger\u00e4t f\u00fcr alle, die Wert auf ein effizientes Trainingsprogramm legen.<\/p>\n<\/div>\n\n\n\n<div class=\"wp-block-column is-vertically-aligned-center is-layout-flow wp-block-column-is-layout-flow\">\n<figure class=\"wp-block-image size-full\"><img decoding=\"async\" src=\"https:\/\/evolve-fitness.eu\/wp-content\/uploads\/2024\/01\/Evolve-Gym-Handles-Rack-C3.jpg\" alt=\"EV-RS-GH-010\" class=\"wp-image-10644\"\/><\/figure>\n<\/div>\n<\/div>\n\n\n\n<div class=\"wp-block-columns alignwide is-layout-flex wp-container-core-columns-is-layout-c45ee707 wp-block-columns-is-layout-flex\" style=\"margin-bottom:var(--wp--preset--spacing--side-padding);padding-top:var(--wp--preset--spacing--side-padding)\">\n<div class=\"wp-block-column is-vertically-aligned-center is-layout-flow wp-block-column-is-layout-flow\">\n<figure class=\"wp-block-image size-large\"><img decoding=\"async\" src=\"https:\/\/evolve-fitness.eu\/wp-content\/uploads\/2024\/01\/Evolve-Gym-Handles-Rack-C4-683x1024.jpg\" alt=\"EV-RS-GH-010\" class=\"wp-image-10646\"\/><\/figure>\n<\/div>\n\n\n\n<div class=\"wp-block-column is-vertically-aligned-center is-layout-flow wp-block-column-is-layout-flow\">\n<h3 class=\"wp-block-heading\" style=\"margin-bottom:var(--wp--preset--spacing--h-3-bottom)\"><strong><strong><strong><strong>\u00c4sthetische Anziehungskraft<\/strong><\/strong><\/strong><\/strong><\/h3>\n\n\n\n<p><strong><em>Die perfekte Mischung aus Stil und Zweckm\u00e4\u00dfigkeit<\/em><\/strong><\/p>\n\n\n\n<p>Das Evolve Gym Handles Rack ist nicht nur funktional, sondern besticht auch durch sein schlankes und modernes Design, das die \u00c4sthetik jeder Fitnessumgebung aufwertet. Sein modernes Aussehen, kombiniert mit einer sauberen und professionellen Verarbeitung, erg\u00e4nzt die Einrichtung jedes modernen Fitnessstudios oder Heimtrainingsraums. Dieses Regal ist nicht nur eine Aufbewahrungsl\u00f6sung, sondern auch ein stilistisches Statement, das das Gesamtambiente Ihres Fitnessbereichs aufwertet.<\/p>\n<\/div>\n<\/div>\n\n\n\n<div class=\"wp-block-columns alignwide is-layout-flex wp-container-core-columns-is-layout-c45ee707 wp-block-columns-is-layout-flex\" style=\"margin-bottom:var(--wp--preset--spacing--side-padding);padding-top:var(--wp--preset--spacing--side-padding)\">\n<div class=\"wp-block-column is-vertically-aligned-center is-layout-flow wp-block-column-is-layout-flow\">\n<h3 class=\"wp-block-heading\" style=\"margin-bottom:var(--wp--preset--spacing--h-3-bottom)\"><strong>Sicherheit und Stabilit\u00e4t<\/strong><\/h3>\n\n\n\n<p><strong><em>Beitrag zu einem sichereren Trainingsumfeld<\/em><\/strong><\/p>\n\n\n\n<p style=\"margin-bottom:var(--wp--preset--spacing--tb-section-padding)\">Sicherheit ist in jedem Fitnessbereich von gr\u00f6\u00dfter Bedeutung, und das Evolve Gym Handles Rack wurde unter diesem Gesichtspunkt entwickelt. Sein stabiler Sockel und seine sichere Konstruktion bieten eine zuverl\u00e4ssige Aufbewahrungsl\u00f6sung und minimieren das Risiko von Unf\u00e4llen oder Ger\u00e4tesch\u00e4den. Das Design des Regals sorgt daf\u00fcr, dass die Griffe sicher aufbewahrt und leicht zug\u00e4nglich sind.<\/p>\n<\/div>\n\n\n\n<div class=\"wp-block-column is-vertically-aligned-center is-layout-flow wp-block-column-is-layout-flow\">\n<figure class=\"wp-block-image size-large\"><img decoding=\"async\" src=\"https:\/\/evolve-fitness.eu\/wp-content\/uploads\/2024\/01\/Evolve-Gym-Handles-Rack-C5-683x1024.jpg\" alt=\"EV-RS-GH-010\" class=\"wp-image-10648\"\/><\/figure>\n<\/div>\n<\/div>\n<\/section>\n","protected":false},"excerpt":{"rendered":"<p>Entdecken Sie die ultimative L\u00f6sung f\u00fcr Organisation und Effizienz im Fitnessstudio mit dem Evolve Gym Handles Rack, GH-010. Dieser Ger\u00e4tetr\u00e4ger wurde speziell f\u00fcr die Bed\u00fcrfnisse von Fitnessbegeisterten und Fitnessstudiobesitzern entwickelt. Das Evolve Gym Handles Rack wurde f\u00fcr Langlebigkeit und Benutzerfreundlichkeit entwickelt und sorgt f\u00fcr eine aufger\u00e4umte Umgebung, indem es verschiedene Griffe an einem praktischen Ort aufbewahrt. Sein robustes Design und seine schlichte \u00c4sthetik machen ihn zu einer perfekten Erg\u00e4nzung f\u00fcr jede moderne Fitnessstudioumgebung. Erweitern Sie Ihren Trainingsbereich mit dieser unverzichtbaren Aufbewahrungsl\u00f6sung und erleben Sie die nahtlose Integration von Funktionalit\u00e4t und Stil.<\/p>\n","protected":false},"featured_media":6988,"template":"","meta":{"_acf_changed":false,"inline_featured_image":false},"product_cat":[118,123,155],"product_tag":[],"class_list":{"0":"post-6987","1":"product","2":"type-product","3":"status-publish","4":"has-post-thumbnail","6":"product_cat-hauptseite","7":"product_cat-freie-gewichte","8":"product_cat-regale-und-lagerlosungen","10":"first","11":"instock","12":"shipping-taxable","13":"purchasable","14":"product-type-simple"},"acf":[],"_links":{"self":[{"href":"https:\/\/store.evolve-fitness.eu\/de\/wp-json\/wp\/v2\/product\/6987","targetHints":{"allow":["GET"]}}],"collection":[{"href":"https:\/\/store.evolve-fitness.eu\/de\/wp-json\/wp\/v2\/product"}],"about":[{"href":"https:\/\/store.evolve-fitness.eu\/de\/wp-json\/wp\/v2\/types\/product"}],"wp:featuredmedia":[{"embeddable":true,"href":"https:\/\/store.evolve-fitness.eu\/de\/wp-json\/wp\/v2\/media\/6988"}],"wp:attachment":[{"href":"https:\/\/store.evolve-fitness.eu\/de\/wp-json\/wp\/v2\/media?parent=6987"}],"wp:term":[{"taxonomy":"product_cat","embeddable":true,"href":"https:\/\/store.evolve-fitness.eu\/de\/wp-json\/wp\/v2\/product_cat?post=6987"},{"taxonomy":"product_tag","embeddable":true,"href":"https:\/\/store.evolve-fitness.eu\/de\/wp-json\/wp\/v2\/product_tag?post=6987"}],"curies":[{"name":"wp","href":"https:\/\/api.w.org\/{rel}","templated":true}]}}