{"id":6986,"date":"2024-01-25T14:27:31","date_gmt":"2024-01-25T14:27:31","guid":{"rendered":"https:\/\/store.evolve-fitness.eu\/produktas\/evolve-pro-funktionsguertel\/"},"modified":"2026-04-03T12:00:41","modified_gmt":"2026-04-03T12:00:41","slug":"evolve-pro-funktionsguertel","status":"publish","type":"product","link":"https:\/\/store.evolve-fitness.eu\/de\/produkt\/evolve-pro-funktionsguertel\/","title":{"rendered":"Evolve Pro Funktionsg\u00fcrtel"},"content":{"rendered":"\n<section class=\"wp-block-group alignfull black-content has-white-color has-darkgray-background-color has-text-color has-background is-layout-constrained wp-block-group-is-layout-constrained\" style=\"padding-top:var(--wp--preset--spacing--section-bottom);padding-bottom:var(--wp--preset--spacing--section-bottom)\">\n<div class=\"wp-block-columns alignwide mobile-reverse is-layout-flex wp-container-core-columns-is-layout-ca64bf2d wp-block-columns-is-layout-flex\" style=\"margin-bottom:var(--wp--preset--spacing--side-padding)\">\n<div class=\"wp-block-column is-vertically-aligned-center is-layout-flow wp-block-column-is-layout-flow\">\n<h3 class=\"wp-block-heading\" style=\"margin-bottom:var(--wp--preset--spacing--h-3-bottom)\">besondere Eigenschaften aufweisen<\/h3>\n\n\n\n<p><strong><em>die die Funktionalit\u00e4t der Ger\u00e4te beim Fitnesstraining verbessern<\/em><\/strong><\/p>\n\n\n\n<p style=\"margin-bottom:var(--wp--preset--spacing--tb-section-padding)\">Dazu geh\u00f6ren strapazierf\u00e4hige Materialien f\u00fcr eine lange Lebensdauer, verstellbare Gr\u00f6\u00dfen f\u00fcr eine bequeme Passform und ergonomische Designs, die eine Vielzahl von Bewegungen unterst\u00fctzen. Funktionsg\u00fcrtel sind f\u00fcr \u00dcbungen mit dem eigenen K\u00f6rpergewicht konzipiert. Diese Gurte werden verwendet, um bei verschiedenen \u00dcbungen wie Klimmz\u00fcgen, Dips und Muscle-Ups zus\u00e4tzlichen Widerstand oder Unterst\u00fctzung zu bieten. Sie helfen bei der Verbesserung von Kraft und Ausdauer, indem sie zus\u00e4tzlichen Gewichtswiderstand bieten und so die Intensit\u00e4t des Trainings erh\u00f6hen. Diese G\u00fcrtel sind ideal f\u00fcr alle, die ihre Trainingsroutine mit dem eigenen K\u00f6rpergewicht verbessern wollen.<\/p>\n<\/div>\n\n\n\n<div class=\"wp-block-column is-vertically-aligned-center is-layout-flow wp-block-column-is-layout-flow\">\n<figure class=\"wp-block-image size-large\"><img decoding=\"async\" src=\"https:\/\/evolve-fitness.eu\/wp-content\/uploads\/2023\/12\/A7_08160-2-683x1024.jpg\" alt=\"\" class=\"wp-image-9141\"\/><\/figure>\n<\/div>\n<\/div>\n\n\n\n<div class=\"wp-block-columns alignwide is-layout-flex wp-container-core-columns-is-layout-c45ee707 wp-block-columns-is-layout-flex\" style=\"margin-bottom:var(--wp--preset--spacing--side-padding);padding-top:var(--wp--preset--spacing--side-padding)\">\n<div class=\"wp-block-column is-vertically-aligned-center is-layout-flow wp-block-column-is-layout-flow\">\n<figure class=\"wp-block-image size-large\"><img decoding=\"async\" src=\"https:\/\/evolve-fitness.eu\/wp-content\/uploads\/2023\/11\/A7_08076-1024x683.jpg\" alt=\"\" class=\"wp-image-9123\"\/><\/figure>\n<\/div>\n\n\n\n<div class=\"wp-block-column is-vertically-aligned-center is-layout-flow wp-block-column-is-layout-flow\">\n<h3 class=\"wp-block-heading\" style=\"margin-bottom:var(--wp--preset--spacing--h-3-bottom)\"><strong><strong><strong>Entwickelt, um mit Evolve-Rigs kompatibel zu sein<\/strong><\/strong><\/strong><\/h3>\n\n\n\n<p><strong><em>Erm\u00f6glicht eine breite Palette von \u00dcbungen f\u00fcr Gruppentrainings oder Einzelsitzungen<\/em><\/strong><\/p>\n\n\n\n<p style=\"margin-bottom:var(--wp--preset--spacing--tb-section-padding)\">Long Attachment ist eine ideale Erg\u00e4nzung f\u00fcr Functional Training und CrossFit. Dieser benutzerfreundliche Aufsatz erh\u00f6ht die Vielseitigkeit Ihres Rigs und erm\u00f6glicht die Aufnahme von verschiedenem Zubeh\u00f6r. Es ist ein unverzichtbares Hilfsmittel, um Ihre Fitnessroutine zu verbessern und neue Dimensionen des Trainings zu er\u00f6ffnen.<\/p>\n<\/div>\n<\/div>\n\n\n\n<div class=\"wp-block-columns alignwide is-layout-flex wp-container-core-columns-is-layout-c45ee707 wp-block-columns-is-layout-flex\" style=\"margin-bottom:var(--wp--preset--spacing--side-padding);padding-top:var(--wp--preset--spacing--side-padding)\">\n<div class=\"wp-block-column is-vertically-aligned-center is-layout-flow wp-block-column-is-layout-flow\">\n<h3 class=\"wp-block-heading\" style=\"margin-bottom:var(--wp--preset--spacing--h-3-bottom)\">mit Blick auf die Haltbarkeit entwickelt<\/h3>\n\n\n\n<p><strong><em>Hochwertige Materialien, die auch harten Trainingseinheiten standhalten<\/em><\/strong><\/p>\n\n\n\n<p style=\"margin-bottom:var(--wp--preset--spacing--tb-section-padding)\">Ihre Konstruktion ist darauf ausgerichtet, den Belastungen einer h\u00e4ufigen und intensiven Nutzung standzuhalten, was sie zu einer zuverl\u00e4ssigen Wahl sowohl f\u00fcr Profisportler als auch f\u00fcr Fitnessbegeisterte macht.<\/p>\n<\/div>\n\n\n\n<div class=\"wp-block-column is-vertically-aligned-center is-layout-flow wp-block-column-is-layout-flow\">\n<figure class=\"wp-block-image size-large\"><img decoding=\"async\" src=\"https:\/\/evolve-fitness.eu\/wp-content\/uploads\/2023\/12\/A7_08161-1024x683.jpg\" alt=\"\" class=\"wp-image-9144\"\/><\/figure>\n<\/div>\n<\/div>\n<\/section>\n\n<section class=\"wp-block-group alignfull has-lightgray-background-color has-background is-layout-constrained wp-block-group-is-layout-constrained\">\n<div class=\"wp-block-columns alignwide is-layout-flex wp-container-core-columns-is-layout-2edb0647 wp-block-columns-is-layout-flex\" style=\"margin-top:0;margin-bottom:0\">\n<div class=\"wp-block-column is-layout-flow wp-block-column-is-layout-flow\" style=\"flex-basis:33.33%\"><\/div>\n\n\n\n<div class=\"wp-block-column is-layout-flow wp-block-column-is-layout-flow\" style=\"flex-basis:66.66%\"><\/div>\n<\/div>\n<\/section>\n","protected":false},"excerpt":{"rendered":"<p>Trainieren Sie \u00fcberall und jederzeit mit den stylischen und vielseitigen Evolve-Funktionsgurten. Das strapazierf\u00e4hige Gewebe mit den rutschfesten, elastischen, gummibeschichteten Griffen und den verstellbaren Schlaufen f\u00fcr die Beine sorgt f\u00fcr Langlebigkeit und Komfort beim Training. Mit speziellen Befestigungen k\u00f6nnen diese Gurte an einem Balken, einer Wandhalterung oder einer T\u00fcr aufgeh\u00e4ngt werden. Das praktische, tragbare Design umfasst eine Tasche, in der das gesamte Set Platz findet. Der Evolve TRX-Trainer ist eine vielseitige Option f\u00fcr den Einsatz zu Hause und im Fitnessstudio. Sein einfaches, aber elegantes Design erm\u00f6glicht ein Ganzk\u00f6rpertraining f\u00fcr die Muskeln. Evolve TRX-B\u00e4nder sind aus hochwertigen Materialien gefertigt, leicht zu pflegen und zu reinigen und bieten selbst in professionellen Sportvereinen zuverl\u00e4ssige Leistung.<\/p>\n","protected":false},"featured_media":6990,"template":"","meta":{"_acf_changed":false,"inline_featured_image":false},"product_cat":[2407,121,122],"product_tag":[],"class_list":{"0":"post-6986","1":"product","2":"type-product","3":"status-publish","4":"has-post-thumbnail","6":"product_cat-hyrox-getriebe","7":"product_cat-ubergreifend-funktional","8":"product_cat-funktionelle-ausstattung","10":"first","11":"instock","12":"shipping-taxable","13":"purchasable","14":"product-type-simple"},"acf":[],"_links":{"self":[{"href":"https:\/\/store.evolve-fitness.eu\/de\/wp-json\/wp\/v2\/product\/6986","targetHints":{"allow":["GET"]}}],"collection":[{"href":"https:\/\/store.evolve-fitness.eu\/de\/wp-json\/wp\/v2\/product"}],"about":[{"href":"https:\/\/store.evolve-fitness.eu\/de\/wp-json\/wp\/v2\/types\/product"}],"wp:featuredmedia":[{"embeddable":true,"href":"https:\/\/store.evolve-fitness.eu\/de\/wp-json\/wp\/v2\/media\/6990"}],"wp:attachment":[{"href":"https:\/\/store.evolve-fitness.eu\/de\/wp-json\/wp\/v2\/media?parent=6986"}],"wp:term":[{"taxonomy":"product_cat","embeddable":true,"href":"https:\/\/store.evolve-fitness.eu\/de\/wp-json\/wp\/v2\/product_cat?post=6986"},{"taxonomy":"product_tag","embeddable":true,"href":"https:\/\/store.evolve-fitness.eu\/de\/wp-json\/wp\/v2\/product_tag?post=6986"}],"curies":[{"name":"wp","href":"https:\/\/api.w.org\/{rel}","templated":true}]}}