{"id":6963,"date":"2024-01-25T14:03:51","date_gmt":"2024-01-25T14:03:51","guid":{"rendered":"https:\/\/store.evolve-fitness.eu\/produktas\/evolve-olympische-stangenhalsbaender\/"},"modified":"2024-07-16T11:22:23","modified_gmt":"2024-07-16T11:22:23","slug":"evolve-olympische-stangenhalsbaender","status":"publish","type":"product","link":"https:\/\/store.evolve-fitness.eu\/de\/produkt\/evolve-olympische-stangenhalsbaender\/","title":{"rendered":"Evolve Olympische Stangenhalsb\u00e4nder"},"content":{"rendered":"\n<section class=\"wp-block-group alignfull black-content has-white-color has-darkgray-background-color has-text-color has-background is-layout-constrained wp-block-group-is-layout-constrained\" style=\"padding-top:var(--wp--preset--spacing--section-bottom);padding-bottom:var(--wp--preset--spacing--section-bottom)\">\n<div class=\"wp-block-columns alignwide mobile-reverse is-layout-flex wp-container-core-columns-is-layout-ca64bf2d wp-block-columns-is-layout-flex\" style=\"margin-bottom:var(--wp--preset--spacing--side-padding)\">\n<div class=\"wp-block-column is-vertically-aligned-center is-layout-flow wp-block-column-is-layout-flow\">\n<h3 class=\"wp-block-heading\" style=\"margin-bottom:var(--wp--preset--spacing--h-3-bottom)\"><strong>Montage von Standard-Olympiastangen  <\/strong><\/h3>\n\n\n\n<p><strong><em><strong><em><strong><em><strong>Mit einem Schl\u00fcssellochdurchmesser von 50 mm<\/strong><\/em><\/strong><\/em><\/strong><\/em><\/strong><\/p>\n\n\n\n<p>Die Evolve Olympic Bar Collars sind f\u00fcr sicheres und effizientes Gewichtheben konzipiert. Sie lassen sich mit einer Hand bedienen und bestehen aus einem robusten Nylonrahmen und Elastomerpolstern zum Schutz der Ausr\u00fcstung. Mit einem Gewicht von nur 0,4 kg und passend f\u00fcr Standard-Olympiastangen mit einem Schl\u00fcssellochdurchmesser von 50 mm sind diese Manschetten sowohl f\u00fcr private als auch f\u00fcr kommerzielle Fitnessstudios ideal.<\/p>\n<\/div>\n\n\n\n<div class=\"wp-block-column is-vertically-aligned-center is-layout-flow wp-block-column-is-layout-flow\">\n<figure class=\"wp-block-video\"><video autoplay=\"\" controls=\"\" loop=\"\" muted=\"\" src=\"https:\/\/evolve-fitness.eu\/wp-content\/uploads\/2024\/01\/EV-OC-CC-02.mp4\"><\/video><\/figure>\n<\/div>\n<\/div>\n\n\n\n<div class=\"wp-block-columns alignwide is-layout-flex wp-container-core-columns-is-layout-c45ee707 wp-block-columns-is-layout-flex\" style=\"margin-bottom:var(--wp--preset--spacing--side-padding);padding-top:var(--wp--preset--spacing--side-padding)\">\n<div class=\"wp-block-column is-vertically-aligned-center is-layout-flow wp-block-column-is-layout-flow\">\n<figure class=\"wp-block-video\"><video height=\"1536\" style=\"aspect-ratio: 2048 \/ 1536;\" width=\"2048\" autoplay=\"\" controls=\"\" loop=\"\" muted=\"\" src=\"https:\/\/evolve-fitness.eu\/wp-content\/uploads\/2023\/11\/EV-OC-CC-02-2.mp4\"><\/video><\/figure>\n<\/div>\n\n\n\n<div class=\"wp-block-column is-vertically-aligned-center is-layout-flow wp-block-column-is-layout-flow\">\n<h3 class=\"wp-block-heading\" style=\"margin-bottom:var(--wp--preset--spacing--h-3-bottom)\"><strong><strong>magnetische Verbindungspunkte<\/strong><\/strong><\/h3>\n\n\n\n<p><strong><em>Ein Merkmal, das ihre Funktionalit\u00e4t und einfache Lagerung verbessert<\/em><\/strong><\/p>\n\n\n\n<p>Mit diesen Magneten lassen sich die Halsb\u00e4nder bequem an jeder metallischen Oberfl\u00e4che befestigen, z. B. an einem Gestell oder Rigg, so dass sie immer in Reichweite sind und nicht verlegt werden k\u00f6nnen. Dieser innovative Designaspekt macht die Halsb\u00e4nder besonders benutzerfreundlich und effizient f\u00fcr Gewichtheber und Fitnessstudio-Enthusiasten.<\/p>\n<\/div>\n<\/div>\n<\/section>\n","protected":false},"excerpt":{"rendered":"<p>Das verbesserte Design und die hochwertigen Evolve Lock-Jaw-Klemmen sorgen f\u00fcr eine au\u00dfergew\u00f6hnliche Gewichtsfixierung. Sie sind einfach in der Anwendung und k\u00f6nnen m\u00fchelos mit einer Hand angebracht und entfernt werden. Elastomerpolster und ein Nylonrahmen sch\u00fctzen Ihre Ausr\u00fcstung vor Kratzern und Besch\u00e4digungen. Eine ideale Wahl sowohl f\u00fcr private als auch f\u00fcr kommerzielle Fitnessstudios.<\/p>\n","protected":false},"featured_media":92858,"template":"","meta":{"_acf_changed":false,"inline_featured_image":false},"product_cat":[2407,123,156],"product_tag":[],"class_list":{"0":"post-6963","1":"product","2":"type-product","3":"status-publish","4":"has-post-thumbnail","6":"product_cat-hyrox-getriebe","7":"product_cat-freie-gewichte","8":"product_cat-bars-und-zubehor","10":"first","11":"outofstock","12":"shipping-taxable","13":"purchasable","14":"product-type-simple"},"acf":[],"_links":{"self":[{"href":"https:\/\/store.evolve-fitness.eu\/de\/wp-json\/wp\/v2\/product\/6963","targetHints":{"allow":["GET"]}}],"collection":[{"href":"https:\/\/store.evolve-fitness.eu\/de\/wp-json\/wp\/v2\/product"}],"about":[{"href":"https:\/\/store.evolve-fitness.eu\/de\/wp-json\/wp\/v2\/types\/product"}],"wp:featuredmedia":[{"embeddable":true,"href":"https:\/\/store.evolve-fitness.eu\/de\/wp-json\/wp\/v2\/media\/92858"}],"wp:attachment":[{"href":"https:\/\/store.evolve-fitness.eu\/de\/wp-json\/wp\/v2\/media?parent=6963"}],"wp:term":[{"taxonomy":"product_cat","embeddable":true,"href":"https:\/\/store.evolve-fitness.eu\/de\/wp-json\/wp\/v2\/product_cat?post=6963"},{"taxonomy":"product_tag","embeddable":true,"href":"https:\/\/store.evolve-fitness.eu\/de\/wp-json\/wp\/v2\/product_tag?post=6963"}],"curies":[{"name":"wp","href":"https:\/\/api.w.org\/{rel}","templated":true}]}}