{"id":6919,"date":"2024-01-26T08:26:50","date_gmt":"2024-01-26T08:26:50","guid":{"rendered":"https:\/\/store.evolve-fitness.eu\/produktas\/evolve-abgewinkelte-gesaessbox\/"},"modified":"2025-09-25T17:17:18","modified_gmt":"2025-09-25T17:17:18","slug":"evolve-abgewinkelte-gesaessbox","status":"publish","type":"product","link":"https:\/\/store.evolve-fitness.eu\/de\/produkt\/evolve-abgewinkelte-gesaessbox\/","title":{"rendered":"Evolve abgewinkelte Ges\u00e4\u00dfbox"},"content":{"rendered":"\n<section class=\"wp-block-group alignfull black-content has-white-color has-darkgray-background-color has-text-color has-background is-layout-constrained wp-block-group-is-layout-constrained\" style=\"padding-top:var(--wp--preset--spacing--section-bottom);padding-bottom:var(--wp--preset--spacing--section-bottom)\">\n<div class=\"wp-block-columns alignwide mobile-reverse is-layout-flex wp-container-core-columns-is-layout-ca64bf2d wp-block-columns-is-layout-flex\" style=\"margin-bottom:var(--wp--preset--spacing--side-padding)\">\n<div class=\"wp-block-column is-vertically-aligned-center is-layout-flow wp-block-column-is-layout-flow\">\n<h3 class=\"wp-block-heading\" style=\"margin-bottom:var(--wp--preset--spacing--h-3-bottom)\"><strong>Innovatives gewinkeltes Design<\/strong><\/h3>\n\n\n\n<p><strong><em>Verbessert die Muskelaktivierung und hilft, die richtige Form beizubehalten, wodurch das Verletzungsrisiko verringert wird.<\/em><\/strong><\/p>\n\n\n\n<p style=\"margin-bottom:var(--wp--preset--spacing--tb-section-padding)\">Ver\u00e4ndern Sie Ihr Ges\u00e4\u00dftraining mit der Evolve Angled Glute Box, GB-050. Dieses einzigartige Design wurde entwickelt, um die Beanspruchung der Ges\u00e4\u00dfmuskeln zu optimieren und eine maximale Effektivit\u00e4t bei jedem Training zu gew\u00e4hrleisten. Es eignet sich f\u00fcr eine Vielzahl von \u00dcbungen und erm\u00f6glicht ein gezieltes Training, das zu besseren Ergebnissen f\u00fchrt. Perfekt f\u00fcr den Einsatz im Fitnessstudio und zu Hause, ist diese Ges\u00e4\u00dfbox ein Muss f\u00fcr alle, die ihre untere K\u00f6rperh\u00e4lfte trainieren m\u00f6chten.<\/p>\n<\/div>\n\n\n\n<div class=\"wp-block-column is-vertically-aligned-center is-layout-flow wp-block-column-is-layout-flow\">\n<figure class=\"wp-block-image size-large\"><img decoding=\"async\" src=\"https:\/\/evolve-fitness.eu\/wp-content\/uploads\/2024\/01\/Evolve-Angled-Glute-Box-C1-1024x683.jpg\" alt=\"EV-PF-GB-050\" class=\"wp-image-10669\"\/><\/figure>\n<\/div>\n<\/div>\n\n\n\n<div class=\"wp-block-columns alignwide is-layout-flex wp-container-core-columns-is-layout-c45ee707 wp-block-columns-is-layout-flex\" style=\"margin-bottom:var(--wp--preset--spacing--side-padding);padding-top:var(--wp--preset--spacing--side-padding)\">\n<div class=\"wp-block-column is-vertically-aligned-center is-layout-flow wp-block-column-is-layout-flow\">\n<figure class=\"wp-block-image size-large\"><img decoding=\"async\" src=\"https:\/\/evolve-fitness.eu\/wp-content\/uploads\/2024\/01\/Evolve-Angled-Glute-Box-C2-1024x683.jpg\" alt=\"EV-PF-GB-050\" class=\"wp-image-10671\"\/><\/figure>\n<\/div>\n\n\n\n<div class=\"wp-block-column is-vertically-aligned-center is-layout-flow wp-block-column-is-layout-flow\">\n<h3 class=\"wp-block-heading\" style=\"margin-bottom:var(--wp--preset--spacing--h-3-bottom)\"><strong>Langlebigkeit und Qualit\u00e4t<\/strong><\/h3>\n\n\n\n<p><strong><em>  Gefertigt aus hochwertigen Materialien<\/em><\/strong><\/p>\n\n\n\n<p>Die Evolve Angled Glute Box h\u00e4lt den Strapazen eines intensiven Trainings stand und sorgt f\u00fcr Langlebigkeit und konstante Leistung. Dieses robuste Fitnessger\u00e4t h\u00e4lt starker Beanspruchung stand und eignet sich daher sowohl f\u00fcr kommerzielle Fitnessstudios als auch f\u00fcr private Fitnessstudios zu Hause. Die robuste Konstruktion bietet eine stabile Plattform f\u00fcr alle Arten von Ges\u00e4\u00dfmuskel\u00fcbungen, so dass Ihr Training sicher und effektiv ist.<\/p>\n<\/div>\n<\/div>\n\n\n\n<div class=\"wp-block-columns alignwide is-layout-flex wp-container-core-columns-is-layout-c45ee707 wp-block-columns-is-layout-flex\" style=\"margin-bottom:var(--wp--preset--spacing--side-padding);padding-top:var(--wp--preset--spacing--side-padding)\">\n<div class=\"wp-block-column is-vertically-aligned-center is-layout-flow wp-block-column-is-layout-flow\">\n<h3 class=\"wp-block-heading\" style=\"margin-bottom:var(--wp--preset--spacing--h-3-bottom)\"><strong>Komfort und Sicherheit<\/strong><\/h3>\n\n\n\n<p><strong><em>Auf das Wohlbefinden der Benutzer ausgerichtet<\/em><\/strong><\/p>\n\n\n\n<p style=\"margin-bottom:var(--wp--preset--spacing--tb-section-padding)\">Die bequeme Polsterung reduziert die Belastung Ihrer Beine und H\u00fcften w\u00e4hrend der \u00dcbungen und erm\u00f6glicht so l\u00e4ngere und produktivere Trainingseinheiten. Die rutschfeste Oberfl\u00e4che sorgt f\u00fcr Stabilit\u00e4t und Sicherheit, selbst bei den intensivsten Trainingseinheiten. Diese Glutebox ist perfekt f\u00fcr Benutzer aller Niveaus, von Anf\u00e4ngern bis hin zu fortgeschrittenen Athleten, und bietet ein sicheres und komfortables Trainingserlebnis.<\/p>\n<\/div>\n\n\n\n<div class=\"wp-block-column is-vertically-aligned-center is-layout-flow wp-block-column-is-layout-flow\">\n<figure class=\"wp-block-video\"><video autoplay=\"\" controls=\"\" loop=\"\" muted=\"\" src=\"https:\/\/evolve-fitness.eu\/wp-content\/uploads\/2024\/07\/6.mp4\"><\/video><\/figure>\n<\/div>\n<\/div>\n\n\n\n<div class=\"wp-block-columns alignwide is-layout-flex wp-container-core-columns-is-layout-c45ee707 wp-block-columns-is-layout-flex\" style=\"margin-bottom:var(--wp--preset--spacing--side-padding);padding-top:var(--wp--preset--spacing--side-padding)\">\n<div class=\"wp-block-column is-vertically-aligned-center is-layout-flow wp-block-column-is-layout-flow\">\n<figure class=\"wp-block-video\"><video autoplay=\"\" controls=\"\" loop=\"\" muted=\"\" src=\"https:\/\/evolve-fitness.eu\/wp-content\/uploads\/2024\/07\/2-1.mp4\"><\/video><\/figure>\n<\/div>\n\n\n\n<div class=\"wp-block-column is-vertically-aligned-center is-layout-flow wp-block-column-is-layout-flow\">\n<h3 class=\"wp-block-heading\" style=\"margin-bottom:var(--wp--preset--spacing--h-3-bottom)\"><strong><strong><strong><strong>Vielseitiges Schulungsinstrument<\/strong><\/strong><\/strong><\/strong><\/h3>\n\n\n\n<p><strong><em>Bringen Sie eine neue Dimension in Ihr Trainingsprogramm<\/em><\/strong><\/p>\n\n\n\n<p>Erh\u00f6hen Sie die Vielseitigkeit Ihres Trainings mit der Evolve Angled Glute Box. Durch sein anpassungsf\u00e4higes Design eignet er sich f\u00fcr eine Vielzahl von \u00dcbungen, die nicht nur auf das Ges\u00e4\u00dftraining beschr\u00e4nkt sind. Von H\u00fcftst\u00f6\u00dfen bis hin zu Step-ups und dar\u00fcber hinaus sorgt dieses Ger\u00e4t f\u00fcr Abwechslung in Ihrem Fitnessprogramm und hilft Ihnen, Plateaus zu vermeiden und Fortschritte zu erzielen.<\/p>\n<\/div>\n<\/div>\n\n\n\n<div class=\"wp-block-columns alignwide is-layout-flex wp-container-core-columns-is-layout-c45ee707 wp-block-columns-is-layout-flex\" style=\"margin-bottom:var(--wp--preset--spacing--side-padding);padding-top:var(--wp--preset--spacing--side-padding)\">\n<div class=\"wp-block-column is-vertically-aligned-center is-layout-flow wp-block-column-is-layout-flow\">\n<h3 class=\"wp-block-heading\" style=\"margin-bottom:var(--wp--preset--spacing--h-3-bottom)\"><strong>Platzsparend und leicht zu verstauen<\/strong><\/h3>\n\n\n\n<p><strong><em>Leistungsstarkes Trainingsger\u00e4t, das nicht zu viel Platz wegnimmt<\/em><\/strong><\/p>\n\n\n\n<p style=\"margin-bottom:var(--wp--preset--spacing--tb-section-padding)\">Die Evolve Angled Glute Box ist ideal f\u00fcr platzbewusste Fitness-Enthusiasten und wurde f\u00fcr eine einfache und platzsparende Lagerung entwickelt. Durch seine kompakte Gr\u00f6\u00dfe eignet es sich perfekt f\u00fcr kleinere Trainingsbereiche, einschlie\u00dflich Heimtrainingsr\u00e4ume. Trotz seines platzsparenden Designs geht er keine Kompromisse bei der Funktionalit\u00e4t ein und bietet ein umfassendes Trainingspotenzial.<\/p>\n<\/div>\n\n\n\n<div class=\"wp-block-column is-vertically-aligned-center is-layout-flow wp-block-column-is-layout-flow\">\n<figure class=\"wp-block-image size-large\"><img decoding=\"async\" src=\"https:\/\/evolve-fitness.eu\/wp-content\/uploads\/2024\/01\/Evolve-Angled-Glute-Box-C5-1024x683.jpg\" alt=\"EV-PF-GB-050\" class=\"wp-image-10677\"\/><\/figure>\n<\/div>\n<\/div>\n<\/section>\n","protected":false},"excerpt":{"rendered":"<p>Verbessern Sie Ihr Unterk\u00f6rpertraining mit der innovativen Evolve Angled Glute Box, GB-050. Dieses hochwertige Fitnesszubeh\u00f6r wurde speziell f\u00fcr das Training der Ges\u00e4\u00dfmuskulatur entwickelt und bietet unvergleichliche Unterst\u00fctzung und Effizienz. Sein einzigartiges, abgewinkeltes Design maximiert den Muskeleinsatz und sorgt f\u00fcr eine korrekte K\u00f6rperhaltung. Das macht ihn zu einem echten Gewinn f\u00fcr Sportler und Fitnessbegeisterte, die eine optimale Kraft und Definition des Unterk\u00f6rpers anstreben. Die Evolve Angled Glute Box wurde mit Blick auf Langlebigkeit und Benutzerkomfort entwickelt und ist die perfekte Erg\u00e4nzung f\u00fcr jedes Fitnessstudio oder jeden Heimtrainingsraum. Verbessern Sie Ihr Fitnessprogramm mit diesem hochmodernen Ges\u00e4\u00dftrainingsger\u00e4t und erleben Sie ein neues Ma\u00df an Trainingsintensit\u00e4t und -effektivit\u00e4t.<\/p>\n","protected":false},"featured_media":96485,"template":"","meta":{"_acf_changed":false,"inline_featured_image":false},"product_cat":[2407,121,122],"product_tag":[],"class_list":{"0":"post-6919","1":"product","2":"type-product","3":"status-publish","4":"has-post-thumbnail","6":"product_cat-hyrox-getriebe","7":"product_cat-ubergreifend-funktional","8":"product_cat-funktionelle-ausstattung","10":"first","11":"instock","12":"sale","13":"shipping-taxable","14":"purchasable","15":"product-type-simple"},"acf":[],"_links":{"self":[{"href":"https:\/\/store.evolve-fitness.eu\/de\/wp-json\/wp\/v2\/product\/6919","targetHints":{"allow":["GET"]}}],"collection":[{"href":"https:\/\/store.evolve-fitness.eu\/de\/wp-json\/wp\/v2\/product"}],"about":[{"href":"https:\/\/store.evolve-fitness.eu\/de\/wp-json\/wp\/v2\/types\/product"}],"wp:featuredmedia":[{"embeddable":true,"href":"https:\/\/store.evolve-fitness.eu\/de\/wp-json\/wp\/v2\/media\/96485"}],"wp:attachment":[{"href":"https:\/\/store.evolve-fitness.eu\/de\/wp-json\/wp\/v2\/media?parent=6919"}],"wp:term":[{"taxonomy":"product_cat","embeddable":true,"href":"https:\/\/store.evolve-fitness.eu\/de\/wp-json\/wp\/v2\/product_cat?post=6919"},{"taxonomy":"product_tag","embeddable":true,"href":"https:\/\/store.evolve-fitness.eu\/de\/wp-json\/wp\/v2\/product_tag?post=6919"}],"curies":[{"name":"wp","href":"https:\/\/api.w.org\/{rel}","templated":true}]}}