{"id":6915,"date":"2024-01-26T13:36:49","date_gmt":"2024-01-26T13:36:49","guid":{"rendered":"https:\/\/store.evolve-fitness.eu\/produktas\/evolve-verstellbare-mattenaufhaengung\/"},"modified":"2024-08-06T11:38:09","modified_gmt":"2024-08-06T11:38:09","slug":"evolve-verstellbare-mattenaufhaengung","status":"publish","type":"product","link":"https:\/\/store.evolve-fitness.eu\/de\/produkt\/evolve-verstellbare-mattenaufhaengung\/","title":{"rendered":"Evolve Verstellbare Mattenaufh\u00e4ngung"},"content":{"rendered":"","protected":false},"excerpt":{"rendered":"<p>Optimieren Sie die Organisation Ihres Fitnessstudios mit der verstellbaren Mattenaufh\u00e4ngung von Evolve. Dieser praktische Aufsatz l\u00e4sst sich m\u00fchelos in Ihren Trainingsraum integrieren und bietet eine flexible L\u00f6sung, um Trainingsmatten ordentlich und leicht zug\u00e4nglich aufzubewahren. Die verstellbare Funktion gew\u00e4hrleistet Vielseitigkeit, um verschiedene Mattengr\u00f6\u00dfen unterzubringen, und bietet eine \u00fcbersichtliche und effiziente Aufbewahrungsl\u00f6sung. Verbessern Sie Ihre Fitnessumgebung mit diesem praktischen Accessoire, das f\u00fcr einen aufger\u00e4umten und organisierten Trainingsbereich sorgt. Vereinfachen Sie Ihre Fitnessroutine mit dem Evolve Adjustable Mats Hanger Attachment, einem unverzichtbaren Accessoire f\u00fcr ein rationalisiertes und effektives Fitnessstudio-Management.  <\/p>\n","protected":false},"featured_media":6916,"template":"","meta":{"_acf_changed":false,"inline_featured_image":false},"product_cat":[118,121,145,151],"product_tag":[],"class_list":{"0":"post-6915","1":"product","2":"type-product","3":"status-publish","4":"has-post-thumbnail","6":"product_cat-hauptseite","7":"product_cat-ubergreifend-funktional","8":"product_cat-rigg-komponenten","9":"product_cat-lagerung","11":"first","12":"instock","13":"shipping-taxable","14":"purchasable","15":"product-type-simple"},"acf":[],"_links":{"self":[{"href":"https:\/\/store.evolve-fitness.eu\/de\/wp-json\/wp\/v2\/product\/6915","targetHints":{"allow":["GET"]}}],"collection":[{"href":"https:\/\/store.evolve-fitness.eu\/de\/wp-json\/wp\/v2\/product"}],"about":[{"href":"https:\/\/store.evolve-fitness.eu\/de\/wp-json\/wp\/v2\/types\/product"}],"wp:featuredmedia":[{"embeddable":true,"href":"https:\/\/store.evolve-fitness.eu\/de\/wp-json\/wp\/v2\/media\/6916"}],"wp:attachment":[{"href":"https:\/\/store.evolve-fitness.eu\/de\/wp-json\/wp\/v2\/media?parent=6915"}],"wp:term":[{"taxonomy":"product_cat","embeddable":true,"href":"https:\/\/store.evolve-fitness.eu\/de\/wp-json\/wp\/v2\/product_cat?post=6915"},{"taxonomy":"product_tag","embeddable":true,"href":"https:\/\/store.evolve-fitness.eu\/de\/wp-json\/wp\/v2\/product_tag?post=6915"}],"curies":[{"name":"wp","href":"https:\/\/api.w.org\/{rel}","templated":true}]}}