{"id":6887,"date":"2024-01-29T11:02:31","date_gmt":"2024-01-29T11:02:31","guid":{"rendered":"https:\/\/store.evolve-fitness.eu\/produktas\/evolve-kniebeuge-block\/"},"modified":"2026-03-12T12:00:41","modified_gmt":"2026-03-12T12:00:41","slug":"evolve-kniebeuge-block","status":"publish","type":"product","link":"https:\/\/store.evolve-fitness.eu\/de\/produkt\/evolve-kniebeuge-block\/","title":{"rendered":"Evolve Kniebeuge-Block"},"content":{"rendered":"\n<section class=\"wp-block-group alignfull black-content has-white-color has-darkgray-background-color has-text-color has-background is-layout-constrained wp-block-group-is-layout-constrained\" style=\"padding-top:var(--wp--preset--spacing--section-bottom);padding-bottom:var(--wp--preset--spacing--section-bottom)\">\n<div class=\"wp-block-columns alignwide mobile-reverse is-layout-flex wp-container-core-columns-is-layout-ca64bf2d wp-block-columns-is-layout-flex\" style=\"margin-bottom:var(--wp--preset--spacing--side-padding)\">\n<div class=\"wp-block-column is-vertically-aligned-center is-layout-flow wp-block-column-is-layout-flow\">\n<h3 class=\"wp-block-heading\" style=\"margin-bottom:var(--wp--preset--spacing--h-3-bottom)\"><strong>Evolve Kniebeuge-Block<\/strong><\/h3>\n\n\n\n<p><strong><em>Verbessern Sie Ihr Training f\u00fcr den Tag der Beine<\/em><\/strong><\/p>\n\n\n\n<p style=\"margin-bottom:var(--wp--preset--spacing--tb-section-padding)\">Der Evolve Squat Block ist ein vielseitiges Hilfsmittel, um Ihre Bein\u00fcbungen zu verbessern. Es ist ideal f\u00fcr Kniebeugen, Wadenheben und Ausfallschritte und bietet eine stabile Plattform, um Ihre Form zu verbessern und das Verletzungsrisiko zu verringern. Kniebeugen mit dem Block k\u00f6nnen Ihren Quadrizeps und die Ges\u00e4\u00dfmuskulatur effektiver trainieren, w\u00e4hrend Wadenheben die Unterschenkel f\u00fcr eine bessere Muskeldefinition anspricht. Auf dem Block ausgef\u00fchrte Ausfallschritte k\u00f6nnen das Gleichgewicht und die Kraft verbessern.<\/p>\n<\/div>\n\n\n\n<div class=\"wp-block-column is-vertically-aligned-center is-layout-flow wp-block-column-is-layout-flow\">\n<figure class=\"wp-block-video\"><video autoplay=\"\" controls=\"\" loop=\"\" muted=\"\" src=\"https:\/\/evolve-fitness.eu\/wp-content\/uploads\/2024\/07\/EV-AC-WO-SQB.mp4\"><\/video><\/figure>\n<\/div>\n<\/div>\n<\/section>\n","protected":false},"excerpt":{"rendered":"<p>Verbessern Sie Ihre Beinarbeit mit dem Evolve Squat Block, einer vielseitigen und unverzichtbaren Erg\u00e4nzung f\u00fcr Ihr Fitnessstudio zu Hause. Dieser auf Langlebigkeit und Stabilit\u00e4t ausgelegte Hockerblock bietet eine sichere Plattform f\u00fcr die Ausf\u00fchrung von Kniebeugen und verschiedenen Bein\u00fcbungen. Die verstellbare H\u00f6he erm\u00f6glicht eine individuelle Anpassung an unterschiedliche Fitnesslevel und Trainingsvorlieben. Durch sein kompaktes und robustes Design l\u00e4sst er sich leicht in Ihr Trainingsprogramm integrieren, f\u00f6rdert die richtige Form und maximiert die Effektivit\u00e4t Ihres Beintrainings. Verbessern Sie Ihre Unterk\u00f6rperkraft und erreichen Sie Ihre Fitnessziele mit dem Evolve Squat Block, einem kompakten Kraftpaket f\u00fcr Fitnessbegeisterte zu Hause.<\/p>\n","protected":false},"featured_media":6891,"template":"","meta":{"_acf_changed":false,"inline_featured_image":false},"product_cat":[2407,121,122],"product_tag":[],"class_list":{"0":"post-6887","1":"product","2":"type-product","3":"status-publish","4":"has-post-thumbnail","6":"product_cat-hyrox-getriebe","7":"product_cat-ubergreifend-funktional","8":"product_cat-funktionelle-ausstattung","10":"first","11":"instock","12":"shipping-taxable","13":"purchasable","14":"product-type-simple"},"acf":[],"_links":{"self":[{"href":"https:\/\/store.evolve-fitness.eu\/de\/wp-json\/wp\/v2\/product\/6887","targetHints":{"allow":["GET"]}}],"collection":[{"href":"https:\/\/store.evolve-fitness.eu\/de\/wp-json\/wp\/v2\/product"}],"about":[{"href":"https:\/\/store.evolve-fitness.eu\/de\/wp-json\/wp\/v2\/types\/product"}],"wp:featuredmedia":[{"embeddable":true,"href":"https:\/\/store.evolve-fitness.eu\/de\/wp-json\/wp\/v2\/media\/6891"}],"wp:attachment":[{"href":"https:\/\/store.evolve-fitness.eu\/de\/wp-json\/wp\/v2\/media?parent=6887"}],"wp:term":[{"taxonomy":"product_cat","embeddable":true,"href":"https:\/\/store.evolve-fitness.eu\/de\/wp-json\/wp\/v2\/product_cat?post=6887"},{"taxonomy":"product_tag","embeddable":true,"href":"https:\/\/store.evolve-fitness.eu\/de\/wp-json\/wp\/v2\/product_tag?post=6887"}],"curies":[{"name":"wp","href":"https:\/\/api.w.org\/{rel}","templated":true}]}}