{"id":6873,"date":"2024-01-26T14:48:26","date_gmt":"2024-01-26T14:48:26","guid":{"rendered":"https:\/\/store.evolve-fitness.eu\/produktas\/evolve-haengende-klimmzugkugel-70-100-mm\/"},"modified":"2025-11-07T10:29:59","modified_gmt":"2025-11-07T10:29:59","slug":"evolve-haengende-klimmzugkugel-70-100-mm","status":"publish","type":"product","link":"https:\/\/store.evolve-fitness.eu\/de\/produkt\/evolve-haengende-klimmzugkugel-70-100-mm\/","title":{"rendered":"Evolve H\u00e4ngende Klimmzugkugel 70 &#8211; 100 mm"},"content":{"rendered":"","protected":false},"excerpt":{"rendered":"<p>Verbessern Sie Ihr Klimmzugspiel mit dem Evolve Hanging Pull-Up Sphere Set, das aus 70- und 100-mm-Kugeln besteht, die den Handgriff bei Klimmz\u00fcgen verbessern. Diese Kugeln wurden speziell f\u00fcr Sportarten entwickelt, die einen starken Griff erfordern, wie z. B. Klettern und Gewichtheben. Sie bieten eine einzigartige und effektive M\u00f6glichkeit, die Griffkraft zu trainieren und die Unterarmmuskeln zu beanspruchen. Die Evolve-B\u00e4nder, die mit stabilen Eisenhaken gesichert sind, lassen sich m\u00fchelos an der Stange befestigen. Wenn Sie diese Kugeln in Ihre Klimmzugroutine einbeziehen, verbessern Sie nicht nur die Griffkraft, sondern trainieren auch die Unterarme auf besondere Weise, was zu mehr Kraft und Kontrolle f\u00fchrt. F\u00fcr alle, die eine effiziente Methode zur St\u00e4rkung der Griff- und Unterarmmuskulatur suchen, ist die Evolve Hanging Pull-Up Sphere die ideale Fitnessl\u00f6sung.<\/p>\n","protected":false},"featured_media":97933,"template":"","meta":{"_acf_changed":false,"inline_featured_image":false},"product_cat":[118,121,145,146],"product_tag":[],"class_list":{"0":"post-6873","1":"product","2":"type-product","3":"status-publish","4":"has-post-thumbnail","6":"product_cat-hauptseite","7":"product_cat-ubergreifend-funktional","8":"product_cat-rigg-komponenten","9":"product_cat-zubehor","11":"first","12":"outofstock","13":"shipping-taxable","14":"purchasable","15":"product-type-variable"},"acf":[],"_links":{"self":[{"href":"https:\/\/store.evolve-fitness.eu\/de\/wp-json\/wp\/v2\/product\/6873","targetHints":{"allow":["GET"]}}],"collection":[{"href":"https:\/\/store.evolve-fitness.eu\/de\/wp-json\/wp\/v2\/product"}],"about":[{"href":"https:\/\/store.evolve-fitness.eu\/de\/wp-json\/wp\/v2\/types\/product"}],"wp:featuredmedia":[{"embeddable":true,"href":"https:\/\/store.evolve-fitness.eu\/de\/wp-json\/wp\/v2\/media\/97933"}],"wp:attachment":[{"href":"https:\/\/store.evolve-fitness.eu\/de\/wp-json\/wp\/v2\/media?parent=6873"}],"wp:term":[{"taxonomy":"product_cat","embeddable":true,"href":"https:\/\/store.evolve-fitness.eu\/de\/wp-json\/wp\/v2\/product_cat?post=6873"},{"taxonomy":"product_tag","embeddable":true,"href":"https:\/\/store.evolve-fitness.eu\/de\/wp-json\/wp\/v2\/product_tag?post=6873"}],"curies":[{"name":"wp","href":"https:\/\/api.w.org\/{rel}","templated":true}]}}