{"id":6865,"date":"2024-01-26T14:10:01","date_gmt":"2024-01-26T14:10:01","guid":{"rendered":"https:\/\/store.evolve-fitness.eu\/produktas\/evolve-kettlebell-und-medizinball-halter\/"},"modified":"2024-08-06T13:02:34","modified_gmt":"2024-08-06T13:02:34","slug":"evolve-kettlebell-und-medizinball-halter","status":"publish","type":"product","link":"https:\/\/store.evolve-fitness.eu\/de\/produkt\/evolve-kettlebell-und-medizinball-halter\/","title":{"rendered":"Evolve Kettlebell- und Medizinball-Halter"},"content":{"rendered":"","protected":false},"excerpt":{"rendered":"<p>Organisieren Sie Ihren Fitnessraum effizient mit dem Evolve Kettlebell- und Medizinball-Halter. Diese robuste Aufbewahrungsl\u00f6sung h\u00e4lt Ihren Trainingsbereich frei von Unordnung und Ihre Kettlebells und Medizinb\u00e4lle leicht zug\u00e4nglich. Dieser Halter wurde mit Blick auf Langlebigkeit entwickelt und ist eine elegante Erg\u00e4nzung f\u00fcr Ihr Fitnessstudio. Das platzsparende Design erm\u00f6glicht es Ihnen, Ihre Fitnessumgebung zu optimieren, indem es einen rationalisierten und effektiven Trainingsbereich f\u00f6rdert. Verbessern Sie Ihr Fitnessprogramm mit dem Evolve Kettlebell- und Medizinballhalter, einem unverzichtbaren Zubeh\u00f6r f\u00fcr ein gut organisiertes und funktionelles Fitnessstudio.  <\/p>\n","protected":false},"featured_media":6867,"template":"","meta":{"_acf_changed":false,"inline_featured_image":false},"product_cat":[118,121,145,146],"product_tag":[],"class_list":{"0":"post-6865","1":"product","2":"type-product","3":"status-publish","4":"has-post-thumbnail","6":"product_cat-hauptseite","7":"product_cat-ubergreifend-funktional","8":"product_cat-rigg-komponenten","9":"product_cat-zubehor","11":"first","12":"instock","13":"shipping-taxable","14":"purchasable","15":"product-type-simple"},"acf":[],"_links":{"self":[{"href":"https:\/\/store.evolve-fitness.eu\/de\/wp-json\/wp\/v2\/product\/6865","targetHints":{"allow":["GET"]}}],"collection":[{"href":"https:\/\/store.evolve-fitness.eu\/de\/wp-json\/wp\/v2\/product"}],"about":[{"href":"https:\/\/store.evolve-fitness.eu\/de\/wp-json\/wp\/v2\/types\/product"}],"wp:featuredmedia":[{"embeddable":true,"href":"https:\/\/store.evolve-fitness.eu\/de\/wp-json\/wp\/v2\/media\/6867"}],"wp:attachment":[{"href":"https:\/\/store.evolve-fitness.eu\/de\/wp-json\/wp\/v2\/media?parent=6865"}],"wp:term":[{"taxonomy":"product_cat","embeddable":true,"href":"https:\/\/store.evolve-fitness.eu\/de\/wp-json\/wp\/v2\/product_cat?post=6865"},{"taxonomy":"product_tag","embeddable":true,"href":"https:\/\/store.evolve-fitness.eu\/de\/wp-json\/wp\/v2\/product_tag?post=6865"}],"curies":[{"name":"wp","href":"https:\/\/api.w.org\/{rel}","templated":true}]}}