{"id":6847,"date":"2024-01-29T07:33:44","date_gmt":"2024-01-29T07:33:44","guid":{"rendered":"https:\/\/store.evolve-fitness.eu\/produktas\/evolve-komplettes-power-rack-system-230-270-cm-2\/"},"modified":"2025-03-27T07:14:50","modified_gmt":"2025-03-27T07:14:50","slug":"evolve-komplettes-power-rack-system-230-270-cm-2","status":"publish","type":"product","link":"https:\/\/store.evolve-fitness.eu\/de\/produkt\/evolve-komplettes-power-rack-system-230-270-cm-2\/","title":{"rendered":"Evolve Komplettes Power Rack System 230 &#8211; 270 cm"},"content":{"rendered":"","protected":false},"excerpt":{"rendered":"<p>Entfesseln Sie die Kraft der Fitness mit dem voll ausgestatteten Evolve Power Rack System, das \u00fcber integrierte Ablagefl\u00e4chen f\u00fcr die nahtlose Organisation von Inventar und Zubeh\u00f6r verf\u00fcgt. Diese robuste Krafttrainingsl\u00f6sung ist ideal f\u00fcr den gewerblichen Einsatz und wird mit Pr\u00e4zision aus 3 mm dickem Stahl gefertigt. Verbessern Sie Ihr Fitnessstudio-Erlebnis mit der Effizienz und dem Stil von Evolve.<\/p>\n","protected":false},"featured_media":97302,"template":"","meta":{"_acf_changed":false,"inline_featured_image":false},"product_cat":[118,121,147],"product_tag":[],"class_list":{"0":"post-6847","1":"product","2":"type-product","3":"status-publish","4":"has-post-thumbnail","6":"product_cat-hauptseite","7":"product_cat-ubergreifend-funktional","8":"product_cat-vollstandige-rig-setups","10":"first","11":"outofstock","12":"shipping-taxable","13":"purchasable","14":"product-type-variable"},"acf":[],"_links":{"self":[{"href":"https:\/\/store.evolve-fitness.eu\/de\/wp-json\/wp\/v2\/product\/6847","targetHints":{"allow":["GET"]}}],"collection":[{"href":"https:\/\/store.evolve-fitness.eu\/de\/wp-json\/wp\/v2\/product"}],"about":[{"href":"https:\/\/store.evolve-fitness.eu\/de\/wp-json\/wp\/v2\/types\/product"}],"wp:featuredmedia":[{"embeddable":true,"href":"https:\/\/store.evolve-fitness.eu\/de\/wp-json\/wp\/v2\/media\/97302"}],"wp:attachment":[{"href":"https:\/\/store.evolve-fitness.eu\/de\/wp-json\/wp\/v2\/media?parent=6847"}],"wp:term":[{"taxonomy":"product_cat","embeddable":true,"href":"https:\/\/store.evolve-fitness.eu\/de\/wp-json\/wp\/v2\/product_cat?post=6847"},{"taxonomy":"product_tag","embeddable":true,"href":"https:\/\/store.evolve-fitness.eu\/de\/wp-json\/wp\/v2\/product_tag?post=6847"}],"curies":[{"name":"wp","href":"https:\/\/api.w.org\/{rel}","templated":true}]}}