{"id":6835,"date":"2024-01-26T15:37:35","date_gmt":"2024-01-26T15:37:35","guid":{"rendered":"https:\/\/store.evolve-fitness.eu\/produktas\/evolve-staender-fuer-lagersysteme-120-190-cm\/"},"modified":"2025-11-07T10:31:15","modified_gmt":"2025-11-07T10:31:15","slug":"evolve-staender-fuer-lagersysteme-120-190-cm","status":"publish","type":"product","link":"https:\/\/store.evolve-fitness.eu\/de\/produkt\/evolve-staender-fuer-lagersysteme-120-190-cm\/","title":{"rendered":"Evolve St\u00e4nder f\u00fcr Lagersysteme 120 \/ 190 cm"},"content":{"rendered":"","protected":false},"excerpt":{"rendered":"<p>Optimieren Sie Ihren Stauraum mit Evolve Uprights for Storage Systems in den H\u00f6hen 120 cm und 190 cm. Diese robusten und vielseitigen St\u00fctzen wurden entwickelt, um die Funktionalit\u00e4t Ihres Aufbewahrungssystems zu verbessern und Regale und Zubeh\u00f6r zuverl\u00e4ssig zu unterst\u00fctzen. Die auf Langlebigkeit ausgelegten Evolve Uprights f\u00fcgen sich nahtlos in Ihre Fitnessumgebung ein und erm\u00f6glichen es Ihnen, einen gut organisierten und effizienten Raum f\u00fcr Ihre Fitnessger\u00e4te zu schaffen. Erweitern Sie Ihre Aufbewahrungsl\u00f6sungen mit den Evolve Uprights, die f\u00fcr die Anforderungen eines dynamischen und funktionalen Fitnessraums entwickelt wurden.<\/p>\n","protected":false},"featured_media":6839,"template":"","meta":{"_acf_changed":false,"inline_featured_image":false},"product_cat":[118,121,145,151],"product_tag":[],"class_list":{"0":"post-6835","1":"product","2":"type-product","3":"status-publish","4":"has-post-thumbnail","6":"product_cat-hauptseite","7":"product_cat-ubergreifend-funktional","8":"product_cat-rigg-komponenten","9":"product_cat-lagerung","11":"first","12":"instock","13":"shipping-taxable","14":"purchasable","15":"product-type-variable"},"acf":[],"_links":{"self":[{"href":"https:\/\/store.evolve-fitness.eu\/de\/wp-json\/wp\/v2\/product\/6835","targetHints":{"allow":["GET"]}}],"collection":[{"href":"https:\/\/store.evolve-fitness.eu\/de\/wp-json\/wp\/v2\/product"}],"about":[{"href":"https:\/\/store.evolve-fitness.eu\/de\/wp-json\/wp\/v2\/types\/product"}],"wp:featuredmedia":[{"embeddable":true,"href":"https:\/\/store.evolve-fitness.eu\/de\/wp-json\/wp\/v2\/media\/6839"}],"wp:attachment":[{"href":"https:\/\/store.evolve-fitness.eu\/de\/wp-json\/wp\/v2\/media?parent=6835"}],"wp:term":[{"taxonomy":"product_cat","embeddable":true,"href":"https:\/\/store.evolve-fitness.eu\/de\/wp-json\/wp\/v2\/product_cat?post=6835"},{"taxonomy":"product_tag","embeddable":true,"href":"https:\/\/store.evolve-fitness.eu\/de\/wp-json\/wp\/v2\/product_tag?post=6835"}],"curies":[{"name":"wp","href":"https:\/\/api.w.org\/{rel}","templated":true}]}}