{"id":6825,"date":"2024-01-26T14:24:13","date_gmt":"2024-01-26T14:24:13","guid":{"rendered":"https:\/\/store.evolve-fitness.eu\/produktas\/evolve-double-wall-ball-target\/"},"modified":"2024-08-06T12:59:10","modified_gmt":"2024-08-06T12:59:10","slug":"evolve-double-wall-ball-target","status":"publish","type":"product","link":"https:\/\/store.evolve-fitness.eu\/de\/produkt\/evolve-double-wall-ball-target\/","title":{"rendered":"Evolve Double Wall Ball Target"},"content":{"rendered":"","protected":false},"excerpt":{"rendered":"<p>Verbessern Sie Ihr Krafttraining mit dem Evolve WB3 Double Target, das speziell f\u00fcr intensive Medizinball-Workouts entwickelt wurde. Dieses vielseitige Ger\u00e4t erg\u00e4nzt Ihr Trainingsprogramm um ein dynamisches Element und bietet eine anspruchsvolle Plattform f\u00fcr gezieltes Krafttraining. Die doppelten Zielscheiben verbessern die Pr\u00e4zision der Balltreffer und machen das Ger\u00e4t ideal f\u00fcr Einzel- und Gruppentrainings. Das Evolve WB3 wurde f\u00fcr Langlebigkeit und Leistung entwickelt und ist ein zuverl\u00e4ssiges und effektives Werkzeug f\u00fcr kraftvolle \u00dcbungen. Steigern Sie Ihre Fitness mit diesem fortschrittlichen Doppelzielger\u00e4t, und erleben Sie die Vorteile eines konzentrierten und effektiven Krafttrainings wie nie zuvor.  <\/p>\n","protected":false},"featured_media":6831,"template":"","meta":{"_acf_changed":false,"inline_featured_image":false},"product_cat":[121,145,146],"product_tag":[],"class_list":{"0":"post-6825","1":"product","2":"type-product","3":"status-publish","4":"has-post-thumbnail","6":"product_cat-ubergreifend-funktional","7":"product_cat-rigg-komponenten","8":"product_cat-zubehor","10":"first","11":"instock","12":"shipping-taxable","13":"purchasable","14":"product-type-simple"},"acf":[],"_links":{"self":[{"href":"https:\/\/store.evolve-fitness.eu\/de\/wp-json\/wp\/v2\/product\/6825","targetHints":{"allow":["GET"]}}],"collection":[{"href":"https:\/\/store.evolve-fitness.eu\/de\/wp-json\/wp\/v2\/product"}],"about":[{"href":"https:\/\/store.evolve-fitness.eu\/de\/wp-json\/wp\/v2\/types\/product"}],"wp:featuredmedia":[{"embeddable":true,"href":"https:\/\/store.evolve-fitness.eu\/de\/wp-json\/wp\/v2\/media\/6831"}],"wp:attachment":[{"href":"https:\/\/store.evolve-fitness.eu\/de\/wp-json\/wp\/v2\/media?parent=6825"}],"wp:term":[{"taxonomy":"product_cat","embeddable":true,"href":"https:\/\/store.evolve-fitness.eu\/de\/wp-json\/wp\/v2\/product_cat?post=6825"},{"taxonomy":"product_tag","embeddable":true,"href":"https:\/\/store.evolve-fitness.eu\/de\/wp-json\/wp\/v2\/product_tag?post=6825"}],"curies":[{"name":"wp","href":"https:\/\/api.w.org\/{rel}","templated":true}]}}