{"id":6793,"date":"2024-01-26T14:10:01","date_gmt":"2024-01-26T14:10:01","guid":{"rendered":"https:\/\/store.evolve-fitness.eu\/produktas\/evolve-logo-platte-aus-edelstahl\/"},"modified":"2024-01-26T14:10:01","modified_gmt":"2024-01-26T14:10:01","slug":"evolve-logo-platte-aus-edelstahl","status":"publish","type":"product","link":"https:\/\/store.evolve-fitness.eu\/de\/produkt\/evolve-logo-platte-aus-edelstahl\/","title":{"rendered":"Evolve Logo-Platte aus Edelstahl"},"content":{"rendered":"","protected":false},"excerpt":{"rendered":"<p>Erh\u00f6hen Sie die \u00c4sthetik Ihres Fitnessraums mit der Evolve-Edelstahl-Logoplatte, die nahtlos am Ger\u00e4t angebracht ist. Diese f\u00fcr Langlebigkeit und Stil gefertigte Logoplatte verleiht Ihrer Trainingsumgebung einen Hauch von Raffinesse. Die Konstruktion aus rostfreiem Stahl sorgt f\u00fcr Langlebigkeit und ein schlankes, modernes Aussehen, so dass sie in jedem Fitnessstudio ein Blickfang ist. Zeigen Sie Ihr Engagement f\u00fcr Qualit\u00e4t und Innovation mit der Evolve Logo-Platte aus Edelstahl, die sich nahtlos in Ihr Rigg-Setup einf\u00fcgt.<\/p>\n","protected":false},"featured_media":6803,"template":"","meta":{"_acf_changed":false,"inline_featured_image":false},"product_cat":[118,121,145,146],"product_tag":[],"class_list":{"0":"post-6793","1":"product","2":"type-product","3":"status-publish","4":"has-post-thumbnail","6":"product_cat-hauptseite","7":"product_cat-ubergreifend-funktional","8":"product_cat-rigg-komponenten","9":"product_cat-zubehor","11":"first","12":"instock","13":"shipping-taxable","14":"purchasable","15":"product-type-simple"},"acf":[],"_links":{"self":[{"href":"https:\/\/store.evolve-fitness.eu\/de\/wp-json\/wp\/v2\/product\/6793","targetHints":{"allow":["GET"]}}],"collection":[{"href":"https:\/\/store.evolve-fitness.eu\/de\/wp-json\/wp\/v2\/product"}],"about":[{"href":"https:\/\/store.evolve-fitness.eu\/de\/wp-json\/wp\/v2\/types\/product"}],"wp:featuredmedia":[{"embeddable":true,"href":"https:\/\/store.evolve-fitness.eu\/de\/wp-json\/wp\/v2\/media\/6803"}],"wp:attachment":[{"href":"https:\/\/store.evolve-fitness.eu\/de\/wp-json\/wp\/v2\/media?parent=6793"}],"wp:term":[{"taxonomy":"product_cat","embeddable":true,"href":"https:\/\/store.evolve-fitness.eu\/de\/wp-json\/wp\/v2\/product_cat?post=6793"},{"taxonomy":"product_tag","embeddable":true,"href":"https:\/\/store.evolve-fitness.eu\/de\/wp-json\/wp\/v2\/product_tag?post=6793"}],"curies":[{"name":"wp","href":"https:\/\/api.w.org\/{rel}","templated":true}]}}