{"id":6792,"date":"2024-01-29T09:05:20","date_gmt":"2024-01-29T09:05:20","guid":{"rendered":"https:\/\/store.evolve-fitness.eu\/produktas\/evolve-hebegurt\/"},"modified":"2026-03-25T11:59:30","modified_gmt":"2026-03-25T11:59:30","slug":"evolve-hebegurt","status":"publish","type":"product","link":"https:\/\/store.evolve-fitness.eu\/de\/produkt\/evolve-hebegurt\/","title":{"rendered":"Evolve Hebegurt"},"content":{"rendered":"\n<section class=\"wp-block-group alignfull black-content has-white-color has-darkgray-background-color has-text-color has-background is-layout-constrained wp-block-group-is-layout-constrained\" style=\"padding-top:var(--wp--preset--spacing--section-bottom);padding-bottom:var(--wp--preset--spacing--section-bottom)\">\n<div class=\"wp-block-columns alignwide mobile-reverse is-layout-flex wp-container-core-columns-is-layout-ca64bf2d wp-block-columns-is-layout-flex\" style=\"margin-bottom:var(--wp--preset--spacing--side-padding)\">\n<div class=\"wp-block-column is-vertically-aligned-center is-layout-flow wp-block-column-is-layout-flow\">\n<h3 class=\"wp-block-heading\" style=\"margin-bottom:var(--wp--preset--spacing--h-3-bottom)\"><strong>Evolve Hebegurt<\/strong><\/h3>\n\n\n\n<p><strong><em>Verbesserte Unterst\u00fctzung f\u00fcr Krafttraining<\/em><\/strong><\/p>\n\n\n\n<p style=\"margin-bottom:var(--wp--preset--spacing--tb-section-padding)\">Der Evolve Lifting Belt wurde f\u00fcr Athleten entwickelt, die ihre Leistung beim Krafttraining und beim Heben steigern m\u00f6chten. Es gew\u00e4hrleistet einen passgenauen Sitz f\u00fcr verschiedene K\u00f6rpertypen und erh\u00f6ht die Sicherheit und Effizienz beim Training. Egal, ob Sie schwere Gewichte heben oder intensiv trainieren, der Evolve Lifting Belt ist ein unverzichtbares Zubeh\u00f6r, das Ihnen hilft, Ihre Fitnessziele zu erreichen.<\/p>\n<\/div>\n\n\n\n<div class=\"wp-block-column is-vertically-aligned-center is-layout-flow wp-block-column-is-layout-flow\">\n<figure class=\"wp-block-video\"><video autoplay=\"\" controls=\"\" loop=\"\" muted=\"\" src=\"https:\/\/evolve-fitness.eu\/wp-content\/uploads\/2024\/07\/belt.mp4\"><\/video><\/figure>\n<\/div>\n<\/div>\n\n\n\n<figure class=\"wp-block-image aligncenter size-full\"><img decoding=\"async\" src=\"https:\/\/evolve-fitness.eu\/wp-content\/uploads\/2024\/01\/EV-AC-LB-010-S-1.png\" alt=\"\" class=\"wp-image-150057\"\/><\/figure>\n\n\n\n<figure class=\"wp-block-image aligncenter size-full\"><img decoding=\"async\" src=\"https:\/\/evolve-fitness.eu\/wp-content\/uploads\/2024\/01\/EV-AC-LB-010-M-1.png\" alt=\"\" class=\"wp-image-150082\"\/><\/figure>\n\n\n\n<figure class=\"wp-block-image aligncenter size-full\"><img decoding=\"async\" src=\"https:\/\/evolve-fitness.eu\/wp-content\/uploads\/2024\/01\/EV-AC-LB-010-L-1.png\" alt=\"\" class=\"wp-image-150107\"\/><\/figure>\n<\/section>\n","protected":false},"excerpt":{"rendered":"<p>Der Evolve Lifting Belt wurde f\u00fcr Athleten entwickelt, die w\u00e4hrend ihres Krafttrainings und ihrer Hebesitzungen mehr Unterst\u00fctzung ben\u00f6tigen. Dieses Produkt ist Teil des Evolve-Sortiments an funktionellen Fitnessger\u00e4ten. Erh\u00e4ltlich in den Gr\u00f6\u00dfen: S, M und L.<\/p>\n","protected":false},"featured_media":93725,"template":"","meta":{"_acf_changed":false,"inline_featured_image":false},"product_cat":[121,122,148],"product_tag":[],"class_list":{"0":"post-6792","1":"product","2":"type-product","3":"status-publish","4":"has-post-thumbnail","6":"product_cat-ubergreifend-funktional","7":"product_cat-funktionelle-ausstattung","8":"product_cat-zubehor-de","10":"first","11":"instock","12":"shipping-taxable","13":"purchasable","14":"product-type-variable"},"acf":[],"_links":{"self":[{"href":"https:\/\/store.evolve-fitness.eu\/de\/wp-json\/wp\/v2\/product\/6792","targetHints":{"allow":["GET"]}}],"collection":[{"href":"https:\/\/store.evolve-fitness.eu\/de\/wp-json\/wp\/v2\/product"}],"about":[{"href":"https:\/\/store.evolve-fitness.eu\/de\/wp-json\/wp\/v2\/types\/product"}],"wp:featuredmedia":[{"embeddable":true,"href":"https:\/\/store.evolve-fitness.eu\/de\/wp-json\/wp\/v2\/media\/93725"}],"wp:attachment":[{"href":"https:\/\/store.evolve-fitness.eu\/de\/wp-json\/wp\/v2\/media?parent=6792"}],"wp:term":[{"taxonomy":"product_cat","embeddable":true,"href":"https:\/\/store.evolve-fitness.eu\/de\/wp-json\/wp\/v2\/product_cat?post=6792"},{"taxonomy":"product_tag","embeddable":true,"href":"https:\/\/store.evolve-fitness.eu\/de\/wp-json\/wp\/v2\/product_tag?post=6792"}],"curies":[{"name":"wp","href":"https:\/\/api.w.org\/{rel}","templated":true}]}}