{"id":6788,"date":"2024-01-26T14:28:04","date_gmt":"2024-01-26T14:28:04","guid":{"rendered":"https:\/\/store.evolve-fitness.eu\/produktas\/evolve-belt-squat-attachment\/"},"modified":"2024-08-06T12:58:30","modified_gmt":"2024-08-06T12:58:30","slug":"evolve-belt-squat-attachment","status":"publish","type":"product","link":"https:\/\/store.evolve-fitness.eu\/de\/produkt\/evolve-belt-squat-attachment\/","title":{"rendered":"Evolve Belt Squat Attachment"},"content":{"rendered":"","protected":false},"excerpt":{"rendered":"<p>Verbessern Sie Ihr Trainingsprogramm mit dem Evolve Belt Squat Attachment, das sich nahtlos an jedem Upright anbringen l\u00e4sst. Erleben Sie die Leichtigkeit des automatischen Zusammenklappens der St\u00fctze zu Beginn des Trainings, gefolgt von m\u00fchelosem Zusammenfalten zur bequemen Aufbewahrung nach dem Training. Dieser vielseitige Aufsatz, der mit allen olympischen Hantelscheiben mit einem Lochdurchmesser von 50 mm kompatibel ist, bietet eine platzsparende L\u00f6sung f\u00fcr effizientes Training zu Hause oder im Fitnessstudio. Verbessern Sie Ihre Fitness mit dem Evolve Belt Squat Attachment, das Funktionalit\u00e4t und Zweckm\u00e4\u00dfigkeit f\u00fcr ein dynamisches Workout-Erlebnis kombiniert.  <\/p>\n","protected":false},"featured_media":6797,"template":"","meta":{"_acf_changed":false,"inline_featured_image":false},"product_cat":[118,121,145,146],"product_tag":[],"class_list":{"0":"post-6788","1":"product","2":"type-product","3":"status-publish","4":"has-post-thumbnail","6":"product_cat-hauptseite","7":"product_cat-ubergreifend-funktional","8":"product_cat-rigg-komponenten","9":"product_cat-zubehor","11":"first","12":"instock","13":"shipping-taxable","14":"purchasable","15":"product-type-simple"},"acf":[],"_links":{"self":[{"href":"https:\/\/store.evolve-fitness.eu\/de\/wp-json\/wp\/v2\/product\/6788","targetHints":{"allow":["GET"]}}],"collection":[{"href":"https:\/\/store.evolve-fitness.eu\/de\/wp-json\/wp\/v2\/product"}],"about":[{"href":"https:\/\/store.evolve-fitness.eu\/de\/wp-json\/wp\/v2\/types\/product"}],"wp:featuredmedia":[{"embeddable":true,"href":"https:\/\/store.evolve-fitness.eu\/de\/wp-json\/wp\/v2\/media\/6797"}],"wp:attachment":[{"href":"https:\/\/store.evolve-fitness.eu\/de\/wp-json\/wp\/v2\/media?parent=6788"}],"wp:term":[{"taxonomy":"product_cat","embeddable":true,"href":"https:\/\/store.evolve-fitness.eu\/de\/wp-json\/wp\/v2\/product_cat?post=6788"},{"taxonomy":"product_tag","embeddable":true,"href":"https:\/\/store.evolve-fitness.eu\/de\/wp-json\/wp\/v2\/product_tag?post=6788"}],"curies":[{"name":"wp","href":"https:\/\/api.w.org\/{rel}","templated":true}]}}