{"id":6781,"date":"2024-01-26T15:52:11","date_gmt":"2024-01-26T15:52:11","guid":{"rendered":"https:\/\/store.evolve-fitness.eu\/produktas\/evolve-komplettes-power-rack-system-230-270-cm\/"},"modified":"2025-03-27T07:16:06","modified_gmt":"2025-03-27T07:16:06","slug":"evolve-komplettes-power-rack-system-230-270-cm","status":"publish","type":"product","link":"https:\/\/store.evolve-fitness.eu\/de\/produkt\/evolve-komplettes-power-rack-system-230-270-cm\/","title":{"rendered":"Evolve Komplettes Power Rack System 230 &#8211; 270 cm"},"content":{"rendered":"","protected":false},"excerpt":{"rendered":"<p>Wir stellen das voll ausgestattete Evolve Power Rack System vor, das f\u00fcr den gewerblichen Einsatz konzipiert ist und \u00fcber Ablagefl\u00e4chen f\u00fcr Inventar und Zubeh\u00f6r verf\u00fcgt. Dieses mit Pr\u00e4zision und Langlebigkeit gefertigte Kraftpaket aus 3 mm dickem Stahl bietet eine robuste Grundlage f\u00fcr das Krafttraining. Erweitern Sie Ihren Fitnessraum mit dem Komfort integrierter Aufbewahrungsl\u00f6sungen und erleben Sie eine nahtlose Mischung aus Funktionalit\u00e4t und Stil. Evolve &#8211; wo Innovation auf Leistung in der Welt der kommerziellen Fitnessger\u00e4te trifft.<\/p>\n","protected":false},"featured_media":97277,"template":"","meta":{"_acf_changed":false,"inline_featured_image":false},"product_cat":[118,121,147],"product_tag":[],"class_list":{"0":"post-6781","1":"product","2":"type-product","3":"status-publish","4":"has-post-thumbnail","6":"product_cat-hauptseite","7":"product_cat-ubergreifend-funktional","8":"product_cat-vollstandige-rig-setups","10":"first","11":"outofstock","12":"shipping-taxable","13":"purchasable","14":"product-type-variable"},"acf":[],"_links":{"self":[{"href":"https:\/\/store.evolve-fitness.eu\/de\/wp-json\/wp\/v2\/product\/6781","targetHints":{"allow":["GET"]}}],"collection":[{"href":"https:\/\/store.evolve-fitness.eu\/de\/wp-json\/wp\/v2\/product"}],"about":[{"href":"https:\/\/store.evolve-fitness.eu\/de\/wp-json\/wp\/v2\/types\/product"}],"wp:featuredmedia":[{"embeddable":true,"href":"https:\/\/store.evolve-fitness.eu\/de\/wp-json\/wp\/v2\/media\/97277"}],"wp:attachment":[{"href":"https:\/\/store.evolve-fitness.eu\/de\/wp-json\/wp\/v2\/media?parent=6781"}],"wp:term":[{"taxonomy":"product_cat","embeddable":true,"href":"https:\/\/store.evolve-fitness.eu\/de\/wp-json\/wp\/v2\/product_cat?post=6781"},{"taxonomy":"product_tag","embeddable":true,"href":"https:\/\/store.evolve-fitness.eu\/de\/wp-json\/wp\/v2\/product_tag?post=6781"}],"curies":[{"name":"wp","href":"https:\/\/api.w.org\/{rel}","templated":true}]}}