{"id":6746,"date":"2024-01-29T14:21:19","date_gmt":"2024-01-29T14:21:19","guid":{"rendered":"https:\/\/store.evolve-fitness.eu\/produktas\/evolve-ultra-series-bizepscurl-mit-plattenbelastung\/"},"modified":"2026-03-04T12:00:01","modified_gmt":"2026-03-04T12:00:01","slug":"evolve-ultra-series-bizepscurl-mit-plattenbelastung","status":"publish","type":"product","link":"https:\/\/store.evolve-fitness.eu\/de\/produkt\/evolve-ultra-series-bizepscurl-mit-plattenbelastung\/","title":{"rendered":"Evolve Ultra Series Bizepscurl mit Plattenbelastung"},"content":{"rendered":"\n<section class=\"wp-block-group alignfull black-content has-white-color has-darkgray-background-color has-text-color has-background is-layout-constrained wp-block-group-is-layout-constrained\" style=\"padding-top:var(--wp--preset--spacing--section-bottom);padding-bottom:var(--wp--preset--spacing--section-bottom)\">\n<section class=\"wp-block-group alignfull black-content has-white-color has-darkgray-background-color has-text-color has-background is-layout-constrained wp-block-group-is-layout-constrained\" style=\"padding-top:var(--wp--preset--spacing--section-bottom);padding-bottom:var(--wp--preset--spacing--section-bottom)\">\n<div class=\"wp-block-columns alignwide mobile-reverse is-layout-flex wp-container-core-columns-is-layout-ca64bf2d wp-block-columns-is-layout-flex\" style=\"margin-bottom:var(--wp--preset--spacing--side-padding)\">\n<div class=\"wp-block-column is-vertically-aligned-center is-layout-flow wp-block-column-is-layout-flow\">\n<h3 class=\"wp-block-heading\" style=\"margin-bottom:var(--wp--preset--spacing--h-3-bottom)\"><strong><strong><strong><strong><strong>Dick gepolstert<\/strong><\/strong><\/strong><\/strong><\/strong><\/h3>\n\n\n\n<p><strong><em><strong><strong><strong>H\u00f6chster Komfort und Langlebigkeit<\/strong><\/strong><\/strong><\/em><\/strong><\/p>\n\n\n\n<p style=\"margin-bottom:var(--wp--preset--spacing--tb-section-padding)\">Unsere dicke Polsterung bietet un\u00fcbertroffenen Komfort w\u00e4hrend des Trainings und gew\u00e4hrleistet eine lange Lebensdauer. Diese Funktion macht Ihre Trainingseinheiten zu einem angenehmen Erlebnis.<\/p>\n\n\n\n<h3 class=\"wp-block-heading\" style=\"margin-bottom:var(--wp--preset--spacing--h-3-bottom)\"><strong><strong><strong><strong><strong><strong><strong><strong>Gezielter Einsatz der Muskeln<\/strong><\/strong><\/strong><\/strong><\/strong><\/strong><\/strong><\/strong><\/h3>\n\n\n\n<p><strong><em><strong><strong><strong><strong><strong><strong>Angesprochene Muskelgruppen<\/strong><\/strong><\/strong><\/strong><\/strong><\/strong><\/em><\/strong><\/p>\n\n\n\n<p>Der Evolve Ultra Series Plate Loaded Biceps Curl, UL-180, zielt in erster Linie auf die Muskeln des Biceps brachii ab. Sein spezielles Design sorgt f\u00fcr eine gezielte Beanspruchung des Bizeps, was die gezielte Entwicklung und St\u00e4rkung erleichtert.<\/p>\n<\/div>\n\n\n\n<div class=\"wp-block-column is-vertically-aligned-center is-layout-flow wp-block-column-is-layout-flow\">\n<figure class=\"wp-block-video\"><video height=\"1080\" style=\"aspect-ratio: 1920 \/ 1080;\" width=\"1920\" autoplay=\"\" controls=\"\" loop=\"\" muted=\"\" src=\"https:\/\/evolve-fitness.eu\/wp-content\/uploads\/2024\/03\/EV-PL-UL-180-Evolve-Ultra-Series-Plate-Loaded-Biceps-Curl-1.mp4\"><\/video><\/figure>\n<\/div>\n<\/div>\n\n\n\n<div class=\"wp-block-columns alignwide mobile-reverse is-layout-flex wp-container-core-columns-is-layout-ca64bf2d wp-block-columns-is-layout-flex\" style=\"margin-bottom:var(--wp--preset--spacing--side-padding)\">\n<div class=\"wp-block-column is-vertically-aligned-center is-layout-flow wp-block-column-is-layout-flow\">\n<figure class=\"wp-block-image size-large\"><img decoding=\"async\" src=\"https:\/\/evolve-fitness.eu\/wp-content\/uploads\/2023\/09\/EV-PL-UL-180-1-683x1024.jpg\" alt=\"EV-PL-UL-180\" class=\"wp-image-166663\"\/><\/figure>\n<\/div>\n\n\n\n<div class=\"wp-block-column is-vertically-aligned-center is-layout-flow wp-block-column-is-layout-flow\">\n<h3 class=\"wp-block-heading\" style=\"margin-bottom:var(--wp--preset--spacing--h-3-bottom)\"><strong><strong><strong><strong>Einstellbare Sitzposition<\/strong><\/strong><\/strong><\/strong><\/h3>\n\n\n\n<p><strong><strong><em>Einfache Anpassung in leuchtendem Gelb<\/em><\/strong><\/strong><\/p>\n\n\n\n<p style=\"margin-bottom:var(--wp--preset--spacing--tb-section-padding)\">Unsere Maschinen verf\u00fcgen \u00fcber eine verstellbare Sitzposition mit Einstellkn\u00f6pfen und Griffen in leuchtendem, gut sichtbarem Gelb. Dieses benutzerfreundliche Design erm\u00f6glicht eine m\u00fchelose Anpassung, damit Ihr Training Ihren W\u00fcnschen entspricht.<\/p>\n\n\n\n<h3 class=\"wp-block-heading\" style=\"margin-bottom:var(--wp--preset--spacing--h-3-bottom)\"><strong><strong><strong><strong><strong><strong><strong><strong>Kompromisslose Langlebigkeit<\/strong><\/strong><\/strong><\/strong><\/strong><\/strong><\/strong><\/strong><\/h3>\n\n\n\n<p><strong><em><strong><strong><strong><strong><strong>Bolzen und Muttern aus rostfreiem Stahl<\/strong><\/strong><\/strong><\/strong><\/strong><\/em><\/strong><\/p>\n\n\n\n<p>Die Bizeps-Curl-Maschine ist aus strapazierf\u00e4higen Materialien und pr\u00e4ziser Technik gefertigt und garantiert Langlebigkeit und Zuverl\u00e4ssigkeit. Sie eignet sich sowohl f\u00fcr private als auch f\u00fcr kommerzielle Fitnessstudios. Der robuste Rahmen sorgt f\u00fcr Stabilit\u00e4t und Sicherheit w\u00e4hrend des Trainings, so dass die Benutzer ihre \u00dcbungen selbstbewusst und ohne Bedenken hinsichtlich der Stabilit\u00e4t der Ger\u00e4te durchf\u00fchren k\u00f6nnen.<\/p>\n<\/div>\n<\/div>\n\n\n\n<div class=\"wp-block-columns alignwide mobile-reverse is-layout-flex wp-container-core-columns-is-layout-ca64bf2d wp-block-columns-is-layout-flex\" style=\"margin-bottom:var(--wp--preset--spacing--side-padding)\">\n<div class=\"wp-block-column is-vertically-aligned-center is-layout-flow wp-block-column-is-layout-flow\">\n<h3 class=\"wp-block-heading\" style=\"margin-bottom:var(--wp--preset--spacing--h-3-bottom)\"><strong><strong><strong><strong><strong>Kompakter Fu\u00dfabdruck<\/strong><\/strong><\/strong><\/strong><\/strong><\/h3>\n\n\n\n<p><strong><em><strong><strong><strong><strong><strong><strong><strong><strong>Platzsparendes Design<\/strong><\/strong><\/strong><\/strong><\/strong><\/strong><\/strong><\/strong><\/em><\/strong><\/p>\n\n\n\n<p style=\"margin-bottom:var(--wp--preset--spacing--tb-section-padding)\">Trotz ihrer Funktionalit\u00e4t ist die Bizeps-Curl-Maschine sehr kompakt, so dass sie sich auch f\u00fcr Personen mit begrenztem Trainingsraum eignet. Sein stromlinienf\u00f6rmiges Design maximiert die Raumeffizienz, ohne die Funktionalit\u00e4t zu beeintr\u00e4chtigen, und gew\u00e4hrleistet einen optimierten Trainingsbereich f\u00fcr ein effektives Bizepstraining.<\/p>\n\n\n\n<h3 class=\"wp-block-heading\" style=\"margin-bottom:var(--wp--preset--spacing--h-3-bottom)\"><strong><strong><strong><strong><strong><strong><strong>Langlebige Bodenschoner<\/strong><\/strong><\/strong><\/strong><\/strong><\/strong><\/strong><\/h3>\n\n\n\n<p><strong><em><strong><strong><strong><strong>Erhalten Sie Ihren Fitnessstudio-Bodenbelag<\/strong><\/strong><\/strong><\/strong><\/em><\/strong><\/p>\n\n\n\n<p>Unsere Ger\u00e4te sind mit strapazierf\u00e4higen Bodensch\u00fctzern ausgestattet, die Ihr Fitnessstudio auch bei intensivem Training vor Sch\u00e4den und Kratzern sch\u00fctzen.<\/p>\n\n\n\n<p><\/p>\n\n\n\n<h3 class=\"wp-block-heading\" style=\"margin-bottom:var(--wp--preset--spacing--h-3-bottom)\"><strong><strong><strong><strong><strong>Organisiert und effizient<\/strong><\/strong><\/strong><\/strong><\/strong><\/h3>\n\n\n\n<p><strong><em><strong><strong><strong><strong><strong><strong><strong><strong>Stifte f\u00fcr Hantelscheibenlagerung<\/strong><\/strong><\/strong><\/strong><\/strong><\/strong><\/strong><\/strong><\/em><\/strong><\/p>\n\n\n\n<p style=\"margin-bottom:var(--wp--preset--spacing--tb-section-padding)\">Organisieren Sie sich und arbeiten Sie effizient, indem Sie die Hantelscheiben aufh\u00e4ngen. Halten Sie Ihre Teller in Reichweite, um Ihre Trainingseinheiten zu rationalisieren.<\/p>\n<\/div>\n\n\n\n<div class=\"wp-block-column is-vertically-aligned-center is-layout-flow wp-block-column-is-layout-flow\">\n<figure class=\"wp-block-image size-large\"><img decoding=\"async\" src=\"https:\/\/evolve-fitness.eu\/wp-content\/uploads\/2023\/09\/EV-PL-UL-180-3-683x1024.jpg\" alt=\"\" class=\"wp-image-166738\"\/><\/figure>\n<\/div>\n<\/div>\n\n\n\n<div class=\"wp-block-columns alignwide mobile-reverse is-layout-flex wp-container-core-columns-is-layout-ca64bf2d wp-block-columns-is-layout-flex\" style=\"margin-bottom:var(--wp--preset--spacing--side-padding)\">\n<div class=\"wp-block-column is-vertically-aligned-center is-layout-flow wp-block-column-is-layout-flow\">\n<figure class=\"wp-block-image size-large\"><img decoding=\"async\" src=\"https:\/\/evolve-fitness.eu\/wp-content\/uploads\/2023\/09\/EV-PL-UL-180-10-683x1024.jpg\" alt=\"\" class=\"wp-image-166688\"\/><\/figure>\n<\/div>\n\n\n\n<div class=\"wp-block-column is-vertically-aligned-center is-layout-flow wp-block-column-is-layout-flow\">\n<p><\/p>\n\n\n\n<h3 class=\"wp-block-heading\" style=\"margin-bottom:var(--wp--preset--spacing--h-3-bottom)\"><strong><strong><strong><strong><strong><strong><strong><strong>Dauerhafte Leistung<\/strong><\/strong><\/strong><\/strong><\/strong><\/strong><\/strong><\/strong><\/h3>\n\n\n\n<p><strong><em><strong><strong><strong><strong><strong>Hochwertiges, strapazierf\u00e4higes PU-Leder<\/strong><\/strong><\/strong><\/strong><\/strong><\/em><\/strong><\/p>\n\n\n\n<p>Erleben Sie au\u00dfergew\u00f6hnlichen Komfort und Leistung mit unserer hochwertigen, strapazierf\u00e4higen PU-Lederpolsterung. Es kombiniert Haltbarkeit mit optischer Attraktivit\u00e4t und bietet so den besten Fitness-Luxus.<\/p>\n\n\n\n<p><\/p>\n\n\n\n<h3 class=\"wp-block-heading\" style=\"margin-bottom:var(--wp--preset--spacing--h-3-bottom)\"><strong><strong><strong><strong><strong><strong><strong><strong><strong>Dauerhaftes Finish<\/strong><\/strong><\/strong><\/strong><\/strong><\/strong><\/strong><\/strong><\/strong><\/h3>\n\n\n\n<p><strong><em><strong><strong><strong><strong><strong><strong>Elektrostatisches Spritzen von duroplastischen Pulvern<\/strong><\/strong><\/strong><\/strong><\/strong><\/strong><\/em><\/strong><\/p>\n\n\n\n<p>Unsere Maschinen verf\u00fcgen \u00fcber eine elektrostatische Duroplast-Pulver-Spr\u00fchtechnologie, die eine dauerhafte Oberfl\u00e4che gew\u00e4hrleistet. Durch diese fortschrittliche Beschichtung bleibt das optische Erscheinungsbild der Ger\u00e4te langfristig erhalten.<\/p>\n<\/div>\n<\/div>\n<\/section>\n<\/section>\n","protected":false},"excerpt":{"rendered":"<p>Der Evolve Ultra Series Plate Loaded Biceps Curl UL-180 ist die ultimative Wahl f\u00fcr kommerzielle Fitnessstudiobetreiber, die auf der Suche nach erstklassigen Ger\u00e4ten sind. Diese Bizeps-Curl-Maschine bietet ein effektives Trainingserlebnis mit ihrem robusten, geschwei\u00dften Ovalrohrrahmen aus massivem Stahl, einer rostfreien, w\u00e4rmeh\u00e4rtenden Pulverbeschichtung und Schrauben und Muttern aus Edelstahl f\u00fcr maximale Stabilit\u00e4t. Das funktionelle Design umfasst eine bequeme R\u00fcckenlehne, einen verstellbaren Sitz und rutschfeste Griffe, die f\u00fcr eine korrekte K\u00f6rperhaltung und Stabilit\u00e4t bei intensiven Trainingseinheiten sorgen. Das Besondere daran ist die M\u00f6glichkeit, die Farben der Ger\u00e4te an das Markenschema Ihres Studios anzupassen. Au\u00dferdem bietet die ergonomische Polsterung Komfort und Haltbarkeit. Mit einer 2-Jahres-Garantie und einer maximalen Belastung von 200 kg ist der Evolve Biceps Curl die ideale Erg\u00e4nzung, um das Image und die Leistung Ihres Fitnessstudios zu verbessern.<\/p>\n","protected":false},"featured_media":60901,"template":"","meta":{"_acf_changed":false,"inline_featured_image":false},"product_cat":[118,134,135],"product_tag":[],"class_list":{"0":"post-6746","1":"product","2":"type-product","3":"status-publish","4":"has-post-thumbnail","6":"product_cat-hauptseite","7":"product_cat-maschinen-mit-plattenbeladung","8":"product_cat-ultra-series-platte-belastet","10":"first","11":"instock","12":"shipping-taxable","13":"purchasable","14":"product-type-simple"},"acf":[],"_links":{"self":[{"href":"https:\/\/store.evolve-fitness.eu\/de\/wp-json\/wp\/v2\/product\/6746","targetHints":{"allow":["GET"]}}],"collection":[{"href":"https:\/\/store.evolve-fitness.eu\/de\/wp-json\/wp\/v2\/product"}],"about":[{"href":"https:\/\/store.evolve-fitness.eu\/de\/wp-json\/wp\/v2\/types\/product"}],"wp:featuredmedia":[{"embeddable":true,"href":"https:\/\/store.evolve-fitness.eu\/de\/wp-json\/wp\/v2\/media\/60901"}],"wp:attachment":[{"href":"https:\/\/store.evolve-fitness.eu\/de\/wp-json\/wp\/v2\/media?parent=6746"}],"wp:term":[{"taxonomy":"product_cat","embeddable":true,"href":"https:\/\/store.evolve-fitness.eu\/de\/wp-json\/wp\/v2\/product_cat?post=6746"},{"taxonomy":"product_tag","embeddable":true,"href":"https:\/\/store.evolve-fitness.eu\/de\/wp-json\/wp\/v2\/product_tag?post=6746"}],"curies":[{"name":"wp","href":"https:\/\/api.w.org\/{rel}","templated":true}]}}