{"id":6690,"date":"2024-01-30T15:06:19","date_gmt":"2024-01-30T15:06:19","guid":{"rendered":"https:\/\/store.evolve-fitness.eu\/produktas\/evolve-ultra-series-platte-geladen-hinten-kick\/"},"modified":"2026-04-22T12:00:46","modified_gmt":"2026-04-22T12:00:46","slug":"evolve-ultra-series-platte-geladen-hinten-kick","status":"publish","type":"product","link":"https:\/\/store.evolve-fitness.eu\/de\/produkt\/evolve-ultra-series-platte-geladen-hinten-kick\/","title":{"rendered":"Evolve Ultra Series Plate Loaded Rear Kick"},"content":{"rendered":"\n<section class=\"wp-block-group alignfull black-content has-white-color has-darkgray-background-color has-text-color has-background is-layout-constrained wp-block-group-is-layout-constrained\" style=\"padding-top:var(--wp--preset--spacing--section-bottom);padding-bottom:var(--wp--preset--spacing--section-bottom)\">\n<section class=\"wp-block-group alignfull black-content has-white-color has-darkgray-background-color has-text-color has-background is-layout-constrained wp-block-group-is-layout-constrained\" style=\"padding-top:var(--wp--preset--spacing--section-bottom);padding-bottom:var(--wp--preset--spacing--section-bottom)\">\n<div class=\"wp-block-columns alignwide mobile-reverse is-layout-flex wp-container-core-columns-is-layout-ca64bf2d wp-block-columns-is-layout-flex\" style=\"margin-bottom:var(--wp--preset--spacing--side-padding)\">\n<div class=\"wp-block-column is-vertically-aligned-center is-layout-flow wp-block-column-is-layout-flow\">\n<h3 class=\"wp-block-heading\" style=\"margin-bottom:var(--wp--preset--spacing--h-3-bottom)\"><strong><strong><strong><strong>Muskelgruppen<\/strong><\/strong><\/strong><\/strong><\/h3>\n\n\n\n<p><strong><em><strong><strong>Gezielte Muskelaktivierung<\/strong><\/strong><\/em><\/strong><\/p>\n\n\n\n<p style=\"margin-bottom:var(--wp--preset--spacing--tb-section-padding)\">Der Evolve Ultra Series Plate Loaded Rear Kick, UL-070, wurde entwickelt, um die Ges\u00e4\u00df-, Kniesehnen- und unteren R\u00fcckenmuskeln zu trainieren. Mit seinem speziellen Design sorgt dieses Ger\u00e4t f\u00fcr eine pr\u00e4zise Aktivierung der anvisierten Muskeln und erm\u00f6glicht so eine umfassende Entwicklung und St\u00e4rkung.<\/p>\n\n\n\n<h3 class=\"wp-block-heading\" style=\"margin-bottom:var(--wp--preset--spacing--h-3-bottom)\"><strong><strong><strong><strong><strong><strong>Einstellbarer Widerstand<\/strong><\/strong><\/strong><\/strong><\/strong><\/strong><\/h3>\n\n\n\n<p><strong><em><strong><strong><strong><strong>Anpassbare Gewichtsstapel<\/strong><\/strong><\/strong><\/strong><\/em><\/strong><\/p>\n\n\n\n<p>Der Benutzer kann den Widerstand durch Hinzuf\u00fcgen oder Entfernen von Hantelscheiben leicht anpassen und so sein Training individuell auf sein Fitnessniveau und seine Ziele abstimmen. Ganz gleich, ob die Benutzer Ausdauer, Hypertrophie oder Kraftzuwachs anstreben, die einstellbare Widerstandsfunktion erm\u00f6glicht ein anpassungsf\u00e4higes Training, um verschiedene Fitnessziele zu erreichen.<\/p>\n<\/div>\n\n\n\n<div class=\"wp-block-column is-vertically-aligned-center is-layout-flow wp-block-column-is-layout-flow\">\n<figure class=\"wp-block-video\"><video height=\"1080\" style=\"aspect-ratio: 1920 \/ 1080;\" width=\"1920\" autoplay=\"\" controls=\"\" loop=\"\" muted=\"\" src=\"https:\/\/evolve-fitness.eu\/wp-content\/uploads\/2024\/03\/EV-PL-UL-070-Evolve-Ultra-Series-Plate-Loaded-Rear-Kick-1.mp4\"><\/video><\/figure>\n<\/div>\n<\/div>\n\n\n\n<div class=\"wp-block-columns alignwide mobile-reverse is-layout-flex wp-container-core-columns-is-layout-ca64bf2d wp-block-columns-is-layout-flex\" style=\"margin-bottom:var(--wp--preset--spacing--side-padding)\">\n<div class=\"wp-block-column is-vertically-aligned-center is-layout-flow wp-block-column-is-layout-flow\">\n<figure class=\"wp-block-image size-large\"><img decoding=\"async\" src=\"https:\/\/evolve-fitness.eu\/wp-content\/uploads\/2023\/09\/EV-PL-UL-070-4-683x1024.jpg\" alt=\"EV-PL-UL-070\" class=\"wp-image-166586\"\/><\/figure>\n<\/div>\n\n\n\n<div class=\"wp-block-column is-vertically-aligned-center is-layout-flow wp-block-column-is-layout-flow\">\n<h3 class=\"wp-block-heading\" style=\"margin-bottom:var(--wp--preset--spacing--h-3-bottom)\"><strong><strong><strong>Bequemes Design<\/strong><\/strong><\/strong><\/h3>\n\n\n\n<p><strong><strong><em>Ergonomische Polsterung und Griffe<\/em><\/strong><\/strong><\/p>\n\n\n\n<p style=\"margin-bottom:var(--wp--preset--spacing--tb-section-padding)\">Der Rear Kick wurde f\u00fcr den Benutzerkomfort entwickelt und verf\u00fcgt \u00fcber ergonomische Polster und Griffe, die eine korrekte K\u00f6rperausrichtung und Unterst\u00fctzung w\u00e4hrend der \u00dcbungen f\u00f6rdern. Ein verstellbarer Sitz und ein verstellbares Beinpolster erh\u00f6hen den Komfort und die Anpassungsf\u00e4higkeit des Benutzers und minimieren Unbehagen und m\u00f6gliche Belastungen w\u00e4hrend des Trainings.<\/p>\n<\/div>\n<\/div>\n\n\n\n<div class=\"wp-block-columns alignwide mobile-reverse is-layout-flex wp-container-core-columns-is-layout-ca64bf2d wp-block-columns-is-layout-flex\" style=\"margin-bottom:var(--wp--preset--spacing--side-padding)\">\n<div class=\"wp-block-column is-vertically-aligned-center is-layout-flow wp-block-column-is-layout-flow\">\n<h3 class=\"wp-block-heading\" style=\"margin-bottom:var(--wp--preset--spacing--h-3-bottom)\"><strong><strong><strong>Langlebigkeit und Stabilit\u00e4t<\/strong><\/strong><\/strong><\/h3>\n\n\n\n<p><strong><em><strong><strong><strong><strong><strong><strong>Hochwertige Konstruktion<\/strong><\/strong><\/strong><\/strong><\/strong><\/strong><\/em><\/strong><\/p>\n\n\n\n<p style=\"margin-bottom:var(--wp--preset--spacing--tb-section-padding)\">Der Evolve Ultra Series Plate Loaded Rear Kick ist aus strapazierf\u00e4higen Materialien und Pr\u00e4zisionsmechanik gefertigt und garantiert Langlebigkeit und Zuverl\u00e4ssigkeit. Er eignet sich sowohl f\u00fcr private als auch f\u00fcr kommerzielle Fitnessstudios. Der robuste Rahmen sorgt f\u00fcr Stabilit\u00e4t und Sicherheit bei anstrengenden Trainingseinheiten und erm\u00f6glicht es dem Benutzer, selbstbewusst und kompromisslos Rear-Kick-\u00dcbungen durchzuf\u00fchren.<\/p>\n\n\n\n<h3 class=\"wp-block-heading\" style=\"margin-bottom:var(--wp--preset--spacing--h-3-bottom)\"><strong><strong><strong><strong>Rutschfeste Griffe<\/strong><\/strong><\/strong><\/strong><\/h3>\n\n\n\n<p><strong><em><strong><strong>Sicherer Griff f\u00fcr Sicherheit und Zuversicht<\/strong><\/strong><\/em><\/strong><\/p>\n\n\n\n<p>Setzen Sie auf Sicherheit und Vertrauen mit unseren <strong>rutschfesten Griffen<\/strong>. Sie bieten einen sicheren Halt und verringern das Unfallrisiko beim Training.<\/p>\n<\/div>\n\n\n\n<div class=\"wp-block-column is-vertically-aligned-center is-layout-flow wp-block-column-is-layout-flow\">\n<figure class=\"wp-block-image size-large\"><img decoding=\"async\" src=\"https:\/\/evolve-fitness.eu\/wp-content\/uploads\/2023\/09\/EV-PL-UL-070-1-683x1024.jpg\" alt=\"\" class=\"wp-image-166611\"\/><\/figure>\n<\/div>\n<\/div>\n\n\n\n<div class=\"wp-block-columns alignwide mobile-reverse is-layout-flex wp-container-core-columns-is-layout-ca64bf2d wp-block-columns-is-layout-flex\" style=\"margin-bottom:var(--wp--preset--spacing--side-padding)\">\n<div class=\"wp-block-column is-vertically-aligned-center is-layout-flow wp-block-column-is-layout-flow\">\n<figure class=\"wp-block-image size-large\"><img decoding=\"async\" src=\"https:\/\/evolve-fitness.eu\/wp-content\/uploads\/2023\/09\/EV-PL-UL-070-6-1024x683.jpg\" alt=\"\" class=\"wp-image-166637\"\/><\/figure>\n<\/div>\n\n\n\n<div class=\"wp-block-column is-vertically-aligned-center is-layout-flow wp-block-column-is-layout-flow\">\n<h3 class=\"wp-block-heading\" style=\"margin-bottom:var(--wp--preset--spacing--h-3-bottom)\"><strong><strong><strong>Langlebige Leistung<\/strong><\/strong><\/strong><\/h3>\n\n\n\n<p><strong><em><strong><strong>Hochwertiges, strapazierf\u00e4higes PU-Leder<\/strong><\/strong><\/em><\/strong><\/p>\n\n\n\n<p style=\"margin-bottom:var(--wp--preset--spacing--tb-section-padding)\">Unsere Ger\u00e4te bestehen aus hochwertigem, strapazierf\u00e4higem PU-Leder, das selbst den h\u00e4rtesten Trainingseinheiten standh\u00e4lt. Er sieht nicht nur gut aus, sondern bietet auch dauerhafte Leistung.<\/p>\n\n\n\n<h3 class=\"wp-block-heading\" style=\"margin-bottom:var(--wp--preset--spacing--h-3-bottom)\"><strong><strong><strong><strong><strong><strong><strong>Dauerhaftes Finish<\/strong><\/strong><\/strong><\/strong><\/strong><\/strong><\/strong><\/h3>\n\n\n\n<p><strong><em><strong><strong><strong><strong><strong>Elektrostatisches Spritzen von duroplastischen Pulvern<\/strong><\/strong><\/strong><\/strong><\/strong><\/em><\/strong><\/p>\n\n\n\n<p>Erleben Sie eine dauerhafte Oberfl\u00e4che mit unserer <strong>elektrostatischen Duroplast-Pulver-Spr\u00fchtechnologie<\/strong>. Diese fortschrittliche Beschichtung sorgt daf\u00fcr, dass Ihre Ger\u00e4te ihr optisches Erscheinungsbild \u00fcber lange Zeit beibehalten.<\/p>\n\n\n\n<p><\/p>\n\n\n\n<h3 class=\"wp-block-heading\" style=\"margin-bottom:var(--wp--preset--spacing--h-3-bottom)\"><strong><strong><strong><strong>Gebaut f\u00fcr die Ewigkeit<\/strong><\/strong><\/strong><\/strong><\/h3>\n\n\n\n<p><strong><em><strong><strong><strong>Bolzen und Muttern aus rostfreiem Stahl<\/strong><\/strong><\/strong><\/em><\/strong><\/p>\n\n\n\n<p style=\"margin-bottom:var(--wp--preset--spacing--tb-section-padding)\">Alle Schrauben und Muttern der Prime-Serie sind aus <strong>rostfreiem Stahl<\/strong> und f\u00fcr eine lange Lebensdauer ausgelegt. Diese hochwertige Konstruktion gew\u00e4hrleistet die Langlebigkeit Ihrer Ger\u00e4te.<\/p>\n<\/div>\n<\/div>\n<\/section>\n<\/section>\n","protected":false},"excerpt":{"rendered":"<p>Verbessern Sie Ihr Bein- und Ges\u00e4\u00dfmuskeltraining mit dem Evolve Ultra Series Plate Loaded Rear Kick UL-070. Dieses Ger\u00e4t wurde f\u00fcr kommerzielle Fitnessstudios entwickelt und bietet Stabilit\u00e4t durch einen robusten Stahlrahmen und Rostschutz. Die \u00fcbergro\u00dfe Fu\u00dfst\u00fctze erm\u00f6glicht ein pr\u00e4zises Zielen, w\u00e4hrend die bequeme Polsterung und die rutschfesten Griffe f\u00fcr die richtige Form sorgen. Die anpassbaren Farben passen zum Branding Ihres Fitnessstudios und machen ihn zu einer stilvollen und langlebigen Wahl. Mit verformungsbest\u00e4ndiger Polsterung, rutschfesten Griffen und Bodensch\u00fctzern ist er ideal f\u00fcr Fitnesseinrichtungen. Mit dem Evolve Rear Kick f\u00fcr Qualit\u00e4t und Leistung wird Ihr Fitnessstudio aufgewertet.  <\/p>\n","protected":false},"featured_media":61032,"template":"","meta":{"_acf_changed":false,"inline_featured_image":false},"product_cat":[118,134,135],"product_tag":[],"class_list":{"0":"post-6690","1":"product","2":"type-product","3":"status-publish","4":"has-post-thumbnail","6":"product_cat-hauptseite","7":"product_cat-maschinen-mit-plattenbeladung","8":"product_cat-ultra-series-platte-belastet","10":"first","11":"instock","12":"shipping-taxable","13":"purchasable","14":"product-type-simple"},"acf":[],"_links":{"self":[{"href":"https:\/\/store.evolve-fitness.eu\/de\/wp-json\/wp\/v2\/product\/6690","targetHints":{"allow":["GET"]}}],"collection":[{"href":"https:\/\/store.evolve-fitness.eu\/de\/wp-json\/wp\/v2\/product"}],"about":[{"href":"https:\/\/store.evolve-fitness.eu\/de\/wp-json\/wp\/v2\/types\/product"}],"wp:featuredmedia":[{"embeddable":true,"href":"https:\/\/store.evolve-fitness.eu\/de\/wp-json\/wp\/v2\/media\/61032"}],"wp:attachment":[{"href":"https:\/\/store.evolve-fitness.eu\/de\/wp-json\/wp\/v2\/media?parent=6690"}],"wp:term":[{"taxonomy":"product_cat","embeddable":true,"href":"https:\/\/store.evolve-fitness.eu\/de\/wp-json\/wp\/v2\/product_cat?post=6690"},{"taxonomy":"product_tag","embeddable":true,"href":"https:\/\/store.evolve-fitness.eu\/de\/wp-json\/wp\/v2\/product_tag?post=6690"}],"curies":[{"name":"wp","href":"https:\/\/api.w.org\/{rel}","templated":true}]}}