{"id":6672,"date":"2024-01-29T14:14:55","date_gmt":"2024-01-29T14:14:55","guid":{"rendered":"https:\/\/store.evolve-fitness.eu\/produktas\/evolve-ultra-serie-platte-belastet-beinpresse\/"},"modified":"2025-12-17T12:00:59","modified_gmt":"2025-12-17T12:00:59","slug":"evolve-ultra-serie-platte-belastet-beinpresse","status":"publish","type":"product","link":"https:\/\/store.evolve-fitness.eu\/de\/produkt\/evolve-ultra-serie-platte-belastet-beinpresse\/","title":{"rendered":"Evolve Ultra Serie Platte belastet Beinpresse"},"content":{"rendered":"\n<section class=\"wp-block-group alignfull black-content has-white-color has-darkgray-background-color has-text-color has-background is-layout-constrained wp-block-group-is-layout-constrained\" style=\"padding-top:var(--wp--preset--spacing--section-bottom);padding-bottom:var(--wp--preset--spacing--section-bottom)\">\n<h3 class=\"wp-block-heading has-text-align-center\"><strong><strong><strong>EVOLVE PLATE LOADED ULTRA SERIES<\/strong><\/strong><\/strong><\/h3>\n\n\n\n<p>Die Evolve Plate Loaded Ultra Series ist der Inbegriff von Exzellenz und bietet Premiumqualit\u00e4t zum bestm\u00f6glichen Preis. Verbessern Sie Ihr Krafttraining mit Ger\u00e4ten, die Luxus, Leistung und Erschwinglichkeit miteinander verbinden. Entdecken Sie noch heute das komplette Sortiment und erleben Sie Fitness wie nie zuvor.<\/p>\n\n\n\n<section class=\"wp-block-group alignfull black-content has-white-color has-darkgray-background-color has-text-color has-background is-layout-constrained wp-block-group-is-layout-constrained\" style=\"padding-top:var(--wp--preset--spacing--section-bottom);padding-bottom:var(--wp--preset--spacing--section-bottom)\">\n<div class=\"wp-block-columns alignwide mobile-reverse is-layout-flex wp-container-core-columns-is-layout-ca64bf2d wp-block-columns-is-layout-flex\" style=\"margin-bottom:var(--wp--preset--spacing--side-padding)\">\n<div class=\"wp-block-column is-vertically-aligned-center is-layout-flow wp-block-column-is-layout-flow\">\n<h3 class=\"wp-block-heading\" style=\"margin-bottom:var(--wp--preset--spacing--h-3-bottom)\"><strong><strong><strong><strong><strong>Dick gepolstert<\/strong><\/strong><\/strong><\/strong><\/strong><\/h3>\n\n\n\n<p><strong><em><strong><strong><strong>H\u00f6chster Komfort und Langlebigkeit<\/strong><\/strong><\/strong><\/em><\/strong><\/p>\n\n\n\n<p style=\"margin-bottom:var(--wp--preset--spacing--tb-section-padding)\">Unsere dicke Polsterung bietet un\u00fcbertroffenen Komfort w\u00e4hrend des Trainings und gew\u00e4hrleistet eine lange Lebensdauer. Diese Funktion macht Ihre Trainingseinheiten zu einem angenehmen Erlebnis.<\/p>\n\n\n\n<h3 class=\"wp-block-heading\" style=\"margin-bottom:var(--wp--preset--spacing--h-3-bottom)\"><strong><strong><strong><strong><strong><strong><strong>Gezielter Muskeleinsatz<\/strong><\/strong><\/strong><\/strong><\/strong><\/strong><\/strong><\/h3>\n\n\n\n<p><strong><em><strong><strong><strong><strong><strong>Unilaterale Armbewegung (bei einigen Ger\u00e4ten verf\u00fcgbar)<\/strong><\/strong><\/strong><\/strong><\/strong><\/em><\/strong><\/p>\n\n\n\n<p>F\u00fcr diejenigen, die Vielseitigkeit suchen, bieten ausgew\u00e4hlte Ger\u00e4te der Ultra Series eine <strong>einseitige Armbewegung<\/strong>. So k\u00f6nnen Sie bestimmte Muskelgruppen effektiv ansprechen und Ihr Fitnessprogramm individuell gestalten.<\/p>\n<\/div>\n\n\n\n<div class=\"wp-block-column is-vertically-aligned-center is-layout-flow wp-block-column-is-layout-flow\">\n<figure class=\"wp-block-video\"><video autoplay=\"\" controls=\"\" loop=\"\" muted=\"\" src=\"https:\/\/evolve-fitness.eu\/wp-content\/uploads\/2023\/12\/2-7.mp4\"><\/video><\/figure>\n<\/div>\n<\/div>\n\n\n\n<div class=\"wp-block-columns alignwide mobile-reverse is-layout-flex wp-container-core-columns-is-layout-ca64bf2d wp-block-columns-is-layout-flex\" style=\"margin-bottom:var(--wp--preset--spacing--side-padding)\">\n<div class=\"wp-block-column is-vertically-aligned-center is-layout-flow wp-block-column-is-layout-flow\">\n<figure class=\"wp-block-video\"><video autoplay=\"\" controls=\"\" loop=\"\" muted=\"\" src=\"https:\/\/evolve-fitness.eu\/wp-content\/uploads\/2023\/12\/3-1.mp4\"><\/video><\/figure>\n<\/div>\n\n\n\n<div class=\"wp-block-column is-vertically-aligned-center is-layout-flow wp-block-column-is-layout-flow\">\n<h3 class=\"wp-block-heading\" style=\"margin-bottom:var(--wp--preset--spacing--h-3-bottom)\"><strong><strong><strong><strong>Einstellbare Sitzposition<\/strong><\/strong><\/strong><\/strong><\/h3>\n\n\n\n<p><strong><strong>Einfache Anpassung in leuchtendem Gelb<\/strong><\/strong><\/p>\n\n\n\n<p style=\"margin-bottom:var(--wp--preset--spacing--tb-section-padding)\">Unsere Maschinen verf\u00fcgen \u00fcber eine <strong>verstellbare Sitzposition<\/strong> mit Einstellkn\u00f6pfen und Griffen in leuchtendem, gut sichtbarem Gelb. Dieses benutzerfreundliche Design erm\u00f6glicht eine m\u00fchelose Anpassung, damit Ihr Training Ihren W\u00fcnschen entspricht.<\/p>\n\n\n\n<h3 class=\"wp-block-heading\" style=\"margin-bottom:var(--wp--preset--spacing--h-3-bottom)\"><strong><strong><strong><strong><strong><strong><strong><strong>Kompromisslose Langlebigkeit<\/strong><\/strong><\/strong><\/strong><\/strong><\/strong><\/strong><\/strong><\/h3>\n\n\n\n<p><strong><em><strong><strong><strong><strong><strong>Bolzen und Muttern aus rostfreiem Stahl<\/strong><\/strong><\/strong><\/strong><\/strong><\/em><\/strong><\/p>\n\n\n\n<p>Bei der Ultra-Serie z\u00e4hlt jedes Detail. Deshalb sind alle Schrauben und Muttern aus <strong>rostfreiem Stahl<\/strong> gefertigt, um kompromisslose Haltbarkeit und Langlebigkeit zu gew\u00e4hrleisten.<\/p>\n<\/div>\n<\/div>\n\n\n\n<div class=\"wp-block-columns alignwide mobile-reverse is-layout-flex wp-container-core-columns-is-layout-ca64bf2d wp-block-columns-is-layout-flex\" style=\"margin-bottom:var(--wp--preset--spacing--side-padding)\">\n<div class=\"wp-block-column is-vertically-aligned-center is-layout-flow wp-block-column-is-layout-flow\">\n<h3 class=\"wp-block-heading\"><strong>RUTSCHFESTE GRIFFE<\/strong><\/h3>\n\n\n\n<p><strong><em><strong>Sicherer Griff f\u00fcr Sicherheit und Zuversicht<\/strong><\/em><\/strong><\/p>\n\n\n\n<p style=\"margin-bottom:var(--wp--preset--spacing--tb-section-padding)\">Setzen Sie auf Sicherheit und Vertrauen mit unseren <strong>rutschfesten Griffen<\/strong>. Sie bieten einen sicheren Halt und verringern das Unfallrisiko beim Training.<\/p>\n\n\n\n<h3 class=\"wp-block-heading\" style=\"margin-bottom:var(--wp--preset--spacing--h-3-bottom)\"><strong><strong><strong><strong><strong><strong><strong>Langlebige Bodenschoner<\/strong><\/strong><\/strong><\/strong><\/strong><\/strong><\/strong><\/h3>\n\n\n\n<p><strong><em><strong><strong><strong><strong>Erhalten Sie Ihren Fitnessstudio-Bodenbelag<\/strong><\/strong><\/strong><\/strong><\/em><\/strong><\/p>\n\n\n\n<p style=\"margin-bottom:var(--wp--preset--spacing--tb-section-padding)\">Unsere Ger\u00e4te sind mit <strong>langlebigen Bodensch\u00fctzern<\/strong> ausgestattet, die Ihr Fitnessstudio auch bei intensivem Training vor Besch\u00e4digungen und Kratzern sch\u00fctzen.<\/p>\n\n\n\n<h3 class=\"wp-block-heading\" style=\"margin-bottom:var(--wp--preset--spacing--h-3-bottom)\"><strong><strong><strong><strong><strong>Organisiert und effizient<\/strong><\/strong><\/strong><\/strong><\/strong><\/h3>\n\n\n\n<p><strong><em><strong><strong><strong><strong><strong><strong><strong><strong>Stifte f\u00fcr Hantelscheibenlagerung<\/strong><\/strong><\/strong><\/strong><\/strong><\/strong><\/strong><\/strong><\/em><\/strong><\/p>\n\n\n\n<p style=\"margin-bottom:var(--wp--preset--spacing--tb-section-padding)\">Sorgen Sie f\u00fcr Ordnung und Effizienz mit den <strong>Hantelscheibenhalterungen<\/strong>. Halten Sie Ihre Teller in Reichweite, um Ihre Trainingseinheiten zu rationalisieren.<\/p>\n<\/div>\n\n\n\n<div class=\"wp-block-column is-vertically-aligned-center is-layout-flow wp-block-column-is-layout-flow\">\n<figure class=\"wp-block-video\"><video autoplay=\"\" controls=\"\" loop=\"\" muted=\"\" src=\"https:\/\/evolve-fitness.eu\/wp-content\/uploads\/2023\/12\/1-10.mp4\"><\/video><\/figure>\n<\/div>\n<\/div>\n\n\n\n<div class=\"wp-block-columns alignwide mobile-reverse is-layout-flex wp-container-core-columns-is-layout-ca64bf2d wp-block-columns-is-layout-flex\" style=\"margin-bottom:var(--wp--preset--spacing--side-padding)\">\n<div class=\"wp-block-column is-vertically-aligned-center is-layout-flow wp-block-column-is-layout-flow\">\n<figure class=\"wp-block-image size-large\"><img decoding=\"async\" src=\"https:\/\/evolve-fitness.eu\/wp-content\/uploads\/2023\/12\/A7_06862-1024x683.jpg\" alt=\"\" class=\"wp-image-8192\"\/><\/figure>\n<\/div>\n\n\n\n<div class=\"wp-block-column is-vertically-aligned-center is-layout-flow wp-block-column-is-layout-flow\">\n<h3 class=\"wp-block-heading\" style=\"margin-bottom:var(--wp--preset--spacing--h-3-bottom)\"><strong><strong><strong><strong><strong><strong><strong><strong><strong><strong><strong><strong><strong><strong><strong><strong><strong>Dauerhaftes Finish<\/strong><\/strong><\/strong><\/strong><\/strong><\/strong><\/strong><\/strong><\/strong><\/strong><\/strong><\/strong><\/strong><\/strong><\/strong><\/strong><\/strong><\/h3>\n\n\n\n<p><strong><em><strong><strong><strong><strong><strong><strong><em><strong><strong><strong><strong><strong><strong>Elektrostatisches Spritzen von duroplastischen Pulvern<\/strong><\/strong><\/strong><\/strong><\/strong><\/strong><\/em><\/strong><\/strong><\/strong><\/strong><\/strong><\/strong><\/em><\/strong><\/p>\n\n\n\n<p style=\"margin-bottom:var(--wp--preset--spacing--tb-section-padding)\">Unsere Maschinen verf\u00fcgen \u00fcber eine <strong>elektrostatische Duroplast-Pulver-Spr\u00fchtechnologie<\/strong>, die eine dauerhafte Oberfl\u00e4che gew\u00e4hrleistet. Durch diese fortschrittliche Beschichtung bleibt das optische Erscheinungsbild der Ger\u00e4te langfristig erhalten.<\/p>\n<\/div>\n<\/div>\n<\/section>\n<\/section>\n\n<p> <\/p>\n","protected":false},"excerpt":{"rendered":"<p>Werten Sie Ihr Fitnessstudio mit der Evolve Ultra Series Plate Loaded Leg Press UL-190 auf. Das Ger\u00e4t wurde f\u00fcr gewerbliche Einrichtungen entwickelt und bietet ein Ganzk\u00f6rpertraining mit vier eingebauten Hantelscheiben f\u00fcr einen schnellen Widerstandswechsel. Mit einem langlebigen Stahlrahmen, Rostschutz und einem benutzerfreundlichen Design, einschlie\u00dflich einer \u00fcbergro\u00dfen, abgewinkelten Fu\u00dfst\u00fctze und rutschfesten Griffen, gew\u00e4hrleistet diese Beinpresse maximale Stabilit\u00e4t und Komfort. Passen Sie ihn an die Markenfarben Ihres Fitnessstudios an. Mit einer H\u00f6chstlast von 500 kg, Linearlagern und einer 2-Jahres-Garantie ist er die perfekte Wahl f\u00fcr Qualit\u00e4t und Langlebigkeit<\/p>\n","protected":false},"featured_media":60875,"template":"","meta":{"_acf_changed":false,"inline_featured_image":false},"product_cat":[118,134,135],"product_tag":[],"class_list":{"0":"post-6672","1":"product","2":"type-product","3":"status-publish","4":"has-post-thumbnail","6":"product_cat-hauptseite","7":"product_cat-maschinen-mit-plattenbeladung","8":"product_cat-ultra-series-platte-belastet","10":"first","11":"outofstock","12":"shipping-taxable","13":"purchasable","14":"product-type-simple"},"acf":[],"_links":{"self":[{"href":"https:\/\/store.evolve-fitness.eu\/de\/wp-json\/wp\/v2\/product\/6672","targetHints":{"allow":["GET"]}}],"collection":[{"href":"https:\/\/store.evolve-fitness.eu\/de\/wp-json\/wp\/v2\/product"}],"about":[{"href":"https:\/\/store.evolve-fitness.eu\/de\/wp-json\/wp\/v2\/types\/product"}],"wp:featuredmedia":[{"embeddable":true,"href":"https:\/\/store.evolve-fitness.eu\/de\/wp-json\/wp\/v2\/media\/60875"}],"wp:attachment":[{"href":"https:\/\/store.evolve-fitness.eu\/de\/wp-json\/wp\/v2\/media?parent=6672"}],"wp:term":[{"taxonomy":"product_cat","embeddable":true,"href":"https:\/\/store.evolve-fitness.eu\/de\/wp-json\/wp\/v2\/product_cat?post=6672"},{"taxonomy":"product_tag","embeddable":true,"href":"https:\/\/store.evolve-fitness.eu\/de\/wp-json\/wp\/v2\/product_tag?post=6672"}],"curies":[{"name":"wp","href":"https:\/\/api.w.org\/{rel}","templated":true}]}}