{"id":6669,"date":"2024-01-30T09:51:40","date_gmt":"2024-01-30T09:51:40","guid":{"rendered":"https:\/\/store.evolve-fitness.eu\/produktas\/evolve-digital-strength-series-selektorisierte-abduktion-adduktion\/"},"modified":"2025-09-25T13:40:27","modified_gmt":"2025-09-25T13:40:27","slug":"evolve-digital-strength-series-selektorisierte-abduktion-adduktion","status":"publish","type":"product","link":"https:\/\/store.evolve-fitness.eu\/de\/produkt\/evolve-digital-strength-series-selektorisierte-abduktion-adduktion\/","title":{"rendered":"Evolve Digital Strength Series Selektorisierte Abduktion\/Adduktion"},"content":{"rendered":"\n<section class=\"wp-block-group alignfull black-content has-white-color has-darkgray-background-color has-text-color has-background is-layout-constrained wp-block-group-is-layout-constrained\" style=\"padding-top:var(--wp--preset--spacing--section-bottom);padding-bottom:var(--wp--preset--spacing--section-bottom)\">\n<div class=\"wp-block-columns alignwide mobile-reverse is-layout-flex wp-container-core-columns-is-layout-ca64bf2d wp-block-columns-is-layout-flex\" style=\"margin-bottom:var(--wp--preset--spacing--side-padding)\">\n<div class=\"wp-block-column is-vertically-aligned-center is-layout-flow wp-block-column-is-layout-flow\">\n<h3 class=\"wp-block-heading\" style=\"margin-bottom:var(--wp--preset--spacing--h-3-bottom)\">Einf\u00fchrung<\/h3>\n\n\n\n<p><strong><em><strong><em><strong><strong><strong><strong><strong><strong>Willkommen bei der Pr\u00e4sentation der n\u00e4chsten Generation von GYM-Ger\u00e4ten<\/strong><\/strong><\/strong><\/strong><\/strong><\/strong><\/em><\/strong><\/em><\/strong><\/p>\n\n\n\n<p style=\"margin-bottom:var(--wp--preset--spacing--tb-section-padding)\">Entdecken Sie die innovativen Funktionen der Evolve DIGITAL SERIES in unserer neuesten Videopr\u00e4sentation. Wir gehen auf die einzigartigen Aspekte dieses hochmodernen Brust- und Schulterpressenger\u00e4ts ein und stellen seine digitale Schnittstelle, den einstellbaren Widerstand, das ergonomische Design und die robuste Konstruktion vor. F\u00fcr ein wirklich intensives Erlebnis <strong>empfehlen wir, den Ton abzuschalten<\/strong>.<\/p>\n<\/div>\n\n\n\n<div class=\"wp-block-column is-vertically-aligned-center is-layout-flow wp-block-column-is-layout-flow\">\n<figure class=\"wp-block-video\"><video height=\"600\" style=\"aspect-ratio: 680 \/ 600;\" width=\"680\" autoplay=\"\" controls=\"\" loop=\"\" muted=\"\" src=\"https:\/\/evolve-fitness.eu\/wp-content\/uploads\/2023\/12\/Digital-Strength-Line-Chest-Press-1-minute-LQ.mp4\"><\/video><\/figure>\n<\/div>\n<\/div>\n\n\n\n<div class=\"wp-block-columns alignwide is-layout-flex wp-container-core-columns-is-layout-c45ee707 wp-block-columns-is-layout-flex\" style=\"margin-bottom:var(--wp--preset--spacing--side-padding);padding-top:var(--wp--preset--spacing--side-padding)\">\n<div class=\"wp-block-column is-vertically-aligned-center is-layout-flow wp-block-column-is-layout-flow\">\n<figure class=\"wp-block-image size-large\"><img decoding=\"async\" src=\"https:\/\/evolve-fitness.eu\/wp-content\/uploads\/2023\/12\/A7_05212-1024x683.jpg\" alt=\"\" class=\"wp-image-9079\"\/><\/figure>\n<\/div>\n\n\n\n<div class=\"wp-block-column is-vertically-aligned-center is-layout-flow wp-block-column-is-layout-flow\">\n<h3 class=\"wp-block-heading\" style=\"margin-bottom:var(--wp--preset--spacing--h-3-bottom)\"><strong><strong><strong><strong><em>Hauptmerkmale<\/em><\/strong><\/strong><\/strong><\/strong><\/h3>\n\n\n\n<ul class=\"wp-block-list\">\n<li>Doppelte Bewegung hilft, die optimale Trainingsposition zu w\u00e4hlen, Platz zu sparen und die \u00dcbungen schnell zu wechseln<\/li>\n\n\n\n<li>Oberschenkelpolster und Fu\u00dfst\u00fctze bieten Komfort und Stabilit\u00e4t<\/li>\n<\/ul>\n<\/div>\n<\/div>\n\n\n\n<div class=\"wp-block-columns alignwide is-layout-flex wp-container-core-columns-is-layout-c45ee707 wp-block-columns-is-layout-flex\" style=\"margin-bottom:var(--wp--preset--spacing--side-padding);padding-top:var(--wp--preset--spacing--side-padding)\">\n<div class=\"wp-block-column is-vertically-aligned-center is-layout-flow wp-block-column-is-layout-flow\">\n<h3 class=\"wp-block-heading\" style=\"margin-bottom:var(--wp--preset--spacing--h-3-bottom)\">Adaptiver digitaler Widerstand<\/h3>\n\n\n\n<p><strong><em>Elektromotor liefert stabilen digitalen Widerstand<\/em><\/strong><\/p>\n\n\n\n<p style=\"margin-bottom:var(--wp--preset--spacing--tb-section-padding)\">Evolve Digital Gym Equipment verf\u00fcgt \u00fcber fortschrittliche Elektromotoren, die ein wesentlicher Bestandteil des innovativen Designs sind. Diese Motoren sind auf Effizienz, Langlebigkeit und reibungslosen Betrieb ausgelegt und sorgen f\u00fcr ein reibungsloses Trainingserlebnis. Sie verwenden hochentwickelte Algorithmen und Sensoren, um die Widerstandsstufen automatisch an die spezifischen Fitnessbed\u00fcrfnisse und Fortschritte des Benutzers anzupassen. Dank dieser Anpassungsf\u00e4higkeit ist das Ger\u00e4t vielseitig einsetzbar und eignet sich f\u00fcr ein breites Spektrum an \u00dcbungen, von sanften Rehabilitationsbewegungen bis hin zu intensivem Krafttraining. Dar\u00fcber hinaus sind die Motoren so konzipiert, dass sie energieeffizient sind, was zur Umweltfreundlichkeit der Ger\u00e4te beitr\u00e4gt. Die Integration dieser Elektromotoren mit digitalen Schnittstellen erm\u00f6glicht es den Nutzern, ihre Leistung zu verfolgen, sich Ziele zu setzen und personalisierte Trainingsempfehlungen zu erhalten, was das Evolve-Fitnessger\u00e4t zu einem herausragenden Ger\u00e4t im Bereich der Fitness-Technologie macht.<\/p>\n<\/div>\n\n\n\n<div class=\"wp-block-column is-vertically-aligned-center is-layout-flow wp-block-column-is-layout-flow\">\n<figure class=\"wp-block-image size-full\"><img decoding=\"async\" src=\"https:\/\/evolve-fitness.eu\/wp-content\/uploads\/2023\/12\/motor.png\" alt=\"\" class=\"wp-image-9077\"\/><\/figure>\n<\/div>\n<\/div>\n\n\n\n<div class=\"wp-block-columns alignwide is-layout-flex wp-container-core-columns-is-layout-c45ee707 wp-block-columns-is-layout-flex\" style=\"margin-bottom:var(--wp--preset--spacing--side-padding);padding-top:var(--wp--preset--spacing--side-padding)\">\n<div class=\"wp-block-column is-vertically-aligned-center is-layout-flow wp-block-column-is-layout-flow\">\n<figure class=\"wp-block-image size-large\"><img decoding=\"async\" src=\"https:\/\/evolve-fitness.eu\/wp-content\/uploads\/2023\/12\/A7_05146-1024x683.jpg\" alt=\"\" class=\"wp-image-8962\"\/><\/figure>\n<\/div>\n\n\n\n<div class=\"wp-block-column is-vertically-aligned-center is-layout-flow wp-block-column-is-layout-flow\">\n<h3 class=\"wp-block-heading\" style=\"margin-bottom:var(--wp--preset--spacing--h-3-bottom)\"><strong><strong><strong>Digitale Schnittstelle<\/strong><\/strong><\/strong><\/h3>\n\n\n\n<p><strong><em>Die Evolve DIGITAL SERIES verf\u00fcgt \u00fcber eine fortschrittliche digitale Schnittstelle<\/em><\/strong><\/p>\n\n\n\n<p style=\"margin-bottom:var(--wp--preset--spacing--tb-section-padding)\">Der Bildschirm liefert Echtzeit-Feedback zu Ihrem Training. Diese Schnittstelle zeigt wichtige Kennzahlen wie Wiederholungen, Satzdauer und Muskeleinsatz an, so dass Sie Ihre Fortschritte verfolgen und Ihr Training f\u00fcr maximale Effizienz anpassen k\u00f6nnen. Das benutzerfreundliche Design stellt sicher, dass sowohl Anf\u00e4nger als auch erfahrene Benutzer leicht navigieren und diese Funktion f\u00fcr ein optimiertes Trainingserlebnis nutzen k\u00f6nnen.<\/p>\n\n\n\n<p><strong><em>Widerstandseinstellung und Flexibilit\u00e4t wie bei keinem anderen Ger\u00e4t<\/em><\/strong><\/p>\n\n\n\n<p style=\"margin-bottom:var(--wp--preset--spacing--tb-section-padding)\">Das Ger\u00e4t eignet sich f\u00fcr ein breites Spektrum von Fitnessniveaus und bietet einstellbare Widerstandsstufen. Dank dieser Flexibilit\u00e4t kann die Intensit\u00e4t des Trainings schrittweise gesteigert werden, was es ideal f\u00fcr ein progressives Krafttraining macht. Der nahtlose Verstellmechanismus sorgt f\u00fcr einen flie\u00dfenden \u00dcbergang zwischen verschiedenen Widerstandsstufen, so dass sich die Benutzer ohne Unterbrechung auf ihre Form und Technik konzentrieren k\u00f6nnen.<\/p>\n<\/div>\n<\/div>\n\n\n\n<div class=\"wp-block-columns alignwide is-layout-flex wp-container-core-columns-is-layout-c45ee707 wp-block-columns-is-layout-flex\" style=\"margin-bottom:var(--wp--preset--spacing--side-padding);padding-top:var(--wp--preset--spacing--side-padding)\">\n<div class=\"wp-block-column is-vertically-aligned-center is-layout-flow wp-block-column-is-layout-flow\">\n<h3 class=\"wp-block-heading\" style=\"margin-bottom:var(--wp--preset--spacing--h-3-bottom)\"><strong><strong><strong><strong><strong><strong><strong><strong><strong><strong>Trainingsmodus<\/strong><\/strong><\/strong><\/strong><\/strong><\/strong><\/strong><\/strong><\/strong><\/strong> &#8211; StandarD<\/h3>\n\n\n\n<p><strong><em>Konzentrisches Gewicht = Exzentrisches Gewicht<\/em><\/strong><\/p>\n\n\n\n<p style=\"margin-bottom:var(--wp--preset--spacing--tb-section-padding)\">Dies ist der traditionelle Modus, bei dem der Widerstand w\u00e4hrend der gesamten \u00dcbung konstant bleibt und eine stetige und gleichm\u00e4\u00dfige Herausforderung darstellt.<\/p>\n<\/div>\n\n\n\n<div class=\"wp-block-column is-vertically-aligned-center is-layout-flow wp-block-column-is-layout-flow\">\n<figure class=\"wp-block-image size-large\"><img decoding=\"async\" src=\"https:\/\/evolve-fitness.eu\/wp-content\/uploads\/2023\/12\/A7_05151-1024x683.jpg\" alt=\"\" class=\"wp-image-8973\"\/><\/figure>\n<\/div>\n<\/div>\n\n\n\n<div class=\"wp-block-columns alignwide is-layout-flex wp-container-core-columns-is-layout-c45ee707 wp-block-columns-is-layout-flex\" style=\"margin-bottom:var(--wp--preset--spacing--side-padding);padding-top:var(--wp--preset--spacing--side-padding)\">\n<div class=\"wp-block-column is-vertically-aligned-center is-layout-flow wp-block-column-is-layout-flow\">\n<figure class=\"wp-block-image size-large\"><img decoding=\"async\" src=\"https:\/\/evolve-fitness.eu\/wp-content\/uploads\/2023\/12\/A7_05153-1-1024x683.jpg\" alt=\"\" class=\"wp-image-8975\"\/><\/figure>\n<\/div>\n\n\n\n<div class=\"wp-block-column is-vertically-aligned-center is-layout-flow wp-block-column-is-layout-flow\">\n<h3 class=\"wp-block-heading\" style=\"margin-bottom:var(--wp--preset--spacing--h-3-bottom)\"><strong><strong><strong><strong><strong><strong><strong><strong><strong><strong><strong><strong><strong><strong>Trainingsmodus<\/strong><\/strong><\/strong><\/strong><\/strong><\/strong><\/strong><\/strong><\/strong><\/strong> &#8211; <\/strong><\/strong><\/strong><\/strong>Exzentrisch<\/h3>\n\n\n\n<p><strong><em>Konzentrisches Gewicht &lt; Exzentrisches Gewicht<\/em><\/strong><\/p>\n\n\n\n<p style=\"margin-bottom:var(--wp--preset--spacing--tb-section-padding)\">In diesem Modus erh\u00f6ht sich der Widerstand w\u00e4hrend der exzentrischen (absenkenden) Phase der \u00dcbung, was die St\u00e4rkung und das Wachstum der Muskeln f\u00f6rdert, da der Schwerpunkt auf der Verl\u00e4ngerung des Muskels liegt. Die Muskeln werden st\u00e4rker stimuliert, und die Effizienz des Muskelwachstums ist h\u00f6her.<\/p>\n<\/div>\n<\/div>\n\n\n\n<div class=\"wp-block-columns alignwide is-layout-flex wp-container-core-columns-is-layout-c45ee707 wp-block-columns-is-layout-flex\" style=\"margin-bottom:var(--wp--preset--spacing--side-padding);padding-top:var(--wp--preset--spacing--side-padding)\">\n<div class=\"wp-block-column is-vertically-aligned-center is-layout-flow wp-block-column-is-layout-flow\">\n<h3 class=\"wp-block-heading\" style=\"margin-bottom:var(--wp--preset--spacing--h-3-bottom)\"><strong><strong><strong><strong><strong><strong><strong><strong><strong><strong><strong><strong><strong><strong><strong><strong><strong><strong><strong><strong>Trainingsmodus<\/strong><\/strong><\/strong><\/strong><\/strong><\/strong><\/strong><\/strong><\/strong><\/strong> &#8211;  <\/strong><\/strong><\/strong><\/strong><\/strong><\/strong><\/strong><\/strong><\/strong><\/strong>isokinetisch<\/h3>\n\n\n\n<p><strong><em>Geschwindigkeit = Widerstand<\/em><\/strong><\/p>\n\n\n\n<p style=\"margin-bottom:var(--wp--preset--spacing--tb-section-padding)\">In diesem Modus bleibt die Geschwindigkeit der Bewegung konstant, unabh\u00e4ngig von der aufgebrachten Kraft. Es ist besonders n\u00fctzlich f\u00fcr die Rehabilitation und f\u00fcr eine kontrollierte Muskelaktivierung.<\/p>\n<\/div>\n\n\n\n<div class=\"wp-block-column is-vertically-aligned-center is-layout-flow wp-block-column-is-layout-flow\">\n<figure class=\"wp-block-image size-large\"><img decoding=\"async\" src=\"https:\/\/evolve-fitness.eu\/wp-content\/uploads\/2023\/12\/A7_05154-1024x683.jpg\" alt=\"\" class=\"wp-image-8977\"\/><\/figure>\n<\/div>\n<\/div>\n\n\n\n<div class=\"wp-block-columns alignwide is-layout-flex wp-container-core-columns-is-layout-c45ee707 wp-block-columns-is-layout-flex\" style=\"margin-bottom:var(--wp--preset--spacing--side-padding);padding-top:var(--wp--preset--spacing--side-padding)\">\n<div class=\"wp-block-column is-vertically-aligned-center is-layout-flow wp-block-column-is-layout-flow\">\n<figure class=\"wp-block-image size-large\"><img decoding=\"async\" src=\"https:\/\/evolve-fitness.eu\/wp-content\/uploads\/2023\/12\/A7_05156-1024x683.jpg\" alt=\"\" class=\"wp-image-8979\"\/><\/figure>\n<\/div>\n\n\n\n<div class=\"wp-block-column is-vertically-aligned-center is-layout-flow wp-block-column-is-layout-flow\">\n<h3 class=\"wp-block-heading\" style=\"margin-bottom:var(--wp--preset--spacing--h-3-bottom)\"><strong><strong><strong><strong><strong><strong><strong><strong><strong><strong><strong><strong><strong><strong>Trainingsmodus<\/strong><\/strong><\/strong><\/strong><\/strong><\/strong><\/strong><\/strong><\/strong><\/strong> &#8211; <\/strong><\/strong><\/strong><\/strong>elastisch<\/h3>\n\n\n\n<p><strong><em>Kabel &gt; Widerstand<\/em><\/strong><\/p>\n\n\n\n<p style=\"margin-bottom:var(--wp--preset--spacing--tb-section-padding)\">Je l\u00e4nger das Ausziehseil ist, desto gr\u00f6\u00dfer ist der Widerstand. Dieser Modus simuliert die Erfahrung des elastischen Widerstands, wie bei der Arbeit mit Widerstandsb\u00e4ndern, und bietet eine einzigartige Herausforderung und Variabilit\u00e4t f\u00fcr das Training. Wirksamer f\u00fcr explosives Training.<\/p>\n<\/div>\n<\/div>\n\n\n\n<div class=\"wp-block-columns alignwide is-layout-flex wp-container-core-columns-is-layout-c45ee707 wp-block-columns-is-layout-flex\" style=\"margin-bottom:var(--wp--preset--spacing--side-padding);padding-top:var(--wp--preset--spacing--side-padding)\">\n<div class=\"wp-block-column is-vertically-aligned-center is-layout-flow wp-block-column-is-layout-flow\">\n<h3 class=\"wp-block-heading\" style=\"margin-bottom:var(--wp--preset--spacing--h-3-bottom)\"><strong><strong><strong><strong>Ergonomisches Design<\/strong><\/strong><\/strong><\/strong><\/h3>\n\n\n\n<p><strong><em>Das ergonomische Design legt den Schwerpunkt auf Benutzerkomfort und Sicherheit<\/em><\/strong><\/p>\n\n\n\n<p style=\"margin-bottom:var(--wp--preset--spacing--tb-section-padding)\">Die Ger\u00e4te sind so konstruiert, dass sie sich den nat\u00fcrlichen Bewegungen des K\u00f6rpers anpassen, das Verletzungsrisiko verringern und einen effektiven Muskeleinsatz gew\u00e4hrleisten. Die konturierten Sitze und die strategisch platzierten Griffe verbessern die Stabilit\u00e4t und Kontrolle w\u00e4hrend des Trainings und machen das Ger\u00e4t zu einer bequemen und sicheren Wahl f\u00fcr alle Benutzer.<\/p>\n<\/div>\n\n\n\n<div class=\"wp-block-column is-vertically-aligned-center is-layout-flow wp-block-column-is-layout-flow\">\n<figure class=\"wp-block-image size-large\"><img decoding=\"async\" src=\"https:\/\/evolve-fitness.eu\/wp-content\/uploads\/2023\/12\/A7_05070-1024x683.jpg\" alt=\"\" class=\"wp-image-8994\"\/><\/figure>\n<\/div>\n<\/div>\n\n\n\n<div class=\"wp-block-columns alignwide is-layout-flex wp-container-core-columns-is-layout-c45ee707 wp-block-columns-is-layout-flex\" style=\"margin-bottom:var(--wp--preset--spacing--side-padding);padding-top:var(--wp--preset--spacing--side-padding)\">\n<div class=\"wp-block-column is-vertically-aligned-center is-layout-flow wp-block-column-is-layout-flow\">\n<figure class=\"wp-block-image size-large\"><img decoding=\"async\" src=\"https:\/\/evolve-fitness.eu\/wp-content\/uploads\/2023\/12\/Box-1024x683.png\" alt=\"\" class=\"wp-image-10394\"\/><\/figure>\n<\/div>\n\n\n\n<div class=\"wp-block-column is-vertically-aligned-center is-layout-flow wp-block-column-is-layout-flow\">\n<h3 class=\"wp-block-heading\" style=\"margin-bottom:var(--wp--preset--spacing--h-3-bottom)\"><strong><strong><strong><strong><strong><strong><strong><strong><strong><strong>Robuste Konstruktion<\/strong><\/strong><\/strong><\/strong><\/strong><\/strong><\/strong><\/strong><\/strong><\/strong><\/h3>\n\n\n\n<p><strong><em>Gebaut, um den Strapazen intensiver Trainingseinheiten standzuhalten<\/em><\/strong><\/p>\n\n\n\n<p style=\"margin-bottom:var(--wp--preset--spacing--tb-section-padding)\">Hochwertige Materialien und eine robuste Bauweise garantieren eine lange Lebensdauer und Zuverl\u00e4ssigkeit. Dieses Design gew\u00e4hrleistet nicht nur die Sicherheit der Benutzer, sondern bietet auch eine gleichbleibende Leistung \u00fcber einen langen Zeitraum, was es zu einer wertvollen Investition f\u00fcr Fitnessstudios und professionelle Fitnesszentren macht.<\/p>\n<\/div>\n<\/div>\n<\/section>\n","protected":false},"excerpt":{"rendered":"<p>Die hochmodernen Ger\u00e4te von Evolve vereinen robustes Design und digitale Innovation zu einem unvergleichlichen Trainingserlebnis.(EV-SC-DS-416) Die fortschrittliche Biomechanik sorgt f\u00fcr eine optimale Beanspruchung der Muskeln, w\u00e4hrend die digitale Schnittstelle Echtzeit-Feedback liefert, um Ihre Fortschritte zu verfolgen. Ideal sowohl f\u00fcr Anf\u00e4nger als auch f\u00fcr erfahrene Sportler. Es erm\u00f6glicht eine Reihe von \u00dcbungen, die Ihre Brust- und Schultermuskulatur wie kein anderes Ger\u00e4t ansprechen und st\u00e4rken. Erleben Sie die perfekte Mischung aus Technologie und Leistung mit der Evolve DIGITAL SERIES, Ihrem Partner auf dem Weg zu h\u00f6chster k\u00f6rperlicher Fitness.<\/p>\n","protected":false},"featured_media":91818,"template":"","meta":{"_acf_changed":false,"inline_featured_image":false},"product_cat":[118,128],"product_tag":[],"class_list":{"0":"post-6669","1":"product","2":"type-product","3":"status-publish","4":"has-post-thumbnail","6":"product_cat-hauptseite","7":"product_cat-maschinen-mit-digitaler-starkeauswahl","9":"first","10":"outofstock","11":"shipping-taxable","12":"purchasable","13":"product-type-simple"},"acf":[],"_links":{"self":[{"href":"https:\/\/store.evolve-fitness.eu\/de\/wp-json\/wp\/v2\/product\/6669","targetHints":{"allow":["GET"]}}],"collection":[{"href":"https:\/\/store.evolve-fitness.eu\/de\/wp-json\/wp\/v2\/product"}],"about":[{"href":"https:\/\/store.evolve-fitness.eu\/de\/wp-json\/wp\/v2\/types\/product"}],"wp:featuredmedia":[{"embeddable":true,"href":"https:\/\/store.evolve-fitness.eu\/de\/wp-json\/wp\/v2\/media\/91818"}],"wp:attachment":[{"href":"https:\/\/store.evolve-fitness.eu\/de\/wp-json\/wp\/v2\/media?parent=6669"}],"wp:term":[{"taxonomy":"product_cat","embeddable":true,"href":"https:\/\/store.evolve-fitness.eu\/de\/wp-json\/wp\/v2\/product_cat?post=6669"},{"taxonomy":"product_tag","embeddable":true,"href":"https:\/\/store.evolve-fitness.eu\/de\/wp-json\/wp\/v2\/product_tag?post=6669"}],"curies":[{"name":"wp","href":"https:\/\/api.w.org\/{rel}","templated":true}]}}