{"id":6668,"date":"2024-01-30T15:28:09","date_gmt":"2024-01-30T15:28:09","guid":{"rendered":"https:\/\/store.evolve-fitness.eu\/produktas\/evolve-ultra-series-plate-loaded-low-row\/"},"modified":"2024-02-27T12:37:42","modified_gmt":"2024-02-27T12:37:42","slug":"evolve-ultra-series-plate-loaded-low-row","status":"publish","type":"product","link":"https:\/\/store.evolve-fitness.eu\/de\/produkt\/evolve-ultra-series-plate-loaded-low-row\/","title":{"rendered":"Evolve Ultra Series Plate Loaded Low Row"},"content":{"rendered":"\n<p> <\/p>\n\n<section class=\"wp-block-group alignfull black-content has-white-color has-darkgray-background-color has-text-color has-background is-layout-constrained wp-block-group-is-layout-constrained\" style=\"padding-top:var(--wp--preset--spacing--section-bottom);padding-bottom:var(--wp--preset--spacing--section-bottom)\">\n<h3 class=\"wp-block-heading has-text-align-center\"><strong><strong><strong>EVOLVE PLATE LOADED ULTRA SERIES<\/strong><\/strong><\/strong><\/h3>\n\n\n\n<p>Die Evolve Plate Loaded Ultra Series ist der Inbegriff von Exzellenz und bietet Premiumqualit\u00e4t zum bestm\u00f6glichen Preis. Verbessern Sie Ihr Krafttraining mit Ger\u00e4ten, die Luxus, Leistung und Erschwinglichkeit miteinander verbinden. Entdecken Sie noch heute das komplette Sortiment und erleben Sie Fitness wie nie zuvor.<\/p>\n\n\n\n<section class=\"wp-block-group alignfull black-content has-white-color has-darkgray-background-color has-text-color has-background is-layout-constrained wp-block-group-is-layout-constrained\" style=\"padding-top:var(--wp--preset--spacing--section-bottom);padding-bottom:var(--wp--preset--spacing--section-bottom)\">\n<div class=\"wp-block-columns alignwide mobile-reverse is-layout-flex wp-container-core-columns-is-layout-ca64bf2d wp-block-columns-is-layout-flex\" style=\"margin-bottom:var(--wp--preset--spacing--side-padding)\">\n<div class=\"wp-block-column is-vertically-aligned-center is-layout-flow wp-block-column-is-layout-flow\">\n<h3 class=\"wp-block-heading\" style=\"margin-bottom:var(--wp--preset--spacing--h-3-bottom)\"><strong><strong><strong><strong><strong>Dick gepolstert<\/strong><\/strong><\/strong><\/strong><\/strong><\/h3>\n\n\n\n<p><strong><em><strong><strong><strong>H\u00f6chster Komfort und Langlebigkeit<\/strong><\/strong><\/strong><\/em><\/strong><\/p>\n\n\n\n<p style=\"margin-bottom:var(--wp--preset--spacing--tb-section-padding)\">Unsere dicke Polsterung bietet un\u00fcbertroffenen Komfort w\u00e4hrend des Trainings und gew\u00e4hrleistet eine lange Lebensdauer. Diese Funktion macht Ihre Trainingseinheiten zu einem angenehmen Erlebnis.<\/p>\n\n\n\n<h3 class=\"wp-block-heading\" style=\"margin-bottom:var(--wp--preset--spacing--h-3-bottom)\"><strong><strong><strong><strong><strong><strong><strong>Gezielter Muskeleinsatz<\/strong><\/strong><\/strong><\/strong><\/strong><\/strong><\/strong><\/h3>\n\n\n\n<p><strong><em><strong><strong><strong><strong><strong>Unilaterale Armbewegung (bei einigen Ger\u00e4ten verf\u00fcgbar)<\/strong><\/strong><\/strong><\/strong><\/strong><\/em><\/strong><\/p>\n\n\n\n<p>F\u00fcr diejenigen, die Vielseitigkeit suchen, bieten ausgew\u00e4hlte Ger\u00e4te der Ultra Series eine <strong>einseitige Armbewegung<\/strong>. So k\u00f6nnen Sie bestimmte Muskelgruppen effektiv ansprechen und Ihr Fitnessprogramm individuell gestalten.<\/p>\n<\/div>\n\n\n\n<div class=\"wp-block-column is-vertically-aligned-center is-layout-flow wp-block-column-is-layout-flow\">\n<figure class=\"wp-block-image size-large is-resized is-style-rounded\"><img decoding=\"async\" src=\"https:\/\/evolve-fitness.eu\/wp-content\/uploads\/2023\/09\/EV-PL-PR-010-Chest-Press-edited-1024x1024.jpg\" alt=\"\" class=\"wp-image-3434\" style=\"width:643px;height:706px\"\/><\/figure>\n<\/div>\n<\/div>\n\n\n\n<div class=\"wp-block-columns alignwide mobile-reverse is-layout-flex wp-container-core-columns-is-layout-ca64bf2d wp-block-columns-is-layout-flex\" style=\"margin-bottom:var(--wp--preset--spacing--side-padding)\">\n<div class=\"wp-block-column is-vertically-aligned-center is-layout-flow wp-block-column-is-layout-flow\">\n<figure class=\"wp-block-image alignleft size-large is-resized is-style-rounded\"><img decoding=\"async\" src=\"https:\/\/evolve-fitness.eu\/wp-content\/uploads\/2023\/09\/EV-PL-PR-040-Low-Row-1-1024x1024.jpg\" alt=\"\" class=\"wp-image-3454\" style=\"object-fit:cover;width:590px;height:787px\"\/><\/figure>\n<\/div>\n\n\n\n<div class=\"wp-block-column is-vertically-aligned-center is-layout-flow wp-block-column-is-layout-flow\">\n<h3 class=\"wp-block-heading\" style=\"margin-bottom:var(--wp--preset--spacing--h-3-bottom)\"><strong><strong><strong><strong>Einstellbare Sitzposition<\/strong><\/strong><\/strong><\/strong><\/h3>\n\n\n\n<p><strong><strong>Einfache Anpassung in leuchtendem Gelb<\/strong><\/strong><\/p>\n\n\n\n<p style=\"margin-bottom:var(--wp--preset--spacing--tb-section-padding)\">Unsere Maschinen verf\u00fcgen \u00fcber eine <strong>verstellbare Sitzposition<\/strong> mit Einstellkn\u00f6pfen und Griffen in leuchtendem, gut sichtbarem Gelb. Dieses benutzerfreundliche Design erm\u00f6glicht eine m\u00fchelose Anpassung, damit Ihr Training Ihren W\u00fcnschen entspricht.<\/p>\n\n\n\n<h3 class=\"wp-block-heading\" style=\"margin-bottom:var(--wp--preset--spacing--h-3-bottom)\"><strong><strong><strong><strong><strong><strong><strong><strong>Kompromisslose Langlebigkeit<\/strong><\/strong><\/strong><\/strong><\/strong><\/strong><\/strong><\/strong><\/h3>\n\n\n\n<p><strong><em><strong><strong><strong><strong><strong>Bolzen und Muttern aus rostfreiem Stahl<\/strong><\/strong><\/strong><\/strong><\/strong><\/em><\/strong><\/p>\n\n\n\n<p>Bei der Ultra-Serie z\u00e4hlt jedes Detail. Deshalb sind alle Schrauben und Muttern aus <strong>rostfreiem Stahl<\/strong> gefertigt, um kompromisslose Haltbarkeit und Langlebigkeit zu gew\u00e4hrleisten.<\/p>\n<\/div>\n<\/div>\n\n\n\n<div class=\"wp-block-columns alignwide mobile-reverse is-layout-flex wp-container-core-columns-is-layout-ca64bf2d wp-block-columns-is-layout-flex\" style=\"margin-bottom:var(--wp--preset--spacing--side-padding)\">\n<div class=\"wp-block-column is-vertically-aligned-center is-layout-flow wp-block-column-is-layout-flow\">\n<h3 class=\"wp-block-heading\" style=\"margin-bottom:var(--wp--preset--spacing--h-3-bottom)\"><strong><strong><strong><strong>Rutschfeste Griffe<\/strong><\/strong><\/strong><\/strong><\/h3>\n\n\n\n<p><strong><em><strong><strong><strong><strong><strong><strong><strong>Sicherer Griff f\u00fcr Sicherheit und Zuversicht<\/strong><\/strong><\/strong><\/strong><\/strong><\/strong><\/strong><\/em><\/strong><\/p>\n\n\n\n<p style=\"margin-bottom:var(--wp--preset--spacing--tb-section-padding)\">Einige B\u00e4nke der Econ-Serie bieten eine <strong>verstellbare Sitzposition<\/strong>, mit der Sie Ihr Training individuell gestalten k\u00f6nnen, um ein Maximum an Komfort und \u00dcbungsvielfalt zu erreichen.<\/p>\n\n\n\n<h3 class=\"wp-block-heading\" style=\"margin-bottom:var(--wp--preset--spacing--h-3-bottom)\"><strong><strong><strong><strong><strong><strong><strong>Langlebige Bodenschoner<\/strong><\/strong><\/strong><\/strong><\/strong><\/strong><\/strong><\/h3>\n\n\n\n<p><strong><em><strong><strong><strong><strong>Erhalten Sie Ihren Fitnessstudio-Bodenbelag<\/strong><\/strong><\/strong><\/strong><\/em><\/strong><\/p>\n\n\n\n<p>Unsere Ger\u00e4te sind mit <strong>langlebigen Bodensch\u00fctzern<\/strong> ausgestattet, die Ihr Fitnessstudio auch bei intensivem Training vor Besch\u00e4digungen und Kratzern sch\u00fctzen.<\/p>\n\n\n\n<h3 class=\"wp-block-heading\" style=\"margin-bottom:var(--wp--preset--spacing--h-3-bottom)\"><strong><strong><strong><strong><strong>Organisiert und effizient<\/strong><\/strong><\/strong><\/strong><\/strong><\/h3>\n\n\n\n<p><strong><em><strong><strong><strong><strong><strong><strong><strong><strong>Stifte f\u00fcr Hantelscheibenlagerung<\/strong><\/strong><\/strong><\/strong><\/strong><\/strong><\/strong><\/strong><\/em><\/strong><\/p>\n\n\n\n<p style=\"margin-bottom:var(--wp--preset--spacing--tb-section-padding)\">Sorgen Sie f\u00fcr Ordnung und Effizienz mit den <strong>Hantelscheibenhalterungen<\/strong>. Halten Sie Ihre Teller in Reichweite, um Ihre Trainingseinheiten zu rationalisieren.<\/p>\n<\/div>\n\n\n\n<div class=\"wp-block-column is-vertically-aligned-center is-layout-flow wp-block-column-is-layout-flow\">\n<figure class=\"wp-block-image size-large is-resized is-style-rounded\"><img decoding=\"async\" src=\"https:\/\/evolve-fitness.eu\/wp-content\/uploads\/2023\/09\/EV-PL-PR-100-1-1024x1024.jpg\" alt=\"\" class=\"wp-image-3470\" style=\"object-fit:cover;width:578px;height:771px\"\/><\/figure>\n<\/div>\n<\/div>\n\n\n\n<div class=\"wp-block-columns alignwide mobile-reverse is-layout-flex wp-container-core-columns-is-layout-ca64bf2d wp-block-columns-is-layout-flex\" style=\"margin-bottom:var(--wp--preset--spacing--side-padding)\">\n<div class=\"wp-block-column is-vertically-aligned-center is-layout-flow wp-block-column-is-layout-flow\">\n<figure class=\"wp-block-image size-large is-resized is-style-rounded\"><img decoding=\"async\" src=\"https:\/\/evolve-fitness.eu\/wp-content\/uploads\/2023\/09\/EV-PL-PR-140-Standing-Leg-Curl-1024x1024.jpg\" alt=\"\" class=\"wp-image-3479\" style=\"object-fit:cover;width:630px;height:630px\"\/><\/figure>\n<\/div>\n\n\n\n<div class=\"wp-block-column is-vertically-aligned-center is-layout-flow wp-block-column-is-layout-flow\">\n<h3 class=\"wp-block-heading\" style=\"margin-bottom:var(--wp--preset--spacing--h-3-bottom)\"><strong><strong><strong><strong><strong><strong><strong>Langlebige Bodenschoner<\/strong><\/strong><\/strong><\/strong><\/strong><\/strong><\/strong><\/h3>\n\n\n\n<p><strong><em><strong><strong><strong><strong>Erhalten Sie Ihren Fitnessstudio-Bodenbelag<\/strong><\/strong><\/strong><\/strong><\/em><\/strong><\/p>\n\n\n\n<p>Unsere Ger\u00e4te sind mit <strong>langlebigen Bodensch\u00fctzern<\/strong> ausgestattet, die Ihr Fitnessstudio auch bei intensivem Training vor Besch\u00e4digungen und Kratzern sch\u00fctzen.<\/p>\n\n\n\n<h3 class=\"wp-block-heading\" style=\"margin-bottom:var(--wp--preset--spacing--h-3-bottom)\"><strong><strong><strong><strong><strong><strong><strong><strong>Dauerhafte Leistung<\/strong><\/strong><\/strong><\/strong><\/strong><\/strong><\/strong><\/strong><\/h3>\n\n\n\n<p><strong><em><strong><strong><strong><strong><strong>Hochwertiges, strapazierf\u00e4higes PU-Leder<\/strong><\/strong><\/strong><\/strong><\/strong><\/em><\/strong><\/p>\n\n\n\n<p>Erleben Sie au\u00dfergew\u00f6hnlichen Komfort und Leistung mit unserer <strong>hochwertigen, strapazierf\u00e4higen PU-Lederpolsterung<\/strong>. Es kombiniert Haltbarkeit mit optischer Attraktivit\u00e4t und bietet so den besten Fitness-Luxus.<\/p>\n\n\n\n<h3 class=\"wp-block-heading\" style=\"margin-bottom:var(--wp--preset--spacing--h-3-bottom)\"><strong><strong><strong><strong><strong><strong><strong><strong><strong>Dauerhaftes Finish<\/strong><\/strong><\/strong><\/strong><\/strong><\/strong><\/strong><\/strong><\/strong><\/h3>\n\n\n\n<p><strong><em><strong><strong><strong><strong><strong><strong>Elektrostatisches Spritzen von duroplastischen Pulvern<\/strong><\/strong><\/strong><\/strong><\/strong><\/strong><\/em><\/strong><\/p>\n\n\n\n<p>Unsere Maschinen verf\u00fcgen \u00fcber eine <strong>elektrostatische Duroplast-Pulver-Spr\u00fchtechnologie<\/strong>, die eine dauerhafte Oberfl\u00e4che gew\u00e4hrleistet. Durch diese fortschrittliche Beschichtung bleibt das optische Erscheinungsbild der Ger\u00e4te langfristig erhalten.<\/p>\n<\/div>\n<\/div>\n<\/section>\n<\/section>\n","protected":false},"excerpt":{"rendered":"<p>Peppen Sie Ihr Fitnessstudio mit dem Evolve Ultra Series Plate Loaded Low Row UL-040 auf. Das Ger\u00e4t wurde f\u00fcr den kommerziellen Einsatz entwickelt und eignet sich perfekt f\u00fcr das Training der R\u00fcckenmuskulatur. Mit seinem stabilen Stahlrahmen, den rutschfesten Griffen und den 4 integrierten Hantelscheibenstangen vereint er Haltbarkeit, Sicherheit und Komfort. Sie k\u00f6nnen die Farben sogar an das Branding Ihres Fitnessstudios anpassen. Dieses Ger\u00e4t f\u00f6rdert eine korrekte K\u00f6rperhaltung, Gelenkstabilit\u00e4t und einseitige Armbewegungen, was es zu einer vielseitigen Erg\u00e4nzung f\u00fcr jedes Fitnessstudio macht. Verbessern Sie Ihr Fitnessstudio mit dem Evolve Low Row.<\/p>\n","protected":false},"featured_media":61083,"template":"","meta":{"_acf_changed":false,"inline_featured_image":false},"product_cat":[118,134,135],"product_tag":[],"class_list":{"0":"post-6668","1":"product","2":"type-product","3":"status-publish","4":"has-post-thumbnail","6":"product_cat-hauptseite","7":"product_cat-maschinen-mit-plattenbeladung","8":"product_cat-ultra-series-platte-belastet","10":"first","11":"instock","12":"shipping-taxable","13":"purchasable","14":"product-type-simple"},"acf":[],"_links":{"self":[{"href":"https:\/\/store.evolve-fitness.eu\/de\/wp-json\/wp\/v2\/product\/6668","targetHints":{"allow":["GET"]}}],"collection":[{"href":"https:\/\/store.evolve-fitness.eu\/de\/wp-json\/wp\/v2\/product"}],"about":[{"href":"https:\/\/store.evolve-fitness.eu\/de\/wp-json\/wp\/v2\/types\/product"}],"wp:featuredmedia":[{"embeddable":true,"href":"https:\/\/store.evolve-fitness.eu\/de\/wp-json\/wp\/v2\/media\/61083"}],"wp:attachment":[{"href":"https:\/\/store.evolve-fitness.eu\/de\/wp-json\/wp\/v2\/media?parent=6668"}],"wp:term":[{"taxonomy":"product_cat","embeddable":true,"href":"https:\/\/store.evolve-fitness.eu\/de\/wp-json\/wp\/v2\/product_cat?post=6668"},{"taxonomy":"product_tag","embeddable":true,"href":"https:\/\/store.evolve-fitness.eu\/de\/wp-json\/wp\/v2\/product_tag?post=6668"}],"curies":[{"name":"wp","href":"https:\/\/api.w.org\/{rel}","templated":true}]}}