{"id":6665,"date":"2024-01-29T13:30:51","date_gmt":"2024-01-29T13:30:51","guid":{"rendered":"https:\/\/store.evolve-fitness.eu\/produktas\/evolve-ultra-serie-platte-beladen-front-pull-down\/"},"modified":"2024-05-27T07:55:52","modified_gmt":"2024-05-27T07:55:52","slug":"evolve-ultra-serie-platte-beladen-front-pull-down","status":"publish","type":"product","link":"https:\/\/store.evolve-fitness.eu\/de\/produkt\/evolve-ultra-serie-platte-beladen-front-pull-down\/","title":{"rendered":"Evolve Ultra Serie Platte beladen Front Pull Down"},"content":{"rendered":"\n<section class=\"wp-block-group alignfull black-content has-white-color has-darkgray-background-color has-text-color has-background is-layout-constrained wp-block-group-is-layout-constrained\" style=\"padding-top:var(--wp--preset--spacing--section-bottom);padding-bottom:var(--wp--preset--spacing--section-bottom)\">\n<h3 class=\"wp-block-heading has-text-align-center\"><strong><strong><strong>EVOLVE PLATE LOADED ULTRA SERIES<\/strong><\/strong><\/strong><\/h3>\n\n\n\n<p>Die Evolve Plate Loaded Ultra Series ist der Inbegriff von Exzellenz und bietet Premiumqualit\u00e4t zum bestm\u00f6glichen Preis. Verbessern Sie Ihr Krafttraining mit Ger\u00e4ten, die Luxus, Leistung und Erschwinglichkeit miteinander verbinden. Entdecken Sie noch heute das komplette Sortiment und erleben Sie Fitness wie nie zuvor.<\/p>\n\n\n\n<section class=\"wp-block-group alignfull black-content has-white-color has-darkgray-background-color has-text-color has-background is-layout-constrained wp-block-group-is-layout-constrained\" style=\"padding-top:var(--wp--preset--spacing--section-bottom);padding-bottom:var(--wp--preset--spacing--section-bottom)\">\n<div class=\"wp-block-columns alignwide mobile-reverse is-layout-flex wp-container-core-columns-is-layout-ca64bf2d wp-block-columns-is-layout-flex\" style=\"margin-bottom:var(--wp--preset--spacing--side-padding)\">\n<div class=\"wp-block-column is-vertically-aligned-center is-layout-flow wp-block-column-is-layout-flow\">\n<figure class=\"wp-block-image alignleft size-full is-resized is-style-rounded\"><img loading=\"lazy\" decoding=\"async\" width=\"810\" height=\"810\" src=\"https:\/\/store.evolve-fitness.eu\/wp-content\/uploads\/2024\/05\/Dizainas-be-pavadinimo-77.png\" alt=\"\" class=\"wp-image-62775\" style=\"aspect-ratio:1.1333333333333333;object-fit:cover;width:878px;height:auto\" srcset=\"https:\/\/store.evolve-fitness.eu\/wp-content\/uploads\/2024\/05\/Dizainas-be-pavadinimo-77.png 810w, https:\/\/store.evolve-fitness.eu\/wp-content\/uploads\/2024\/05\/Dizainas-be-pavadinimo-77-300x300.png 300w, https:\/\/store.evolve-fitness.eu\/wp-content\/uploads\/2024\/05\/Dizainas-be-pavadinimo-77-150x150.png 150w, https:\/\/store.evolve-fitness.eu\/wp-content\/uploads\/2024\/05\/Dizainas-be-pavadinimo-77-768x768.png 768w, https:\/\/store.evolve-fitness.eu\/wp-content\/uploads\/2024\/05\/Dizainas-be-pavadinimo-77-600x600.png 600w, https:\/\/store.evolve-fitness.eu\/wp-content\/uploads\/2024\/05\/Dizainas-be-pavadinimo-77-100x100.png 100w\" sizes=\"auto, (max-width: 810px) 100vw, 810px\" \/><\/figure>\n<\/div>\n\n\n\n<div class=\"wp-block-column is-vertically-aligned-center is-layout-flow wp-block-column-is-layout-flow\">\n<h3 class=\"wp-block-heading\" style=\"margin-bottom:var(--wp--preset--spacing--h-3-bottom)\"><strong><strong><strong><strong>Einstellbare Sitzposition<\/strong><\/strong><\/strong><\/strong><\/h3>\n\n\n\n<p><strong><strong>Einfache Anpassung in leuchtendem Gelb<\/strong><\/strong><\/p>\n\n\n\n<p style=\"margin-bottom:var(--wp--preset--spacing--tb-section-padding)\">Unsere Maschinen verf\u00fcgen \u00fcber eine <strong>verstellbare Sitzposition<\/strong> mit Einstellkn\u00f6pfen und Griffen in leuchtendem, gut sichtbarem Gelb. Dieses benutzerfreundliche Design erm\u00f6glicht eine m\u00fchelose Anpassung, damit Ihr Training Ihren W\u00fcnschen entspricht.<\/p>\n\n\n\n<h3 class=\"wp-block-heading\" style=\"margin-bottom:var(--wp--preset--spacing--h-3-bottom)\"><strong><strong><strong><strong><strong><strong><strong><strong>Kompromisslose Langlebigkeit<\/strong><\/strong><\/strong><\/strong><\/strong><\/strong><\/strong><\/strong><\/h3>\n\n\n\n<p><strong><em><strong><strong><strong><strong><strong>Bolzen und Muttern aus rostfreiem Stahl<\/strong><\/strong><\/strong><\/strong><\/strong><\/em><\/strong><\/p>\n\n\n\n<p>Bei der Ultra-Serie z\u00e4hlt jedes Detail. Deshalb sind alle Schrauben und Muttern aus <strong>rostfreiem Stahl<\/strong> gefertigt, um kompromisslose Haltbarkeit und Langlebigkeit zu gew\u00e4hrleisten.<\/p>\n<\/div>\n<\/div>\n\n\n\n<div class=\"wp-block-columns alignwide mobile-reverse is-layout-flex wp-container-core-columns-is-layout-ca64bf2d wp-block-columns-is-layout-flex\" style=\"margin-bottom:var(--wp--preset--spacing--side-padding)\">\n<div class=\"wp-block-column is-vertically-aligned-center is-layout-flow wp-block-column-is-layout-flow\">\n<h3 class=\"wp-block-heading\"><strong>RUTSCHFESTE GRIFFE<\/strong><\/h3>\n\n\n\n<p><strong><em><strong>Sicherer Griff f\u00fcr Sicherheit und Zuversicht<\/strong><\/em><\/strong><\/p>\n\n\n\n<p style=\"margin-bottom:var(--wp--preset--spacing--tb-section-padding)\">Setzen Sie auf Sicherheit und Vertrauen mit unseren <strong>rutschfesten Griffen<\/strong>. Sie bieten einen sicheren Halt und verringern das Unfallrisiko beim Training.<\/p>\n\n\n\n<h3 class=\"wp-block-heading\" style=\"margin-bottom:var(--wp--preset--spacing--h-3-bottom)\"><strong><strong><strong><strong><strong><strong><strong>Langlebige Bodenschoner<\/strong><\/strong><\/strong><\/strong><\/strong><\/strong><\/strong><\/h3>\n\n\n\n<p><strong><em><strong><strong><strong><strong>Erhalten Sie Ihren Fitnessstudio-Bodenbelag<\/strong><\/strong><\/strong><\/strong><\/em><\/strong><\/p>\n\n\n\n<p style=\"margin-bottom:var(--wp--preset--spacing--tb-section-padding)\">Unsere Ger\u00e4te sind mit <strong>langlebigen Bodensch\u00fctzern<\/strong> ausgestattet, die Ihr Fitnessstudio auch bei intensivem Training vor Besch\u00e4digungen und Kratzern sch\u00fctzen.<\/p>\n<\/div>\n\n\n\n<div class=\"wp-block-column is-vertically-aligned-center is-layout-flow wp-block-column-is-layout-flow\">\n<figure class=\"wp-block-image size-full is-resized is-style-rounded\"><img loading=\"lazy\" decoding=\"async\" width=\"810\" height=\"810\" src=\"https:\/\/store.evolve-fitness.eu\/wp-content\/uploads\/2024\/05\/Dizainas-be-pavadinimo-76.png\" alt=\"\" class=\"wp-image-62800\" style=\"aspect-ratio:0.7496757457846952;object-fit:cover;width:713px;height:auto\" srcset=\"https:\/\/store.evolve-fitness.eu\/wp-content\/uploads\/2024\/05\/Dizainas-be-pavadinimo-76.png 810w, https:\/\/store.evolve-fitness.eu\/wp-content\/uploads\/2024\/05\/Dizainas-be-pavadinimo-76-300x300.png 300w, https:\/\/store.evolve-fitness.eu\/wp-content\/uploads\/2024\/05\/Dizainas-be-pavadinimo-76-150x150.png 150w, https:\/\/store.evolve-fitness.eu\/wp-content\/uploads\/2024\/05\/Dizainas-be-pavadinimo-76-768x768.png 768w, https:\/\/store.evolve-fitness.eu\/wp-content\/uploads\/2024\/05\/Dizainas-be-pavadinimo-76-600x600.png 600w, https:\/\/store.evolve-fitness.eu\/wp-content\/uploads\/2024\/05\/Dizainas-be-pavadinimo-76-100x100.png 100w\" sizes=\"auto, (max-width: 810px) 100vw, 810px\" \/><\/figure>\n<\/div>\n<\/div>\n\n\n\n<div class=\"wp-block-columns alignwide mobile-reverse is-layout-flex wp-container-core-columns-is-layout-ca64bf2d wp-block-columns-is-layout-flex\" style=\"margin-bottom:var(--wp--preset--spacing--side-padding)\">\n<div class=\"wp-block-column is-vertically-aligned-center is-layout-flow wp-block-column-is-layout-flow\">\n<figure class=\"wp-block-image size-full is-resized is-style-rounded\"><img loading=\"lazy\" decoding=\"async\" width=\"810\" height=\"810\" src=\"https:\/\/store.evolve-fitness.eu\/wp-content\/uploads\/2024\/05\/Dizainas-be-pavadinimo-78.png\" alt=\"\" class=\"wp-image-62825\" style=\"aspect-ratio:1.1333333333333333;object-fit:cover;width:805px;height:auto\" srcset=\"https:\/\/store.evolve-fitness.eu\/wp-content\/uploads\/2024\/05\/Dizainas-be-pavadinimo-78.png 810w, https:\/\/store.evolve-fitness.eu\/wp-content\/uploads\/2024\/05\/Dizainas-be-pavadinimo-78-300x300.png 300w, https:\/\/store.evolve-fitness.eu\/wp-content\/uploads\/2024\/05\/Dizainas-be-pavadinimo-78-150x150.png 150w, https:\/\/store.evolve-fitness.eu\/wp-content\/uploads\/2024\/05\/Dizainas-be-pavadinimo-78-768x768.png 768w, https:\/\/store.evolve-fitness.eu\/wp-content\/uploads\/2024\/05\/Dizainas-be-pavadinimo-78-600x600.png 600w, https:\/\/store.evolve-fitness.eu\/wp-content\/uploads\/2024\/05\/Dizainas-be-pavadinimo-78-100x100.png 100w\" sizes=\"auto, (max-width: 810px) 100vw, 810px\" \/><\/figure>\n<\/div>\n\n\n\n<div class=\"wp-block-column is-vertically-aligned-center is-layout-flow wp-block-column-is-layout-flow\">\n<h3 class=\"wp-block-heading\" style=\"margin-bottom:var(--wp--preset--spacing--h-3-bottom)\"><strong><strong><strong><strong><strong><strong><strong><strong>Dauerhafte Leistung<\/strong><\/strong><\/strong><\/strong><\/strong><\/strong><\/strong><\/strong><\/h3>\n\n\n\n<p><strong><em><strong><strong><strong><strong><strong>Hochwertiges, strapazierf\u00e4higes PU-Leder<\/strong><\/strong><\/strong><\/strong><\/strong><\/em><\/strong><\/p>\n\n\n\n<p style=\"margin-bottom:var(--wp--preset--spacing--tb-section-padding)\">Erleben Sie au\u00dfergew\u00f6hnlichen Komfort und Leistung mit unserer <strong>hochwertigen, strapazierf\u00e4higen PU-Lederpolsterung<\/strong>. Es kombiniert Haltbarkeit mit optischer Attraktivit\u00e4t und bietet so den besten Fitness-Luxus.<\/p>\n\n\n\n<h3 class=\"wp-block-heading\" style=\"margin-bottom:var(--wp--preset--spacing--h-3-bottom)\"><strong><strong><strong><strong><strong><strong><strong><strong><strong>Dauerhaftes Finish<\/strong><\/strong><\/strong><\/strong><\/strong><\/strong><\/strong><\/strong><\/strong><\/h3>\n\n\n\n<p><strong><em><strong><strong><strong><strong><strong><strong>Elektrostatisches Spritzen von duroplastischen Pulvern<\/strong><\/strong><\/strong><\/strong><\/strong><\/strong><\/em><\/strong><\/p>\n\n\n\n<p>Unsere Maschinen verf\u00fcgen \u00fcber eine <strong>elektrostatische Duroplast-Pulver-Spr\u00fchtechnologie<\/strong>, die eine dauerhafte Oberfl\u00e4che gew\u00e4hrleistet. Durch diese fortschrittliche Beschichtung bleibt das optische Erscheinungsbild der Ger\u00e4te langfristig erhalten.<\/p>\n<\/div>\n<\/div>\n<\/section>\n<\/section>\n\n<p><\/p>\n","protected":false},"excerpt":{"rendered":"<p>Verbessern Sie das Krafttraining in Ihrem Fitnessstudio mit dem Evolve Ultra Series Plate Loaded Front Pull Down (UL-260). Diese langlebige und anpassbare Maschine bietet einen soliden Stahlrahmen, ein ergonomisches Design und eine maximale Tragf\u00e4higkeit von 300 kg. Mit rutschfesten Griffen und verstellbaren Funktionen sorgt er f\u00fcr ein effektives und komfortables Training und l\u00e4sst sich gleichzeitig an die Markenfarben Ihres Fitnessstudios anpassen. Investieren Sie in Qualit\u00e4t und Langlebigkeit mit dem Evolve Front Pull Down.  <\/p>\n","protected":false},"featured_media":61238,"template":"","meta":{"_acf_changed":false,"inline_featured_image":false},"product_cat":[118,134,135],"product_tag":[],"class_list":{"0":"post-6665","1":"product","2":"type-product","3":"status-publish","4":"has-post-thumbnail","6":"product_cat-hauptseite","7":"product_cat-maschinen-mit-plattenbeladung","8":"product_cat-ultra-series-platte-belastet","10":"first","11":"instock","12":"shipping-taxable","13":"purchasable","14":"product-type-simple"},"acf":[],"_links":{"self":[{"href":"https:\/\/store.evolve-fitness.eu\/de\/wp-json\/wp\/v2\/product\/6665","targetHints":{"allow":["GET"]}}],"collection":[{"href":"https:\/\/store.evolve-fitness.eu\/de\/wp-json\/wp\/v2\/product"}],"about":[{"href":"https:\/\/store.evolve-fitness.eu\/de\/wp-json\/wp\/v2\/types\/product"}],"wp:featuredmedia":[{"embeddable":true,"href":"https:\/\/store.evolve-fitness.eu\/de\/wp-json\/wp\/v2\/media\/61238"}],"wp:attachment":[{"href":"https:\/\/store.evolve-fitness.eu\/de\/wp-json\/wp\/v2\/media?parent=6665"}],"wp:term":[{"taxonomy":"product_cat","embeddable":true,"href":"https:\/\/store.evolve-fitness.eu\/de\/wp-json\/wp\/v2\/product_cat?post=6665"},{"taxonomy":"product_tag","embeddable":true,"href":"https:\/\/store.evolve-fitness.eu\/de\/wp-json\/wp\/v2\/product_tag?post=6665"}],"curies":[{"name":"wp","href":"https:\/\/api.w.org\/{rel}","templated":true}]}}