{"id":6662,"date":"2024-01-30T15:37:45","date_gmt":"2024-01-30T15:37:45","guid":{"rendered":"https:\/\/store.evolve-fitness.eu\/produktas\/evolve-ultra-series-plattenbelastete-brustpresse\/"},"modified":"2024-12-02T15:06:29","modified_gmt":"2024-12-02T15:06:29","slug":"evolve-ultra-series-plattenbelastete-brustpresse","status":"publish","type":"product","link":"https:\/\/store.evolve-fitness.eu\/de\/produkt\/evolve-ultra-series-plattenbelastete-brustpresse\/","title":{"rendered":"Evolve Ultra Series plattenbelastete Brustpresse"},"content":{"rendered":"\n<section class=\"wp-block-group alignfull black-content has-white-color has-darkgray-background-color has-text-color has-background is-layout-constrained wp-block-group-is-layout-constrained\" style=\"padding-top:var(--wp--preset--spacing--section-bottom);padding-bottom:var(--wp--preset--spacing--section-bottom)\">\n<section class=\"wp-block-group alignfull black-content has-white-color has-darkgray-background-color has-text-color has-background is-layout-constrained wp-block-group-is-layout-constrained\" style=\"padding-top:var(--wp--preset--spacing--section-bottom);padding-bottom:var(--wp--preset--spacing--section-bottom)\">\n<div class=\"wp-block-columns alignwide mobile-reverse is-layout-flex wp-container-core-columns-is-layout-ca64bf2d wp-block-columns-is-layout-flex\" style=\"margin-bottom:var(--wp--preset--spacing--side-padding)\">\n<div class=\"wp-block-column is-vertically-aligned-center is-layout-flow wp-block-column-is-layout-flow\">\n<h3 class=\"wp-block-heading\" style=\"margin-bottom:var(--wp--preset--spacing--h-3-bottom)\"><strong><strong><strong><strong><strong><strong><strong><strong><strong>Gezielter Einsatz der Muskeln<\/strong><\/strong><\/strong><\/strong><\/strong><\/strong><\/strong><\/strong><\/strong><\/h3>\n\n\n\n<p><strong><em>Angesprochene Muskelgruppen<\/em><\/strong><\/p>\n\n\n\n<p>Die Evolve Ultra Series Plate Loaded Chest Press trainiert Ihre Brustmuskeln, einschlie\u00dflich des gro\u00dfen und kleinen Brustmuskels, der Deltamuskeln und des Trizeps. Das Design erm\u00f6glicht einen nat\u00fcrlichen Bewegungsumfang, der sicherstellt, dass jede Wiederholung die anvisierten Muskeln beansprucht und so f\u00fcr effektives Wachstum und Kraft sorgt.<\/p>\n\n\n\n<p><\/p>\n\n\n\n<h3 class=\"wp-block-heading\" style=\"margin-bottom:var(--wp--preset--spacing--h-3-bottom)\"><strong><strong><strong><strong><strong>Bequemes Design<\/strong><\/strong><\/strong><\/strong><\/strong><\/h3>\n\n\n\n<p><strong><strong><strong><em>Ergonomische Pads und Griffe<\/em><\/strong><\/strong><\/strong><\/p>\n\n\n\n<p style=\"margin-bottom:var(--wp--preset--spacing--tb-section-padding)\">Bei der Entwicklung dieser Brustpresse wurde besonderer Wert auf den Benutzerkomfort gelegt. Die ergonomischen Polster und Griffe sorgen f\u00fcr die richtige K\u00f6rperausrichtung und Unterst\u00fctzung. Der verstellbare Sitz und die verstellbare R\u00fcckenlehne sind f\u00fcr Benutzer aller Gr\u00f6\u00dfen geeignet und verringern das Risiko von \u00dcberlastungen oder Verletzungen w\u00e4hrend des Trainings.<\/p>\n<\/div>\n\n\n\n<div class=\"wp-block-column is-vertically-aligned-center is-layout-flow wp-block-column-is-layout-flow\">\n<figure class=\"wp-block-video\"><video autoplay=\"\" controls=\"\" loop=\"\" muted=\"\" src=\"https:\/\/evolve-fitness.eu\/wp-content\/uploads\/2023\/09\/EV-PL-UL-010.mp4\"><\/video><\/figure>\n<\/div>\n<\/div>\n\n\n\n<div class=\"wp-block-columns alignwide mobile-reverse is-layout-flex wp-container-core-columns-is-layout-ca64bf2d wp-block-columns-is-layout-flex\" style=\"margin-bottom:var(--wp--preset--spacing--side-padding)\">\n<div class=\"wp-block-column is-vertically-aligned-center is-layout-flow wp-block-column-is-layout-flow\">\n<figure class=\"wp-block-image size-large\"><img decoding=\"async\" src=\"https:\/\/evolve-fitness.eu\/wp-content\/uploads\/2023\/09\/EV-PL-UL-010-2-683x1024.jpg\" alt=\"EV-PL-UL-010\" class=\"wp-image-166485\"\/><\/figure>\n<\/div>\n\n\n\n<div class=\"wp-block-column is-vertically-aligned-center is-layout-flow wp-block-column-is-layout-flow\">\n<h3 class=\"wp-block-heading\" style=\"margin-bottom:var(--wp--preset--spacing--h-3-bottom)\"><strong><strong><strong><strong><strong><strong><strong><strong><strong>Einstellbarer Widerstand<\/strong><\/strong><\/strong><\/strong><\/strong><\/strong><\/strong><\/strong><\/strong><\/h3>\n\n\n\n<p><strong><em>Anpassbare Hantelscheiben<\/em><\/strong><\/p>\n\n\n\n<p>Sie k\u00f6nnen Ihr Training mit diesem Ger\u00e4t durch Verstellen der Gewichtsscheiben individuell gestalten. Dank dieser Eigenschaft eignet sich das Ger\u00e4t f\u00fcr Benutzer mit unterschiedlichen Fitnessniveaus und Trainingszielen, unabh\u00e4ngig davon, ob Sie sich auf Ausdauer, Hypertrophie oder Kraftzuwachs konzentrieren.<\/p>\n<\/div>\n<\/div>\n\n\n\n<div class=\"wp-block-columns alignwide mobile-reverse is-layout-flex wp-container-core-columns-is-layout-ca64bf2d wp-block-columns-is-layout-flex\" style=\"margin-bottom:var(--wp--preset--spacing--side-padding)\">\n<div class=\"wp-block-column is-vertically-aligned-center is-layout-flow wp-block-column-is-layout-flow\">\n<h3 class=\"wp-block-heading\" style=\"margin-bottom:var(--wp--preset--spacing--h-3-bottom)\"><strong><strong><strong><strong><strong><strong><strong><strong><strong>Langlebigkeit und Stabilit\u00e4t<\/strong><\/strong><\/strong><\/strong><\/strong><\/strong><\/strong><\/strong><\/strong><\/h3>\n\n\n\n<p><strong><em>Hochwertige Konstruktion<\/em><\/strong><\/p>\n\n\n\n<p>Die aus hochwertigen Materialien gefertigte Evolve Ultra Series Plate Loaded Chest Press ist langlebig und stabil und eignet sich daher sowohl f\u00fcr private als auch f\u00fcr kommerzielle Fitnessstudios. Sein stabiler Rahmen gew\u00e4hrleistet Sicherheit und Zuverl\u00e4ssigkeit bei intensiven Trainingseinheiten.<\/p>\n<\/div>\n\n\n\n<div class=\"wp-block-column is-vertically-aligned-center is-layout-flow wp-block-column-is-layout-flow\">\n<figure class=\"wp-block-image size-large\"><img decoding=\"async\" src=\"https:\/\/evolve-fitness.eu\/wp-content\/uploads\/2023\/09\/EV-PL-UL-010-1-683x1024.jpg\" alt=\"\" class=\"wp-image-166510\"\/><\/figure>\n<\/div>\n<\/div>\n\n\n\n<div class=\"wp-block-columns alignwide mobile-reverse is-layout-flex wp-container-core-columns-is-layout-ca64bf2d wp-block-columns-is-layout-flex\" style=\"margin-bottom:var(--wp--preset--spacing--side-padding)\">\n<div class=\"wp-block-column is-vertically-aligned-center is-layout-flow wp-block-column-is-layout-flow\">\n<figure class=\"wp-block-image size-large\"><img decoding=\"async\" src=\"https:\/\/evolve-fitness.eu\/wp-content\/uploads\/2023\/09\/EV-PL-UL-010-4-1024x683.jpg\" alt=\"\" class=\"wp-image-166535\"\/><\/figure>\n<\/div>\n\n\n\n<div class=\"wp-block-column is-vertically-aligned-center is-layout-flow wp-block-column-is-layout-flow\">\n<h3 class=\"wp-block-heading\" style=\"margin-bottom:var(--wp--preset--spacing--h-3-bottom)\"><strong><strong><strong><strong><strong><strong><strong><strong>Kompakter Fu\u00dfabdruck<\/strong><\/strong><\/strong><\/strong><\/strong><\/strong><\/strong><\/strong><\/h3>\n\n\n\n<p><strong><em><strong><strong><strong><strong><strong>Platzsparendes Design<\/strong><\/strong><\/strong><\/strong><\/strong><\/em><\/strong><\/p>\n\n\n\n<p>Trotz seiner Funktionalit\u00e4t hat dieses Ger\u00e4t ein kompaktes Design, so dass es sich auch f\u00fcr kleine Trainingsr\u00e4ume eignet. Sein schlankes Design maximiert die Effizienz, ohne zu viel Platz zu beanspruchen.<\/p>\n<\/div>\n<\/div>\n<\/section>\n<\/section>\n","protected":false},"excerpt":{"rendered":"<p>Erh\u00f6hen Sie das Angebot in Ihrem Fitnessstudio mit der Evolve Ultra Series Plate Loaded Chest Press UL-010. Diese f\u00fcr kommerzielle Fitnesseinrichtungen konzipierte Brustpresse verf\u00fcgt \u00fcber einen robusten Stahlrahmen mit Rostschutz, 6 integrierte Hantelscheibenaufbewahrungsstifte und rutschfeste Griffe f\u00fcr mehr Sicherheit. Das ergonomische Design, die unilaterale Armbewegung und die anpassbaren Farben machen ihn zu einer erstklassigen Wahl. Mit einer 2-Jahres-Garantie ist es die ideale Erg\u00e4nzung f\u00fcr Fitnessstudios, die auf der Suche nach langlebigen, hochwertigen Ger\u00e4ten sind. Erweitern Sie die Fitnessger\u00e4te in Ihrem Fitnessstudio mit dieser au\u00dfergew\u00f6hnlichen Brustpresse.<\/p>\n","protected":false},"featured_media":61600,"template":"","meta":{"_acf_changed":false,"inline_featured_image":false},"product_cat":[118,134,135],"product_tag":[],"class_list":{"0":"post-6662","1":"product","2":"type-product","3":"status-publish","4":"has-post-thumbnail","6":"product_cat-hauptseite","7":"product_cat-maschinen-mit-plattenbeladung","8":"product_cat-ultra-series-platte-belastet","10":"first","11":"instock","12":"shipping-taxable","13":"purchasable","14":"product-type-simple"},"acf":[],"_links":{"self":[{"href":"https:\/\/store.evolve-fitness.eu\/de\/wp-json\/wp\/v2\/product\/6662","targetHints":{"allow":["GET"]}}],"collection":[{"href":"https:\/\/store.evolve-fitness.eu\/de\/wp-json\/wp\/v2\/product"}],"about":[{"href":"https:\/\/store.evolve-fitness.eu\/de\/wp-json\/wp\/v2\/types\/product"}],"wp:featuredmedia":[{"embeddable":true,"href":"https:\/\/store.evolve-fitness.eu\/de\/wp-json\/wp\/v2\/media\/61600"}],"wp:attachment":[{"href":"https:\/\/store.evolve-fitness.eu\/de\/wp-json\/wp\/v2\/media?parent=6662"}],"wp:term":[{"taxonomy":"product_cat","embeddable":true,"href":"https:\/\/store.evolve-fitness.eu\/de\/wp-json\/wp\/v2\/product_cat?post=6662"},{"taxonomy":"product_tag","embeddable":true,"href":"https:\/\/store.evolve-fitness.eu\/de\/wp-json\/wp\/v2\/product_tag?post=6662"}],"curies":[{"name":"wp","href":"https:\/\/api.w.org\/{rel}","templated":true}]}}