{"id":6650,"date":"2024-01-30T15:30:56","date_gmt":"2024-01-30T15:30:56","guid":{"rendered":"https:\/\/store.evolve-fitness.eu\/produktas\/evolve-ultra-series-schulterpresse-mit-plattenbelastung\/"},"modified":"2024-12-02T15:08:15","modified_gmt":"2024-12-02T15:08:15","slug":"evolve-ultra-series-schulterpresse-mit-plattenbelastung","status":"publish","type":"product","link":"https:\/\/store.evolve-fitness.eu\/de\/produkt\/evolve-ultra-series-schulterpresse-mit-plattenbelastung\/","title":{"rendered":"Evolve Ultra Series Schulterpresse mit Plattenbelastung"},"content":{"rendered":"\n<section class=\"wp-block-group alignfull black-content has-white-color has-darkgray-background-color has-text-color has-background is-layout-constrained wp-block-group-is-layout-constrained\" style=\"padding-top:var(--wp--preset--spacing--section-bottom);padding-bottom:var(--wp--preset--spacing--section-bottom)\">\n<section class=\"wp-block-group alignfull black-content has-white-color has-darkgray-background-color has-text-color has-background is-layout-constrained wp-block-group-is-layout-constrained\" style=\"padding-top:var(--wp--preset--spacing--section-bottom);padding-bottom:var(--wp--preset--spacing--section-bottom)\">\n<div class=\"wp-block-columns alignwide mobile-reverse is-layout-flex wp-container-core-columns-is-layout-ca64bf2d wp-block-columns-is-layout-flex\" style=\"margin-bottom:var(--wp--preset--spacing--side-padding)\">\n<div class=\"wp-block-column is-vertically-aligned-center is-layout-flow wp-block-column-is-layout-flow\">\n<h3 class=\"wp-block-heading\" style=\"margin-bottom:var(--wp--preset--spacing--h-3-bottom)\"><strong><strong><strong><strong><strong><strong>Gezielter Einsatz der Muskeln<\/strong><\/strong><\/strong><\/strong><\/strong><\/strong><\/h3>\n\n\n\n<p><strong><em><strong><strong><strong><strong>Angesprochene Muskelgruppen<\/strong><\/strong><\/strong><\/strong><\/em><\/strong><\/p>\n\n\n\n<p style=\"margin-bottom:var(--wp--preset--spacing--tb-section-padding)\">Die Evolve Ultra Series Plate Loaded Shoulder Press zielt in erster Linie auf die Deltamuskeln ab und beansprucht sowohl den vorderen als auch den seitlichen Deltamuskelkopf sowie den Trizeps.<\/p>\n\n\n\n<p><strong><em><strong><strong><strong><strong><strong><strong>Effektive Schulteraktivierung<\/strong><\/strong><\/strong><\/strong><\/strong><\/strong><\/em><\/strong><\/p>\n\n\n\n<p>Mit seinem speziellen Design sorgt dieses Ger\u00e4t f\u00fcr eine gezielte Aktivierung der Schultermuskulatur und erm\u00f6glicht so eine umfassende Entwicklung und St\u00e4rkung der Schulter.<\/p>\n<\/div>\n\n\n\n<div class=\"wp-block-column is-vertically-aligned-center is-layout-flow wp-block-column-is-layout-flow\">\n<figure class=\"wp-block-video\"><video autoplay=\"\" controls=\"\" loop=\"\" muted=\"\" src=\"https:\/\/evolve-fitness.eu\/wp-content\/uploads\/2024\/03\/EV-PL-UL-030-Evolve-Ultra-Series-Plate-Loaded-Shoulder-Press.mp4\"><\/video><\/figure>\n<\/div>\n<\/div>\n\n\n\n<div class=\"wp-block-columns alignwide mobile-reverse is-layout-flex wp-container-core-columns-is-layout-ca64bf2d wp-block-columns-is-layout-flex\" style=\"margin-bottom:var(--wp--preset--spacing--side-padding)\">\n<div class=\"wp-block-column is-vertically-aligned-center is-layout-flow wp-block-column-is-layout-flow\">\n<figure class=\"wp-block-video\"><video autoplay=\"\" controls=\"\" loop=\"\" muted=\"\" src=\"https:\/\/evolve-fitness.eu\/wp-content\/uploads\/2023\/12\/2-9.mp4\"><\/video><\/figure>\n<\/div>\n\n\n\n<div class=\"wp-block-column is-vertically-aligned-center is-layout-flow wp-block-column-is-layout-flow\">\n<h3 class=\"wp-block-heading\" style=\"margin-bottom:var(--wp--preset--spacing--h-3-bottom)\"><strong><strong><strong><strong><strong>Einstellbarer Widerstand<\/strong><\/strong><\/strong><\/strong><\/strong><\/h3>\n\n\n\n<p><strong><strong><strong><em>Anpassbare Trainingsintensit\u00e4t<\/em><\/strong><\/strong><\/strong><\/p>\n\n\n\n<p style=\"margin-bottom:var(--wp--preset--spacing--tb-section-padding)\">Die Benutzer k\u00f6nnen die Widerstandsstufen durch Hinzuf\u00fcgen oder Entfernen von Gewichtsplatten leicht anpassen und so ein individuelles, auf das jeweilige Fitnessniveau und die Trainingsziele zugeschnittenes Training absolvieren. Ganz gleich, ob die Benutzer Muskelausdauer, Hypertrophie oder Kraftzuwachs anstreben, die einstellbare Widerstandsfunktion erm\u00f6glicht ein progressives Training, das den sich entwickelnden Fitnessanforderungen gerecht wird.<\/p>\n<\/div>\n<\/div>\n\n\n\n<div class=\"wp-block-columns alignwide mobile-reverse is-layout-flex wp-container-core-columns-is-layout-ca64bf2d wp-block-columns-is-layout-flex\" style=\"margin-bottom:var(--wp--preset--spacing--side-padding)\">\n<div class=\"wp-block-column is-vertically-aligned-center is-layout-flow wp-block-column-is-layout-flow\">\n<h3 class=\"wp-block-heading\"><strong><strong><strong><strong><strong><strong><strong><strong><strong><strong>Langlebigkeit und Stabilit\u00e4t<\/strong><\/strong><\/strong><\/strong><\/strong><\/strong><\/strong><\/strong><\/strong><\/strong><\/h3>\n\n\n\n<p><strong><em><strong><strong><strong><strong><strong><strong><strong>Hochwertige Konstruktion<\/strong><\/strong><\/strong><\/strong><\/strong><\/strong><\/strong><\/em><\/strong><\/p>\n\n\n\n<p>Die Evolve Ultra Series Plate Loaded Shoulder Press ist aus langlebigen Materialien und pr\u00e4ziser Technik gefertigt und garantiert Langlebigkeit und Zuverl\u00e4ssigkeit. Sie eignet sich sowohl f\u00fcr private als auch f\u00fcr kommerzielle Fitnessstudios. Der robuste Rahmen sorgt f\u00fcr Stabilit\u00e4t und Sicherheit bei anstrengenden Trainingseinheiten, so dass die Benutzer selbstbewusst und ohne Kompromisse Schulter\u00fcbungen durchf\u00fchren k\u00f6nnen.<\/p>\n\n\n\n<p><\/p>\n\n\n\n<h3 class=\"wp-block-heading\"><strong><strong><strong><strong><strong><strong><strong><strong><strong><strong>Kompakter Fu\u00dfabdruck<\/strong><\/strong><\/strong><\/strong><\/strong><\/strong><\/strong><\/strong><\/strong><\/strong><\/h3>\n\n\n\n<p><strong><em><strong><strong><strong><strong><strong><strong><strong>Optimierte Raumausnutzung<\/strong><\/strong><\/strong><\/strong><\/strong><\/strong><\/strong><\/em><\/strong><\/p>\n\n\n\n<p>Trotz ihrer Funktionalit\u00e4t ist die Shoulder Press sehr kompakt und eignet sich daher auch f\u00fcr Personen mit begrenztem Trainingsraum. Sein stromlinienf\u00f6rmiges Design maximiert die Raumeffizienz, ohne die Funktionalit\u00e4t zu beeintr\u00e4chtigen, und gew\u00e4hrleistet einen optimierten Trainingsbereich f\u00fcr effektive Schultertrainingseinheiten.<\/p>\n<\/div>\n\n\n\n<div class=\"wp-block-column is-vertically-aligned-center is-layout-flow wp-block-column-is-layout-flow\">\n<figure class=\"wp-block-image size-large\"><img decoding=\"async\" src=\"https:\/\/evolve-fitness.eu\/wp-content\/uploads\/2023\/09\/A7_08634-683x1024.jpg\" alt=\"EV-PL-UL-030\" class=\"wp-image-166561\"\/><\/figure>\n<\/div>\n<\/div>\n\n\n\n<div class=\"wp-block-columns alignwide mobile-reverse is-layout-flex wp-container-core-columns-is-layout-ca64bf2d wp-block-columns-is-layout-flex\" style=\"margin-bottom:var(--wp--preset--spacing--side-padding)\">\n<div class=\"wp-block-column is-vertically-aligned-center is-layout-flow wp-block-column-is-layout-flow\">\n<figure class=\"wp-block-video\"><video autoplay=\"\" controls=\"\" loop=\"\" muted=\"\" src=\"https:\/\/evolve-fitness.eu\/wp-content\/uploads\/2023\/12\/1-15.mp4\"><\/video><\/figure>\n<\/div>\n\n\n\n<div class=\"wp-block-column is-vertically-aligned-center is-layout-flow wp-block-column-is-layout-flow\">\n<h3 class=\"wp-block-heading\" style=\"margin-bottom:var(--wp--preset--spacing--h-3-bottom)\"><strong><strong><strong><strong><strong>Bequemes Design<\/strong><\/strong><\/strong><\/strong><\/strong><\/h3>\n\n\n\n<p><strong><em><strong><strong><strong><strong><strong><strong><strong><strong>Sitz und R\u00fcckenlehne verstellbar<\/strong><\/strong><\/strong><\/strong><\/strong><\/strong><\/strong><\/strong><\/em><\/strong><\/p>\n\n\n\n<p style=\"margin-bottom:var(--wp--preset--spacing--tb-section-padding)\">Die f\u00fcr den Benutzerkomfort entwickelte Shoulder Press verf\u00fcgt \u00fcber ergonomische Polster und Griffe, die eine korrekte K\u00f6rperausrichtung und Unterst\u00fctzung w\u00e4hrend des Trainings f\u00f6rdern. Der verstellbare Sitz und die verstellbare R\u00fcckenlehne erh\u00f6hen den Komfort und die Anpassungsf\u00e4higkeit des Benutzers und verringern das Risiko von \u00dcberlastungen oder Beschwerden bei Schulter\u00fcbungen.<\/p>\n<\/div>\n<\/div>\n<\/section>\n<\/section>\n","protected":false},"excerpt":{"rendered":"<p>Verbessern Sie das Schultertraining in Ihrem Fitnessstudio mit der Evolve Ultra Series Plate Loaded Shoulder Press UL-030. Diese f\u00fcr den gewerblichen Einsatz konzipierte Maschine bietet mit ihrem soliden Stahlrahmen und der rostfreien Technik eine lange Lebensdauer. Er verf\u00fcgt \u00fcber rutschfeste Griffe, einseitige Armbewegungen und anpassbare Farben, die zum Branding Ihres Studios passen. Mit einer maximalen Tragf\u00e4higkeit von 300 kg und einer 2-j\u00e4hrigen Garantie ist er eine sichere und robuste Wahl. Verbessern Sie das Schultertraining in Ihrem Fitnessstudio mit dieser hochwertigen Schulterpressmaschine.<\/p>\n","protected":false},"featured_media":61630,"template":"","meta":{"_acf_changed":false,"inline_featured_image":false},"product_cat":[118,134,135],"product_tag":[],"class_list":{"0":"post-6650","1":"product","2":"type-product","3":"status-publish","4":"has-post-thumbnail","6":"product_cat-hauptseite","7":"product_cat-maschinen-mit-plattenbeladung","8":"product_cat-ultra-series-platte-belastet","10":"first","11":"instock","12":"shipping-taxable","13":"purchasable","14":"product-type-simple"},"acf":[],"_links":{"self":[{"href":"https:\/\/store.evolve-fitness.eu\/de\/wp-json\/wp\/v2\/product\/6650","targetHints":{"allow":["GET"]}}],"collection":[{"href":"https:\/\/store.evolve-fitness.eu\/de\/wp-json\/wp\/v2\/product"}],"about":[{"href":"https:\/\/store.evolve-fitness.eu\/de\/wp-json\/wp\/v2\/types\/product"}],"wp:featuredmedia":[{"embeddable":true,"href":"https:\/\/store.evolve-fitness.eu\/de\/wp-json\/wp\/v2\/media\/61630"}],"wp:attachment":[{"href":"https:\/\/store.evolve-fitness.eu\/de\/wp-json\/wp\/v2\/media?parent=6650"}],"wp:term":[{"taxonomy":"product_cat","embeddable":true,"href":"https:\/\/store.evolve-fitness.eu\/de\/wp-json\/wp\/v2\/product_cat?post=6650"},{"taxonomy":"product_tag","embeddable":true,"href":"https:\/\/store.evolve-fitness.eu\/de\/wp-json\/wp\/v2\/product_tag?post=6650"}],"curies":[{"name":"wp","href":"https:\/\/api.w.org\/{rel}","templated":true}]}}