{"id":6649,"date":"2024-02-01T07:02:01","date_gmt":"2024-02-01T07:02:01","guid":{"rendered":"https:\/\/store.evolve-fitness.eu\/produktas\/evolve-ultra-series-platte-geladen-vertikale-bein-presse\/"},"modified":"2026-05-07T12:00:50","modified_gmt":"2026-05-07T12:00:50","slug":"evolve-ultra-series-platte-geladen-vertikale-bein-presse","status":"publish","type":"product","link":"https:\/\/store.evolve-fitness.eu\/de\/produkt\/evolve-ultra-series-platte-geladen-vertikale-bein-presse\/","title":{"rendered":"Evolve Ultra Series Platte geladen Vertikale Bein &#8211; Presse"},"content":{"rendered":"\n<section class=\"wp-block-group alignfull black-content has-white-color has-darkgray-background-color has-text-color has-background is-layout-constrained wp-block-group-is-layout-constrained\" style=\"padding-top:var(--wp--preset--spacing--section-bottom);padding-bottom:var(--wp--preset--spacing--section-bottom)\">\n<section class=\"wp-block-group alignfull black-content has-white-color has-darkgray-background-color has-text-color has-background is-layout-constrained wp-block-group-is-layout-constrained\" style=\"margin-bottom:0;padding-top:var(--wp--preset--spacing--tb-padding);padding-bottom:var(--wp--preset--spacing--tb-padding)\">\n<div class=\"wp-block-columns alignwide mobile-reverse is-layout-flex wp-container-core-columns-is-layout-035fa626 wp-block-columns-is-layout-flex\" style=\"margin-bottom:var(--wp--preset--spacing--side-padding);padding-top:var(--wp--preset--spacing--tb-padding);padding-bottom:var(--wp--preset--spacing--tb-padding)\">\n<div class=\"wp-block-column is-vertically-aligned-center is-layout-flow wp-block-column-is-layout-flow\">\n<h3 class=\"wp-block-heading\" style=\"margin-bottom:var(--wp--preset--spacing--h-3-bottom)\"><strong><strong><strong><strong><strong><strong><strong>Gezielter Einsatz der Muskeln<\/strong><\/strong><\/strong><\/strong><\/strong><\/strong><\/strong><\/h3>\n\n\n\n<p><strong><em><strong><strong><strong><strong><strong>Unilaterale Armbewegung (bei einigen Ger\u00e4ten verf\u00fcgbar)<\/strong><\/strong><\/strong><\/strong><\/strong><\/em><\/strong><\/p>\n\n\n\n<p>Die Evolve Ultra Series Plate Loaded Vertical Leg Press wurde entwickelt, um ein umfassendes Unterk\u00f6rpertraining mit Schwerpunkt auf Quadrizeps, Kniesehnen und Ges\u00e4\u00dfmuskulatur zu erm\u00f6glichen. Die vertikale Ausrichtung des Ger\u00e4ts erm\u00f6glicht einen nat\u00fcrlichen und kontrollierten Bewegungsumfang, der diese wichtigen Muskelgruppen effektiv anspricht. Dank der einstellbaren Widerstandsstufen k\u00f6nnen die Benutzer ihr Training an ihre Kraft- und Fitnessziele anpassen, so dass es f\u00fcr Personen aller Leistungsstufen geeignet ist. Durch die F\u00f6rderung einer korrekten Form und Technik tr\u00e4gt die vertikale Beinpresse zur Verbesserung der Kraft und Stabilit\u00e4t des Unterk\u00f6rpers sowie der allgemeinen Funktion bei. Das ergonomische Design sorgt f\u00fcr den Komfort und die Sicherheit des Benutzers und minimiert das Risiko von \u00dcberlastungen oder Verletzungen w\u00e4hrend der Benutzung. Unabh\u00e4ngig davon, ob die Benutzer Muskelmasse aufbauen, ihre Kraft steigern oder die Ausdauer des Unterk\u00f6rpers verbessern wollen, bietet die Vertical Leg Press eine bequeme und effiziente L\u00f6sung, um ihre Fitnessziele zu erreichen.<\/p>\n<\/div>\n\n\n\n<div class=\"wp-block-column is-vertically-aligned-center is-layout-flow wp-block-column-is-layout-flow\">\n<figure class=\"wp-block-video\"><video autoplay=\"\" controls=\"\" loop=\"\" muted=\"\" src=\"https:\/\/evolve-fitness.eu\/wp-content\/uploads\/2024\/03\/EV-PL-UL-430-Evolve-Ultra-Series-Plate-loaded-Vertical-Leg-Press-1.mp4\"><\/video><\/figure>\n<\/div>\n<\/div>\n\n\n\n<div class=\"wp-block-columns alignwide mobile-reverse is-layout-flex wp-container-core-columns-is-layout-7a02faa9 wp-block-columns-is-layout-flex\" style=\"margin-bottom:var(--wp--preset--spacing--tb-section-padding)\">\n<div class=\"wp-block-column is-vertically-aligned-center is-layout-flow wp-block-column-is-layout-flow\">\n<figure class=\"wp-block-image size-large\"><img decoding=\"async\" src=\"https:\/\/evolve-fitness.eu\/wp-content\/uploads\/2023\/11\/EV-PL-UL-430-4-683x1024.jpg\" alt=\"EV-PL-UL-430\" class=\"wp-image-166764\"\/><\/figure>\n<\/div>\n\n\n\n<div class=\"wp-block-column is-vertically-aligned-center is-layout-flow wp-block-column-is-layout-flow\">\n<h3 class=\"wp-block-heading\" style=\"margin-bottom:var(--wp--preset--spacing--h-3-bottom)\"><strong><strong><strong><strong><strong><strong><strong><strong>Bequemes Design<\/strong><\/strong><\/strong><\/strong><\/strong><\/strong><\/strong><\/strong><\/h3>\n\n\n\n<p><strong><em><strong><strong><strong><strong><strong><strong>Ergonomische Polsterung und Griffe<\/strong><\/strong><\/strong><\/strong><\/strong><\/strong><\/em><\/strong><\/p>\n\n\n\n<p>Die Seated Calf Raise Maschine wurde mit Blick auf den Benutzerkomfort entwickelt und verf\u00fcgt \u00fcber ergonomische Polster und Griffe, die eine korrekte Positionierung der Beine und Unterst\u00fctzung w\u00e4hrend der \u00dcbungen f\u00f6rdern.<\/p>\n<\/div>\n<\/div>\n\n\n\n<div class=\"wp-block-columns alignwide mobile-reverse is-layout-flex wp-container-core-columns-is-layout-7a02faa9 wp-block-columns-is-layout-flex\" style=\"margin-bottom:var(--wp--preset--spacing--tb-section-padding)\">\n<div class=\"wp-block-column is-vertically-aligned-center is-layout-flow wp-block-column-is-layout-flow\">\n<h3 class=\"wp-block-heading\" style=\"margin-bottom:var(--wp--preset--spacing--h-3-bottom)\"><strong><strong><strong><strong><strong><strong><strong><strong><strong>Einstellbarer Widerstand<\/strong><\/strong><\/strong><\/strong><\/strong><\/strong><\/strong><\/strong><\/strong><\/h3>\n\n\n\n<p><strong><em><strong><strong><strong><strong><strong><strong>Anpassbare Gewichtsstapel<\/strong><\/strong><\/strong><\/strong><\/strong><\/strong><\/em><\/strong><\/p>\n\n\n\n<p>Der Benutzer kann den Widerstand durch Hinzuf\u00fcgen oder Entfernen von Gewichtsplatten leicht anpassen und so ein ma\u00dfgeschneidertes Training durchf\u00fchren, das auf die individuelle Wadenst\u00e4rke und -entwicklung abgestimmt ist. Egal, ob Sie Ihre Wadenausdauer oder Ihre Kraft verbessern wollen, der einstellbare Widerstand bietet Ihnen die M\u00f6glichkeit, sich an verschiedene Trainingsziele anzupassen.<\/p>\n<\/div>\n\n\n\n<div class=\"wp-block-column is-vertically-aligned-center is-layout-flow wp-block-column-is-layout-flow\">\n<figure class=\"wp-block-image size-large\"><img decoding=\"async\" src=\"https:\/\/evolve-fitness.eu\/wp-content\/uploads\/2023\/11\/EV-PL-UL-430-19-683x1024.jpg\" alt=\"\" class=\"wp-image-166789\"\/><\/figure>\n<\/div>\n<\/div>\n<\/section>\n\n\n\n<section class=\"wp-block-group alignfull black-content has-white-color has-darkgray-background-color has-text-color has-background is-layout-constrained wp-block-group-is-layout-constrained\" style=\"margin-bottom:0;padding-top:var(--wp--preset--spacing--tb-padding);padding-bottom:var(--wp--preset--spacing--tb-padding)\">\n<div class=\"wp-block-columns alignwide mobile-reverse is-layout-flex wp-container-core-columns-is-layout-7a02faa9 wp-block-columns-is-layout-flex\" style=\"margin-bottom:var(--wp--preset--spacing--tb-section-padding)\">\n<div class=\"wp-block-column is-vertically-aligned-center is-layout-flow wp-block-column-is-layout-flow\">\n<figure class=\"wp-block-image size-large\"><img decoding=\"async\" src=\"https:\/\/evolve-fitness.eu\/wp-content\/uploads\/2023\/11\/EV-PL-UL-430-8-1024x683.jpg\" alt=\"EV-PL-UL-430\" class=\"wp-image-166814\"\/><\/figure>\n<\/div>\n\n\n\n<div class=\"wp-block-column is-vertically-aligned-center is-layout-flow wp-block-column-is-layout-flow\">\n<h3 class=\"wp-block-heading\" style=\"margin-bottom:var(--wp--preset--spacing--h-3-bottom)\"><strong><strong><strong><strong><strong><strong><strong><strong><strong>Kompakter Fu\u00dfabdruck<\/strong><\/strong><\/strong><\/strong><\/strong><\/strong><\/strong><\/strong><\/strong><\/h3>\n\n\n\n<p><strong><em><strong><strong><strong><strong><strong><strong>Platzsparendes Design<\/strong><\/strong><\/strong><\/strong><\/strong><\/strong><\/em><\/strong><\/p>\n\n\n\n<p>Trotz ihrer Funktionalit\u00e4t ist die Standing Leg Curl Maschine sehr kompakt und eignet sich daher auch f\u00fcr Personen mit begrenztem Trainingsraum. Sein stromlinienf\u00f6rmiges Design maximiert die Raumeffizienz, ohne die Funktionalit\u00e4t zu beeintr\u00e4chtigen, und gew\u00e4hrleistet einen optimierten Trainingsbereich f\u00fcr ein effektives Hamstring-Training.<\/p>\n<\/div>\n<\/div>\n\n\n\n<div class=\"wp-block-columns alignwide mobile-reverse is-layout-flex wp-container-core-columns-is-layout-7a02faa9 wp-block-columns-is-layout-flex\" style=\"margin-bottom:var(--wp--preset--spacing--tb-section-padding)\">\n<div class=\"wp-block-column is-vertically-aligned-center is-layout-flow wp-block-column-is-layout-flow\">\n<h3 class=\"wp-block-heading\" style=\"margin-bottom:var(--wp--preset--spacing--h-3-bottom)\"><strong><strong><strong><strong><strong><strong><strong><strong><strong>Dauerhaftes Finish<\/strong><\/strong><\/strong><\/strong><\/strong><\/strong><\/strong><\/strong><\/strong><\/h3>\n\n\n\n<p><strong><em><strong><strong><strong><strong><strong><strong>Elektrostatisches Spritzen von duroplastischen Pulvern<\/strong><\/strong><\/strong><\/strong><\/strong><\/strong><\/em><\/strong><\/p>\n\n\n\n<p>Unsere Maschinen verf\u00fcgen \u00fcber eine elektrostatische Duroplast-Pulver-Spr\u00fchtechnologie, die eine dauerhafte Oberfl\u00e4che gew\u00e4hrleistet. Durch diese fortschrittliche Beschichtung bleibt das optische Erscheinungsbild der Ger\u00e4te langfristig erhalten.<\/p>\n<\/div>\n\n\n\n<div class=\"wp-block-column is-vertically-aligned-center is-layout-flow wp-block-column-is-layout-flow\">\n<figure class=\"wp-block-image size-large\"><img decoding=\"async\" src=\"https:\/\/evolve-fitness.eu\/wp-content\/uploads\/2023\/11\/EV-PL-UL-430-7-1024x683.jpg\" alt=\"\" class=\"wp-image-166864\"\/><\/figure>\n<\/div>\n<\/div>\n<\/section>\n<\/section>\n","protected":false},"excerpt":{"rendered":"<p>Die Evolve Ultra Series Plate Loaded Vertical Leg Press UL-430 ist der Gipfel der Effizienz und Haltbarkeit von Fitnessger\u00e4ten. Dieses hochmoderne Ger\u00e4t wurde entwickelt, um Ihr Training zu verbessern, und verf\u00fcgt \u00fcber Funktionen wie Halterungen f\u00fcr Hantelscheiben, die einen organisierten und einfachen Zugang zu den Gewichten gew\u00e4hrleisten. Seine Langlebigkeit ist dank der Edelstahlschrauben und -muttern un\u00fcbertroffen und gew\u00e4hrleistet eine langfristige Nutzung. F\u00fcr Komfort und Langlebigkeit sorgt die Polsterung aus hochwertigem, strapazierf\u00e4higem PU-Leder, die Luxus mit robuster Leistung verbindet. Die rutschfesten Griffe und die verstellbare Sitzposition der Econ-Serie bieten Sicherheit und individuelle Anpassung und erm\u00f6glichen eine Vielzahl von \u00dcbungen. Die leuchtend gelben Einstellkn\u00f6pfe und Griffe machen die Anpassung einfach und sichtbar. Dar\u00fcber hinaus wird das Ger\u00e4t mit langlebigen Bodensch\u00fctzern geliefert, um Ihr Fitnessstudio makellos zu halten, und mit der elektrostatischen Duroplast-Pulver-Spr\u00fchtechnologie f\u00fcr ein dauerhaftes Finish. Mit einer 2-Jahres-Garantie und wichtigen Merkmalen wie der dicken Polsterung und den verstellbaren Positionen ist der UL-430 eine unverzichtbare Erg\u00e4nzung f\u00fcr jeden Fitnessraum und bietet sowohl Stil als auch Substanz.<\/p>\n","protected":false},"featured_media":6651,"template":"","meta":{"_acf_changed":false,"inline_featured_image":false},"product_cat":[118,134,135],"product_tag":[],"class_list":{"0":"post-6649","1":"product","2":"type-product","3":"status-publish","4":"has-post-thumbnail","6":"product_cat-hauptseite","7":"product_cat-maschinen-mit-plattenbeladung","8":"product_cat-ultra-series-platte-belastet","10":"first","11":"outofstock","12":"taxable","13":"shipping-taxable","14":"purchasable","15":"product-type-simple"},"acf":[],"_links":{"self":[{"href":"https:\/\/store.evolve-fitness.eu\/de\/wp-json\/wp\/v2\/product\/6649","targetHints":{"allow":["GET"]}}],"collection":[{"href":"https:\/\/store.evolve-fitness.eu\/de\/wp-json\/wp\/v2\/product"}],"about":[{"href":"https:\/\/store.evolve-fitness.eu\/de\/wp-json\/wp\/v2\/types\/product"}],"wp:featuredmedia":[{"embeddable":true,"href":"https:\/\/store.evolve-fitness.eu\/de\/wp-json\/wp\/v2\/media\/6651"}],"wp:attachment":[{"href":"https:\/\/store.evolve-fitness.eu\/de\/wp-json\/wp\/v2\/media?parent=6649"}],"wp:term":[{"taxonomy":"product_cat","embeddable":true,"href":"https:\/\/store.evolve-fitness.eu\/de\/wp-json\/wp\/v2\/product_cat?post=6649"},{"taxonomy":"product_tag","embeddable":true,"href":"https:\/\/store.evolve-fitness.eu\/de\/wp-json\/wp\/v2\/product_tag?post=6649"}],"curies":[{"name":"wp","href":"https:\/\/api.w.org\/{rel}","templated":true}]}}