{"id":6634,"date":"2024-02-01T11:02:45","date_gmt":"2024-02-01T11:02:45","guid":{"rendered":"https:\/\/store.evolve-fitness.eu\/produktas\/evolve-econ-serie-flachbank\/"},"modified":"2026-04-03T12:00:42","modified_gmt":"2026-04-03T12:00:42","slug":"evolve-econ-serie-flachbank","status":"publish","type":"product","link":"https:\/\/store.evolve-fitness.eu\/de\/produkt\/evolve-econ-serie-flachbank\/","title":{"rendered":"Evolve Econ Serie Flachbank"},"content":{"rendered":"\n<section class=\"wp-block-group alignfull black-content has-white-color has-darkgray-background-color has-text-color has-background is-layout-constrained wp-block-group-is-layout-constrained\" style=\"padding-top:var(--wp--preset--spacing--section-bottom);padding-bottom:var(--wp--preset--spacing--section-bottom)\">\n<div class=\"wp-block-columns alignwide mobile-reverse is-layout-flex wp-container-core-columns-is-layout-ca64bf2d wp-block-columns-is-layout-flex\" style=\"margin-bottom:var(--wp--preset--spacing--side-padding)\">\n<div class=\"wp-block-column is-vertically-aligned-center is-layout-flow wp-block-column-is-layout-flow\">\n<h3 class=\"wp-block-heading\" style=\"margin-bottom:var(--wp--preset--spacing--h-3-bottom)\"><strong>Vielseitiges Dienstprogramm<\/strong><\/h3>\n\n\n\n<p><strong><em><strong>Eine Grundlage f\u00fcr zahlreiche Workouts<\/strong><\/em><\/strong><\/p>\n\n\n\n<p style=\"margin-bottom:var(--wp--preset--spacing--tb-section-padding)\">Die Evolve Econ Series Flat Bench ist ein robustes und zuverl\u00e4ssiges Ger\u00e4t, das f\u00fcr eine breite Palette von Krafttrainings\u00fcbungen konzipiert wurde. Sie eignet sich ideal f\u00fcr \u00dcbungen wie Bankdr\u00fccken, Kurzhantelreihen und verschiedene K\u00f6rpergewichtsbewegungen, die bei kreativem Einsatz die Muskeln des gesamten Oberk\u00f6rpers, der K\u00f6rpermitte und sogar der Beine ansprechen. Seine Einfachheit und Stabilit\u00e4t machen es zu einem grundlegenden Element f\u00fcr jedes Fitnessprogramm, geeignet f\u00fcr Benutzer, die Kraft und Muskeln in verschiedenen K\u00f6rperbereichen aufbauen wollen.<\/p>\n<\/div>\n\n\n\n<div class=\"wp-block-column is-vertically-aligned-center is-layout-flow wp-block-column-is-layout-flow\">\n<figure class=\"wp-block-video\"><video height=\"574\" style=\"aspect-ratio: 574 \/ 574;\" width=\"574\" autoplay=\"\" controls=\"\" loop=\"\" muted=\"\" src=\"https:\/\/evolve-fitness.eu\/wp-content\/uploads\/2024\/01\/Evolve-Econ-Series-Flat-Bench-video.mp4\"><\/video><\/figure>\n<\/div>\n<\/div>\n\n\n\n<div class=\"wp-block-columns alignwide is-layout-flex wp-container-core-columns-is-layout-c45ee707 wp-block-columns-is-layout-flex\" style=\"margin-bottom:var(--wp--preset--spacing--side-padding);padding-top:var(--wp--preset--spacing--side-padding)\">\n<div class=\"wp-block-column is-vertically-aligned-center is-layout-flow wp-block-column-is-layout-flow\">\n<figure class=\"wp-block-image size-large\"><img decoding=\"async\" src=\"https:\/\/evolve-fitness.eu\/wp-content\/uploads\/2024\/01\/Evolve-Econ-Series-Flat-Bench-C1-1024x683.jpg\" alt=\"\" class=\"wp-image-10809\"\/><\/figure>\n<\/div>\n\n\n\n<div class=\"wp-block-column is-vertically-aligned-center is-layout-flow wp-block-column-is-layout-flow\">\n<h3 class=\"wp-block-heading\" style=\"margin-bottom:var(--wp--preset--spacing--h-3-bottom)\"><strong>Platzsparendes Design<\/strong><\/h3>\n\n\n\n<p><strong><em> <strong>Maximiert den Platz f\u00fcr das Training<\/strong><\/em><\/strong><\/p>\n\n\n\n<p>Die Flachbank der Evolve Econ-Serie ist mit einer robusten, langlebigen Konstruktion ausgestattet, die Langlebigkeit und Zuverl\u00e4ssigkeit f\u00fcr eine intensive Nutzung gew\u00e4hrleistet. Ihr robustes Design unterst\u00fctzt harte Trainingseinheiten und macht sie zu einer wertvollen Erg\u00e4nzung jeder Fitnessroutine f\u00fcr alle, die eine verl\u00e4ssliche Bank suchen.<\/p>\n<\/div>\n<\/div>\n\n\n\n<div class=\"wp-block-columns alignwide is-layout-flex wp-container-core-columns-is-layout-c45ee707 wp-block-columns-is-layout-flex\" style=\"margin-bottom:var(--wp--preset--spacing--side-padding);padding-top:var(--wp--preset--spacing--side-padding)\">\n<div class=\"wp-block-column is-vertically-aligned-center is-layout-flow wp-block-column-is-layout-flow\">\n<h3 class=\"wp-block-heading\" style=\"margin-bottom:var(--wp--preset--spacing--h-3-bottom)\"><strong>Optimaler Komfort<\/strong><\/h3>\n\n\n\n<p><strong><em><strong>Entwickelt mit Blick auf den Benutzerkomfort<\/strong><\/em><\/strong><\/p>\n\n\n\n<p style=\"margin-bottom:var(--wp--preset--spacing--tb-section-padding)\">Die Bank ist mit einer dicken, hochdichten Schaumstoffpolsterung ausgestattet und bietet h\u00f6chsten Komfort w\u00e4hrend des Trainings, so dass sich die Benutzer ohne Ablenkung auf ihre Form und Leistung konzentrieren k\u00f6nnen. Es besteht aus einem hochwertigen Lederbezug, der sowohl langlebig als auch komfortabel ist und eine stabile und rutschfeste Oberfl\u00e4che f\u00fcr verschiedene \u00dcbungen bietet. Dieses Material gew\u00e4hrleistet Langlebigkeit und Pflegeleichtigkeit und eignet sich daher f\u00fcr intensive Trainingsumgebungen.<\/p>\n<\/div>\n\n\n\n<div class=\"wp-block-column is-vertically-aligned-center is-layout-flow wp-block-column-is-layout-flow\">\n<figure class=\"wp-block-image size-large\"><img decoding=\"async\" src=\"https:\/\/evolve-fitness.eu\/wp-content\/uploads\/2024\/01\/Evolve-Econ-Series-Flat-Bench-C2-1024x683.jpg\" alt=\"\" class=\"wp-image-10811\"\/><\/figure>\n<\/div>\n<\/div>\n\n\n\n<div class=\"wp-block-columns alignwide is-layout-flex wp-container-core-columns-is-layout-c45ee707 wp-block-columns-is-layout-flex\" style=\"margin-bottom:var(--wp--preset--spacing--side-padding);padding-top:var(--wp--preset--spacing--side-padding)\">\n<div class=\"wp-block-column is-vertically-aligned-center is-layout-flow wp-block-column-is-layout-flow\">\n<figure class=\"wp-block-image size-large\"><img decoding=\"async\" src=\"https:\/\/evolve-fitness.eu\/wp-content\/uploads\/2024\/01\/Evolve-Econ-Series-Flat-Bench-C3-683x1024.jpg\" alt=\"\" class=\"wp-image-10813\"\/><\/figure>\n<\/div>\n\n\n\n<div class=\"wp-block-column is-vertically-aligned-center is-layout-flow wp-block-column-is-layout-flow\">\n<h3 class=\"wp-block-heading\" style=\"margin-bottom:var(--wp--preset--spacing--h-3-bottom)\"><strong><strong><strong><strong>Einfache Wartung<\/strong><\/strong><\/strong><\/strong><\/h3>\n\n\n\n<p><strong><em>Gebaut f\u00fcr Bequemlichkeit<\/em><\/strong><\/p>\n\n\n\n<p>Das schlichte, minimalistische Design der Bank sieht nicht nur gut aus, sondern ist auch leicht zu reinigen und zu pflegen, so dass sie mit minimalem Aufwand in einem Topzustand bleibt. Die Beine sind mit Kunststoffabdeckungen versehen, die Ihren Fu\u00dfboden vor Kratzern und Besch\u00e4digungen w\u00e4hrend des Gebrauchs sch\u00fctzen sollen. Diese durchdachte Funktion stellt sicher, dass die Bank auf einer Vielzahl von Oberfl\u00e4chen sicher verwendet werden kann, ohne die Beschaffenheit Ihres Trainingsraums zu beeintr\u00e4chtigen.<\/p>\n<\/div>\n<\/div>\n\n\n\n<div class=\"wp-block-columns alignwide is-layout-flex wp-container-core-columns-is-layout-c45ee707 wp-block-columns-is-layout-flex\" style=\"margin-bottom:var(--wp--preset--spacing--side-padding);padding-top:var(--wp--preset--spacing--side-padding)\">\n<div class=\"wp-block-column is-vertically-aligned-center is-layout-flow wp-block-column-is-layout-flow\">\n<h3 class=\"wp-block-heading\" style=\"margin-bottom:var(--wp--preset--spacing--h-3-bottom)\"><strong>Robuste Konstruktion<\/strong><\/h3>\n\n\n\n<p><strong><strong><em>Entwickelt f\u00fcr Stabilit\u00e4t<\/em><\/strong><\/strong><\/p>\n\n\n\n<p style=\"margin-bottom:var(--wp--preset--spacing--tb-section-padding)\">Die Bank ist aus hochwertigem Stahl gefertigt, so dass sie einer starken Beanspruchung standh\u00e4lt und eine stabile Basis f\u00fcr eine Vielzahl von \u00dcbungen bietet, was sie zu einem zuverl\u00e4ssigen Ger\u00e4t f\u00fcr jeden Fitnessbegeisterten macht. Die Konstruktion ist f\u00fcr ihre St\u00e4rke und Haltbarkeit bekannt, so dass sie den Anforderungen einer starken und best\u00e4ndigen Nutzung standh\u00e4lt. Dies macht die Bank zu einer ausgezeichneten Wahl sowohl f\u00fcr private als auch f\u00fcr kommerzielle Fitnessstudios, in denen Zuverl\u00e4ssigkeit eine wichtige Rolle spielt.<\/p>\n<\/div>\n\n\n\n<div class=\"wp-block-column is-vertically-aligned-center is-layout-flow wp-block-column-is-layout-flow\">\n<figure class=\"wp-block-image size-large\"><img decoding=\"async\" src=\"https:\/\/evolve-fitness.eu\/wp-content\/uploads\/2024\/01\/Evolve-Econ-Series-Flat-Bench-C4-683x1024.jpg\" alt=\"\" class=\"wp-image-10815\"\/><\/figure>\n<\/div>\n<\/div>\n<\/section>\n","protected":false},"excerpt":{"rendered":"<p>Die Evolve Econ Series Flat Bench, EC-050 ist auf Langlebigkeit und Stabilit\u00e4t ausgelegt und bietet eine solide Grundlage f\u00fcr eine breite Palette von Gewichtheber\u00fcbungen. Sein kompaktes und effizientes Design sorgt daf\u00fcr, dass er sich nahtlos in jeden Trainingsraum einf\u00fcgt, und macht ihn zur idealen Wahl sowohl f\u00fcr private als auch f\u00fcr gewerbliche Fitnessstudios. Diese Bank ist f\u00fcr strenge Trainingsroutinen ausgelegt und bietet sowohl Komfort als auch Zuverl\u00e4ssigkeit f\u00fcr Benutzer, die sich auf Kraft und Fitness konzentrieren.<\/p>\n","protected":false},"featured_media":6635,"template":"","meta":{"_acf_changed":false,"inline_featured_image":false},"product_cat":[118,125,126],"product_tag":[],"class_list":{"0":"post-6634","1":"product","2":"type-product","3":"status-publish","4":"has-post-thumbnail","6":"product_cat-hauptseite","7":"product_cat-banke","8":"product_cat-banke-der-serie-econ","10":"first","11":"instock","12":"shipping-taxable","13":"purchasable","14":"product-type-simple"},"acf":[],"_links":{"self":[{"href":"https:\/\/store.evolve-fitness.eu\/de\/wp-json\/wp\/v2\/product\/6634","targetHints":{"allow":["GET"]}}],"collection":[{"href":"https:\/\/store.evolve-fitness.eu\/de\/wp-json\/wp\/v2\/product"}],"about":[{"href":"https:\/\/store.evolve-fitness.eu\/de\/wp-json\/wp\/v2\/types\/product"}],"wp:featuredmedia":[{"embeddable":true,"href":"https:\/\/store.evolve-fitness.eu\/de\/wp-json\/wp\/v2\/media\/6635"}],"wp:attachment":[{"href":"https:\/\/store.evolve-fitness.eu\/de\/wp-json\/wp\/v2\/media?parent=6634"}],"wp:term":[{"taxonomy":"product_cat","embeddable":true,"href":"https:\/\/store.evolve-fitness.eu\/de\/wp-json\/wp\/v2\/product_cat?post=6634"},{"taxonomy":"product_tag","embeddable":true,"href":"https:\/\/store.evolve-fitness.eu\/de\/wp-json\/wp\/v2\/product_tag?post=6634"}],"curies":[{"name":"wp","href":"https:\/\/api.w.org\/{rel}","templated":true}]}}