{"id":6578,"date":"2024-02-23T09:25:06","date_gmt":"2024-02-23T09:25:06","guid":{"rendered":"https:\/\/store.evolve-fitness.eu\/produktas\/evolve-ultra-series-cpu-urethan-kurzhantelset-125-35-kg\/"},"modified":"2025-03-27T07:40:35","modified_gmt":"2025-03-27T07:40:35","slug":"evolve-ultra-series-cpu-urethan-kurzhantelset-125-35-kg","status":"publish","type":"product","link":"https:\/\/store.evolve-fitness.eu\/de\/produkt\/evolve-ultra-series-cpu-urethan-kurzhantelset-125-35-kg\/","title":{"rendered":"Evolve Ultra Series CPU Urethan Kurzhantelset 12,5 &#8211; 35 kg"},"content":{"rendered":"\n<section class=\"wp-block-group alignfull black-content has-white-color has-darkgray-background-color has-text-color has-background is-layout-constrained wp-block-group-is-layout-constrained\" style=\"padding-top:var(--wp--preset--spacing--section-bottom);padding-bottom:var(--wp--preset--spacing--section-bottom)\">\n<div class=\"wp-block-columns alignwide mobile-reverse is-layout-flex wp-container-core-columns-is-layout-ca64bf2d wp-block-columns-is-layout-flex\" style=\"margin-bottom:var(--wp--preset--spacing--side-padding)\">\n<div class=\"wp-block-column is-vertically-aligned-center is-layout-flow wp-block-column-is-layout-flow\">\n<h3 class=\"wp-block-heading\" style=\"margin-bottom:var(--wp--preset--spacing--h-3-bottom)\">Anpassbar und stilvoll<\/h3>\n\n\n\n<p><strong><em><strong><em>Verbessern Sie das Branding Ihres Fitnessstudios<\/em><\/strong><\/em><\/strong><\/p>\n\n\n\n<p style=\"margin-bottom:var(--wp--preset--spacing--tb-section-padding)\">Neben der au\u00dfergew\u00f6hnlichen Haltbarkeit bieten Evolve Urethan-Hanteln individuelle Anpassungsm\u00f6glichkeiten, um das Branding und die \u00c4sthetik Ihres Fitnessstudios zu verbessern. F\u00fcgen Sie Ihr Logo hinzu und w\u00e4hlen Sie individuelle Farben, um ein einzigartiges Trainingserlebnis zu schaffen, das Ihr Fitnessstudio von der Konkurrenz abhebt und einen bleibenden Eindruck bei Ihren Mitgliedern hinterl\u00e4sst.<\/p>\n<\/div>\n\n\n\n<div class=\"wp-block-column is-vertically-aligned-center is-layout-flow wp-block-column-is-layout-flow\">\n<figure class=\"wp-block-video\"><video height=\"682\" style=\"aspect-ratio: 1920 \/ 682;\" width=\"1920\" autoplay=\"\" controls=\"\" loop=\"\" muted=\"\" src=\"https:\/\/evolve-fitness.eu\/wp-content\/uploads\/2024\/01\/EV-DB-CP-10-60-Evolve-Ultra-Series-CPU-Urethane-Dumbbells-3D.mp4\"><\/video><\/figure>\n<\/div>\n<\/div>\n\n\n\n<div class=\"wp-block-columns alignwide is-layout-flex wp-container-core-columns-is-layout-c45ee707 wp-block-columns-is-layout-flex\" style=\"margin-bottom:var(--wp--preset--spacing--side-padding);padding-top:var(--wp--preset--spacing--side-padding)\">\n<div class=\"wp-block-column is-vertically-aligned-center is-layout-flow wp-block-column-is-layout-flow\">\n<figure class=\"wp-block-image size-large\"><img decoding=\"async\" src=\"https:\/\/evolve-fitness.eu\/wp-content\/uploads\/2024\/01\/EV-DB-CP-10-60-Evolve-Ultra-Series-CPU-Urethane-Dumbbells-PNG-Full-3-1024x1024.png\" alt=\"EV-DB-CP-10-60\" class=\"wp-image-10469\"\/><\/figure>\n<\/div>\n\n\n\n<div class=\"wp-block-column is-vertically-aligned-center is-layout-constrained wp-block-column-is-layout-constrained\">\n<h3 class=\"wp-block-heading\" style=\"margin-bottom:var(--wp--preset--spacing--h-3-bottom)\"><strong>Warum Urethan das Beste ist<\/strong><\/h3>\n\n\n\n<p><em><strong>Die zuverl\u00e4ssige Wahl f\u00fcr Fitnessstudiobetreiber<\/strong><\/em><\/p>\n\n\n\n<p style=\"margin-bottom:var(--wp--preset--spacing--tb-section-padding)\">Wenn Sie als Fitnessstudiobetreiber auf der Suche nach zuverl\u00e4ssigen und langlebigen Ger\u00e4ten sind, sind die Evolve Urethan-Hanteln die ultimative L\u00f6sung f\u00fcr Sie. Die aus hochwertigem Urethan gefertigten Hanteln zeichnen sich durch eine un\u00fcbertroffene Haltbarkeit aus und sind somit ideal f\u00fcr die Anforderungen in kommerziellen Fitnessstudios. Machen Sie sich keine Sorgen mehr \u00fcber Kratzer, Absplitterungen oder Abbl\u00e4ttern &#8211; diese Hanteln behalten ihr makelloses Aussehen \u00fcber Jahre hinweg und bieten eine kosteng\u00fcnstige Option, die den h\u00e4ufigen Austausch \u00fcberfl\u00fcssig macht.<\/p>\n<\/div>\n<\/div>\n\n\n\n<div class=\"wp-block-columns alignwide is-layout-flex wp-container-core-columns-is-layout-c45ee707 wp-block-columns-is-layout-flex\" style=\"margin-bottom:var(--wp--preset--spacing--side-padding);padding-top:var(--wp--preset--spacing--side-padding)\">\n<div class=\"wp-block-column is-vertically-aligned-center is-layout-flow wp-block-column-is-layout-flow\">\n<h3 class=\"wp-block-heading\" style=\"margin-bottom:var(--wp--preset--spacing--h-3-bottom)\">Pr\u00e4zisionsguss<\/h3>\n\n\n\n<p><strong><em>Konsistente Leistung<\/em><\/strong><\/p>\n\n\n\n<p>Bei Evolve legen wir gr\u00f6\u00dften Wert auf Pr\u00e4zisionsguss, um ein einheitliches Gewicht und eine gleichbleibende Leistung f\u00fcr jede Hantel zu garantieren. Im Gegensatz zu Standardhanteln mit ungleichm\u00e4\u00dfigem Gewicht werden die Hanteln von Evolve sorgf\u00e4ltig nach genauen Spezifikationen gefertigt und bieten ein gleichm\u00e4\u00dfiges Gewicht und Gef\u00fchl f\u00fcr verbesserte Trainingsgenauigkeit.<\/p>\n\n\n\n<h3 class=\"wp-block-heading\" style=\"margin-bottom:var(--wp--preset--spacing--h-3-bottom)\">Gro\u00dfe Gewichtsvielfalt<\/h3>\n\n\n\n<p><strong><em>Anpassungsf\u00e4hig f\u00fcr alle Fitnessniveaus<\/em><\/strong><\/p>\n\n\n\n<p style=\"margin-bottom:var(--wp--preset--spacing--tb-section-padding)\">Die Evolve Urethan-Hanteln mit einem Gewicht von 10 kg bis 60 kg eignen sich f\u00fcr alle Fitnessniveaus und erf\u00fcllen die unterschiedlichsten Trainingsanforderungen. Diese Hanteln erm\u00f6glichen eine pr\u00e4zise und schrittweise Gewichtserh\u00f6hung und sorgen so f\u00fcr eine nahtlose Progression bei den Fitness\u00fcbungen Ihrer Mitglieder.<\/p>\n<\/div>\n\n\n\n<div class=\"wp-block-column is-vertically-aligned-center is-layout-flow wp-block-column-is-layout-flow\">\n<div class=\"wp-block-columns is-layout-flex wp-container-core-columns-is-layout-9d6595d7 wp-block-columns-is-layout-flex\">\n<div class=\"wp-block-column is-layout-flow wp-block-column-is-layout-flow\">\n<figure class=\"wp-block-image size-large\"><img decoding=\"async\" src=\"https:\/\/evolve-fitness.eu\/wp-content\/uploads\/2024\/01\/EV-DB-CP-10-60-Evolve-Ultra-Series-CPU-Urethane-Dumbbells-PNG-TOP-1-1024x795.png\" alt=\"EV-DB-CP-10-60\" class=\"wp-image-10471\"\/><\/figure>\n<\/div>\n<\/div>\n<\/div>\n<\/div>\n<\/section>\n","protected":false},"excerpt":{"rendered":"<p>Erleben Sie den Gipfel des Krafttrainings mit den CPU-Urethan-Hanteln der Ultra Series von Evolve Fitness, die von 10 bis 60 kg reichen. Diese Premium-Hanteln aus Urethan wurden sowohl f\u00fcr Fitness-Enthusiasten als auch f\u00fcr Profisportler entwickelt und bieten eine unvergleichliche Haltbarkeit und pr\u00e4zise Balance. Die Hanteln der Evolve Ultra Series sind mit einer einzigartigen CPU-Formel (Compound Polyurethane) gefertigt, die eine lange Lebensdauer in jedem Fitnessstudio oder beim Heimtraining gew\u00e4hrleistet. Jede Hantel wurde sorgf\u00e4ltig f\u00fcr eine ergonomische Handhabung entwickelt und bietet einen bequemen und sicheren Griff f\u00fcr Ihr t\u00e4gliches Krafttraining. R\u00fcsten Sie Ihre Trainingsausr\u00fcstung mit den Evolve Ultra Series Hanteln auf und bringen Sie Ihre Fitnessreise auf die n\u00e4chste Stufe. Diese Urethan-Hanteln eignen sich perfekt f\u00fcr eine breite Palette von \u00dcbungen, vom einfachen Gewichtheben bis hin zu komplexeren Trainingsroutinen, und sind eine vielseitige Erg\u00e4nzung f\u00fcr jedes Fitnessprogramm. Evolve Ultra Series CPU Urethan Hantelset &#8211; 2 x 12,5 kg, 15 kg, 17,5 kg, 20 kg, 22,5 kg, 25 kg, 27,5 kg, 30 kg, 32,5 kg, 35 kg.<\/p>\n","protected":false},"featured_media":93546,"template":"","meta":{"_acf_changed":false,"inline_featured_image":false},"product_cat":[118,123,124],"product_tag":[],"class_list":{"0":"post-6578","1":"product","2":"type-product","3":"status-publish","4":"has-post-thumbnail","6":"product_cat-hauptseite","7":"product_cat-freie-gewichte","8":"product_cat-kurzhanteln","10":"first","11":"instock","12":"shipping-taxable","13":"purchasable","14":"product-type-simple"},"acf":[],"_links":{"self":[{"href":"https:\/\/store.evolve-fitness.eu\/de\/wp-json\/wp\/v2\/product\/6578","targetHints":{"allow":["GET"]}}],"collection":[{"href":"https:\/\/store.evolve-fitness.eu\/de\/wp-json\/wp\/v2\/product"}],"about":[{"href":"https:\/\/store.evolve-fitness.eu\/de\/wp-json\/wp\/v2\/types\/product"}],"wp:featuredmedia":[{"embeddable":true,"href":"https:\/\/store.evolve-fitness.eu\/de\/wp-json\/wp\/v2\/media\/93546"}],"wp:attachment":[{"href":"https:\/\/store.evolve-fitness.eu\/de\/wp-json\/wp\/v2\/media?parent=6578"}],"wp:term":[{"taxonomy":"product_cat","embeddable":true,"href":"https:\/\/store.evolve-fitness.eu\/de\/wp-json\/wp\/v2\/product_cat?post=6578"},{"taxonomy":"product_tag","embeddable":true,"href":"https:\/\/store.evolve-fitness.eu\/de\/wp-json\/wp\/v2\/product_tag?post=6578"}],"curies":[{"name":"wp","href":"https:\/\/api.w.org\/{rel}","templated":true}]}}