{"id":6538,"date":"2024-02-01T07:30:55","date_gmt":"2024-02-01T07:30:55","guid":{"rendered":"https:\/\/store.evolve-fitness.eu\/produktas\/evolve-econ-serie-verstellbare-bank\/"},"modified":"2026-04-16T12:00:19","modified_gmt":"2026-04-16T12:00:19","slug":"evolve-econ-serie-verstellbare-bank","status":"publish","type":"product","link":"https:\/\/store.evolve-fitness.eu\/de\/produkt\/evolve-econ-serie-verstellbare-bank\/","title":{"rendered":"Evolve Econ Serie Verstellbare Bank"},"content":{"rendered":"\n<section class=\"wp-block-group alignfull black-content has-white-color has-darkgray-background-color has-text-color has-background is-layout-constrained wp-block-group-is-layout-constrained\" style=\"padding-top:var(--wp--preset--spacing--section-bottom);padding-bottom:var(--wp--preset--spacing--section-bottom)\">\n<div class=\"wp-block-columns alignwide mobile-reverse is-layout-flex wp-container-core-columns-is-layout-ca64bf2d wp-block-columns-is-layout-flex\" style=\"margin-bottom:var(--wp--preset--spacing--side-padding)\">\n<div class=\"wp-block-column is-vertically-aligned-center is-layout-flow wp-block-column-is-layout-flow\">\n<h3 class=\"wp-block-heading\" style=\"margin-bottom:var(--wp--preset--spacing--h-3-bottom)\">Einstellbare Einstellungen<\/h3>\n\n\n\n<p><strong><em><strong>Flexibilit\u00e4t f\u00fcr jedes Workout<\/strong><\/em><\/strong><\/p>\n\n\n\n<p style=\"margin-bottom:var(--wp--preset--spacing--tb-section-padding)\">Diese Bank bietet mehrere R\u00fcckenlehnen- und Sitzpositionen und ist somit vielseitig f\u00fcr eine breite Palette von \u00dcbungen geeignet, mit denen die Benutzer bestimmte Muskelgruppen effektiv ansprechen k\u00f6nnen.<\/p>\n<\/div>\n\n\n\n<div class=\"wp-block-column is-vertically-aligned-center is-layout-flow wp-block-column-is-layout-flow\">\n<figure class=\"wp-block-video\"><video height=\"1200\" style=\"aspect-ratio: 1600 \/ 1200;\" width=\"1600\" autoplay=\"\" controls=\"\" loop=\"\" muted=\"\" src=\"https:\/\/evolve-fitness.eu\/wp-content\/uploads\/2024\/01\/Evolve-Econ-Series-Adjustable-Bench-EC-100-V1.mp4\"><\/video><\/figure>\n<\/div>\n<\/div>\n\n\n\n<div class=\"wp-block-columns alignwide is-layout-flex wp-container-core-columns-is-layout-c45ee707 wp-block-columns-is-layout-flex\" style=\"margin-bottom:var(--wp--preset--spacing--side-padding);padding-top:var(--wp--preset--spacing--side-padding)\">\n<div class=\"wp-block-column is-vertically-aligned-center is-layout-flow wp-block-column-is-layout-flow\">\n<figure class=\"wp-block-image size-large\"><img decoding=\"async\" src=\"https:\/\/evolve-fitness.eu\/wp-content\/uploads\/2024\/01\/Evolve-Econ-Series-Adjustable-Bench-EC-100-C3-1024x683.jpg\" alt=\"\" class=\"wp-image-10822\"\/><\/figure>\n<\/div>\n\n\n\n<div class=\"wp-block-column is-vertically-aligned-center is-layout-flow wp-block-column-is-layout-flow\">\n<h3 class=\"wp-block-heading\" style=\"margin-bottom:var(--wp--preset--spacing--h-3-bottom)\"><strong>Dauerhafter Rahmen<\/strong><\/h3>\n\n\n\n<p><strong><em> <strong>Stabilit\u00e4t trifft auf St\u00e4rke<\/strong><\/em><\/strong><\/p>\n\n\n\n<p>Die Konstruktion aus robusten Materialien gew\u00e4hrleistet eine lange Haltbarkeit und Stabilit\u00e4t und unterst\u00fctzt den Benutzer bei intensiven und abwechslungsreichen Trainingsroutinen.<\/p>\n<\/div>\n<\/div>\n\n\n\n<div class=\"wp-block-columns alignwide is-layout-flex wp-container-core-columns-is-layout-c45ee707 wp-block-columns-is-layout-flex\" style=\"margin-bottom:var(--wp--preset--spacing--side-padding);padding-top:var(--wp--preset--spacing--side-padding)\">\n<div class=\"wp-block-column is-vertically-aligned-center is-layout-flow wp-block-column-is-layout-flow\">\n<h3 class=\"wp-block-heading\" style=\"margin-bottom:var(--wp--preset--spacing--h-3-bottom)\"><strong>Erh\u00f6hter Komfort<\/strong><\/h3>\n\n\n\n<p><strong><em>Ergonomisches Design f\u00fcr optimale Unterst\u00fctzung<\/em><\/strong><\/p>\n\n\n\n<p style=\"margin-bottom:var(--wp--preset--spacing--tb-section-padding)\">Die Evolve Econ Series Adjustable Bench ist ein vielseitiges Fitnessger\u00e4t, das f\u00fcr eine breite Palette von \u00dcbungen entwickelt wurde und sowohl f\u00fcr private als auch f\u00fcr kommerzielle Fitnessstudios geeignet ist. Die Verstellbarkeit erm\u00f6glicht Schr\u00e4g-, Neigungs- und Flachbank\u00fcbungen und ist damit perfekt f\u00fcr das Ganzk\u00f6rpertraining. Es kann f\u00fcr das Krafttraining verwendet werden, um Muskeln wie Brust, Schultern, R\u00fccken und Rumpf zu trainieren. Es unterst\u00fctzt eine Vielzahl von \u00dcbungen, vom Bankdr\u00fccken bis hin zu Kurzhantel\u00fcbungen, und verbessert sowohl die Kraft des Ober- als auch des Unterk\u00f6rpers.<\/p>\n<\/div>\n\n\n\n<div class=\"wp-block-column is-vertically-aligned-center is-layout-flow wp-block-column-is-layout-flow\">\n<figure class=\"wp-block-image size-large\"><img decoding=\"async\" src=\"https:\/\/evolve-fitness.eu\/wp-content\/uploads\/2024\/01\/Evolve-Econ-Series-Adjustable-Bench-EC-100-C2-1024x683.jpg\" alt=\"\" class=\"wp-image-10824\"\/><\/figure>\n<\/div>\n<\/div>\n\n\n\n<div class=\"wp-block-columns alignwide is-layout-flex wp-container-core-columns-is-layout-c45ee707 wp-block-columns-is-layout-flex\" style=\"margin-bottom:var(--wp--preset--spacing--side-padding);padding-top:var(--wp--preset--spacing--side-padding)\">\n<div class=\"wp-block-column is-vertically-aligned-center is-layout-flow wp-block-column-is-layout-flow\">\n<figure class=\"wp-block-image size-large\"><img decoding=\"async\" src=\"https:\/\/evolve-fitness.eu\/wp-content\/uploads\/2024\/01\/Evolve-Econ-Series-Adjustable-Bench-EC-100-C5-1024x683.jpg\" alt=\"\" class=\"wp-image-10826\"\/><\/figure>\n<\/div>\n\n\n\n<div class=\"wp-block-column is-vertically-aligned-center is-layout-flow wp-block-column-is-layout-flow\">\n<h3 class=\"wp-block-heading\" style=\"margin-bottom:var(--wp--preset--spacing--h-3-bottom)\"><strong><strong><strong><strong>Einfache Wartung<\/strong><\/strong><\/strong><\/strong><\/h3>\n\n\n\n<p><strong><em><strong><strong>Einfachheit und Leichtigkeit<\/strong><\/strong><\/em><\/strong><\/p>\n\n\n\n<p>Die Evolve Econ Series Adjustable Bench ist mit einem Verstellradmechanismus ausgestattet, der f\u00fcr sanfte und einfache \u00dcberg\u00e4nge zwischen verschiedenen Winkeln und Positionen sorgt. So kann der Benutzer schnell von einer flachen zu einer ansteigenden oder abfallenden Einstellung wechseln, wodurch eine Vielzahl von \u00dcbungen m\u00f6glich ist, die verschiedene Muskelgruppen effektiv und effizient ansprechen. Die Materialien und das Design der Bank erm\u00f6glichen eine einfache Reinigung und einen geringen Wartungsaufwand, so dass sie \u00fcber lange Zeit in einem hervorragenden Zustand bleibt.<\/p>\n<\/div>\n<\/div>\n\n\n\n<div class=\"wp-block-columns alignwide is-layout-flex wp-container-core-columns-is-layout-c45ee707 wp-block-columns-is-layout-flex\" style=\"margin-bottom:var(--wp--preset--spacing--side-padding);padding-top:var(--wp--preset--spacing--side-padding)\">\n<div class=\"wp-block-column is-vertically-aligned-center is-layout-flow wp-block-column-is-layout-flow\">\n<h3 class=\"wp-block-heading\" style=\"margin-bottom:var(--wp--preset--spacing--h-3-bottom)\"><strong><strong><strong><strong>Platzsparende Funktion<\/strong><\/strong><\/strong><\/strong><\/h3>\n\n\n\n<p><strong><em><strong>Ideal f\u00fcr begrenzte R\u00e4ume<\/strong><\/em><\/strong><\/p>\n\n\n\n<p>Die Evolve Econ Series Adjustable Bench ist mit Transportr\u00e4dern ausgestattet, die ihre Tragbarkeit und Bequemlichkeit erh\u00f6hen. Diese R\u00e4der erleichtern das Bewegen der Bank in Ihrem Trainingsraum, so dass Sie die Bank bei Bedarf m\u00fchelos neu positionieren oder verstauen k\u00f6nnen, ohne dass Sie sie schwer heben oder viel Kraft aufwenden m\u00fcssen. Diese Funktion ist besonders vorteilhaft in Mehrzweckr\u00e4umen oder Heimtrainingsr\u00e4umen, in denen die Ger\u00e4te h\u00e4ufig umgestellt werden m\u00fcssen, um verschiedene Aktivit\u00e4ten zu erm\u00f6glichen oder um Platz zu schaffen. Sein Design erm\u00f6glicht eine einfache Einstellung und Lagerung, wodurch er sich perfekt f\u00fcr Fitnessstudios zu Hause oder f\u00fcr R\u00e4ume eignet, in denen es auf Effizienz ankommt.<\/p>\n<\/div>\n\n\n\n<div class=\"wp-block-column is-vertically-aligned-center is-layout-flow wp-block-column-is-layout-flow\">\n<figure class=\"wp-block-video\"><video height=\"1200\" style=\"aspect-ratio: 1600 \/ 1200;\" width=\"1600\" autoplay=\"\" controls=\"\" loop=\"\" muted=\"\" src=\"https:\/\/evolve-fitness.eu\/wp-content\/uploads\/2024\/01\/Evolve-Econ-Series-Adjustable-Bench-EC-100-V3.mp4\"><\/video><\/figure>\n<\/div>\n<\/div>\n<\/section>\n","protected":false},"excerpt":{"rendered":"<p>Die Evolve Econ Series Adjustable Bench, EC-100 vereint Vielseitigkeit und Langlebigkeit und bietet eine Reihe von Steigungs- und Senkungseinstellungen, um Ihr Training abwechslungsreich zu gestalten. Die robuste Konstruktion sorgt f\u00fcr Stabilit\u00e4t bei intensiven \u00dcbungen, w\u00e4hrend die einstellbaren Funktionen einen gezielten Muskeleinsatz erm\u00f6glichen. Diese Bank ist sowohl f\u00fcr den privaten als auch f\u00fcr den kommerziellen Gebrauch geeignet und stellt eine wertvolle Erg\u00e4nzung f\u00fcr jede Fitnessroutine dar. Sie eignet sich f\u00fcr Sportler aller Leistungsstufen, die ihre Trainingseffizienz maximieren m\u00f6chten.<\/p>\n","protected":false},"featured_media":6546,"template":"","meta":{"_acf_changed":false,"inline_featured_image":false},"product_cat":[118,125,126],"product_tag":[],"class_list":{"0":"post-6538","1":"product","2":"type-product","3":"status-publish","4":"has-post-thumbnail","6":"product_cat-hauptseite","7":"product_cat-banke","8":"product_cat-banke-der-serie-econ","10":"first","11":"instock","12":"shipping-taxable","13":"purchasable","14":"product-type-simple"},"acf":[],"_links":{"self":[{"href":"https:\/\/store.evolve-fitness.eu\/de\/wp-json\/wp\/v2\/product\/6538","targetHints":{"allow":["GET"]}}],"collection":[{"href":"https:\/\/store.evolve-fitness.eu\/de\/wp-json\/wp\/v2\/product"}],"about":[{"href":"https:\/\/store.evolve-fitness.eu\/de\/wp-json\/wp\/v2\/types\/product"}],"wp:featuredmedia":[{"embeddable":true,"href":"https:\/\/store.evolve-fitness.eu\/de\/wp-json\/wp\/v2\/media\/6546"}],"wp:attachment":[{"href":"https:\/\/store.evolve-fitness.eu\/de\/wp-json\/wp\/v2\/media?parent=6538"}],"wp:term":[{"taxonomy":"product_cat","embeddable":true,"href":"https:\/\/store.evolve-fitness.eu\/de\/wp-json\/wp\/v2\/product_cat?post=6538"},{"taxonomy":"product_tag","embeddable":true,"href":"https:\/\/store.evolve-fitness.eu\/de\/wp-json\/wp\/v2\/product_tag?post=6538"}],"curies":[{"name":"wp","href":"https:\/\/api.w.org\/{rel}","templated":true}]}}