{"id":6537,"date":"2024-02-23T07:35:02","date_gmt":"2024-02-23T07:35:02","guid":{"rendered":"https:\/\/store.evolve-fitness.eu\/produktas\/evolve-tpu-urethan-kurzhantelset-375-60-kg\/"},"modified":"2025-01-27T07:46:53","modified_gmt":"2025-01-27T07:46:53","slug":"evolve-tpu-urethan-kurzhantelset-375-60-kg","status":"publish","type":"product","link":"https:\/\/store.evolve-fitness.eu\/de\/produkt\/evolve-tpu-urethan-kurzhantelset-375-60-kg\/","title":{"rendered":"Evolve TPU Urethan Kurzhantelset 37,5 &#8211; 60 kg"},"content":{"rendered":"\n<section class=\"wp-block-group alignfull black-content has-white-color has-darkgray-background-color has-text-color has-background is-layout-constrained wp-block-group-is-layout-constrained\" style=\"padding-top:var(--wp--preset--spacing--section-bottom);padding-bottom:var(--wp--preset--spacing--section-bottom)\">\n<div class=\"wp-block-columns alignwide mobile-reverse is-layout-flex wp-container-core-columns-is-layout-ca64bf2d wp-block-columns-is-layout-flex\" style=\"margin-bottom:var(--wp--preset--spacing--side-padding)\">\n<div class=\"wp-block-column is-vertically-aligned-center is-layout-flow wp-block-column-is-layout-flow\">\n<h3 class=\"wp-block-heading\" style=\"margin-bottom:var(--wp--preset--spacing--h-3-bottom)\"><strong>Warum Urethan das Beste ist<\/strong><\/h3>\n\n\n\n<p><em><strong>Die zuverl\u00e4ssige Wahl f\u00fcr Fitnessstudiobetreiber<\/strong><\/em><\/p>\n\n\n\n<p style=\"margin-bottom:var(--wp--preset--spacing--tb-section-padding)\">Wenn Sie als Fitnessstudiobetreiber auf der Suche nach zuverl\u00e4ssigen und langlebigen Ger\u00e4ten sind, sind die Evolve Urethan-Hanteln die ultimative L\u00f6sung f\u00fcr Sie. Die aus hochwertigem Urethan gefertigten Hanteln zeichnen sich durch eine un\u00fcbertroffene Haltbarkeit aus und sind somit ideal f\u00fcr die Anforderungen in kommerziellen Fitnessstudios. Machen Sie sich keine Sorgen mehr \u00fcber Kratzer, Absplitterungen oder Abbl\u00e4ttern &#8211; diese Hanteln behalten ihr makelloses Aussehen \u00fcber Jahre hinweg und bieten eine kosteng\u00fcnstige Option, die den h\u00e4ufigen Austausch \u00fcberfl\u00fcssig macht.<\/p>\n<\/div>\n\n\n\n<div class=\"wp-block-column is-vertically-aligned-center is-layout-flow wp-block-column-is-layout-flow\">\n<figure class=\"wp-block-image alignright size-full is-style-rounded\"><img decoding=\"async\" src=\"https:\/\/evolve-fitness.eu\/wp-content\/uploads\/2023\/08\/8k-Render.png\" alt=\"\" class=\"wp-image-762\"\/><\/figure>\n<\/div>\n<\/div>\n\n\n\n<div class=\"wp-block-columns alignwide is-layout-flex wp-container-core-columns-is-layout-c45ee707 wp-block-columns-is-layout-flex\" style=\"margin-bottom:var(--wp--preset--spacing--side-padding);padding-top:var(--wp--preset--spacing--side-padding)\">\n<div class=\"wp-block-column is-vertically-aligned-center is-layout-flow wp-block-column-is-layout-flow\">\n<figure class=\"wp-block-video\"><video autoplay=\"\" controls=\"\" loop=\"\" muted=\"\" src=\"https:\/\/evolve-fitness.eu\/wp-content\/uploads\/2023\/08\/tvarkyta.mp4\"><\/video><\/figure>\n<\/div>\n\n\n\n<div class=\"wp-block-column is-vertically-aligned-center is-layout-constrained wp-block-column-is-layout-constrained\">\n<h3 class=\"wp-block-heading\" style=\"margin-bottom:var(--wp--preset--spacing--h-3-bottom)\">Anpassbar und stilvoll<\/h3>\n\n\n\n<p><strong><em><strong><em>Verbessern Sie das Branding Ihres Fitnessstudios<\/em><\/strong><\/em><\/strong><\/p>\n\n\n\n<p style=\"margin-bottom:var(--wp--preset--spacing--tb-section-padding)\">Neben der au\u00dfergew\u00f6hnlichen Haltbarkeit bieten Evolve Urethan-Hanteln individuelle Anpassungsm\u00f6glichkeiten, um das Branding und die \u00c4sthetik Ihres Fitnessstudios zu verbessern. F\u00fcgen Sie Ihr Logo hinzu und w\u00e4hlen Sie individuelle Farben, um ein einzigartiges Trainingserlebnis zu schaffen, das Ihr Fitnessstudio von der Konkurrenz abhebt und einen bleibenden Eindruck bei Ihren Mitgliedern hinterl\u00e4sst.<\/p>\n<\/div>\n<\/div>\n\n\n\n<div class=\"wp-block-columns alignwide is-layout-flex wp-container-core-columns-is-layout-c45ee707 wp-block-columns-is-layout-flex\" style=\"margin-bottom:var(--wp--preset--spacing--side-padding);padding-top:var(--wp--preset--spacing--side-padding)\">\n<div class=\"wp-block-column is-vertically-aligned-center is-layout-flow wp-block-column-is-layout-flow\">\n<h3 class=\"wp-block-heading\" style=\"margin-bottom:var(--wp--preset--spacing--h-3-bottom)\">Lasergeschnittene und mit Urethan infundierte Logos<\/h3>\n\n\n\n<p><strong><em>Erh\u00f6hte \u00c4sthetik ohne Kompromisse bei der Leistung<\/em><\/strong><\/p>\n\n\n\n<p style=\"margin-bottom:var(--wp--preset--spacing--tb-section-padding)\">Die Evolve Urethan-Hanteln mit lasergeschnittenen Logos und haltbaren, mit Urethan ausgekleideten Gewichtsangaben bieten ein stilvolles und zugleich funktionelles Design. Mit den leicht lesbaren Markierungen k\u00f6nnen Sie w\u00e4hrend des Trainings nahtlos zwischen den Gewichten wechseln und so ein reibungsloses Training f\u00fcr Ihre gesch\u00e4tzten Mitglieder gew\u00e4hrleisten.<\/p>\n<\/div>\n\n\n\n<div class=\"wp-block-column is-vertically-aligned-center is-layout-flow wp-block-column-is-layout-flow\">\n<div class=\"wp-block-columns is-layout-flex wp-container-core-columns-is-layout-9d6595d7 wp-block-columns-is-layout-flex\">\n<div class=\"wp-block-column is-layout-flow wp-block-column-is-layout-flow\">\n<figure class=\"wp-block-image size-large is-style-rounded\"><img decoding=\"async\" src=\"https:\/\/evolve-fitness.eu\/wp-content\/uploads\/2023\/08\/PXL_20230804_081843655.MP_-795x1024.jpg\" alt=\"\" class=\"wp-image-771\"\/><\/figure>\n<\/div>\n<\/div>\n<\/div>\n<\/div>\n\n\n\n<div class=\"wp-block-columns alignwide is-layout-flex wp-container-core-columns-is-layout-c45ee707 wp-block-columns-is-layout-flex\" style=\"margin-bottom:var(--wp--preset--spacing--side-padding);padding-top:var(--wp--preset--spacing--side-padding)\">\n<div class=\"wp-block-column is-vertically-aligned-center is-layout-flow wp-block-column-is-layout-flow\">\n<figure class=\"wp-block-image size-large\"><img loading=\"lazy\" decoding=\"async\" width=\"1024\" height=\"683\" src=\"https:\/\/store.evolve-fitness.eu\/wp-content\/uploads\/2024\/01\/A7_06107-1024x683.jpg\" alt=\"\" class=\"wp-image-5380\" srcset=\"https:\/\/store.evolve-fitness.eu\/wp-content\/uploads\/2024\/01\/A7_06107-1024x683.jpg 1024w, https:\/\/store.evolve-fitness.eu\/wp-content\/uploads\/2024\/01\/A7_06107-300x200.jpg 300w, https:\/\/store.evolve-fitness.eu\/wp-content\/uploads\/2024\/01\/A7_06107-768x512.jpg 768w, https:\/\/store.evolve-fitness.eu\/wp-content\/uploads\/2024\/01\/A7_06107-1536x1024.jpg 1536w, https:\/\/store.evolve-fitness.eu\/wp-content\/uploads\/2024\/01\/A7_06107-600x400.jpg 600w, https:\/\/store.evolve-fitness.eu\/wp-content\/uploads\/2024\/01\/A7_06107.jpg 1920w\" sizes=\"auto, (max-width: 1024px) 100vw, 1024px\" \/><\/figure>\n<\/div>\n\n\n\n<div class=\"wp-block-column is-vertically-aligned-center is-layout-flow wp-block-column-is-layout-flow\">\n<h3 class=\"wp-block-heading\" style=\"margin-bottom:var(--wp--preset--spacing--h-3-bottom)\">Hartverchromte, ger\u00e4ndelte Griffe<\/h3>\n\n\n\n<p><strong><em>Ein Griff, der Bestand hat<\/em><\/strong><\/p>\n\n\n\n<p>Evolve Urethan-Hanteln sind mit hartverchromten, ger\u00e4ndelten Griffen ausgestattet, die einen sicheren und dauerhaften Halt f\u00fcr Fitnessstudiomitglieder bieten. Die R\u00e4ndelung sorgt f\u00fcr einen festen Halt auch bei den h\u00e4rtesten \u00dcbungen, w\u00e4hrend die Verchromung sowohl ein elegantes Finish als auch au\u00dfergew\u00f6hnliche Haltbarkeit bietet. Durch die geringere Erm\u00fcdung der H\u00e4nde und Handgelenke k\u00f6nnen sich Ihre Mitglieder auf die Optimierung ihrer Trainingseinheiten konzentrieren.<\/p>\n<\/div>\n<\/div>\n\n\n\n<div class=\"wp-block-columns alignwide is-layout-flex wp-container-core-columns-is-layout-c45ee707 wp-block-columns-is-layout-flex\" style=\"margin-bottom:var(--wp--preset--spacing--side-padding);padding-top:var(--wp--preset--spacing--side-padding)\">\n<div class=\"wp-block-column is-vertically-aligned-center is-layout-flow wp-block-column-is-layout-flow\">\n<h3 class=\"wp-block-heading\" style=\"margin-bottom:var(--wp--preset--spacing--h-3-bottom)\">Gro\u00dfe Gewichtsvielfalt<\/h3>\n\n\n\n<p><strong><em>Anpassungsf\u00e4hig f\u00fcr alle Fitnessniveaus<\/em><\/strong><\/p>\n\n\n\n<p style=\"margin-bottom:var(--wp--preset--spacing--tb-section-padding)\">Die Evolve Urethan-Hanteln mit einem Gewicht von 2 kg bis 60 kg eignen sich f\u00fcr alle Fitnessniveaus und erf\u00fcllen die unterschiedlichsten Trainingsanforderungen. Diese Hanteln sind in 2 kg- oder 2,5 kg-Schritten erh\u00e4ltlich und bieten eine pr\u00e4zise und schrittweise Gewichtszunahme, die eine nahtlose Progression bei den Fitness\u00fcbungen Ihrer Mitglieder gew\u00e4hrleistet.<\/p>\n<\/div>\n\n\n\n<div class=\"wp-block-column is-vertically-aligned-center is-layout-flow wp-block-column-is-layout-flow\">\n<div class=\"wp-block-columns is-layout-flex wp-container-core-columns-is-layout-9d6595d7 wp-block-columns-is-layout-flex\">\n<div class=\"wp-block-column is-layout-flow wp-block-column-is-layout-flow\">\n<figure class=\"wp-block-image size-full is-style-rounded\"><img decoding=\"async\" src=\"https:\/\/evolve-fitness.eu\/wp-content\/uploads\/2023\/08\/TPU-dumbbells-23-2.jpg\" alt=\"\" class=\"wp-image-773\"\/><\/figure>\n<\/div>\n<\/div>\n<\/div>\n<\/div>\n\n\n\n<div class=\"wp-block-columns alignwide is-layout-flex wp-container-core-columns-is-layout-c45ee707 wp-block-columns-is-layout-flex\" style=\"margin-bottom:var(--wp--preset--spacing--side-padding);padding-top:var(--wp--preset--spacing--side-padding)\">\n<div class=\"wp-block-column is-vertically-aligned-center is-layout-flow wp-block-column-is-layout-flow\">\n<figure class=\"wp-block-video\"><video autoplay=\"\" controls=\"\" loop=\"\" muted=\"\" src=\"https:\/\/evolve-fitness.eu\/wp-content\/uploads\/2023\/12\/1-7.mp4\"><\/video><\/figure>\n<\/div>\n\n\n\n<div class=\"wp-block-column is-vertically-aligned-center is-layout-flow wp-block-column-is-layout-flow\">\n<h3 class=\"wp-block-heading\" style=\"margin-bottom:var(--wp--preset--spacing--h-3-bottom)\">Pr\u00e4zisionsguss<\/h3>\n\n\n\n<p><strong><em>Konsistente Leistung<\/em><\/strong><\/p>\n\n\n\n<p>Bei Evolve legen wir gr\u00f6\u00dften Wert auf Pr\u00e4zisionsguss, um ein einheitliches Gewicht und eine gleichbleibende Leistung f\u00fcr jede Hantel zu garantieren. Im Gegensatz zu Standardhanteln mit ungleichm\u00e4\u00dfigem Gewicht werden die Hanteln von Evolve sorgf\u00e4ltig nach genauen Spezifikationen gefertigt und bieten ein gleichm\u00e4\u00dfiges Gewicht und Gef\u00fchl f\u00fcr verbesserte Trainingsgenauigkeit.<\/p>\n<\/div>\n<\/div>\n\n\n\n<div class=\"wp-block-columns alignwide is-layout-flex wp-container-core-columns-is-layout-c45ee707 wp-block-columns-is-layout-flex\" style=\"margin-bottom:var(--wp--preset--spacing--side-padding);padding-top:var(--wp--preset--spacing--side-padding)\">\n<div class=\"wp-block-column is-vertically-aligned-center is-layout-flow wp-block-column-is-layout-flow\">\n<h3 class=\"wp-block-heading\" style=\"margin-bottom:var(--wp--preset--spacing--h-3-bottom)\">Sicherheit geht vor<\/h3>\n\n\n\n<p><strong><em>Ein zuverl\u00e4ssiges und sicheres Workout-Erlebnis<\/em><\/strong><\/p>\n\n\n\n<p style=\"margin-bottom:var(--wp--preset--spacing--tb-section-padding)\">Die Sicherheit der Fitnessstudenten ist von gr\u00f6\u00dfter Bedeutung, und die Evolve Urethan-Hanteln sorgen f\u00fcr Sicherheit. Diese Hanteln sind aus hochwertigem, ungiftigem und geruchsneutralem Urethan hergestellt und gew\u00e4hrleisten ein sicheres und gesundes Training. Ihre robuste Konstruktion minimiert das Risiko von Br\u00fcchen oder Absplitterungen und verringert so die Wahrscheinlichkeit von Verletzungen bei intensiven Trainingseinheiten.<\/p>\n<\/div>\n\n\n\n<div class=\"wp-block-column is-vertically-aligned-center is-layout-flow wp-block-column-is-layout-flow\">\n<div class=\"wp-block-columns is-layout-flex wp-container-core-columns-is-layout-9d6595d7 wp-block-columns-is-layout-flex\">\n<div class=\"wp-block-column is-layout-flow wp-block-column-is-layout-flow\">\n<figure class=\"wp-block-image size-full is-style-rounded\"><img decoding=\"async\" src=\"https:\/\/evolve-fitness.eu\/wp-content\/uploads\/2023\/08\/TPU-dumbbells-17-1.jpg\" alt=\"\" class=\"wp-image-744\"\/><\/figure>\n<\/div>\n<\/div>\n<\/div>\n<\/div>\n\n\n\n<div class=\"wp-block-columns alignwide is-layout-flex wp-container-core-columns-is-layout-c45ee707 wp-block-columns-is-layout-flex\" style=\"margin-bottom:var(--wp--preset--spacing--side-padding);padding-top:var(--wp--preset--spacing--side-padding)\">\n<div class=\"wp-block-column is-vertically-aligned-center is-layout-flow wp-block-column-is-layout-flow\">\n<figure class=\"wp-block-image size-large\"><img decoding=\"async\" src=\"https:\/\/evolve-fitness.eu\/wp-content\/uploads\/2023\/08\/Dumbell-Handle-Dimenions-1-1024x703.jpg\" alt=\"EV-DS-TP-12,5-35\" class=\"wp-image-10507\"\/><\/figure>\n<\/div>\n\n\n\n<div class=\"wp-block-column is-vertically-aligned-center is-layout-flow wp-block-column-is-layout-flow\">\n<h3 class=\"wp-block-heading\" style=\"margin-bottom:var(--wp--preset--spacing--h-3-bottom)\">Pr\u00e4zisionsguss<\/h3>\n\n\n\n<p><strong><em>Konsistente Leistung<\/em><\/strong><\/p>\n\n\n\n<p>Bei Evolve legen wir gr\u00f6\u00dften Wert auf Pr\u00e4zisionsguss, um ein einheitliches Gewicht und eine gleichbleibende Leistung f\u00fcr jede Hantel zu garantieren. Im Gegensatz zu Standardhanteln mit ungleichm\u00e4\u00dfigem Gewicht werden die Hanteln von Evolve sorgf\u00e4ltig nach genauen Spezifikationen gefertigt und bieten ein gleichm\u00e4\u00dfiges Gewicht und Gef\u00fchl f\u00fcr verbesserte Trainingsgenauigkeit. Das Evolve TPU Urethane Hantelset von 2 kg bis 60 kg besteht aus hochwertigem TPU-Material f\u00fcr Langlebigkeit und hartverchromten, ger\u00e4ndelten Griffen mit einer L\u00e4nge von 146 mm f\u00fcr einen sicheren Halt. Es bietet individuelle Anpassungsm\u00f6glichkeiten, einschlie\u00dflich lasergeschnittener Logos und Farben f\u00fcr das Branding von Fitnessstudios. Diese Hanteln wurden f\u00fcr gleichbleibende Leistung und Sicherheit entwickelt und eignen sich f\u00fcr alle Fitnessniveaus, sowohl f\u00fcr das kommerzielle als auch f\u00fcr das Heimtraining.<\/p>\n<\/div>\n<\/div>\n\n\n\n<div class=\"wp-block-columns alignwide is-layout-flex wp-container-core-columns-is-layout-c45ee707 wp-block-columns-is-layout-flex\" style=\"margin-bottom:var(--wp--preset--spacing--side-padding);padding-top:var(--wp--preset--spacing--side-padding)\">\n<div class=\"wp-block-column is-vertically-aligned-center is-layout-flow wp-block-column-is-layout-flow\">\n<div class=\"wp-block-columns is-layout-flex wp-container-core-columns-is-layout-9d6595d7 wp-block-columns-is-layout-flex\">\n<div class=\"wp-block-column is-layout-flow wp-block-column-is-layout-flow\"><\/div>\n<\/div>\n<\/div>\n<\/div>\n<\/section>\n","protected":false},"excerpt":{"rendered":"<p>Erleben Sie den Gipfel der Kraft und Langlebigkeit mit Evolve TPU-Hanteln, die fachm\u00e4nnisch aus hochwertigem TPU-Material hergestellt werden. Diese Hanteln zeichnen sich durch eine unvergleichliche Langlebigkeit aus, was sie zu einer zuverl\u00e4ssigen Wahl f\u00fcr dauerhafte Leistung macht. Die Evolve TPU-Hanteln eignen sich sowohl f\u00fcr kommerzielle Fitnessstudios als auch f\u00fcr das Training zu Hause. Sie bieten einen sicheren und bequemen Griff und sorgen f\u00fcr ein sicheres und effizientes Fitnesserlebnis. Mit ihrem schlanken Design und ihrer pr\u00e4zisen Kalibrierung eignen sich diese Hanteln f\u00fcr Fitness-Enthusiasten aller Niveaus und bieten eine breite Palette von Gewichtsoptionen. Verkauft in Sets. 2 x 37,5 kg \/ 40 kg \/ 42,5 kg \/ 45 kg \/ 47,5 kg \/ 50 kg \/ 52,5 kg \/ 55 kg \/ 57,5 kg \/ 60 kg.<\/p>\n","protected":false},"featured_media":93571,"template":"","meta":{"_acf_changed":false,"inline_featured_image":false},"product_cat":[118,123,124],"product_tag":[],"class_list":{"0":"post-6537","1":"product","2":"type-product","3":"status-publish","4":"has-post-thumbnail","6":"product_cat-hauptseite","7":"product_cat-freie-gewichte","8":"product_cat-kurzhanteln","10":"first","11":"instock","12":"shipping-taxable","13":"purchasable","14":"product-type-simple"},"acf":[],"_links":{"self":[{"href":"https:\/\/store.evolve-fitness.eu\/de\/wp-json\/wp\/v2\/product\/6537","targetHints":{"allow":["GET"]}}],"collection":[{"href":"https:\/\/store.evolve-fitness.eu\/de\/wp-json\/wp\/v2\/product"}],"about":[{"href":"https:\/\/store.evolve-fitness.eu\/de\/wp-json\/wp\/v2\/types\/product"}],"wp:featuredmedia":[{"embeddable":true,"href":"https:\/\/store.evolve-fitness.eu\/de\/wp-json\/wp\/v2\/media\/93571"}],"wp:attachment":[{"href":"https:\/\/store.evolve-fitness.eu\/de\/wp-json\/wp\/v2\/media?parent=6537"}],"wp:term":[{"taxonomy":"product_cat","embeddable":true,"href":"https:\/\/store.evolve-fitness.eu\/de\/wp-json\/wp\/v2\/product_cat?post=6537"},{"taxonomy":"product_tag","embeddable":true,"href":"https:\/\/store.evolve-fitness.eu\/de\/wp-json\/wp\/v2\/product_tag?post=6537"}],"curies":[{"name":"wp","href":"https:\/\/api.w.org\/{rel}","templated":true}]}}