{"id":63259,"date":"2024-05-24T13:11:56","date_gmt":"2024-05-24T13:11:56","guid":{"rendered":"https:\/\/store.evolve-fitness.eu\/?post_type=product&#038;p=63259"},"modified":"2025-03-27T07:33:55","modified_gmt":"2025-03-27T07:33:55","slug":"evolve-ultra-series-t-bar-rudern-mit-plattenbelastung","status":"publish","type":"product","link":"https:\/\/store.evolve-fitness.eu\/de\/produkt\/evolve-ultra-series-t-bar-rudern-mit-plattenbelastung\/","title":{"rendered":"Evolve Ultra Series T-Bar Rudern mit Plattenbelastung"},"content":{"rendered":"\n<section class=\"wp-block-group alignfull black-content has-white-color has-darkgray-background-color has-text-color has-background is-layout-constrained wp-block-group-is-layout-constrained\" style=\"padding-top:var(--wp--preset--spacing--section-bottom);padding-bottom:var(--wp--preset--spacing--section-bottom)\">\n<section class=\"wp-block-group alignfull black-content has-white-color has-darkgray-background-color has-text-color has-background is-layout-constrained wp-block-group-is-layout-constrained\" style=\"margin-bottom:0;padding-top:var(--wp--preset--spacing--tb-padding);padding-bottom:var(--wp--preset--spacing--tb-padding)\">\n<div class=\"wp-block-columns alignwide mobile-reverse is-layout-flex wp-container-core-columns-is-layout-7a02faa9 wp-block-columns-is-layout-flex\" style=\"margin-bottom:var(--wp--preset--spacing--tb-section-padding)\">\n<div class=\"wp-block-column is-vertically-aligned-center is-layout-flow wp-block-column-is-layout-flow\">\n<h3 class=\"wp-block-heading\" style=\"margin-bottom:var(--wp--preset--spacing--h-3-bottom)\"><strong><strong><strong><strong><strong><strong><strong><strong><strong>Gezielter Einsatz der Muskeln<\/strong><\/strong><\/strong><\/strong><\/strong><\/strong><\/strong><\/strong><\/strong><\/h3>\n\n\n\n<p><strong><em><strong><strong><strong><strong><strong><strong>Umfassende R\u00fccken- und Kernaktivierung<\/strong><\/strong><\/strong><\/strong><\/strong><\/strong><\/em><\/strong><\/p>\n\n\n\n<p>Das <strong>Evolve Ultra Series Plate-Loaded T-Bar Row<\/strong> wurde von Experten entwickelt, um Kraft\u00fcbungen f\u00fcr den R\u00fccken, die Schultern und die K\u00f6rpermitte zu verbessern. Mit seinem ergonomischen Design und den einstellbaren Funktionen erm\u00f6glicht dieses Ger\u00e4t dem Benutzer, die wichtigsten Muskelgruppen zu isolieren und effektiv zu trainieren. Vom Latissimus dorsi und den Rhomboids bis zu den Traps und den Erector Spinae sorgt das T-Bar Row f\u00fcr eine ausgewogene Entwicklung des oberen und unteren R\u00fcckens. Die stabilisierenden Anforderungen der \u00dcbung aktivieren zudem die Rumpfmuskulatur und f\u00f6rdern so die allgemeine Kraft und die Verbesserung der K\u00f6rperhaltung. Ob Sie nun traditionelle T-Bar Rows oder Variationen wie Reverse Grip Rows ausf\u00fchren, dieses Ger\u00e4t ist unerl\u00e4sslich f\u00fcr ein optimales R\u00fccken- und Core-Training.    <\/p>\n<\/div>\n\n\n\n<div class=\"wp-block-column is-vertically-aligned-center is-layout-flow wp-block-column-is-layout-flow\">\n<figure class=\"wp-block-image size-full\"><img decoding=\"async\" src=\"https:\/\/evolve-fitness.eu\/wp-content\/uploads\/2025\/01\/EV-PL-UL-240-Evolve-Ultra-Series-Plate-Loaded-T-Bar-Row.png\" alt=\"EV-PL-UL-240\" class=\"wp-image-170602\"\/><\/figure>\n<\/div>\n<\/div>\n\n\n\n<div class=\"wp-block-columns alignwide mobile-reverse is-layout-flex wp-container-core-columns-is-layout-ca64bf2d wp-block-columns-is-layout-flex\" style=\"margin-bottom:var(--wp--preset--spacing--side-padding)\">\n<div class=\"wp-block-column is-vertically-aligned-center is-layout-flow wp-block-column-is-layout-flow\"><\/div>\n<\/div>\n<\/section>\n<\/section>\n","protected":false},"excerpt":{"rendered":"<p>Das Evolve Ultra Series Plate-Loaded T-Bar Row (EV-PL-UL-240) ist eine erstklassige Erg\u00e4nzung f\u00fcr die Ger\u00e4tesammlung eines jeden Fitnessbegeisterten oder Fitnessstudiobesitzers. Dieses Ger\u00e4t wurde mit Pr\u00e4zisionsmechanik und langlebigen Materialien entwickelt und bietet ein unvergleichliches Krafttrainingserlebnis. Mit dem T-Bar Row k\u00f6nnen Sie die wichtigsten Muskelgruppen mit Leichtigkeit und Effizienz ansprechen und entwickeln.  <\/p>\n","protected":false},"featured_media":102059,"template":"","meta":{"_acf_changed":false,"inline_featured_image":false},"product_cat":[118,134,135],"product_tag":[],"class_list":{"0":"post-63259","1":"product","2":"type-product","3":"status-publish","4":"has-post-thumbnail","6":"product_cat-hauptseite","7":"product_cat-maschinen-mit-plattenbeladung","8":"product_cat-ultra-series-platte-belastet","10":"first","11":"instock","12":"shipping-taxable","13":"purchasable","14":"product-type-simple"},"acf":[],"_links":{"self":[{"href":"https:\/\/store.evolve-fitness.eu\/de\/wp-json\/wp\/v2\/product\/63259","targetHints":{"allow":["GET"]}}],"collection":[{"href":"https:\/\/store.evolve-fitness.eu\/de\/wp-json\/wp\/v2\/product"}],"about":[{"href":"https:\/\/store.evolve-fitness.eu\/de\/wp-json\/wp\/v2\/types\/product"}],"wp:featuredmedia":[{"embeddable":true,"href":"https:\/\/store.evolve-fitness.eu\/de\/wp-json\/wp\/v2\/media\/102059"}],"wp:attachment":[{"href":"https:\/\/store.evolve-fitness.eu\/de\/wp-json\/wp\/v2\/media?parent=63259"}],"wp:term":[{"taxonomy":"product_cat","embeddable":true,"href":"https:\/\/store.evolve-fitness.eu\/de\/wp-json\/wp\/v2\/product_cat?post=63259"},{"taxonomy":"product_tag","embeddable":true,"href":"https:\/\/store.evolve-fitness.eu\/de\/wp-json\/wp\/v2\/product_tag?post=63259"}],"curies":[{"name":"wp","href":"https:\/\/api.w.org\/{rel}","templated":true}]}}