{"id":61731,"date":"2024-05-24T08:18:12","date_gmt":"2024-05-24T08:18:12","guid":{"rendered":"https:\/\/store.evolve-fitness.eu\/?post_type=product&#038;p=61731"},"modified":"2024-06-19T22:08:18","modified_gmt":"2024-06-19T22:08:18","slug":"evolve-ultra-series-platte-geladener-gurtel-squad","status":"publish","type":"product","link":"https:\/\/store.evolve-fitness.eu\/de\/produkt\/evolve-ultra-series-platte-geladener-gurtel-squad\/","title":{"rendered":"Evolve Ultra Series Platte geladener G\u00fcrtel Squad"},"content":{"rendered":"\n<section class=\"wp-block-group alignfull black-content has-white-color has-darkgray-background-color has-text-color has-background is-layout-constrained wp-block-group-is-layout-constrained\" style=\"padding-top:var(--wp--preset--spacing--section-bottom);padding-bottom:var(--wp--preset--spacing--section-bottom)\">\n<h3 class=\"wp-block-heading has-text-align-center\" style=\"padding-top:var(--wp--preset--spacing--section-title-bottom);padding-bottom:var(--wp--preset--spacing--section-title-bottom)\"><strong>\n  <strong>\n    <strong>Evolve Ultra Series Plattenbeladener G\u00fcrtel<\/strong>\n  <\/strong>\n<\/strong> Mannschaft<\/h3>\n\n\n\n<section class=\"wp-block-group alignfull black-content has-white-color has-darkgray-background-color has-text-color has-background is-layout-constrained wp-block-group-is-layout-constrained\" style=\"margin-bottom:0;padding-top:var(--wp--preset--spacing--tb-padding);padding-bottom:var(--wp--preset--spacing--tb-padding)\">\n<div class=\"wp-block-columns alignwide mobile-reverse is-layout-flex wp-container-core-columns-is-layout-7a02faa9 wp-block-columns-is-layout-flex\" style=\"margin-bottom:var(--wp--preset--spacing--tb-section-padding)\">\n<div class=\"wp-block-column is-vertically-aligned-center is-layout-flow wp-block-column-is-layout-flow\">\n<h3 class=\"wp-block-heading\" style=\"margin-bottom:var(--wp--preset--spacing--h-3-bottom)\"><strong>GEZIELTER EINSATZ DER MUSKELN<\/strong><\/h3>\n\n\n\n<p><strong><em><strong><strong><strong><strong><strong><strong><em><strong>Unilaterale Armbewegung (bei einigen Ger\u00e4ten verf\u00fcgbar)<\/strong><\/em><\/strong><\/strong><\/strong><\/strong><\/strong><\/strong><\/em><\/strong><\/p>\n\n\n\n<p style=\"margin-bottom:var(--wp--preset--spacing--tb-section-padding)\">Der Evolve Ultra Series Plate Loaded Belt ist ein vielseitiges und unentbehrliches Zubeh\u00f6r, um Gewichtheben und Widerstandstraining zu verbessern. Dieser G\u00fcrtel wurde mit Blick auf Langlebigkeit und Funktionalit\u00e4t entwickelt und bietet dem unteren R\u00fccken und der K\u00f6rpermitte bei schweren Hebesitzungen die notwendige Unterst\u00fctzung und Stabilit\u00e4t. Das verstellbare Design erm\u00f6glicht eine individuelle Passform, die sich an verschiedene K\u00f6rpertypen und -gr\u00f6\u00dfen anpasst. Durch die F\u00f6rderung einer korrekten K\u00f6rperhaltung und -ausrichtung tr\u00e4gt der G\u00fcrtel dazu bei, das Risiko von Verletzungen und \u00dcberlastungen zu verringern, so dass die Benutzer mit Zuversicht und Sicherheit schwerere Gewichte heben k\u00f6nnen. Ob Sie Kniebeugen, Kreuzheben oder andere zusammengesetzte \u00dcbungen ausf\u00fchren, der Evolve Ultra Series Plate Loaded Belt bietet die notwendige Unterst\u00fctzung, um Kraftzuw\u00e4chse zu maximieren und die Trainingsleistung zu optimieren.<\/p>\n\n\n\n<h3 class=\"wp-block-heading\" style=\"margin-bottom:var(--wp--preset--spacing--h-3-bottom)\"><strong>EINSTELLBARER WIDERSTAND<\/strong><\/h3>\n\n\n\n<p><strong><em><strong>Anpassbare Gewichtsstapel<\/strong><\/em><\/strong><\/p>\n\n\n\n<p>Der Benutzer kann den Widerstand durch Hinzuf\u00fcgen oder Entfernen von Gewichtsplatten leicht anpassen und so ein ma\u00dfgeschneidertes Training durchf\u00fchren, das auf die individuelle Wadenst\u00e4rke und -entwicklung abgestimmt ist. Egal, ob Sie Ihre Wadenausdauer oder Ihre Kraft verbessern wollen, der einstellbare Widerstand bietet Ihnen die M\u00f6glichkeit, sich an verschiedene Trainingsziele anzupassen.<\/p>\n<\/div>\n\n\n\n<div class=\"wp-block-column is-vertically-aligned-center is-layout-flow wp-block-column-is-layout-flow\">\n<figure class=\"wp-block-image size-full is-resized is-style-rounded\"><img loading=\"lazy\" decoding=\"async\" width=\"810\" height=\"810\" src=\"https:\/\/store.evolve-fitness.eu\/wp-content\/uploads\/2024\/05\/Dizainas-be-pavadinimo-41.png\" alt=\"\" class=\"wp-image-61856\" style=\"aspect-ratio:1.1333333333333333;object-fit:cover;width:943px;height:auto\" srcset=\"https:\/\/store.evolve-fitness.eu\/wp-content\/uploads\/2024\/05\/Dizainas-be-pavadinimo-41.png 810w, https:\/\/store.evolve-fitness.eu\/wp-content\/uploads\/2024\/05\/Dizainas-be-pavadinimo-41-300x300.png 300w, https:\/\/store.evolve-fitness.eu\/wp-content\/uploads\/2024\/05\/Dizainas-be-pavadinimo-41-150x150.png 150w, https:\/\/store.evolve-fitness.eu\/wp-content\/uploads\/2024\/05\/Dizainas-be-pavadinimo-41-768x768.png 768w, https:\/\/store.evolve-fitness.eu\/wp-content\/uploads\/2024\/05\/Dizainas-be-pavadinimo-41-600x600.png 600w, https:\/\/store.evolve-fitness.eu\/wp-content\/uploads\/2024\/05\/Dizainas-be-pavadinimo-41-100x100.png 100w\" sizes=\"auto, (max-width: 810px) 100vw, 810px\" \/><\/figure>\n<\/div>\n<\/div>\n\n\n\n<div class=\"wp-block-columns alignwide mobile-reverse is-layout-flex wp-container-core-columns-is-layout-7a02faa9 wp-block-columns-is-layout-flex\" style=\"margin-bottom:var(--wp--preset--spacing--tb-section-padding)\">\n<div class=\"wp-block-column is-vertically-aligned-center is-layout-flow wp-block-column-is-layout-flow\">\n<figure class=\"wp-block-image alignleft size-large is-resized is-style-rounded\"><img loading=\"lazy\" decoding=\"async\" width=\"1024\" height=\"1024\" src=\"https:\/\/store.evolve-fitness.eu\/wp-content\/uploads\/2024\/05\/Dizainas-be-pavadinimo-40-1024x1024.png\" alt=\"\" class=\"wp-image-61831\" style=\"aspect-ratio:1.1333333333333333;object-fit:cover;width:872px;height:auto\" srcset=\"https:\/\/store.evolve-fitness.eu\/wp-content\/uploads\/2024\/05\/Dizainas-be-pavadinimo-40-1024x1024.png 1024w, https:\/\/store.evolve-fitness.eu\/wp-content\/uploads\/2024\/05\/Dizainas-be-pavadinimo-40-300x300.png 300w, https:\/\/store.evolve-fitness.eu\/wp-content\/uploads\/2024\/05\/Dizainas-be-pavadinimo-40-150x150.png 150w, https:\/\/store.evolve-fitness.eu\/wp-content\/uploads\/2024\/05\/Dizainas-be-pavadinimo-40-768x768.png 768w, https:\/\/store.evolve-fitness.eu\/wp-content\/uploads\/2024\/05\/Dizainas-be-pavadinimo-40-600x600.png 600w, https:\/\/store.evolve-fitness.eu\/wp-content\/uploads\/2024\/05\/Dizainas-be-pavadinimo-40-100x100.png 100w, https:\/\/store.evolve-fitness.eu\/wp-content\/uploads\/2024\/05\/Dizainas-be-pavadinimo-40.png 1080w\" sizes=\"auto, (max-width: 1024px) 100vw, 1024px\" \/><\/figure>\n<\/div>\n\n\n\n<div class=\"wp-block-column is-vertically-aligned-center is-layout-flow wp-block-column-is-layout-flow\">\n<h3 class=\"wp-block-heading\" style=\"margin-bottom:var(--wp--preset--spacing--h-3-bottom)\"><strong>KOMFORTABLES DESIGN<\/strong><\/h3>\n\n\n\n<p><strong><em><strong><strong><strong><strong><strong><em><strong>Ergonomische Polsterung und Griffe<\/strong><\/em><\/strong><\/strong><\/strong><\/strong><\/strong><\/em><\/strong><\/p>\n\n\n\n<p style=\"margin-bottom:var(--wp--preset--spacing--tb-section-padding)\">Die Seated Calf Raise Maschine wurde mit Blick auf den Benutzerkomfort entwickelt und verf\u00fcgt \u00fcber ergonomische Polster und Griffe, die eine korrekte Positionierung der Beine und Unterst\u00fctzung w\u00e4hrend der \u00dcbungen f\u00f6rdern.<\/p>\n<\/div>\n<\/div>\n\n\n\n<div class=\"wp-block-columns alignwide mobile-reverse is-layout-flex wp-container-core-columns-is-layout-035fa626 wp-block-columns-is-layout-flex\" style=\"margin-bottom:var(--wp--preset--spacing--side-padding);padding-top:var(--wp--preset--spacing--tb-padding);padding-bottom:var(--wp--preset--spacing--tb-padding)\">\n<div class=\"wp-block-column is-vertically-aligned-center is-layout-flow wp-block-column-is-layout-flow\">\n<h3 class=\"wp-block-heading\" style=\"margin-bottom:var(--wp--preset--spacing--h-3-bottom)\"><strong><strong><strong><strong><strong><strong>KOMPAKTE STANDFL\u00c4CHE<\/strong><\/strong><\/strong><\/strong><\/strong><\/strong><\/h3>\n\n\n\n<p><strong><em><strong><strong><strong><strong><strong><strong><strong><strong><strong><em><strong>Platzsparendes Design<\/strong><\/em><\/strong><\/strong><\/strong><\/strong><\/strong><\/strong><\/strong><\/strong><\/strong><\/em><\/strong><\/p>\n\n\n\n<p style=\"margin-bottom:var(--wp--preset--spacing--tb-section-padding)\">Trotz ihrer Funktionalit\u00e4t ist die Standing Leg Curl Maschine sehr kompakt und eignet sich daher auch f\u00fcr Personen mit begrenztem Trainingsraum. Sein stromlinienf\u00f6rmiges Design maximiert die Platzausnutzung, ohne die Funktionalit\u00e4t zu beeintr\u00e4chtigen, und sorgt f\u00fcr einen optimierten Trainingsbereich f\u00fcr ein effektives Training der Kniesehne.<\/p>\n\n\n\n<h3 class=\"wp-block-heading\" style=\"margin-bottom:var(--wp--preset--spacing--h-3-bottom)\"><strong><strong><strong><strong><strong><strong><strong><strong><strong>LASTING FINISH<\/strong><\/strong><\/strong><\/strong><\/strong><\/strong><\/strong><\/strong><\/strong><\/h3>\n\n\n\n<p><strong><em><strong><strong><strong><strong><strong><strong><em><strong>Elektrostatisches Spritzen von duroplastischen Pulvern<\/strong><\/em><\/strong><\/strong><\/strong><\/strong><\/strong><\/strong><\/em><\/strong><\/p>\n\n\n\n<p style=\"margin-bottom:var(--wp--preset--spacing--tb-section-padding)\">Unsere Maschinen verf\u00fcgen \u00fcber eine elektrostatische Duroplast-Pulver-Spr\u00fchtechnologie, die eine dauerhafte Oberfl\u00e4che gew\u00e4hrleistet. Diese fortschrittliche Beschichtung bewahrt das optische Erscheinungsbild des Ger\u00e4ts im Laufe der Zeit.<\/p>\n<\/div>\n\n\n\n<div class=\"wp-block-column is-vertically-aligned-center is-layout-flow wp-block-column-is-layout-flow\">\n<figure class=\"wp-block-image size-full is-resized is-style-rounded\"><img loading=\"lazy\" decoding=\"async\" width=\"945\" height=\"945\" src=\"https:\/\/store.evolve-fitness.eu\/wp-content\/uploads\/2024\/05\/Dizainas-be-pavadinimo-42.png\" alt=\"\" class=\"wp-image-61882\" style=\"object-fit:cover;width:680px;height:600px\" srcset=\"https:\/\/store.evolve-fitness.eu\/wp-content\/uploads\/2024\/05\/Dizainas-be-pavadinimo-42.png 945w, https:\/\/store.evolve-fitness.eu\/wp-content\/uploads\/2024\/05\/Dizainas-be-pavadinimo-42-300x300.png 300w, https:\/\/store.evolve-fitness.eu\/wp-content\/uploads\/2024\/05\/Dizainas-be-pavadinimo-42-150x150.png 150w, https:\/\/store.evolve-fitness.eu\/wp-content\/uploads\/2024\/05\/Dizainas-be-pavadinimo-42-768x768.png 768w, https:\/\/store.evolve-fitness.eu\/wp-content\/uploads\/2024\/05\/Dizainas-be-pavadinimo-42-600x600.png 600w, https:\/\/store.evolve-fitness.eu\/wp-content\/uploads\/2024\/05\/Dizainas-be-pavadinimo-42-100x100.png 100w\" sizes=\"auto, (max-width: 945px) 100vw, 945px\" \/><\/figure>\n<\/div>\n<\/div>\n<\/section>\n<\/section>\n\n<p><\/p>\n","protected":false},"excerpt":{"rendered":"<p>Mit dem Evolve Ultra Series Plate Loaded Hack Squat (UL-360), einer Fusion aus erstklassiger Qualit\u00e4t und dauerhafter Leistung, wird Ihr Fitnessstudio aufgewertet. Das Ger\u00e4t ist mit strapazierf\u00e4higem PU-Leder gepolstert und bietet au\u00dfergew\u00f6hnlichen Komfort und eine glatte, langlebige Oberfl\u00e4che, die sowohl Luxus als auch Langlebigkeit auf Ihrer Fitnessreise gew\u00e4hrleistet. Mit der elektrostatischen Spr\u00fchtechnologie f\u00fcr duroplastische Pulver garantiert der UL-360 eine dauerhafte, optisch ansprechende Oberfl\u00e4che. Sein innovatives Design umfasst haltbare Bodensch\u00fctzer, um den Boden im Fitnessstudio zu schonen, und Stifte f\u00fcr die praktische Aufbewahrung von Hantelscheiben, die einen organisierten Trainingsraum f\u00f6rdern. Die Schrauben und Muttern aus rostfreiem Stahl verst\u00e4rken die Struktur dieses Ger\u00e4ts und versprechen eine kompromisslose Haltbarkeit. Die UL-360 mit einem Gewicht von 291 kg ist ideal f\u00fcr Fitnessbegeisterte, die eine erstklassige, robuste Squat-Maschine suchen. Sie verf\u00fcgt \u00fcber eine 2-Jahres-Garantie und technische Merkmale wie eine dicke PU-Lederpolsterung und eine effiziente Hantelscheibenablage, die sie zu einer herausragenden Wahl f\u00fcr jedes Fitnessstudio machen.<\/p>\n","protected":false},"featured_media":61916,"template":"","meta":{"_acf_changed":false,"inline_featured_image":false},"product_cat":[118,134,135],"product_tag":[],"class_list":{"0":"post-61731","1":"product","2":"type-product","3":"status-publish","4":"has-post-thumbnail","6":"product_cat-hauptseite","7":"product_cat-maschinen-mit-plattenbeladung","8":"product_cat-ultra-series-platte-belastet","10":"first","11":"outofstock","12":"shipping-taxable","13":"purchasable","14":"product-type-simple"},"acf":[],"_links":{"self":[{"href":"https:\/\/store.evolve-fitness.eu\/de\/wp-json\/wp\/v2\/product\/61731","targetHints":{"allow":["GET"]}}],"collection":[{"href":"https:\/\/store.evolve-fitness.eu\/de\/wp-json\/wp\/v2\/product"}],"about":[{"href":"https:\/\/store.evolve-fitness.eu\/de\/wp-json\/wp\/v2\/types\/product"}],"wp:featuredmedia":[{"embeddable":true,"href":"https:\/\/store.evolve-fitness.eu\/de\/wp-json\/wp\/v2\/media\/61916"}],"wp:attachment":[{"href":"https:\/\/store.evolve-fitness.eu\/de\/wp-json\/wp\/v2\/media?parent=61731"}],"wp:term":[{"taxonomy":"product_cat","embeddable":true,"href":"https:\/\/store.evolve-fitness.eu\/de\/wp-json\/wp\/v2\/product_cat?post=61731"},{"taxonomy":"product_tag","embeddable":true,"href":"https:\/\/store.evolve-fitness.eu\/de\/wp-json\/wp\/v2\/product_tag?post=61731"}],"curies":[{"name":"wp","href":"https:\/\/api.w.org\/{rel}","templated":true}]}}