{"id":145766,"date":"2025-10-13T11:25:30","date_gmt":"2025-10-13T11:25:30","guid":{"rendered":"https:\/\/store.evolve-fitness.eu\/product\/evolve-body-pump-rack-20-stuck-pr-250\/"},"modified":"2026-04-02T12:00:47","modified_gmt":"2026-04-02T12:00:47","slug":"evolve-body-pump-rack-20-stuck-pr-250","status":"publish","type":"product","link":"https:\/\/store.evolve-fitness.eu\/de\/produkt\/evolve-body-pump-rack-20-stuck-pr-250\/","title":{"rendered":"Evolve Body-Pump Rack &#8211; 20 St\u00fcck (PR-250)"},"content":{"rendered":"\n<section class=\"wp-block-group alignfull black-content has-white-color has-darkgray-background-color has-text-color has-background is-layout-constrained wp-block-group-is-layout-constrained\" style=\"padding-top:var(--wp--preset--spacing--section-bottom);padding-bottom:var(--wp--preset--spacing--section-bottom)\">\n<div class=\"wp-block-columns alignwide mobile-reverse is-layout-flex wp-container-core-columns-is-layout-ca64bf2d wp-block-columns-is-layout-flex\" style=\"margin-bottom:var(--wp--preset--spacing--side-padding)\">\n<div class=\"wp-block-column is-vertically-aligned-center is-layout-flow wp-block-column-is-layout-flow\">\n<h3 class=\"wp-block-heading\" style=\"margin-bottom:var(--wp--preset--spacing--h-3-bottom)\"><strong><strong><strong><strong><strong><strong><strong><strong><strong>Zweck und Funktion<\/strong><\/strong><\/strong><\/strong><\/strong><\/strong><\/strong><\/strong><\/strong><\/h3>\n\n\n\n<p>Das Evolve Body-Pump Rack ist f\u00fcr die Aufbewahrung und Organisation von bis zu <strong>20 kompletten Body-Pump-Sets<\/strong> (Langhanteln mit Gewichtsscheiben) konzipiert. Es sorgt f\u00fcr eine saubere und effiziente Trainingsumgebung und erm\u00f6glicht den Benutzern einen schnellen Zugriff auf die Ger\u00e4te w\u00e4hrend der Gruppenfitnesskurse. <\/p>\n<\/div>\n\n\n\n<div class=\"wp-block-column is-vertically-aligned-center is-layout-flow wp-block-column-is-layout-flow\">\n<figure class=\"wp-block-image size-full is-resized\"><img decoding=\"async\" src=\"https:\/\/evolve-fitness.eu\/wp-content\/uploads\/2025\/10\/EV-SC-PR-250.png\" alt=\"\" class=\"wp-image-211103\" style=\"width:660px;height:auto\"\/><\/figure>\n<\/div>\n<\/div>\n\n\n\n<div class=\"wp-block-columns alignwide is-layout-flex wp-container-core-columns-is-layout-c45ee707 wp-block-columns-is-layout-flex\" style=\"margin-bottom:var(--wp--preset--spacing--side-padding);padding-top:var(--wp--preset--spacing--side-padding)\">\n<div class=\"wp-block-column is-vertically-aligned-center is-layout-flow wp-block-column-is-layout-flow\">\n<figure class=\"wp-block-image size-full\"><img decoding=\"async\" src=\"https:\/\/evolve-fitness.eu\/wp-content\/uploads\/2025\/10\/Heading-5-1.png\" alt=\"\" class=\"wp-image-211130\"\/><\/figure>\n<\/div>\n\n\n\n<div class=\"wp-block-column is-vertically-aligned-center is-layout-constrained wp-block-column-is-layout-constrained\">\n<h3 class=\"wp-block-heading\" style=\"margin-bottom:var(--wp--preset--spacing--h-3-bottom)\"><strong><strong><strong><strong><strong><strong><strong><strong><strong><strong>Konstruktion und Materialien<\/strong><\/strong><\/strong><\/strong><\/strong><\/strong><\/strong><\/strong><\/strong><\/strong><\/h3>\n\n\n\n<p>Das Gestell ist aus <strong>haltbarem Stahl<\/strong> gefertigt, der f\u00fcr ausgezeichnete Stabilit\u00e4t und langfristige Festigkeit sorgt.<br\/>Alle Verbindungselemente sind f\u00fcr eine zuverl\u00e4ssige Leistung verst\u00e4rkt, w\u00e4hrend die <strong>pulverbeschichtete Oberfl\u00e4che<\/strong> vor Korrosion und Verschlei\u00df sch\u00fctzt.<br\/>Die Seitenhalterungen und St\u00fctzstangen sind sorgf\u00e4ltig positioniert, um die Stangen und Platten sicher an ihrem Platz zu halten.<\/p>\n<\/div>\n<\/div>\n\n\n\n<p class=\"has-text-align-center has-medium-2-font-size\" style=\"padding-top:var(--wp--preset--spacing--tb-padding);padding-bottom:var(--wp--preset--spacing--tb-padding)\"><\/p>\n<\/section>\n","protected":false},"excerpt":{"rendered":"<p>Das Evolve Body-Pump Rack &#8211; 20 St\u00fcck ist eine professionelle Aufbewahrungsl\u00f6sung f\u00fcr bis zu zwanzig komplette Body-Pump-Sets, einschlie\u00dflich Stangen und Hantelscheiben. Das Rack ist aus robustem Stahl mit einer korrosionsbest\u00e4ndigen Pulverbeschichtung gefertigt und gew\u00e4hrleistet dauerhafte Stabilit\u00e4t und Zuverl\u00e4ssigkeit sowohl in kommerziellen als auch in Gruppentrainingsumgebungen. Das Rack verf\u00fcgt \u00fcber gut angeordnete Halterungen, die einen schnellen und einfachen Zugriff auf jedes Set erm\u00f6glichen und gleichzeitig f\u00fcr einen sauberen, organisierten Trainingsbereich sorgen. Mit seiner robusten Konstruktion und seinem eleganten Design maximiert das Evolve Body-Pump Rack die Raumeffizienz, erh\u00f6ht die Sicherheit und verleiht jeder Fitnesseinrichtung ein professionelles Aussehen.   <\/p>\n<p>\n","protected":false},"featured_media":145767,"template":"","meta":{"_acf_changed":false,"inline_featured_image":false},"product_cat":[123,155],"product_tag":[2348,2349],"class_list":{"0":"post-145766","1":"product","2":"type-product","3":"status-publish","4":"has-post-thumbnail","6":"product_cat-freie-gewichte","7":"product_cat-regale-und-lagerlosungen","8":"product_tag-gestell","9":"product_tag-gestell-20-stuck","11":"first","12":"instock","13":"shipping-taxable","14":"purchasable","15":"product-type-simple"},"acf":[],"_links":{"self":[{"href":"https:\/\/store.evolve-fitness.eu\/de\/wp-json\/wp\/v2\/product\/145766","targetHints":{"allow":["GET"]}}],"collection":[{"href":"https:\/\/store.evolve-fitness.eu\/de\/wp-json\/wp\/v2\/product"}],"about":[{"href":"https:\/\/store.evolve-fitness.eu\/de\/wp-json\/wp\/v2\/types\/product"}],"wp:featuredmedia":[{"embeddable":true,"href":"https:\/\/store.evolve-fitness.eu\/de\/wp-json\/wp\/v2\/media\/145767"}],"wp:attachment":[{"href":"https:\/\/store.evolve-fitness.eu\/de\/wp-json\/wp\/v2\/media?parent=145766"}],"wp:term":[{"taxonomy":"product_cat","embeddable":true,"href":"https:\/\/store.evolve-fitness.eu\/de\/wp-json\/wp\/v2\/product_cat?post=145766"},{"taxonomy":"product_tag","embeddable":true,"href":"https:\/\/store.evolve-fitness.eu\/de\/wp-json\/wp\/v2\/product_tag?post=145766"}],"curies":[{"name":"wp","href":"https:\/\/api.w.org\/{rel}","templated":true}]}}