{"id":142985,"date":"2025-10-14T14:15:43","date_gmt":"2025-10-14T11:15:43","guid":{"rendered":"https:\/\/store.evolve-fitness.eu\/product\/evolve-econ-series-seitlicher-stehtrainer-mit-plattenbelastung-ec-020\/"},"modified":"2025-10-14T14:15:43","modified_gmt":"2025-10-14T14:15:43","slug":"evolve-econ-series-seitlicher-stehtrainer-mit-plattenbelastung-ec-020","status":"publish","type":"product","link":"https:\/\/store.evolve-fitness.eu\/de\/produkt\/evolve-econ-series-seitlicher-stehtrainer-mit-plattenbelastung-ec-020\/","title":{"rendered":"Evolve Econ Series Seitlicher Stehtrainer mit Plattenbelastung (EC-020)"},"content":{"rendered":"","protected":false},"excerpt":{"rendered":"<p>Das Evolve Econ Series Plate Loaded Standing Lateral Raise wurde entwickelt, um die seitlichen Deltamuskeln durch eine nat\u00fcrliche stehende Bewegung zu isolieren und zu st\u00e4rken. Der plattengelagerte Mechanismus erm\u00f6glicht eine sanfte Steuerung des Widerstands, w\u00e4hrend die ergonomische Positionierung der Griffe f\u00fcr die richtige Form und Balance sorgt. Das Ger\u00e4t wurde f\u00fcr Langlebigkeit und gleichbleibende Leistung entwickelt und ist die ideale Wahl f\u00fcr kommerzielle und professionelle Trainingsumgebungen.  <\/p>\n","protected":false},"featured_media":142994,"template":"","meta":{"_acf_changed":false,"inline_featured_image":false},"product_cat":[134,223],"product_tag":[],"class_list":{"0":"post-142985","1":"product","2":"type-product","3":"status-publish","4":"has-post-thumbnail","6":"product_cat-maschinen-mit-plattenbeladung","7":"product_cat-econ-series-platte-beladen","9":"first","10":"instock","11":"shipping-taxable","12":"purchasable","13":"product-type-simple"},"acf":[],"_links":{"self":[{"href":"https:\/\/store.evolve-fitness.eu\/de\/wp-json\/wp\/v2\/product\/142985","targetHints":{"allow":["GET"]}}],"collection":[{"href":"https:\/\/store.evolve-fitness.eu\/de\/wp-json\/wp\/v2\/product"}],"about":[{"href":"https:\/\/store.evolve-fitness.eu\/de\/wp-json\/wp\/v2\/types\/product"}],"wp:featuredmedia":[{"embeddable":true,"href":"https:\/\/store.evolve-fitness.eu\/de\/wp-json\/wp\/v2\/media\/142994"}],"wp:attachment":[{"href":"https:\/\/store.evolve-fitness.eu\/de\/wp-json\/wp\/v2\/media?parent=142985"}],"wp:term":[{"taxonomy":"product_cat","embeddable":true,"href":"https:\/\/store.evolve-fitness.eu\/de\/wp-json\/wp\/v2\/product_cat?post=142985"},{"taxonomy":"product_tag","embeddable":true,"href":"https:\/\/store.evolve-fitness.eu\/de\/wp-json\/wp\/v2\/product_tag?post=142985"}],"curies":[{"name":"wp","href":"https:\/\/api.w.org\/{rel}","templated":true}]}}