{"id":142524,"date":"2025-10-21T14:58:29","date_gmt":"2025-10-21T11:58:29","guid":{"rendered":"https:\/\/store.evolve-fitness.eu\/product\/evolve-langes-trizeps-seil-gh-090\/"},"modified":"2026-03-27T12:00:50","modified_gmt":"2026-03-27T12:00:50","slug":"evolve-langes-trizeps-seil-gh-090","status":"publish","type":"product","link":"https:\/\/store.evolve-fitness.eu\/de\/produkt\/evolve-langes-trizeps-seil-gh-090\/","title":{"rendered":"Evolve Langes Trizeps-Seil (GH-090)"},"content":{"rendered":"","protected":false},"excerpt":{"rendered":"<p>Das Evolve Econ Series Long Triceps Rope (EV-AC-GH-090) ist ein strapazierf\u00e4higes und ergonomisches Kabelaufsatzger\u00e4t, das f\u00fcr ein effektives Oberk\u00f6rpertraining entwickelt wurde. Seine L\u00e4nge von 140 cm bietet einen gr\u00f6\u00dferen Bewegungsumfang f\u00fcr Trizeps Pushdowns, Face Pulls und andere Kabel\u00fcbungen. <\/p>\n<p>Es ist aus starkem, geflochtenem Nylon mit verst\u00e4rkten Stahlenden gefertigt und sorgt f\u00fcr Komfort, Griffigkeit und lange Haltbarkeit. Es ist mit allen g\u00e4ngigen Kabelger\u00e4ten kompatibel und eignet sich ideal f\u00fcr den Einsatz zu Hause und im Fitnessstudio. Es hilft Ihnen, Ihre Arme mit Pr\u00e4zision und Kontrolle zu st\u00e4rken und zu definieren. <\/p>\n","protected":false},"featured_media":142530,"template":"","meta":{"_acf_changed":false,"inline_featured_image":false},"product_cat":[164,148],"product_tag":[],"class_list":{"0":"post-142524","1":"product","2":"type-product","3":"status-publish","4":"has-post-thumbnail","6":"product_cat-selektorisierte-maschinen","7":"product_cat-zubehor-de","9":"first","10":"instock","11":"shipping-taxable","12":"purchasable","13":"product-type-simple"},"acf":[],"_links":{"self":[{"href":"https:\/\/store.evolve-fitness.eu\/de\/wp-json\/wp\/v2\/product\/142524","targetHints":{"allow":["GET"]}}],"collection":[{"href":"https:\/\/store.evolve-fitness.eu\/de\/wp-json\/wp\/v2\/product"}],"about":[{"href":"https:\/\/store.evolve-fitness.eu\/de\/wp-json\/wp\/v2\/types\/product"}],"wp:featuredmedia":[{"embeddable":true,"href":"https:\/\/store.evolve-fitness.eu\/de\/wp-json\/wp\/v2\/media\/142530"}],"wp:attachment":[{"href":"https:\/\/store.evolve-fitness.eu\/de\/wp-json\/wp\/v2\/media?parent=142524"}],"wp:term":[{"taxonomy":"product_cat","embeddable":true,"href":"https:\/\/store.evolve-fitness.eu\/de\/wp-json\/wp\/v2\/product_cat?post=142524"},{"taxonomy":"product_tag","embeddable":true,"href":"https:\/\/store.evolve-fitness.eu\/de\/wp-json\/wp\/v2\/product_tag?post=142524"}],"curies":[{"name":"wp","href":"https:\/\/api.w.org\/{rel}","templated":true}]}}