{"id":139190,"date":"2025-09-19T08:03:09","date_gmt":"2025-09-19T08:03:09","guid":{"rendered":"https:\/\/store.evolve-fitness.eu\/product\/evolve-laufband-mit-led-konsole-2\/"},"modified":"2026-04-15T12:00:21","modified_gmt":"2026-04-15T12:00:21","slug":"evolve-laufband-mit-led-konsole-2","status":"publish","type":"product","link":"https:\/\/store.evolve-fitness.eu\/de\/produkt\/evolve-laufband-mit-led-konsole-2\/","title":{"rendered":"Evolve-Laufband mit LED-Konsole"},"content":{"rendered":"\n<section class=\"wp-block-group alignfull black-content has-white-color has-darkgray-background-color has-text-color has-background is-layout-constrained wp-block-group-is-layout-constrained\" style=\"padding-top:var(--wp--preset--spacing--section-bottom);padding-bottom:var(--wp--preset--spacing--section-bottom)\">\n<div class=\"wp-block-columns alignwide is-layout-flex wp-container-core-columns-is-layout-c45ee707 wp-block-columns-is-layout-flex\" style=\"margin-bottom:var(--wp--preset--spacing--side-padding);padding-top:var(--wp--preset--spacing--side-padding)\">\n<div class=\"wp-block-column is-vertically-aligned-center is-layout-flow wp-block-column-is-layout-flow\">\n<figure class=\"wp-block-image size-full is-style-rounded\"><img decoding=\"async\" src=\"https:\/\/evolve-fitness.eu\/wp-content\/uploads\/2025\/08\/EV-TM-HT-175-LED-1-scaled.png\" alt=\"\" class=\"wp-image-203334\"\/><\/figure>\n<\/div>\n\n\n\n<div class=\"wp-block-column is-vertically-aligned-center is-layout-flow wp-block-column-is-layout-flow\">\n<h3 class=\"wp-block-heading\" style=\"margin-bottom:var(--wp--preset--spacing--h-3-bottom)\"><strong><strong>Stabilit\u00e4t und Langlebigkeit<\/strong><\/strong><\/h3>\n\n\n\n<p style=\"margin-bottom:var(--wp--preset--spacing--tb-section-padding)\">Das Evolve Laufband mit LED-Konsole (EV-TM-HT-175-LED) ist ein kompaktes und strapazierf\u00e4higes Cardioger\u00e4t, das sowohl f\u00fcr den privaten als auch f\u00fcr den leicht kommerziellen Einsatz konzipiert wurde. Ausgestattet mit einem \u00fcbersichtlichen LED-Display, verfolgt es Geschwindigkeit, Distanz, Zeit, Kalorien und Puls und sorgt so f\u00fcr ein effektives und komfortables Training. <\/p>\n<\/div>\n<\/div>\n\n\n\n<div class=\"wp-block-columns alignwide are-vertically-aligned-center mobile-reverse is-layout-flex wp-container-core-columns-is-layout-e8158c2f wp-block-columns-is-layout-flex\" style=\"padding-top:var(--wp--preset--spacing--side-padding)\">\n<div class=\"wp-block-column is-vertically-aligned-center is-layout-flow wp-block-column-is-layout-flow\">\n<h3 class=\"wp-block-heading\" style=\"margin-bottom:var(--wp--preset--spacing--h-3-bottom)\"><strong><strong><strong><strong>Zusammenklappbar und platzsparend<\/strong><\/strong><\/strong><\/strong><\/h3>\n\n\n\n<p style=\"margin-bottom:var(--wp--preset--spacing--tb-section-padding)\">Nach jedem Training k\u00f6nnen Sie das Laufband m\u00fchelos zusammenklappen und mit den eingebauten Transportrollen an einen anderen Ort bringen. Es ist eine praktische, platzsparende L\u00f6sung, die sich nahtlos in jede Heimtrainingseinrichtung einf\u00fcgt.<\/p>\n<\/div>\n\n\n\n<div class=\"wp-block-column is-vertically-aligned-center is-layout-flow wp-block-column-is-layout-flow\">\n<figure class=\"wp-block-image size-large is-style-rounded\"><img decoding=\"async\" src=\"https:\/\/evolve-fitness.eu\/wp-content\/uploads\/2025\/08\/Dizainas-be-pavadinimo-12-1024x1024.png\" alt=\"\" class=\"wp-image-203309\"\/><\/figure>\n<\/div>\n<\/div>\n<\/section>\n\n<section class=\"wp-block-group alignfull black-content has-white-color has-darkgray-background-color has-text-color has-background is-layout-constrained wp-block-group-is-layout-constrained\" style=\"padding-top:var(--wp--preset--spacing--section-bottom);padding-bottom:var(--wp--preset--spacing--section-bottom)\">\n<div class=\"wp-block-columns alignwide is-layout-flex wp-container-core-columns-is-layout-c45ee707 wp-block-columns-is-layout-flex\" style=\"margin-bottom:var(--wp--preset--spacing--side-padding);padding-top:var(--wp--preset--spacing--side-padding)\">\n<div class=\"wp-block-column is-vertically-aligned-center is-layout-flow wp-block-column-is-layout-flow\">\n<figure class=\"wp-block-image size-full is-style-rounded\"><img decoding=\"async\" src=\"https:\/\/evolve-fitness.eu\/wp-content\/uploads\/2025\/08\/Dizainas-be-pavadinimo-21.png\" alt=\"\" class=\"wp-image-204882\"\/><\/figure>\n<\/div>\n\n\n\n<div class=\"wp-block-column is-vertically-aligned-center is-layout-flow wp-block-column-is-layout-flow\">\n<h3 class=\"wp-block-heading\" style=\"margin-bottom:var(--wp--preset--spacing--h-3-bottom)\"><strong><strong>LED-Konsole &#8211; Intelligent und vernetzt<\/strong><\/strong><\/h3>\n\n\n\n<p style=\"margin-bottom:var(--wp--preset--spacing--tb-section-padding)\">Die LED-Konsole bietet ein klares Trainingsfeedback und eine einfache Steuerung, wodurch jede Trainingseinheit effektiver wird. Mit den <strong>P3-Programmen<\/strong> f\u00fcr gef\u00fchrtes Training, der <strong>HRC-Funktion<\/strong> f\u00fcr herzfrequenzbasiertes Training, der <strong>Bluetooth-Konnektivit\u00e4t<\/strong> f\u00fcr Apps und kabelloses Pairing und einer <strong>MP3-Funktion<\/strong> f\u00fcr die Musikwiedergabe vereint es Leistung und Unterhaltung in einem kompakten System. <\/p>\n<\/div>\n<\/div>\n\n\n\n<div class=\"wp-block-columns alignwide are-vertically-aligned-center mobile-reverse is-layout-flex wp-container-core-columns-is-layout-e8158c2f wp-block-columns-is-layout-flex\" style=\"padding-top:var(--wp--preset--spacing--side-padding)\">\n<div class=\"wp-block-column is-vertically-aligned-center is-layout-flow wp-block-column-is-layout-flow\">\n<h3 class=\"wp-block-heading\" style=\"margin-bottom:var(--wp--preset--spacing--h-3-bottom)\"><strong><strong><strong>Neigung f\u00fcr Abwechslung<\/strong><\/strong><\/strong><\/h3>\n\n\n\n<p style=\"margin-bottom:var(--wp--preset--spacing--tb-section-padding)\">Dieses Laufband bietet eine Lauffl\u00e4che von 1250 \u00d7 420 mm, einen Geschwindigkeitsbereich von 1,0-16,0 km\/h und bis zu 12 Steigungsstufen f\u00fcr ein vielseitiges Training. Benutzer k\u00f6nnen aus 36 voreingestellten Programmen, 3 Benutzerprogrammen, einem manuellen Modus und einer BMI-Funktion w\u00e4hlen, um ihre Fitnessziele zu erreichen. <\/p>\n<\/div>\n\n\n\n<div class=\"wp-block-column is-vertically-aligned-center is-layout-flow wp-block-column-is-layout-flow\">\n<figure class=\"wp-block-image size-large is-style-rounded\"><img decoding=\"async\" src=\"https:\/\/evolve-fitness.eu\/wp-content\/uploads\/2025\/08\/Dizainas-be-pavadinimo-22-1024x1024.png\" alt=\"\" class=\"wp-image-204907\"\/><\/figure>\n<\/div>\n<\/div>\n<\/section>\n\n<section class=\"wp-block-group alignfull black-content has-white-color has-darkgray-background-color has-text-color has-background is-layout-constrained wp-block-group-is-layout-constrained\" style=\"padding-top:var(--wp--preset--spacing--section-bottom);padding-bottom:var(--wp--preset--spacing--section-bottom)\">\n<div class=\"wp-block-columns alignwide are-vertically-aligned-center is-layout-flex wp-container-core-columns-is-layout-e8158c2f wp-block-columns-is-layout-flex\" style=\"padding-top:var(--wp--preset--spacing--side-padding)\">\n<div class=\"wp-block-column is-vertically-aligned-center is-layout-flow wp-block-column-is-layout-flow\">\n<figure class=\"wp-block-image aligncenter size-full is-style-rounded\"><img decoding=\"async\" src=\"https:\/\/evolve-fitness.eu\/wp-content\/uploads\/2023\/08\/EV-HT-350-LED-7.jpg\" alt=\"\" class=\"wp-image-2609\"\/><\/figure>\n<\/div>\n\n\n\n<div class=\"wp-block-column is-vertically-aligned-center is-layout-flow wp-block-column-is-layout-flow\">\n<h3 class=\"wp-block-heading\" style=\"margin-bottom:var(--wp--preset--spacing--h-3-bottom)\"><strong><strong>\u00dcberwachung der Herzfrequenz<\/strong><\/strong><\/h3>\n\n\n\n<p><strong><em><strong>Intelligente Fitness<\/strong><\/em><\/strong><\/p>\n\n\n\n<p style=\"margin-bottom:var(--wp--preset--spacing--tb-section-padding)\">\u00dcberwachen Sie Ihre Herzfrequenz, um Ihr Training zu optimieren. Die \u00dcberwachung Ihrer Herzfrequenz hilft Ihnen nicht nur, eine \u00dcberanstrengung zu vermeiden, sondern erm\u00f6glicht es Ihnen auch, bestimmte Fitnesszonen zu erreichen und so die Effektivit\u00e4t Ihres Herz-Kreislauf-Trainings und Ihrer Kalorienverbrennungseinheiten zu steigern.<\/p>\n<\/div>\n<\/div>\n\n\n\n<div class=\"wp-block-columns alignwide are-vertically-aligned-center is-layout-flex wp-container-core-columns-is-layout-e8158c2f wp-block-columns-is-layout-flex\" style=\"padding-top:var(--wp--preset--spacing--side-padding)\">\n<div class=\"wp-block-column is-vertically-aligned-center is-layout-flow wp-block-column-is-layout-flow\">\n<h3 class=\"wp-block-heading\" style=\"margin-bottom:var(--wp--preset--spacing--h-3-bottom)\"><strong><strong><strong><strong>Hydratisiert und organisiert bleiben<\/strong><\/strong><\/strong><\/strong><\/h3>\n\n\n\n<p><strong><em><strong>Halterungen f\u00fcr Wasserflaschen und Zubeh\u00f6r<\/strong><\/em><\/strong><\/p>\n\n\n\n<p style=\"margin-bottom:var(--wp--preset--spacing--tb-section-padding)\">Integrierte Halterungen auf beiden Seiten f\u00fcr Ihre Lieblingsgetr\u00e4nke und sichere, mit rutschfesten Mustern versehene Ablagen f\u00fcr Ihr Trainingszubeh\u00f6r sorgen f\u00fcr Erfrischung. So haben Sie alles, was Sie brauchen, in greifbarer N\u00e4he.<\/p>\n<\/div>\n\n\n\n<div class=\"wp-block-column is-vertically-aligned-center is-layout-flow wp-block-column-is-layout-flow\">\n<figure class=\"wp-block-image aligncenter size-full is-style-rounded\"><img decoding=\"async\" src=\"https:\/\/evolve-fitness.eu\/wp-content\/uploads\/2023\/08\/EV-HT-350-LED-8.jpg\" alt=\"\" class=\"wp-image-2611\"\/><\/figure>\n<\/div>\n<\/div>\n<\/section>\n\n<section class=\"wp-block-group alignfull black-content has-white-color has-darkgray-background-color has-text-color has-background is-layout-constrained wp-block-group-is-layout-constrained\" style=\"padding-top:var(--wp--preset--spacing--section-bottom);padding-bottom:var(--wp--preset--spacing--section-bottom)\">\n<div class=\"wp-block-columns alignwide are-vertically-aligned-center is-layout-flex wp-container-core-columns-is-layout-e8158c2f wp-block-columns-is-layout-flex\" style=\"padding-top:var(--wp--preset--spacing--side-padding)\">\n<div class=\"wp-block-column is-vertically-aligned-center is-layout-flow wp-block-column-is-layout-flow\">\n<figure class=\"wp-block-image aligncenter size-full is-style-rounded\"><img decoding=\"async\" src=\"https:\/\/evolve-fitness.eu\/wp-content\/uploads\/2023\/08\/EV-HT-350-LED-10.jpg\" alt=\"\" class=\"wp-image-2613\"\/><\/figure>\n<\/div>\n\n\n\n<div class=\"wp-block-column is-vertically-aligned-center is-layout-flow wp-block-column-is-layout-flow\">\n<h3 class=\"wp-block-heading\" style=\"margin-bottom:var(--wp--preset--spacing--h-3-bottom)\"><strong><strong><strong>Sicherheitsschl\u00fcssel<\/strong><\/strong><\/strong><\/h3>\n\n\n\n<p><strong><em><strong><strong>Priorisieren Sie Ihre Sicherheit<\/strong><\/strong><\/em><\/strong><\/p>\n\n\n\n<p style=\"margin-bottom:var(--wp--preset--spacing--tb-section-padding)\">Befestigen Sie den roten Sicherheitsschl\u00fcssel vor jedem Training an Ihrer Kleidung. In Notf\u00e4llen wird die Sicherheitstaste entriegelt und das Laufband sofort gestoppt. Ihre Sicherheit hat f\u00fcr uns oberste Priorit\u00e4t.<\/p>\n<\/div>\n<\/div>\n<\/section>\n","protected":false},"excerpt":{"rendered":"<p>Das Evolve Laufband mit LED-Konsole (EV-TM-HT-175-LED) ist ein kompaktes und robustes Cardioger\u00e4t mit einer Lauffl\u00e4che von 1250 \u00d7 420 mm, einem Geschwindigkeitsbereich von 1,0-16,0 km\/h, 12 Neigungsstufen und mehreren Trainingsprogrammen. Durch sein klappbares Design mit Transportr\u00e4dern l\u00e4sst es sich leicht verstauen und transportieren und eignet sich somit perfekt f\u00fcr den Einsatz zu Hause und in kleinen Unternehmen. <\/p>\n","protected":false},"featured_media":138194,"template":"","meta":{"_acf_changed":false,"inline_featured_image":false},"product_cat":[118,140,154],"product_tag":[2318],"class_list":{"0":"post-139190","1":"product","2":"type-product","3":"status-publish","4":"has-post-thumbnail","6":"product_cat-hauptseite","7":"product_cat-kardiogerate","8":"product_cat-cardio-gerate-fur-zu-hause","9":"product_tag-kardiogerate","11":"first","12":"instock","13":"shipping-taxable","14":"purchasable","15":"product-type-simple"},"acf":[],"_links":{"self":[{"href":"https:\/\/store.evolve-fitness.eu\/de\/wp-json\/wp\/v2\/product\/139190","targetHints":{"allow":["GET"]}}],"collection":[{"href":"https:\/\/store.evolve-fitness.eu\/de\/wp-json\/wp\/v2\/product"}],"about":[{"href":"https:\/\/store.evolve-fitness.eu\/de\/wp-json\/wp\/v2\/types\/product"}],"wp:featuredmedia":[{"embeddable":true,"href":"https:\/\/store.evolve-fitness.eu\/de\/wp-json\/wp\/v2\/media\/138194"}],"wp:attachment":[{"href":"https:\/\/store.evolve-fitness.eu\/de\/wp-json\/wp\/v2\/media?parent=139190"}],"wp:term":[{"taxonomy":"product_cat","embeddable":true,"href":"https:\/\/store.evolve-fitness.eu\/de\/wp-json\/wp\/v2\/product_cat?post=139190"},{"taxonomy":"product_tag","embeddable":true,"href":"https:\/\/store.evolve-fitness.eu\/de\/wp-json\/wp\/v2\/product_tag?post=139190"}],"curies":[{"name":"wp","href":"https:\/\/api.w.org\/{rel}","templated":true}]}}