{"id":139149,"date":"2025-09-19T08:26:50","date_gmt":"2025-09-19T08:26:50","guid":{"rendered":"https:\/\/store.evolve-fitness.eu\/product\/evolve-laufband-mit-konsole-300-led\/"},"modified":"2026-02-03T11:59:14","modified_gmt":"2026-02-03T11:59:14","slug":"evolve-laufband-mit-konsole-300-led","status":"publish","type":"product","link":"https:\/\/store.evolve-fitness.eu\/de\/produkt\/evolve-laufband-mit-konsole-300-led\/","title":{"rendered":"Evolve Laufband mit Konsole 300 LED"},"content":{"rendered":"\n<section class=\"wp-block-group alignfull black-content has-white-color has-darkgray-background-color has-text-color has-background is-layout-constrained wp-block-group-is-layout-constrained\" style=\"padding-top:var(--wp--preset--spacing--section-bottom);padding-bottom:var(--wp--preset--spacing--section-bottom)\">\n<div class=\"wp-block-columns alignwide is-layout-flex wp-container-core-columns-is-layout-c45ee707 wp-block-columns-is-layout-flex\" style=\"margin-bottom:var(--wp--preset--spacing--side-padding);padding-top:var(--wp--preset--spacing--side-padding)\">\n<div class=\"wp-block-column is-vertically-aligned-center is-layout-flow wp-block-column-is-layout-flow\">\n<figure class=\"wp-block-image size-full is-style-rounded\"><img decoding=\"async\" src=\"https:\/\/evolve-fitness.eu\/wp-content\/uploads\/2025\/08\/Dizainas-be-pavadinimo-17.png\" alt=\"\" class=\"wp-image-204169\"\/><\/figure>\n<\/div>\n\n\n\n<div class=\"wp-block-column is-vertically-aligned-center is-layout-flow wp-block-column-is-layout-flow\">\n<h3 class=\"wp-block-heading\" style=\"margin-bottom:var(--wp--preset--spacing--h-3-bottom)\"><strong><strong>Funktionalit\u00e4t und Komfort<\/strong><\/strong><\/h3>\n\n\n\n<p style=\"margin-bottom:var(--wp--preset--spacing--tb-section-padding)\">Dieses Modell kombiniert eine einfache Bedienung mit einem ergonomischen Design. Die ger\u00e4umige Lauffl\u00e4che sorgt f\u00fcr Komfort f\u00fcr Benutzer unterschiedlicher Gr\u00f6\u00dfe und Fitnessniveaus, w\u00e4hrend der robuste Rahmen f\u00fcr Stabilit\u00e4t und Sicherheit bei jedem Training sorgt. <\/p>\n<\/div>\n<\/div>\n\n\n\n<div class=\"wp-block-columns alignwide are-vertically-aligned-center mobile-reverse is-layout-flex wp-container-core-columns-is-layout-e8158c2f wp-block-columns-is-layout-flex\" style=\"padding-top:var(--wp--preset--spacing--side-padding)\">\n<div class=\"wp-block-column is-vertically-aligned-center is-layout-flow wp-block-column-is-layout-flow\">\n<h3 class=\"wp-block-heading\" style=\"margin-bottom:var(--wp--preset--spacing--h-3-bottom)\"><strong><strong><strong><strong><strong>Drahtloses Aufladen von Mobiltelefonen<\/strong><\/strong><\/strong><\/strong><\/strong><\/h3>\n\n\n\n<p style=\"margin-bottom:var(--wp--preset--spacing--tb-section-padding)\">Bleiben Sie mit dem Evolve Laufband mit LED-Konsole 300 LED und der innovativen Funktion zum kabellosen Aufladen von Mobiltelefonen w\u00e4hrend Ihrer Fitnessreise in Verbindung und geladen. W\u00e4hrend Sie auf dem Laufband an Ihre Grenzen gehen, k\u00f6nnen Sie Ihr mobiles Ger\u00e4t m\u00fchelos mit Strom versorgen. Diese innovative Erg\u00e4nzung sorgt daf\u00fcr, dass Ihr Training nicht unterbrochen wird und Sie sich mit Ihren Lieblingsapps, -musikst\u00fccken und -inhalten besch\u00e4ftigen k\u00f6nnen, w\u00e4hrend Ihr Ger\u00e4t einsatzbereit bleibt. Erleben Sie die Verschmelzung von Fitness und Technologie, indem Sie Ihr Handy kabellos aufladen und so den Komfort f\u00fcr den modernen Fitnessenthusiasten neu definieren.<\/p>\n<\/div>\n\n\n\n<div class=\"wp-block-column is-vertically-aligned-center is-layout-flow wp-block-column-is-layout-flow\">\n<figure class=\"wp-block-image size-large is-style-rounded\"><img decoding=\"async\" src=\"https:\/\/evolve-fitness.eu\/wp-content\/uploads\/2025\/08\/EV-TM-HT-300-LED1-1024x1024.png\" alt=\"\" class=\"wp-image-204932\"\/><\/figure>\n<\/div>\n<\/div>\n<\/section>\n\n<section class=\"wp-block-group alignfull black-content has-white-color has-darkgray-background-color has-text-color has-background is-layout-constrained wp-block-group-is-layout-constrained\" style=\"padding-top:var(--wp--preset--spacing--section-bottom);padding-bottom:var(--wp--preset--spacing--section-bottom)\">\n<div class=\"wp-block-columns alignwide is-layout-flex wp-container-core-columns-is-layout-c45ee707 wp-block-columns-is-layout-flex\" style=\"margin-bottom:var(--wp--preset--spacing--side-padding);padding-top:var(--wp--preset--spacing--side-padding)\">\n<div class=\"wp-block-column is-vertically-aligned-center is-layout-flow wp-block-column-is-layout-flow\">\n<figure class=\"wp-block-image size-full is-style-rounded\"><img decoding=\"async\" src=\"https:\/\/evolve-fitness.eu\/wp-content\/uploads\/2025\/08\/EV-TM-HT-300-LED-2-scaled.png\" alt=\"\" class=\"wp-image-206107\"\/><\/figure>\n<\/div>\n\n\n\n<div class=\"wp-block-column is-vertically-aligned-center is-layout-flow wp-block-column-is-layout-flow\">\n<h3 class=\"wp-block-heading\" style=\"margin-bottom:var(--wp--preset--spacing--h-3-bottom)\"><strong><strong><strong><strong><strong><strong>Zusammenklappbar und platzsparend<\/strong><\/strong><\/strong><\/strong><\/strong><\/strong><\/h3>\n\n\n\n<p style=\"margin-bottom:var(--wp--preset--spacing--tb-section-padding)\">Nach jedem Training k\u00f6nnen Sie das Laufband m\u00fchelos zusammenklappen und mit den eingebauten Transportrollen an einen anderen Ort bringen. Es ist eine praktische, platzsparende L\u00f6sung, die sich nahtlos in jede Heimtrainingseinrichtung einf\u00fcgt.<\/p>\n<\/div>\n<\/div>\n\n\n\n<div class=\"wp-block-columns alignwide are-vertically-aligned-center mobile-reverse is-layout-flex wp-container-core-columns-is-layout-e8158c2f wp-block-columns-is-layout-flex\" style=\"padding-top:var(--wp--preset--spacing--side-padding)\">\n<div class=\"wp-block-column is-vertically-aligned-center is-layout-flow wp-block-column-is-layout-flow\">\n<h3 class=\"wp-block-heading\" style=\"margin-bottom:var(--wp--preset--spacing--h-3-bottom)\"><strong><strong><strong><strong><strong>LED-Konsole &#8211; Einfach und funktionell<\/strong><\/strong><\/strong><\/strong><\/strong><\/h3>\n\n\n\n<p style=\"margin-bottom:var(--wp--preset--spacing--tb-section-padding)\">Das LED-Display mit <strong>4 Touch-Tasten<\/strong> sorgt f\u00fcr eine schnelle und intuitive Steuerung. Ausgestattet mit <strong>Bluetooth-Konnektivit\u00e4t<\/strong>, <strong>Herzfrequenzmessung<\/strong> und der <strong>ERP-Funktion<\/strong> f\u00fcr eine effiziente Leistungsverfolgung bietet die Konsole sowohl Komfort als auch Pr\u00e4zision bei jedem Training. <\/p>\n<\/div>\n\n\n\n<div class=\"wp-block-column is-vertically-aligned-center is-layout-flow wp-block-column-is-layout-flow\">\n<figure class=\"wp-block-image size-large is-style-rounded\"><img decoding=\"async\" src=\"https:\/\/evolve-fitness.eu\/wp-content\/uploads\/2025\/08\/300-LED-1024x1024.png\" alt=\"\" class=\"wp-image-206133\"\/><\/figure>\n<\/div>\n<\/div>\n<\/section>\n\n<section class=\"wp-block-group alignfull black-content has-white-color has-darkgray-background-color has-text-color has-background is-layout-constrained wp-block-group-is-layout-constrained\" style=\"padding-top:var(--wp--preset--spacing--section-bottom);padding-bottom:var(--wp--preset--spacing--section-bottom)\">\n<div class=\"wp-block-columns alignwide are-vertically-aligned-center is-layout-flex wp-container-core-columns-is-layout-e8158c2f wp-block-columns-is-layout-flex\" style=\"padding-top:var(--wp--preset--spacing--side-padding)\">\n<div class=\"wp-block-column is-vertically-aligned-center is-layout-flow wp-block-column-is-layout-flow\">\n<figure class=\"wp-block-image aligncenter size-full is-style-rounded\"><img decoding=\"async\" src=\"https:\/\/evolve-fitness.eu\/wp-content\/uploads\/2023\/08\/EV-HT-350-LED-7.jpg\" alt=\"\" class=\"wp-image-2609\"\/><\/figure>\n<\/div>\n\n\n\n<div class=\"wp-block-column is-vertically-aligned-center is-layout-flow wp-block-column-is-layout-flow\">\n<h3 class=\"wp-block-heading\" style=\"margin-bottom:var(--wp--preset--spacing--h-3-bottom)\"><strong><strong>\u00dcberwachung der Herzfrequenz<\/strong><\/strong><\/h3>\n\n\n\n<p><strong><em><strong>Intelligente Fitness<\/strong><\/em><\/strong><\/p>\n\n\n\n<p style=\"margin-bottom:var(--wp--preset--spacing--tb-section-padding)\">\u00dcberwachen Sie Ihre Herzfrequenz, um Ihr Training zu optimieren. Die \u00dcberwachung Ihrer Herzfrequenz hilft Ihnen nicht nur, eine \u00dcberanstrengung zu vermeiden, sondern erm\u00f6glicht es Ihnen auch, bestimmte Fitnesszonen zu erreichen und so die Effektivit\u00e4t Ihres Herz-Kreislauf-Trainings und Ihrer Kalorienverbrennungseinheiten zu steigern.<\/p>\n<\/div>\n<\/div>\n\n\n\n<div class=\"wp-block-columns alignwide are-vertically-aligned-center is-layout-flex wp-container-core-columns-is-layout-e8158c2f wp-block-columns-is-layout-flex\" style=\"padding-top:var(--wp--preset--spacing--side-padding)\">\n<div class=\"wp-block-column is-vertically-aligned-center is-layout-flow wp-block-column-is-layout-flow\">\n<h3 class=\"wp-block-heading\" style=\"margin-bottom:var(--wp--preset--spacing--h-3-bottom)\"><strong><strong><strong><strong>Hydratisiert und organisiert bleiben<\/strong><\/strong><\/strong><\/strong><\/h3>\n\n\n\n<p><strong><em><strong>Halterungen f\u00fcr Wasserflaschen und Zubeh\u00f6r<\/strong><\/em><\/strong><\/p>\n\n\n\n<p style=\"margin-bottom:var(--wp--preset--spacing--tb-section-padding)\">Integrierte Halterungen auf beiden Seiten f\u00fcr Ihre Lieblingsgetr\u00e4nke und sichere, mit rutschfesten Mustern versehene Ablagen f\u00fcr Ihr Trainingszubeh\u00f6r sorgen f\u00fcr Erfrischung. So haben Sie alles, was Sie brauchen, in greifbarer N\u00e4he.<\/p>\n<\/div>\n\n\n\n<div class=\"wp-block-column is-vertically-aligned-center is-layout-flow wp-block-column-is-layout-flow\">\n<figure class=\"wp-block-image aligncenter size-full is-style-rounded\"><img decoding=\"async\" src=\"https:\/\/evolve-fitness.eu\/wp-content\/uploads\/2023\/08\/EV-HT-350-LED-8.jpg\" alt=\"\" class=\"wp-image-2611\"\/><\/figure>\n<\/div>\n<\/div>\n<\/section>\n\n<section class=\"wp-block-group alignfull black-content has-white-color has-darkgray-background-color has-text-color has-background is-layout-constrained wp-block-group-is-layout-constrained\" style=\"padding-top:var(--wp--preset--spacing--section-bottom);padding-bottom:var(--wp--preset--spacing--section-bottom)\">\n<div class=\"wp-block-columns alignwide are-vertically-aligned-center is-layout-flex wp-container-core-columns-is-layout-e8158c2f wp-block-columns-is-layout-flex\" style=\"padding-top:var(--wp--preset--spacing--side-padding)\">\n<div class=\"wp-block-column is-vertically-aligned-center is-layout-flow wp-block-column-is-layout-flow\">\n<figure class=\"wp-block-image aligncenter size-full is-style-rounded\"><img decoding=\"async\" src=\"https:\/\/evolve-fitness.eu\/wp-content\/uploads\/2023\/08\/EV-HT-350-LED-10.jpg\" alt=\"\" class=\"wp-image-2613\"\/><\/figure>\n<\/div>\n\n\n\n<div class=\"wp-block-column is-vertically-aligned-center is-layout-flow wp-block-column-is-layout-flow\">\n<h3 class=\"wp-block-heading\" style=\"margin-bottom:var(--wp--preset--spacing--h-3-bottom)\"><strong><strong><strong>Sicherheitsschl\u00fcssel<\/strong><\/strong><\/strong><\/h3>\n\n\n\n<p><strong><em><strong><strong>Priorisieren Sie Ihre Sicherheit<\/strong><\/strong><\/em><\/strong><\/p>\n\n\n\n<p style=\"margin-bottom:var(--wp--preset--spacing--tb-section-padding)\">Befestigen Sie den roten Sicherheitsschl\u00fcssel vor jedem Training an Ihrer Kleidung. In Notf\u00e4llen wird die Sicherheitstaste entriegelt und das Laufband sofort gestoppt. Ihre Sicherheit hat f\u00fcr uns oberste Priorit\u00e4t.<\/p>\n<\/div>\n<\/div>\n<\/section>\n","protected":false},"excerpt":{"rendered":"<p>Das Evolve EV-TM-HT-300-LED ist ein zuverl\u00e4ssiges Laufband, das sowohl f\u00fcr Fitnessbegeisterte zu Hause als auch f\u00fcr kommerzielle Fitnessstudios geeignet ist. Es ist mit einer \u00fcbersichtlichen LED-Konsole ausgestattet, mit der Sie Trainingsparameter wie Geschwindigkeit, Zeit, Distanz, Kalorien und Herzfrequenz einfach \u00fcberwachen k\u00f6nnen. <\/p>\n","protected":false},"featured_media":136130,"template":"","meta":{"_acf_changed":false,"inline_featured_image":false},"product_cat":[118,140,154],"product_tag":[2318],"class_list":{"0":"post-139149","1":"product","2":"type-product","3":"status-publish","4":"has-post-thumbnail","6":"product_cat-hauptseite","7":"product_cat-kardiogerate","8":"product_cat-cardio-gerate-fur-zu-hause","9":"product_tag-kardiogerate","11":"first","12":"instock","13":"shipping-taxable","14":"purchasable","15":"product-type-simple"},"acf":[],"_links":{"self":[{"href":"https:\/\/store.evolve-fitness.eu\/de\/wp-json\/wp\/v2\/product\/139149","targetHints":{"allow":["GET"]}}],"collection":[{"href":"https:\/\/store.evolve-fitness.eu\/de\/wp-json\/wp\/v2\/product"}],"about":[{"href":"https:\/\/store.evolve-fitness.eu\/de\/wp-json\/wp\/v2\/types\/product"}],"wp:featuredmedia":[{"embeddable":true,"href":"https:\/\/store.evolve-fitness.eu\/de\/wp-json\/wp\/v2\/media\/136130"}],"wp:attachment":[{"href":"https:\/\/store.evolve-fitness.eu\/de\/wp-json\/wp\/v2\/media?parent=139149"}],"wp:term":[{"taxonomy":"product_cat","embeddable":true,"href":"https:\/\/store.evolve-fitness.eu\/de\/wp-json\/wp\/v2\/product_cat?post=139149"},{"taxonomy":"product_tag","embeddable":true,"href":"https:\/\/store.evolve-fitness.eu\/de\/wp-json\/wp\/v2\/product_tag?post=139149"}],"curies":[{"name":"wp","href":"https:\/\/api.w.org\/{rel}","templated":true}]}}