{"id":139059,"date":"2025-09-19T10:53:24","date_gmt":"2025-09-19T10:53:24","guid":{"rendered":"https:\/\/store.evolve-fitness.eu\/product\/evolve-laufband-mit-238-zoll-tft-konsole\/"},"modified":"2026-04-16T12:00:39","modified_gmt":"2026-04-16T12:00:39","slug":"evolve-laufband-mit-238-zoll-tft-konsole","status":"publish","type":"product","link":"https:\/\/store.evolve-fitness.eu\/de\/produkt\/evolve-laufband-mit-238-zoll-tft-konsole\/","title":{"rendered":"Evolve Laufband mit 23,8-Zoll-TFT-Konsole"},"content":{"rendered":"","protected":false},"excerpt":{"rendered":"<p>Erleben Sie Ihr Training auf einer 23,8-Zoll-TFT-Konsole mit einer einfachen und intuitiven Benutzeroberfl\u00e4che. Die Konsole gibt Ihnen in Echtzeit R\u00fcckmeldung \u00fcber Geschwindigkeit, Entfernung, Zeit, Steigung, Kalorien und Herzfrequenz und hilft Ihnen so, die Kontrolle \u00fcber Ihre Fortschritte zu behalten. <\/p>\n","protected":false},"featured_media":137909,"template":"","meta":{"_acf_changed":false,"inline_featured_image":false},"product_cat":[118,140,154],"product_tag":[2318],"class_list":{"0":"post-139059","1":"product","2":"type-product","3":"status-publish","4":"has-post-thumbnail","6":"product_cat-hauptseite","7":"product_cat-kardiogerate","8":"product_cat-cardio-gerate-fur-zu-hause","9":"product_tag-kardiogerate","11":"first","12":"instock","13":"shipping-taxable","14":"purchasable","15":"product-type-simple"},"acf":[],"_links":{"self":[{"href":"https:\/\/store.evolve-fitness.eu\/de\/wp-json\/wp\/v2\/product\/139059","targetHints":{"allow":["GET"]}}],"collection":[{"href":"https:\/\/store.evolve-fitness.eu\/de\/wp-json\/wp\/v2\/product"}],"about":[{"href":"https:\/\/store.evolve-fitness.eu\/de\/wp-json\/wp\/v2\/types\/product"}],"wp:featuredmedia":[{"embeddable":true,"href":"https:\/\/store.evolve-fitness.eu\/de\/wp-json\/wp\/v2\/media\/137909"}],"wp:attachment":[{"href":"https:\/\/store.evolve-fitness.eu\/de\/wp-json\/wp\/v2\/media?parent=139059"}],"wp:term":[{"taxonomy":"product_cat","embeddable":true,"href":"https:\/\/store.evolve-fitness.eu\/de\/wp-json\/wp\/v2\/product_cat?post=139059"},{"taxonomy":"product_tag","embeddable":true,"href":"https:\/\/store.evolve-fitness.eu\/de\/wp-json\/wp\/v2\/product_tag?post=139059"}],"curies":[{"name":"wp","href":"https:\/\/api.w.org\/{rel}","templated":true}]}}